{"id":3954,"date":"2019-07-26T12:30:10","date_gmt":"2019-07-26T10:30:10","guid":{"rendered":"https:\/\/www.cint.nl\/?page_id=3954"},"modified":"2025-11-06T15:44:10","modified_gmt":"2025-11-06T14:44:10","slug":"disclaimer","status":"publish","type":"page","link":"https:\/\/www.cint.nl\/it\/disclaimer\/","title":{"rendered":"Dichiarazione di non responsabilit\u00e0"},"content":{"rendered":"<div id=\"page-header-1996911986\" class=\"page-header-wrapper\">\n  <div class=\"page-title dark normal-title\">\n\n        <div class=\"page-title-bg\">\n      <div class=\"title-bg fill bg-fill\"\n        data-parallax-container=\".page-title\"\n        data-parallax-background\n data-parallax=\"-\">\n      <\/div>\n      <div class=\"title-overlay fill\"><\/div>\n    <\/div>\n    \n    <div class=\"page-title-inner container align-bottom text-center flex-row-col medium-flex-wrap\" >\n              <div class=\"title-wrapper uppercase is-xlarge flex-col\">\n          <h1 class=\"entry-title mb-0\">\n            Dichiarazione di non responsabilit\u00e0          <\/h1>\n        <\/div>\n                    <div class=\"title-content flex-col\">\n        <div class=\"title-breadcrumbs pb-half pt-half\"><\/div>      <\/div>\n    <\/div>\n\n     \n<style>\n#page-header-1996911986 .page-title-inner {\n  min-height: 150px;\n}\n#page-header-1996911986 .title-bg {\n  background-image: url(https:\/\/www.cint.nl\/wp-content\/uploads\/2024\/04\/slide3-layer-11600.webp);\n  background-position: 52% 42%;\n}\n<\/style>\n  <\/div>\n    <\/div>\n  \n\n\t<section class=\"section\" id=\"section_168630829\">\n\t\t<div class=\"section-bg fill\" >\n\t\t\t\t\t\t\t\t\t\n\t\t\t\n\n\t\t<\/div>\n\n\t\t\n\n\t\t<div class=\"section-content relative\">\n\t\t\t\n<div class=\"row\"  id=\"row-1908119860\">\n\n\t<div id=\"col-804535969\" class=\"col small-12 large-12\"  >\n\t\t\t\t<div class=\"col-inner\"  >\n\t\t\t\n\t\t\t\n<p>Il contenuto di questo sito web - inclusi, ma non solo, testi, immagini, design, marchi e nomi di dominio - \u00e8 di propriet\u00e0 di <strong>Star Remedies B.V.<\/strong> ed \u00e8 protetto dal diritto d'autore e da altri diritti di propriet\u00e0 intellettuale o industriale esistenti in base alle leggi vigenti. Non \u00e8 consentito riprodurre, pubblicare o rendere disponibile in qualsiasi modo qualsiasi parte di questo sito web senza il preventivo consenso scritto di Star Remedies B.V.<\/p>\n<p>Il da <strong>Star Remedies B.V.<\/strong> Le informazioni e le immagini fornite sono state inserite in questo sito web con la massima cura possibile. Nonostante questa cura, Star Remedies B.V. non pu\u00f2 garantire l'accuratezza, la completezza o l'attualit\u00e0 dei contenuti. Star Remedies B.V. si impegna a mantenere il sito aggiornato, ma non pu\u00f2 garantire che il contenuto sia sempre completo o corretto.<\/p>\n<p>Le informazioni contenute in questo sito web possono essere modificate in qualsiasi momento e senza preavviso. L'uso del sito web e delle informazioni in esso contenute \u00e8 interamente a rischio e pericolo del visitatore.<\/p>\n<p>I link a siti web esterni sono inseriti solo per informazione del visitatore. Tali siti non sono gestiti da <strong>Star Remedies B.V.<\/strong> gestito o mantenuto. Star Remedies B.V. non si assume pertanto alcuna responsabilit\u00e0 per i danni derivanti direttamente o indirettamente dall'uso di questo sito web o delle informazioni in esso contenute, compresi - ma non solo - i danni causati da virus, inesattezze o incompletezza delle informazioni, o da informazioni presenti su o tramite siti web a cui si fa riferimento o che si collegano a questo sito web.<\/p>\n<p>Per domande su questo sito web o sull'uso dei suoi contenuti, si prega di contattare:<br \/>\nStar Remedies B.V.<br \/>\nSloterweg 150<br \/>\n1171 CV Badhoevedorp<br \/>\nE-mail: <a href=\"mailto:info@cint.nl\">info@cint.nl<\/a><\/p>\n<p>Versione: gennaio 2026<\/p>\n\t\t<\/div>\n\t\t\t\t\t<\/div>\n\n\t\n<\/div>\n\t\t<\/div>\n\n\t\t\n<style>\n#section_168630829 {\n  padding-top: 30px;\n  padding-bottom: 30px;\n}\n<\/style>\n\t<\/section>","protected":false},"excerpt":{"rendered":"","protected":false},"author":1,"featured_media":0,"parent":0,"menu_order":0,"comment_status":"closed","ping_status":"closed","template":"page-blank.php","meta":{"footnotes":""},"class_list":["post-3954","page","type-page","status-publish","hentry"],"_links":{"self":[{"href":"https:\/\/www.cint.nl\/it\/wp-json\/wp\/v2\/pages\/3954","targetHints":{"allow":["GET"]}}],"collection":[{"href":"https:\/\/www.cint.nl\/it\/wp-json\/wp\/v2\/pages"}],"about":[{"href":"https:\/\/www.cint.nl\/it\/wp-json\/wp\/v2\/types\/page"}],"author":[{"embeddable":true,"href":"https:\/\/www.cint.nl\/it\/wp-json\/wp\/v2\/users\/1"}],"replies":[{"embeddable":true,"href":"https:\/\/www.cint.nl\/it\/wp-json\/wp\/v2\/comments?post=3954"}],"version-history":[{"count":5,"href":"https:\/\/www.cint.nl\/it\/wp-json\/wp\/v2\/pages\/3954\/revisions"}],"predecessor-version":[{"id":32612,"href":"https:\/\/www.cint.nl\/it\/wp-json\/wp\/v2\/pages\/3954\/revisions\/32612"}],"wp:attachment":[{"href":"https:\/\/www.cint.nl\/it\/wp-json\/wp\/v2\/media?parent=3954"}],"curies":[{"name":"wp","href":"https:\/\/api.w.org\/{rel}","templated":true}]}}