{"id":3621,"date":"2016-09-20T14:43:28","date_gmt":"2016-09-20T12:43:28","guid":{"rendered":"https:\/\/www.cint.nl\/?page_id=3621"},"modified":"2025-10-15T15:46:54","modified_gmt":"2025-10-15T13:46:54","slug":"4-punti-chiave","status":"publish","type":"page","link":"https:\/\/www.cint.nl\/it\/4-kernpunten\/","title":{"rendered":"Dietmar Kr\u00e4mer - 4 punti chiave"},"content":{"rendered":"<div id=\"page-header-1205764255\" class=\"page-header-wrapper\">\n  <div class=\"page-title dark normal-title\">\n\n        <div class=\"page-title-bg\">\n      <div class=\"title-bg fill bg-fill\"\n        data-parallax-container=\".page-title\"\n        data-parallax-background\n data-parallax=\"-\">\n      <\/div>\n      <div class=\"title-overlay fill\"><\/div>\n    <\/div>\n    \n    <div class=\"page-title-inner container align-bottom text-center flex-row-col medium-flex-wrap\" >\n              <div class=\"title-wrapper uppercase is-xlarge flex-col\">\n          <h1 class=\"entry-title mb-0\">\n            Punti chiave          <\/h1>\n        <\/div>\n                    <div class=\"title-content flex-col\">\n        <div class=\"title-breadcrumbs pb-half pt-half\"><\/div>      <\/div>\n    <\/div>\n\n     \n<style>\n#page-header-1205764255 .page-title-inner {\n  min-height: 150px;\n}\n#page-header-1205764255 .title-bg {\n  background-image: url(https:\/\/www.cint.nl\/wp-content\/uploads\/2024\/04\/slide3-layer-11600.webp);\n  background-position: 52% 42%;\n}\n<\/style>\n  <\/div>\n    <\/div>\n  \n\n\t<section class=\"section\" id=\"section_1004160463\">\n\t\t<div class=\"section-bg fill\" >\n\t\t\t\t\t\t\t\t\t\n\t\t\t\n\n\t\t<\/div>\n\n\t\t\n\n\t\t<div class=\"section-content relative\">\n\t\t\t\n<div class=\"row\"  id=\"row-885021606\">\n\n\t<div id=\"col-1567513140\" class=\"col small-12 large-12\"  >\n\t\t\t\t<div class=\"col-inner\"  >\n\t\t\t\n\t\t\t\n<div class=\"container section-title-container\" ><h2 class=\"section-title section-title-center\"><b aria-hidden=\"true\"><\/b><span class=\"section-title-main\" >4 PUNTI CHIAVE DELLA FORMAZIONE<\/span><b aria-hidden=\"true\"><\/b><\/h2><\/div>\n<p><strong>1. Tenere in considerazione i rapporti tra i fiori<\/strong><\/p>\n<p>Attraverso le relazioni tra i fiori, si pu\u00f2 determinare quale fiore copre l'aspetto superficiale di un disturbo e quale la causa pi\u00f9 profonda. Si stabilisce cos\u00ec una classificazione gerarchica che determina la terapia futura. Si tratta di uno strumento molto importante, soprattutto quando il paziente ha apparentemente bisogno di un gran numero di fiori e non si sa da dove cominciare. Se i disturbi attuali vengono rimossi, in base a questa classificazione \u00e8 possibile verificare quali concetti animici negativi nascosti hanno portato ai disturbi esistenti.<\/p>\n<p><strong>2. Diagnosi in base alle zone cutanee dei fiori di bach<\/strong><\/p>\n<p>Per ogni rimedio Star Remedies \/ Fiori di Bach esistono delle zone sulla pelle, simili alle zone riflesse dei piedi. In presenza di stati d'animo negativi, in questi punti si verificano cambiamenti nella struttura energetica, spesso accompagnati da dolori o disturbi della sensibilit\u00e0. In questo modo, possiamo fare diagnosi floreali solo in base al luogo.<\/p>\n<p><strong>3. Applicazioni dei fiori sulla pelle<\/strong><\/p>\n<p>Applicando direttamente i fiori in questione (in composizione diluita) sulle aree cutanee disturbate, possiamo aumentare in modo significativo l'effetto dei fiori. In questo modo, non solo gli stati d'animo negativi si ristabiliscono molto pi\u00f9 rapidamente rispetto all'assunzione di Rimedi Stellari \/ Fiori di Bach, ma anche i disturbi fisici possono scomparire pi\u00f9 rapidamente dopo l'applicazione dei fiori sulla pelle.<\/p>\n<p><strong>4. Capacit\u00e0 diagnostiche oggettive<\/strong><\/p>\n<p>Esistono corrispondenze dirette tra le tracce dei Rimedi Stellari \/ Fiori di Bach da un lato, che risultano dalle interrelazioni tra i Rimedi Stellari \/ Fiori di Bach, e i meridiani dell'agopuntura dall'altro. In definitiva, i meridiani e le tracce dei Rimedi Stellari\/Bach sono manifestazioni dello stesso principio, ma a due livelli vibrazionali diversi. Questo fatto offre tutta una serie di nuove possibilit\u00e0 diagnostiche e terapeutiche. Per esempio, possiamo dedurre dal percorso del meridiano quali tracce di fiori ci servono. Lo stesso vale per l'orologio cinese dei meridiani che, per i disturbi che si presentano ogni volta a una certa ora, fornisce indizi per scegliere i giusti rimedi stellari\/fiori di Bach. Utilizzando i nuovi punti di prova e di terapia sulle linee lunari scoperte da Dietmar Kramer, omologhi dei meridiani dell'agopuntura a un livello ancora pi\u00f9 sottile, possiamo fare una diagnosi oggettiva dei Rimedi Stellari \/ Fiori di Bach, soprattutto nei casi un po' pi\u00f9 difficili da diagnosticare. In questo modo, non solo gli stati d'animo negativi si ristabiliscono molto pi\u00f9 velocemente rispetto all'assunzione di gocce, ma anche i disturbi fisici possono scomparire pi\u00f9 rapidamente dopo l'applicazione dei fiori sulla pelle.<\/p>\n\t\t<\/div>\n\t\t\t\t\t<\/div>\n\n\t\n\n\t<div id=\"col-814286812\" class=\"col medium-6 small-12 large-6\"  >\n\t\t\t\t<div class=\"col-inner\" style=\"background-color:rgba(154, 186, 204, 0.21);\" >\n\t\t\t\n\t\t\t\n<h4>Accreditamento e riconoscimento<\/h4>\n<p><span class=\"av_dropcap1\">A<\/span>L'accreditamento e il riconoscimento forniscono un quadro chiaro della qualit\u00e0 di un corso. Per saperne di pi\u00f9 sulla formazione completa e sui suoi contenuti.<\/p>\n\t\t<\/div>\n\t\t\t\t\n<style>\n#col-814286812 > .col-inner {\n  padding: 10px 10px 10px 10px;\n}\n<\/style>\n\t<\/div>\n\n\t\n\n\t<div id=\"col-1823098273\" class=\"col medium-6 small-12 large-6\"  >\n\t\t\t\t<div class=\"col-inner\" style=\"background-color:rgba(154, 186, 204, 0.21);\" >\n\t\t\t\n\t\t\t\n<h4>Caratteristiche della formazione<\/h4>\n<ul>\n<li>Struttura chiara della lezione<\/li>\n<li>Spiegazione e guida in classe<\/li>\n<li>Spiegare il metodo Nuove terapie<\/li>\n<li>Dietmar Kr\u00e4mer come docente*<\/li>\n<li>Nuove terapie nella pratica<\/li>\n<li>Imparare a fare un'anamnesi chiara<\/li>\n<\/ul>\n\t\t<\/div>\n\t\t\t\t\n<style>\n#col-1823098273 > .col-inner {\n  padding: 10px 10px 10px 10px;\n}\n<\/style>\n\t<\/div>\n\n\t\n<\/div>\n\t\t<\/div>\n\n\t\t\n<style>\n#section_1004160463 {\n  padding-top: 30px;\n  padding-bottom: 30px;\n}\n<\/style>\n\t<\/section>","protected":false},"excerpt":{"rendered":"","protected":false},"author":1,"featured_media":0,"parent":0,"menu_order":0,"comment_status":"closed","ping_status":"closed","template":"page-blank.php","meta":{"footnotes":""},"class_list":["post-3621","page","type-page","status-publish","hentry"],"_links":{"self":[{"href":"https:\/\/www.cint.nl\/it\/wp-json\/wp\/v2\/pages\/3621","targetHints":{"allow":["GET"]}}],"collection":[{"href":"https:\/\/www.cint.nl\/it\/wp-json\/wp\/v2\/pages"}],"about":[{"href":"https:\/\/www.cint.nl\/it\/wp-json\/wp\/v2\/types\/page"}],"author":[{"embeddable":true,"href":"https:\/\/www.cint.nl\/it\/wp-json\/wp\/v2\/users\/1"}],"replies":[{"embeddable":true,"href":"https:\/\/www.cint.nl\/it\/wp-json\/wp\/v2\/comments?post=3621"}],"version-history":[{"count":9,"href":"https:\/\/www.cint.nl\/it\/wp-json\/wp\/v2\/pages\/3621\/revisions"}],"predecessor-version":[{"id":32594,"href":"https:\/\/www.cint.nl\/it\/wp-json\/wp\/v2\/pages\/3621\/revisions\/32594"}],"wp:attachment":[{"href":"https:\/\/www.cint.nl\/it\/wp-json\/wp\/v2\/media?parent=3621"}],"curies":[{"name":"wp","href":"https:\/\/api.w.org\/{rel}","templated":true}]}}