{"id":3617,"date":"2016-09-20T14:35:46","date_gmt":"2016-09-20T12:35:46","guid":{"rendered":"https:\/\/www.cint.nl\/?page_id=3617"},"modified":"2025-10-15T15:59:11","modified_gmt":"2025-10-15T13:59:11","slug":"aree-cutanee","status":"publish","type":"page","link":"https:\/\/www.cint.nl\/it\/huidzones\/","title":{"rendered":"Zone cutanee dei fiori di Bach"},"content":{"rendered":"<div id=\"page-header-2058810540\" class=\"page-header-wrapper\">\n  <div class=\"page-title dark normal-title\">\n\n        <div class=\"page-title-bg\">\n      <div class=\"title-bg fill bg-fill\"\n        data-parallax-container=\".page-title\"\n        data-parallax-background\n data-parallax=\"-\">\n      <\/div>\n      <div class=\"title-overlay fill\"><\/div>\n    <\/div>\n    \n    <div class=\"page-title-inner container align-bottom text-center flex-row-col medium-flex-wrap\" >\n              <div class=\"title-wrapper uppercase is-xlarge flex-col\">\n          <h1 class=\"entry-title mb-0\">\n            Zone cutanee          <\/h1>\n        <\/div>\n                    <div class=\"title-content flex-col\">\n        <div class=\"title-breadcrumbs pb-half pt-half\"><\/div>      <\/div>\n    <\/div>\n\n     \n<style>\n#page-header-2058810540 .page-title-inner {\n  min-height: 150px;\n}\n#page-header-2058810540 .title-bg {\n  background-image: url(https:\/\/www.cint.nl\/wp-content\/uploads\/2024\/04\/slide3-layer-11600.webp);\n  background-position: 52% 42%;\n}\n<\/style>\n  <\/div>\n    <\/div>\n  \n\n\t<section class=\"section\" id=\"section_744623598\">\n\t\t<div class=\"section-bg fill\" >\n\t\t\t\t\t\t\t\t\t\n\t\t\t\n\n\t\t<\/div>\n\n\t\t\n\n\t\t<div class=\"section-content relative\">\n\t\t\t\n<div class=\"row\"  id=\"row-1565407279\">\n\n\t<div id=\"col-615233969\" class=\"col small-12 large-12\"  >\n\t\t\t\t<div class=\"col-inner\"  >\n\t\t\t\n\t\t\t\n<div class=\"container section-title-container\" ><h2 class=\"section-title section-title-center\"><b aria-hidden=\"true\"><\/b><span class=\"section-title-main\" >Le zone della pelle secondo DIETMAR KR\u00c4MER<\/span><b aria-hidden=\"true\"><\/b><\/h2><\/div>\n<p>Nella floriterapia, grazie all'esistenza di aree cutanee sensibili a determinate fioriture, sia la diagnosi corretta che la determinazione del trattamento efficace sono notevolmente semplificate.<\/p>\n<p>Per i disturbi fisici, quale fiore scegliere pu\u00f2 essere dedotto direttamente dalla localizzazione dei disturbi nel corpo.<\/p>\n<p>L'applicazione esterna al sito interessato, sotto forma di impacchi o frizioni, si rivela quasi sempre molto pi\u00f9 efficace della semplice assunzione dell'essenza floreale in questione.<\/p>\n<p>In genere questo accelera notevolmente il processo di guarigione. Spesso il miglioramento avviene solo dopo il trattamento locale dell'area cutanea disturbata.<\/p>\n<p>In pratica, \u00e8 stato riscontrato che in tutta una serie di casi in cui il fiore adatto al luogo disturbato \u00e8 stato assunto fedelmente per un lungo periodo di tempo (a volte anche pi\u00f9 di sei mesi) senza avere il minimo impatto sui sintomi esistenti.<\/p>\n<p>Tuttavia, se lo stesso fiore veniva applicato per via topica, le condizioni del paziente spesso miglioravano in breve tempo.<\/p>\n<p>Di norma, anche i problemi di natura puramente psicologica si risolvono pi\u00f9 rapidamente se non solo si prelevano i fiori, ma si trattano esternamente anche le zone cutanee associate ai fiori principali, anche se non ci sono disturbi fisici associati a queste zone cutanee. A questo scopo, di solito sono sufficienti le zone situate sul tronco.<\/p>\n<p>Qui, molto prima che i primi sintomi fisici diventino evidenti, si manifestano cambiamenti nell'aura, che possono essere diagnosticati con mezzi sensibili.<\/p>\n<p>Il motivo per cui i rimedi Star Remedies \/ Bach, soprattutto per i disturbi fisici, funzionano molto pi\u00f9 efficacemente se applicati esternamente sulle aree cutanee interessate, diventa comprensibile quando ci si rende conto che i problemi psicologici vengono cos\u00ec trattati esattamente dove si manifestano fisicamente.<\/p>\n<p>Solo quando lo schema vibrazionale negativo in quel luogo viene corretto, il disordine si risolve anche nel corpo materiale, a condizione che non si sia ancora verificato un danno irreparabile.<\/p>\n<p>In definitiva, si tratta di zone cutanee archetipiche. Tutte le sostanze medicinali fini che agiscono sui concetti archetipici di sensazione negativa, classificati per la prima volta con precisione da Edward Bach, hanno un effetto curativo quando vengono applicate su queste specifiche zone cutanee, in modo del tutto indipendente dalla natura e dalle propriet\u00e0 dei disturbi che vi sono presenti.<\/p>\n<p>Queste sostanze pregiate, come gi\u00e0 detto, comprendono anche alcuni oli essenziali e gemme. Si possono applicare su queste aree cutanee allo stesso modo dei rimedi stellari\/fiori di Bach.<\/p>\n\t\t<\/div>\n\t\t\t\t\t<\/div>\n\n\t\n\n\t<div id=\"col-458681795\" class=\"col medium-6 small-12 large-6\"  >\n\t\t\t\t<div class=\"col-inner\" style=\"background-color:rgba(154, 186, 204, 0.21);\" >\n\t\t\t\n\t\t\t\n<h4>Accreditamento e riconoscimento<\/h4>\n<p><span class=\"av_dropcap1\">A<\/span>L'accreditamento e il riconoscimento forniscono un quadro chiaro della qualit\u00e0 di un corso. Per saperne di pi\u00f9 sulla formazione completa e sui suoi contenuti.<\/p>\n\t\t<\/div>\n\t\t\t\t\n<style>\n#col-458681795 > .col-inner {\n  padding: 10px 10px 10px 10px;\n}\n<\/style>\n\t<\/div>\n\n\t\n\n\t<div id=\"col-1308807840\" class=\"col medium-6 small-12 large-6\"  >\n\t\t\t\t<div class=\"col-inner\" style=\"background-color:rgba(154, 186, 204, 0.21);\" >\n\t\t\t\n\t\t\t\n<h4>Caratteristiche della formazione<\/h4>\n<ul>\n<li>Struttura chiara della lezione<\/li>\n<li>Spiegazione e guida in classe<\/li>\n<li>Il metodo Dietmar Kr\u00e4mer spiegato<\/li>\n<li>Dietmar Kr\u00e4mer come docente*<\/li>\n<li>Nuove terapie nella pratica<\/li>\n<li>Imparare a fare un'anamnesi chiara<\/li>\n<\/ul>\n\t\t<\/div>\n\t\t\t\t\n<style>\n#col-1308807840 > .col-inner {\n  padding: 10px 10px 10px 10px;\n}\n<\/style>\n\t<\/div>\n\n\t\n<\/div>\n\t\t<\/div>\n\n\t\t\n<style>\n#section_744623598 {\n  padding-top: 30px;\n  padding-bottom: 30px;\n}\n<\/style>\n\t<\/section>","protected":false},"excerpt":{"rendered":"","protected":false},"author":1,"featured_media":0,"parent":0,"menu_order":0,"comment_status":"closed","ping_status":"closed","template":"page-blank.php","meta":{"footnotes":""},"class_list":["post-3617","page","type-page","status-publish","hentry"],"_links":{"self":[{"href":"https:\/\/www.cint.nl\/it\/wp-json\/wp\/v2\/pages\/3617","targetHints":{"allow":["GET"]}}],"collection":[{"href":"https:\/\/www.cint.nl\/it\/wp-json\/wp\/v2\/pages"}],"about":[{"href":"https:\/\/www.cint.nl\/it\/wp-json\/wp\/v2\/types\/page"}],"author":[{"embeddable":true,"href":"https:\/\/www.cint.nl\/it\/wp-json\/wp\/v2\/users\/1"}],"replies":[{"embeddable":true,"href":"https:\/\/www.cint.nl\/it\/wp-json\/wp\/v2\/comments?post=3617"}],"version-history":[{"count":10,"href":"https:\/\/www.cint.nl\/it\/wp-json\/wp\/v2\/pages\/3617\/revisions"}],"predecessor-version":[{"id":32606,"href":"https:\/\/www.cint.nl\/it\/wp-json\/wp\/v2\/pages\/3617\/revisions\/32606"}],"wp:attachment":[{"href":"https:\/\/www.cint.nl\/it\/wp-json\/wp\/v2\/media?parent=3617"}],"curies":[{"name":"wp","href":"https:\/\/api.w.org\/{rel}","templated":true}]}}