{"id":3413,"date":"2016-09-20T00:16:02","date_gmt":"2016-09-19T22:16:02","guid":{"rendered":"https:\/\/www.cint.nl\/?page_id=3413"},"modified":"2025-05-06T18:08:17","modified_gmt":"2025-05-06T16:08:17","slug":"terapeuti","status":"publish","type":"page","link":"https:\/\/www.cint.nl\/it\/therapeuten\/","title":{"rendered":"Terapisti CINT"},"content":{"rendered":"<div id=\"page-header-337060800\" class=\"page-header-wrapper\">\n  <div class=\"page-title dark normal-title\">\n\n        <div class=\"page-title-bg\">\n      <div class=\"title-bg fill bg-fill\"\n        data-parallax-container=\".page-title\"\n        data-parallax-background\n data-parallax=\"-\">\n      <\/div>\n      <div class=\"title-overlay fill\"><\/div>\n    <\/div>\n    \n    <div class=\"page-title-inner container align-bottom text-center flex-row-col medium-flex-wrap\" >\n              <div class=\"title-wrapper uppercase is-xlarge flex-col\">\n          <h1 class=\"entry-title mb-0\">\n            Terapisti CINT          <\/h1>\n        <\/div>\n                    <div class=\"title-content flex-col\">\n        <div class=\"title-breadcrumbs pb-half pt-half\"><\/div>      <\/div>\n    <\/div>\n\n     \n<style>\n#page-header-337060800 .page-title-inner {\n  min-height: 150px;\n}\n#page-header-337060800 .title-bg {\n  background-image: url(https:\/\/www.cint.nl\/wp-content\/uploads\/2024\/04\/slide3-layer-11600.webp);\n  background-position: 52% 42%;\n}\n<\/style>\n  <\/div>\n    <\/div>\n  \n\n\t<section class=\"section\" id=\"section_1812063818\">\n\t\t<div class=\"section-bg fill\" >\n\t\t\t\t\t\t\t\t\t\n\t\t\t\n\n\t\t<\/div>\n\n\t\t\n\n\t\t<div class=\"section-content relative\">\n\t\t\t\n<div class=\"row\"  id=\"row-236233991\">\n\n\t<div id=\"col-1064591039\" class=\"col small-12 large-12\"  >\n\t\t\t\t<div class=\"col-inner\"  >\n\t\t\t\n\t\t\t\n<div class=\"container section-title-container\" ><h2 class=\"section-title section-title-center\"><b aria-hidden=\"true\"><\/b><span class=\"section-title-main\" >TERAPISTI CERTIFICATI CINT<\/span><b aria-hidden=\"true\"><\/b><\/h2><\/div>\n<p class=\"\" data-start=\"137\" data-end=\"421\">Siete alla ricerca di un terapeuta accreditato nella vostra zona? Non esitate a contattare il C.I.N.T. Benelux Opleidingen. Saremo lieti di aiutarvi e di indirizzarvi in modo personale e affidabile a un terapeuta riconosciuto che risponda alle vostre specifiche esigenze di cura.<\/p>\n<p class=\"\" data-start=\"423\" data-end=\"889\">I terapisti C.I.N.T. a noi affiliati sono esperti e dimostrano di possedere una o pi\u00f9 qualifiche e\/o discipline. Hanno l'obbligo di mantenere aggiornate le loro conoscenze professionali e frequentano regolarmente corsi di aggiornamento e di integrazione. Molti dei nostri terapisti sono membri di associazioni professionali riconosciute come la NWP, la fondazione NOAG, la BATC, la VBAG o altre organizzazioni professionali che controllano anche la qualit\u00e0 e lo sviluppo continuo dei loro membri.<\/p>\n<p class=\"\" data-start=\"891\" data-end=\"1467\">Riteniamo importante sottolineare che solo i terapisti presenti nell'elenco ufficiale dei terapisti C.I.N.T. possono essere considerati certificati e affiliati. Se doveste imbattervi in terapisti che dichiarano di essere terapisti C.I.N.T. o che hanno completato la formazione C.I.N.T., ma non sono presenti nei nostri elenchi attuali, significa che non hanno completato il modulo annuale obbligatorio di approfondimento. Di conseguenza, non sono pi\u00f9 affiliati al C.I.N.T. e non possiamo garantire la qualit\u00e0 e l'attualit\u00e0 delle loro conoscenze.<\/p>\n<p class=\"\" data-start=\"1469\" data-end=\"1576\">Per ulteriori informazioni o per un riferimento personale, sentitevi liberi di <a href=\"https:\/\/www.cint.nl\/it\/contatto\/\">contattateci<\/a>.<\/p>\n\t\t<\/div>\n\t\t\t\t\t<\/div>\n\n\t\n<\/div>\n\t\t<\/div>\n\n\t\t\n<style>\n#section_1812063818 {\n  padding-top: 30px;\n  padding-bottom: 30px;\n}\n<\/style>\n\t<\/section>","protected":false},"excerpt":{"rendered":"","protected":false},"author":1,"featured_media":0,"parent":0,"menu_order":0,"comment_status":"closed","ping_status":"closed","template":"page-blank.php","meta":{"footnotes":""},"class_list":["post-3413","page","type-page","status-publish","hentry"],"_links":{"self":[{"href":"https:\/\/www.cint.nl\/it\/wp-json\/wp\/v2\/pages\/3413","targetHints":{"allow":["GET"]}}],"collection":[{"href":"https:\/\/www.cint.nl\/it\/wp-json\/wp\/v2\/pages"}],"about":[{"href":"https:\/\/www.cint.nl\/it\/wp-json\/wp\/v2\/types\/page"}],"author":[{"embeddable":true,"href":"https:\/\/www.cint.nl\/it\/wp-json\/wp\/v2\/users\/1"}],"replies":[{"embeddable":true,"href":"https:\/\/www.cint.nl\/it\/wp-json\/wp\/v2\/comments?post=3413"}],"version-history":[{"count":8,"href":"https:\/\/www.cint.nl\/it\/wp-json\/wp\/v2\/pages\/3413\/revisions"}],"predecessor-version":[{"id":32538,"href":"https:\/\/www.cint.nl\/it\/wp-json\/wp\/v2\/pages\/3413\/revisions\/32538"}],"wp:attachment":[{"href":"https:\/\/www.cint.nl\/it\/wp-json\/wp\/v2\/media?parent=3413"}],"curies":[{"name":"wp","href":"https:\/\/api.w.org\/{rel}","templated":true}]}}