{"id":32513,"date":"2025-05-06T13:47:38","date_gmt":"2025-05-06T11:47:38","guid":{"rendered":"https:\/\/www.cint.nl\/?page_id=32513"},"modified":"2026-03-19T18:51:10","modified_gmt":"2026-03-19T17:51:10","slug":"modulo-di-formazione-dei-dati","status":"publish","type":"page","link":"https:\/\/www.cint.nl\/it\/moduledata-opleiding\/","title":{"rendered":"Date dei moduli Formazione"},"content":{"rendered":"<div id=\"page-header-1707507332\" class=\"page-header-wrapper\">\n  <div class=\"page-title dark normal-title\">\n\n        <div class=\"page-title-bg\">\n      <div class=\"title-bg fill bg-fill\"\n        data-parallax-container=\".page-title\"\n        data-parallax-background\n data-parallax=\"-\">\n      <\/div>\n      <div class=\"title-overlay fill\"><\/div>\n    <\/div>\n    \n    <div class=\"page-title-inner container align-bottom text-center flex-row-col medium-flex-wrap\" >\n              <div class=\"title-wrapper uppercase is-xlarge flex-col\">\n          <h1 class=\"entry-title mb-0\">\n            Dati del modulo          <\/h1>\n        <\/div>\n                    <div class=\"title-content flex-col\">\n        <div class=\"title-breadcrumbs pb-half pt-half\"><\/div>      <\/div>\n    <\/div>\n\n     \n<style>\n#page-header-1707507332 .page-title-inner {\n  min-height: 150px;\n}\n#page-header-1707507332 .title-bg {\n  background-image: url(https:\/\/www.cint.nl\/wp-content\/uploads\/2024\/04\/slide3-layer-11600.webp);\n  background-position: 52% 42%;\n}\n<\/style>\n  <\/div>\n    <\/div>\n  \n\n\t<section class=\"section\" id=\"section_1648290891\">\n\t\t<div class=\"section-bg fill\" >\n\t\t\t\t\t\t\t\t\t\n\t\t\t\n\n\t\t<\/div>\n\n\t\t\n\n\t\t<div class=\"section-content relative\">\n\t\t\t\n<div class=\"row\"  id=\"row-208660728\">\n\n\t<div id=\"col-527947970\" class=\"col small-12 large-12\"  >\n\t\t\t\t<div class=\"col-inner\"  >\n\t\t\t\n\t\t\t\n<div class=\"container section-title-container\" ><h3 class=\"section-title section-title-bold-center\"><b aria-hidden=\"true\"><\/b><span class=\"section-title-main\" >Formazione - Giorno 1 - (Periodo 2026\/2027)<\/span><b aria-hidden=\"true\"><\/b><\/h3><\/div>\n<p><strong>Formazione Star Remedies (C.I.N.T. Benelux Opleidingen)<\/strong><br \/>Periodo 2026\/2027.<\/p>\n<p>Inizio<strong> 19 settembre 2026<\/strong>.<br \/>Il costo della formazione \u00e8 di 1695 euro<br \/>20-09-2025 - dalle 09.30 alle 17.00<\/p>\n<p><strong>Date Sabato 2026\/2027<\/strong><br \/>seguiranno altre date<\/p>\n<p>I nostri corsi di formazione forniscono una solida base di teoria e pratica, adattata alle esigenze dei partecipanti. Le date di inizio dei corsi sono annunciate in anticipo; gli altri giorni e orari delle lezioni sono stabiliti in consultazione con il gruppo e confermati successivamente. In questo modo garantiamo la massima flessibilit\u00e0 e allineamento.<\/p>\n<div class=\"is-divider divider clearfix\" style=\"max-width:100%;\"><\/div>\n<p><strong>Modulo di approfondimento 12 settembre 2026<\/strong><br \/>12-09-2026 - dalle 10.00 alle 17.00<\/p>\n<p data-start=\"0\" data-end=\"336\">Il modulo di approfondimento \u00e8 dedicato ai Rimedi Stellari, compresi i rimedi di Bach. Si approfondir\u00e0 il loro effetto sui chakra e sui meridiani e si comprender\u00e0 chiaramente come i Rimedi Stellari agiscono in modo pi\u00f9 sottile e raffinato e perch\u00e9 agiscono a un livello pi\u00f9 profondo rispetto ai rimedi di Bach.<\/p>\n<p data-start=\"338\" data-end=\"532\">Inoltre, le ultime fioriture sono trattate in modo dettagliato e lavorerete con domande, risposte ed elaborazioni approfondite. In questo modo, non solo affinerete le vostre conoscenze, ma anche la vostra applicazione pratica.<\/p>\n<p data-start=\"534\" data-end=\"683\" data-is-last-node=\"\" data-is-only-node=\"\">Questo modulo \u00e8 aperto esclusivamente agli ex studenti e agli ex partecipanti che hanno acquisito le nozioni di base e desiderano approfondire la loro comprensione ed esperienza.<\/p>\n\t\t<\/div>\n\t\t\t\t\t<\/div>\n\n\t\n\n\t<div id=\"col-1135188207\" class=\"col medium-6 small-12 large-6\"  >\n\t\t\t\t<div class=\"col-inner\"  >\n\t\t\t\n\t\t\t\n<div class=\"container section-title-container\" ><h3 class=\"section-title section-title-normal\"><b aria-hidden=\"true\"><\/b><span class=\"section-title-main\" >Indirizzo<\/span><b aria-hidden=\"true\"><\/b><\/h3><\/div>\n<p>Badhoevedorp (il luogo esatto sar\u00e0 determinato a tempo debito in base al numero di partecipanti)<\/p>\n\t\t<\/div>\n\t\t\t\t\t<\/div>\n\n\t\n\n\t<div id=\"col-1973088820\" class=\"col medium-6 small-12 large-6\"  >\n\t\t\t\t<div class=\"col-inner text-center\"  >\n\t\t\t\n\t\t\t\n\n<div style=\"overflow:hidden;max-width:100%;width:500px;height:500px;\">\n<div id=\"google-maps-display\" style=\"height:100%; width:100%;max-width:100%;\"><iframe style=\"height:100%;width:100%;border:0;\" frameborder=\"0\" src=\"https:\/\/www.google.com\/maps\/embed\/v1\/place?q=Badhoevedorp&#038;key=AIzaSyBFw0Qbyq9zTFTd-tUY6dZWTgaQzuU17R8\"><\/iframe><\/div>\n<\/style>\n<\/div>\n\n\t\t<\/div>\n\t\t\t\t\t<\/div>\n\n\t\n<\/div>\n\t\t<\/div>\n\n\t\t\n<style>\n#section_1648290891 {\n  padding-top: 30px;\n  padding-bottom: 30px;\n}\n<\/style>\n\t<\/section>","protected":false},"excerpt":{"rendered":"","protected":false},"author":1,"featured_media":0,"parent":0,"menu_order":0,"comment_status":"closed","ping_status":"closed","template":"page-blank.php","meta":{"footnotes":""},"class_list":["post-32513","page","type-page","status-publish","hentry"],"_links":{"self":[{"href":"https:\/\/www.cint.nl\/it\/wp-json\/wp\/v2\/pages\/32513","targetHints":{"allow":["GET"]}}],"collection":[{"href":"https:\/\/www.cint.nl\/it\/wp-json\/wp\/v2\/pages"}],"about":[{"href":"https:\/\/www.cint.nl\/it\/wp-json\/wp\/v2\/types\/page"}],"author":[{"embeddable":true,"href":"https:\/\/www.cint.nl\/it\/wp-json\/wp\/v2\/users\/1"}],"replies":[{"embeddable":true,"href":"https:\/\/www.cint.nl\/it\/wp-json\/wp\/v2\/comments?post=32513"}],"version-history":[{"count":11,"href":"https:\/\/www.cint.nl\/it\/wp-json\/wp\/v2\/pages\/32513\/revisions"}],"predecessor-version":[{"id":32670,"href":"https:\/\/www.cint.nl\/it\/wp-json\/wp\/v2\/pages\/32513\/revisions\/32670"}],"wp:attachment":[{"href":"https:\/\/www.cint.nl\/it\/wp-json\/wp\/v2\/media?parent=32513"}],"curies":[{"name":"wp","href":"https:\/\/api.w.org\/{rel}","templated":true}]}}