{"id":3250,"date":"2016-09-16T13:45:50","date_gmt":"2016-09-16T11:45:50","guid":{"rendered":"https:\/\/www.cint.nl\/?page_id=3250"},"modified":"2025-07-29T16:52:16","modified_gmt":"2025-07-29T14:52:16","slug":"accreditamento","status":"publish","type":"page","link":"https:\/\/www.cint.nl\/it\/accreditatie\/","title":{"rendered":"Accreditamento e riconoscimento"},"content":{"rendered":"<div id=\"page-header-483629205\" class=\"page-header-wrapper\">\n  <div class=\"page-title dark normal-title\">\n\n        <div class=\"page-title-bg\">\n      <div class=\"title-bg fill bg-fill\"\n        data-parallax-container=\".page-title\"\n        data-parallax-background\n data-parallax=\"-\">\n      <\/div>\n      <div class=\"title-overlay fill\"><\/div>\n    <\/div>\n    \n    <div class=\"page-title-inner container align-bottom text-center flex-row-col medium-flex-wrap\" >\n              <div class=\"title-wrapper uppercase is-xlarge flex-col\">\n          <h1 class=\"entry-title mb-0\">\n            Accreditamento e riconoscimento          <\/h1>\n        <\/div>\n                    <div class=\"title-content flex-col\">\n        <div class=\"title-breadcrumbs pb-half pt-half\"><\/div>      <\/div>\n    <\/div>\n\n     \n<style>\n#page-header-483629205 .page-title-inner {\n  min-height: 150px;\n}\n#page-header-483629205 .title-bg {\n  background-image: url(https:\/\/www.cint.nl\/wp-content\/uploads\/2024\/04\/slide3-layer-11600.webp);\n  background-position: 52% 42%;\n}\n<\/style>\n  <\/div>\n    <\/div>\n  \n\n\t<section class=\"section\" id=\"section_1702113782\">\n\t\t<div class=\"section-bg fill\" >\n\t\t\t\t\t\t\t\t\t\n\t\t\t\n\n\t\t<\/div>\n\n\t\t\n\n\t\t<div class=\"section-content relative\">\n\t\t\t\n<div class=\"row\"  id=\"row-122404953\">\n\n\t<div id=\"col-595731454\" class=\"col small-12 large-12\"  >\n\t\t\t\t<div class=\"col-inner text-center\"  >\n\t\t\t\n\t\t\t\n\t<div id=\"text-1703881969\" class=\"text\">\n\t\t\n<p>I corsi C.I.N.T. Benelux e i corsi Star Remedies sono da tempo accreditati dagli enti e dalle associazioni professionali sotto elencati. Anche grazie a questo riconoscimento nazionale, viene fornita chiarezza sia agli studenti principianti che ai professionisti gi\u00e0 in attivit\u00e0. Il C.I.N.T. Benelux Opleidingen d\u00e0\u00a0<strong>dal 1994<\/strong>\u00a0formazione.<\/p>\n\t\t\n<style>\n#text-1703881969 {\n  text-align: left;\n}\n<\/style>\n\t<\/div>\n\t\n<div class=\"container section-title-container\" style=\"margin-top:75px;\"><h2 class=\"section-title section-title-center\"><b aria-hidden=\"true\"><\/b><span class=\"section-title-main\" >ACCREDITAMENTO<\/span><b aria-hidden=\"true\"><\/b><\/h2><\/div>\n<div class=\"container section-title-container\" style=\"margin-top:75px;\"><h3 class=\"section-title section-title-bold\"><b aria-hidden=\"true\"><\/b><span class=\"section-title-main\" >KTNO<\/span><b aria-hidden=\"true\"><\/b><\/h3><\/div>\n\t<div id=\"text-885589751\" class=\"text\">\n\t\t\n<p>Per continuare a crescere e a svilupparsi come persona e terapeuta, l'accesso alle conoscenze giuste \u00e8 una necessit\u00e0. Le conoscenze disponibili sono pi\u00f9 che sufficienti, ma il ponte di collegamento tra domanda e offerta sembra talvolta molto lontano. Ne consegue un quadro incompleto delle opportunit\u00e0 di formazione, che pu\u00f2 inutilmente inibire i terapeuti nella loro appassionata ricerca della formazione giusta. E questo \u00e8 un peccato. Secondo la KTNO, infatti, c'\u00e8 un enorme scrigno di conoscenze che aspetta di essere trovato e aperto. Per ottimizzare il collegamento tra educatori e terapeuti \u00e8 stata creata la KTNO. Per migliorare questo legame, la collaborazione \u00e8 considerata non solo la chiave del successo, ma anche la chiave della salute. Unendo gli organismi professionali, i formatori e i terapisti, il terapista \u00e8 in grado di trovare la formazione perfetta e quindi di acquisire maggiori conoscenze trasferibili. Pi\u00f9 si condivide, meglio \u00e8. La KTNO vuole incoraggiare i terapisti a scegliere la formazione giusta, in modo da poter crescere come persona e terapista per fornire la migliore assistenza ai propri clienti.<\/p>\n\t\t\n<style>\n#text-885589751 {\n  text-align: left;\n}\n<\/style>\n\t<\/div>\n\t\n\t<div class=\"img has-hover x md-x lg-x y md-y lg-y\" id=\"image_52133061\">\n\t\t\t\t\t\t\t\t<div class=\"img-inner dark\" >\n\t\t\t<img loading=\"lazy\" decoding=\"async\" width=\"800\" height=\"153\" src=\"https:\/\/www.cint.nl\/wp-content\/uploads\/2019\/04\/71046251-800c-4317-88f7-9d88013ad4b5.png\" class=\"attachment-large size-large\" alt=\"\" srcset=\"https:\/\/www.cint.nl\/wp-content\/uploads\/2019\/04\/71046251-800c-4317-88f7-9d88013ad4b5.png 800w, https:\/\/www.cint.nl\/wp-content\/uploads\/2019\/04\/71046251-800c-4317-88f7-9d88013ad4b5-300x57.png 300w, https:\/\/www.cint.nl\/wp-content\/uploads\/2019\/04\/71046251-800c-4317-88f7-9d88013ad4b5-768x147.png 768w, https:\/\/www.cint.nl\/wp-content\/uploads\/2019\/04\/71046251-800c-4317-88f7-9d88013ad4b5-705x135.png 705w, https:\/\/www.cint.nl\/wp-content\/uploads\/2019\/04\/71046251-800c-4317-88f7-9d88013ad4b5-450x86.png 450w\" sizes=\"auto, (max-width: 800px) 100vw, 800px\" \/>\t\t\t\t\t\t\n\t\t\t\t\t<\/div>\n\t\t\t\t\t\t\t\t\n<style>\n#image_52133061 {\n  width: 100%;\n}\n@media (min-width:550px) {\n  #image_52133061 {\n    width: 60%;\n  }\n}\n@media (min-width:850px) {\n  #image_52133061 {\n    width: 35%;\n  }\n}\n<\/style>\n\t<\/div>\n\t\n<div class=\"container section-title-container\" style=\"margin-top:75px;\"><h3 class=\"section-title section-title-bold\"><b aria-hidden=\"true\"><\/b><span class=\"section-title-main\" >NWP<\/span><b aria-hidden=\"true\"><\/b><\/h3><\/div>\n\t<div id=\"text-1404296403\" class=\"text\">\n\t\t\n<p>Il NWP \u00e8 un'organizzazione ombrello di terapisti occupazionali naturopati. I naturopati del NWP hanno l'obiettivo comune di formare uno stand di naturopati competenti ed esperti e di ottenere un riconoscimento legale per questo stand. Finch\u00e9 non esiste ancora una regolamentazione in tal senso, la NWP vuole creare delle garanzie che consentano ai membri dell'associazione di applicare la naturopatia in modo competente e socialmente responsabile. In questo modo, si impegna a combattere le pratiche socialmente irresponsabili nel suo campo. Inoltre, la NWP vuole contribuire allo studio e allo sviluppo dei metodi di cura naturali e alla raccolta di prove dell'efficacia di tali metodi. Un importante obiettivo dell'associazione \u00e8 quello di educare ai metodi di guarigione naturale con parole e scritti e di promuovere una migliore comprensione dell'importanza dei metodi di guarigione naturale per la salute pubblica. Accreditamento NWP: 3 crediti al giorno - licenza di medicina naturale<\/p>\n\t\t\n<style>\n#text-1404296403 {\n  text-align: left;\n}\n<\/style>\n\t<\/div>\n\t\n<div class=\"container section-title-container\" style=\"margin-top:75px;\"><h3 class=\"section-title section-title-bold\"><b aria-hidden=\"true\"><\/b><span class=\"section-title-main\" >NVST (Piattaforma CGZ)<\/span><b aria-hidden=\"true\"><\/b><\/h3><\/div>\n\t<div id=\"text-996279378\" class=\"text\">\n\t\t\n<p>Associazione Olandese dei Soma Terapeuti<br \/>Nel 1999, quindi, l'assemblea generale dell'associazione ha preso la decisione di trasformare l'Associazione olandese dei terapisti shiatsu in un'associazione generale per la terapia ad orientamento corporeo denominata: Associazione olandese dei terapisti del soma.<br \/>Scopo dell'associazione: promuovere l'accettazione delle forme di terapia praticate dai membri dell'associazione, stimolare lo sviluppo della terapia ad orientamento corporeo nei Paesi Bassi, monitorare la qualit\u00e0 della terapia ad orientamento corporeo nei Paesi Bassi, curare gli interessi professionali dei terapisti membri, promuovere la cooperazione tra i terapisti affiliati alla NVST e l'assistenza tradizionale. L'associazione \u00e8 costituita da un gruppo di terapisti qualificati che sono stati selezionati dalla propria organizzazione. Questo screening riguarda non solo la specializzazione ma anche la conoscenza dell'anatomia, della fisiologia e della patologia umana, il reclutamento dei terapisti secondo criteri di valutazione oggettivi prestabiliti e la valutazione della pratica della professione rispetto al profilo professionale.<\/p>\n\t\t\n<style>\n#text-996279378 {\n  text-align: left;\n}\n<\/style>\n\t<\/div>\n\t\n<div class=\"container section-title-container\" style=\"margin-top:75px;\"><h3 class=\"section-title section-title-bold\"><b aria-hidden=\"true\"><\/b><span class=\"section-title-main\" >BATC<\/span><b aria-hidden=\"true\"><\/b><\/h3><\/div>\n\t<div id=\"text-2406426948\" class=\"text\">\n\t\t\n<p>Insieme ai terapisti naturopati paramedici del BATC, il BATC vuole formare una roccaforte di terapisti di alta qualit\u00e0, per raggiungere entro pochi anni un migliore equilibrio tra l'assistenza sanitaria regolare e quella orientata alla natura nei Paesi Bassi. Nell'interesse dei terapeuti, dei consumatori e delle assicurazioni sanitarie, ci impegniamo per un'assistenza sanitaria orientata alla natura accessibile e di alta qualit\u00e0. La BATC vuole garantire che i consumatori abbiano una percezione onesta, chiara e sincera dell'assistenza sanitaria orientata alla natura e dare loro la certezza di poter affrontare la salute in modo naturale. La BATC si batte semplicemente per la scelta dei consumatori in materia di salute.<\/p>\n\t\t\n<style>\n#text-2406426948 {\n  text-align: left;\n}\n<\/style>\n\t<\/div>\n\t\n<div class=\"container section-title-container\" style=\"margin-top:75px;\"><h3 class=\"section-title section-title-bold\"><b aria-hidden=\"true\"><\/b><span class=\"section-title-main\" >NOAG<\/span><b aria-hidden=\"true\"><\/b><\/h3><\/div>\n\t<div id=\"text-1259189385\" class=\"text\">\n\t\t\n<p>La NOAG \u00e8 una fondazione per terapisti occupazionali naturopati. I terapisti della NOAG hanno l'obiettivo comune di formare uno stand di naturopati competenti ed esperti e di impegnarsi attraverso l'iscrizione al registro NOAG. In questo modo si creano le garanzie per consentire la pratica di coloro che sono iscritti al registro NOAG in modo esperto e socialmente responsabile. In questo modo, la NOAG si impegna a combattere le pratiche socialmente irresponsabili nel suo settore. Un obiettivo importante del NOAG \u00e8 quello di fornire informazioni sulla naturopatia e sui naturopati iscritti al registro NOAG, nonch\u00e9 di promuovere una migliore comprensione dell'importanza della medicina naturale per la salute pubblica.<\/p>\n\t\t\n<style>\n#text-1259189385 {\n  text-align: left;\n}\n<\/style>\n\t<\/div>\n\t\n<div class=\"container section-title-container\" style=\"margin-top:75px;\"><h3 class=\"section-title section-title-bold\"><b aria-hidden=\"true\"><\/b><span class=\"section-title-main\" >VBAG<\/span><b aria-hidden=\"true\"><\/b><\/h3><\/div>\n\t<div id=\"text-1697701341\" class=\"text\">\n\t\t\n<p>L'abbreviazione V.B.A.G sta per: Associazione per la Promozione della Medicina Alternativa. La V.B.A.G \u00e8 un'associazione professionale di operatori indipendenti e professionisti della medicina naturale (e non \u00e8 un'organizzazione ombrello!). Dal 1984, la V.B.A.G vigila sulla qualit\u00e0 dei suoi membri nell'interesse del paziente. Grazie a rigorosi criteri di selezione (compresa la formazione), a un sistema di registrazione, a un codice professionale, a un regolamento di reclamo e disciplinare e a una formazione continua obbligatoria, viene creato un pool di naturopati competenti ed esperti. Tutti i membri del V.B.A.G. prestano giuramento e sono quindi vincolati alle regole del Regolamento di reclamo e disciplina del TBNG, al quale i membri del V.B.A.G. e i pazienti possono rivolgersi per presentare reclami e dove sono rappresentati i loro interessi.<\/p>\n\t\t\n<style>\n#text-1697701341 {\n  text-align: left;\n}\n<\/style>\n\t<\/div>\n\t\n<div class=\"container section-title-container\" style=\"margin-top:75px;\"><h3 class=\"section-title section-title-bold\"><b aria-hidden=\"true\"><\/b><span class=\"section-title-main\" >Associazione professionale VIV (Piattaforma CGZ)<\/span><b aria-hidden=\"true\"><\/b><\/h3><\/div>\n\t<div id=\"text-3011669173\" class=\"text\">\n\t\t\n<p>Come associazione professionale VIV, siamo al fianco dei terapisti delle cure complementari. Vogliamo sostenere questi professionisti della vitalit\u00e0 nel miglior modo possibile. Affinch\u00e9 loro e i loro clienti ricevano le cure migliori. Siamo l'associazione professionale dei terapisti che lavorano in modo olistico e complementare. Terapisti che prestano attenzione all'aspetto fisico, emotivo, mentale e spirituale delle persone. Perch\u00e9 capiscono che guardare ai disturbi in modo olistico d\u00e0, in ultima analisi, il massimo miglioramento della qualit\u00e0 della vita. L'associazione professionale VIV esiste dal 1999. Da anni ci impegniamo a mantenere alta la qualit\u00e0 della medicina alternativa. Vogliamo infatti che le persone non considerino pi\u00f9 questa forma di medicina come alternativa, ma come un valido complemento alle cure regolari.<\/p>\n\t\t\n<style>\n#text-3011669173 {\n  text-align: left;\n}\n<\/style>\n\t<\/div>\n\t\n<div class=\"container section-title-container\" style=\"margin-top:75px;\"><h3 class=\"section-title section-title-bold\"><b aria-hidden=\"true\"><\/b><span class=\"section-title-main\" >Federazione dei terapisti della medicina additiva (FAGT) (Piattaforma CGZ)<\/span><b aria-hidden=\"true\"><\/b><\/h3><\/div>\n\t<div id=\"text-332032730\" class=\"text\">\n\t\t\n<div>La FAGT, o in inglese Federation of Additive Medicine Therapists, \u00e8 un'associazione professionale multidisciplinare di terapisti complementari. La terapia complementare, detta anche medicina additiva o alternativa, comprende generalmente tutte le forme di trattamento non coperte dalla medicina tradizionale.<\/div>\n\t\t\n<style>\n#text-332032730 {\n  text-align: left;\n}\n<\/style>\n\t<\/div>\n\t\n<div class=\"container section-title-container\" style=\"margin-top:75px;\"><h3 class=\"section-title section-title-bold\"><b aria-hidden=\"true\"><\/b><span class=\"section-title-main\" >Piattaforma Assistenza sanitaria complementare (Piattaforma CGZ)<\/span><b aria-hidden=\"true\"><\/b><\/h3><\/div>\n\t<div id=\"text-4029440176\" class=\"text\">\n\t\t\n<p>Il 1\u00b0 luglio 2025, le societ\u00e0 FAGT, NVST, VIV e FAGT<strong>\u00a0<\/strong>ufficialmente fuso.<strong><br \/><\/strong>Per ora ci chiamiamo ancora FAGT, ma dal 1\u00b0 gennaio 2026 il nostro nome cambier\u00e0 in<\/p>\n\t\t\n<style>\n#text-4029440176 {\n  text-align: left;\n}\n<\/style>\n\t<\/div>\n\t\n<div class=\"container section-title-container\" style=\"margin-top:125px;\"><h2 class=\"section-title section-title-center\"><b aria-hidden=\"true\"><\/b><span class=\"section-title-main\" >REGISTRAZIONE<\/span><b aria-hidden=\"true\"><\/b><\/h2><\/div>\n<div class=\"container section-title-container\" style=\"margin-top:75px;\"><h3 class=\"section-title section-title-bold\"><b aria-hidden=\"true\"><\/b><span class=\"section-title-main\" >CRKBO<\/span><b aria-hidden=\"true\"><\/b><\/h3><\/div>\n\t\t<\/div>\n\t\t\t\t\t<\/div>\n\n\t\n\n\t<div id=\"col-765671986\" class=\"col medium-9 small-12 large-9\"  >\n\t\t\t\t<div class=\"col-inner\"  >\n\t\t\t\n\t\t\t\n<p>Il CRKBO \u00e8 stato designato dal governo olandese come istituto per il monitoraggio degli istituti di formazione professionale breve. Nel Registro centrale per la formazione professionale breve (CRKBO) possono essere registrati gli istituti di formazione che rispettano il Codice di qualit\u00e0 per gli istituti di formazione professionale breve. L'inclusione in questo registro \u00e8 legata a un audit qualitativo dell'istituzione (il sistema di accreditamento). Ci\u00f2 significa che il C.I.N.T. Benelux Opleidingen B.V. \u00e8 conforme a un rigoroso codice di qualit\u00e0 che comprende aspetti quali l'assistenza, il materiale didattico, gli insegnanti qualificati, le strutture, l'affidabilit\u00e0 e la gestione dei reclami.<\/p>\n\t\t<\/div>\n\t\t\t\t\t<\/div>\n\n\t\n\n\t<div id=\"col-783163639\" class=\"col medium-3 small-12 large-3\"  >\n\t\t\t\t<div class=\"col-inner text-center\"  >\n\t\t\t\n\t\t\t\n\t<div class=\"img has-hover x md-x lg-x y md-y lg-y\" id=\"image_1328473052\">\n\t\t\t\t\t\t\t\t<div class=\"img-inner dark\" >\n\t\t\t<img loading=\"lazy\" decoding=\"async\" width=\"283\" height=\"283\" src=\"https:\/\/www.cint.nl\/wp-content\/uploads\/2018\/05\/CRKBO_Instelling.jpg\" class=\"attachment-original size-original\" alt=\"\" srcset=\"https:\/\/www.cint.nl\/wp-content\/uploads\/2018\/05\/CRKBO_Instelling.jpg 283w, https:\/\/www.cint.nl\/wp-content\/uploads\/2018\/05\/CRKBO_Instelling-80x80.jpg 80w, https:\/\/www.cint.nl\/wp-content\/uploads\/2018\/05\/CRKBO_Instelling-36x36.jpg 36w, https:\/\/www.cint.nl\/wp-content\/uploads\/2018\/05\/CRKBO_Instelling-180x180.jpg 180w, https:\/\/www.cint.nl\/wp-content\/uploads\/2018\/05\/CRKBO_Instelling-120x120.jpg 120w\" sizes=\"auto, (max-width: 283px) 100vw, 283px\" \/>\t\t\t\t\t\t\n\t\t\t\t\t<\/div>\n\t\t\t\t\t\t\t\t\n<style>\n#image_1328473052 {\n  width: 100%;\n}\n@media (min-width:850px) {\n  #image_1328473052 {\n    width: 60%;\n  }\n}\n<\/style>\n\t<\/div>\n\t\n\t\t<\/div>\n\t\t\t\t\t<\/div>\n\n\t\n<\/div>\n\t\t<\/div>\n\n\t\t\n<style>\n#section_1702113782 {\n  padding-top: 30px;\n  padding-bottom: 30px;\n}\n<\/style>\n\t<\/section>","protected":false},"excerpt":{"rendered":"","protected":false},"author":1,"featured_media":0,"parent":0,"menu_order":0,"comment_status":"closed","ping_status":"closed","template":"page-blank.php","meta":{"footnotes":""},"class_list":["post-3250","page","type-page","status-publish","hentry"],"_links":{"self":[{"href":"https:\/\/www.cint.nl\/it\/wp-json\/wp\/v2\/pages\/3250","targetHints":{"allow":["GET"]}}],"collection":[{"href":"https:\/\/www.cint.nl\/it\/wp-json\/wp\/v2\/pages"}],"about":[{"href":"https:\/\/www.cint.nl\/it\/wp-json\/wp\/v2\/types\/page"}],"author":[{"embeddable":true,"href":"https:\/\/www.cint.nl\/it\/wp-json\/wp\/v2\/users\/1"}],"replies":[{"embeddable":true,"href":"https:\/\/www.cint.nl\/it\/wp-json\/wp\/v2\/comments?post=3250"}],"version-history":[{"count":13,"href":"https:\/\/www.cint.nl\/it\/wp-json\/wp\/v2\/pages\/3250\/revisions"}],"predecessor-version":[{"id":32559,"href":"https:\/\/www.cint.nl\/it\/wp-json\/wp\/v2\/pages\/3250\/revisions\/32559"}],"wp:attachment":[{"href":"https:\/\/www.cint.nl\/it\/wp-json\/wp\/v2\/media?parent=3250"}],"curies":[{"name":"wp","href":"https:\/\/api.w.org\/{rel}","templated":true}]}}