{"id":3793,"date":"2018-02-06T16:23:11","date_gmt":"2018-02-06T15:23:11","guid":{"rendered":"https:\/\/www.cint.nl\/?page_id=3793"},"modified":"2025-11-11T14:24:31","modified_gmt":"2025-11-11T13:24:31","slug":"vie-privee","status":"publish","type":"page","link":"https:\/\/www.cint.nl\/fr\/privacy\/","title":{"rendered":"Vie priv\u00e9e"},"content":{"rendered":"<div id=\"page-header-292696308\" class=\"page-header-wrapper\">\n  <div class=\"page-title dark normal-title\">\n\n        <div class=\"page-title-bg\">\n      <div class=\"title-bg fill bg-fill\"\n        data-parallax-container=\".page-title\"\n        data-parallax-background\n data-parallax=\"-\">\n      <\/div>\n      <div class=\"title-overlay fill\"><\/div>\n    <\/div>\n    \n    <div class=\"page-title-inner container align-bottom text-center flex-row-col medium-flex-wrap\" >\n              <div class=\"title-wrapper uppercase is-xlarge flex-col\">\n          <h1 class=\"entry-title mb-0\">\n            Vie priv\u00e9e          <\/h1>\n        <\/div>\n                    <div class=\"title-content flex-col\">\n        <div class=\"title-breadcrumbs pb-half pt-half\"><\/div>      <\/div>\n    <\/div>\n\n     \n<style>\n#page-header-292696308 .page-title-inner {\n  min-height: 150px;\n}\n#page-header-292696308 .title-bg {\n  background-image: url(https:\/\/www.cint.nl\/wp-content\/uploads\/2024\/04\/slide3-layer-11600.webp);\n  background-position: 52% 42%;\n}\n<\/style>\n  <\/div>\n    <\/div>\n  \n\n\t<section class=\"section\" id=\"section_1455703080\">\n\t\t<div class=\"section-bg fill\" >\n\t\t\t\t\t\t\t\t\t\n\t\t\t\n\n\t\t<\/div>\n\n\t\t\n\n\t\t<div class=\"section-content relative\">\n\t\t\t\n<div class=\"row\"  id=\"row-1363098651\">\n\n\t<div id=\"col-407189199\" class=\"col small-12 large-12\"  >\n\t\t\t\t<div class=\"col-inner\"  >\n\t\t\t\n\t\t\t\n<div class=\"container section-title-container\" ><h2 class=\"section-title section-title-center\"><b aria-hidden=\"true\"><\/b><span class=\"section-title-main\" >POLITIQUE DE CONFIDENTIALIT\u00c9 COURS DE FORMATION CINT BENELUX<\/span><b aria-hidden=\"true\"><\/b><\/h2><\/div>\n<p>Lorsque vous visitez notre site web ou que vous contactez Star Remedies B.V., vous nous communiquez parfois des donn\u00e9es personnelles. Nous traitons ces donn\u00e9es avec soin et nous nous conformons \u00e0 la l\u00e9gislation applicable en mati\u00e8re de protection de la vie priv\u00e9e, y compris le R\u00e8glement g\u00e9n\u00e9ral sur la protection des donn\u00e9es (RGPD). La pr\u00e9sente d\u00e9claration vous indique quelles donn\u00e9es nous collectons, pourquoi nous le faisons et comment nous les s\u00e9curisons.<\/p>\n<p>Star Remedies B.V.<br \/>\nSloterweg 150<br \/>\n1171 CV Badhoevedorp<br \/>\nChambre de commerce 34217406<br \/>\nE-mail : <a href=\"mailto:info@cint.nl\">info@cint.nl<\/a><\/p>\n<p><strong>Que sont les donn\u00e9es \u00e0 caract\u00e8re personnel ?<\/strong><br \/>\nLes donn\u00e9es personnelles sont des donn\u00e9es qui vous concernent ou qui permettent de vous identifier. Pensez \u00e0 votre nom, votre adresse, votre num\u00e9ro de t\u00e9l\u00e9phone et votre adresse \u00e9lectronique. Nous ne traitons pas de donn\u00e9es personnelles particuli\u00e8res (telles que des donn\u00e9es relatives \u00e0 la sant\u00e9, \u00e0 la religion ou \u00e0 l'origine ethnique).<\/p>\n<p><strong>Personnes \u00e2g\u00e9es de moins de 16 ans<\/strong><br \/>\nNous n'avons pas l'intention de collecter des donn\u00e9es aupr\u00e8s de personnes \u00e2g\u00e9es de moins de 16 ans. Toutefois, nous ne pouvons pas toujours v\u00e9rifier si un visiteur est majeur. Si vous pensez que nous avons collect\u00e9 des donn\u00e9es aupr\u00e8s d'un mineur sans son consentement, veuillez nous en informer \u00e0 l'adresse suivante <a href=\"mailto:info@cint.nl\">info@cint.nl<\/a>. Nous supprimons imm\u00e9diatement ces donn\u00e9es.<\/p>\n<p><strong>Quand traitons-nous vos donn\u00e9es personnelles ?<\/strong><\/p>\n<p><strong>1. Contact et questions<\/strong><br \/>\nLorsque vous nous contactez (par e-mail, par t\u00e9l\u00e9phone ou par le biais du formulaire de contact), nous traitons vos donn\u00e9es personnelles :<br \/>\n- Nom, adresse, ville<br \/>\n- Adresse \u00e9lectronique<br \/>\n- Num\u00e9ro de t\u00e9l\u00e9phone<br \/>\n- Votre message ou question<br \/>\nLa conservation de ces donn\u00e9es rel\u00e8ve de la base juridique de l'int\u00e9r\u00eat l\u00e9gitime (nous devons \u00eatre en mesure de r\u00e9pondre et d'assurer le suivi).<\/p>\n<p><strong>2. Signature d'un accord<\/strong><br \/>\nLorsque vous participez \u00e0 des formations ou achetez des produits\/services, nous traitons vos donn\u00e9es :<br \/>\n- Nom, adresse, ville<br \/>\n- Adresse \u00e9lectronique<br \/>\n- Num\u00e9ro de t\u00e9l\u00e9phone<br \/>\nLa conservation de ces donn\u00e9es rel\u00e8ve de la base juridique : l'ex\u00e9cution du contrat.<\/p>\n<p><strong>3. Facturation et administration<\/strong><br \/>\nPour nos dossiers financiers et les pr\u00e9l\u00e8vements automatiques que nous traitons :<br \/>\n- Nom, adresse, ville<br \/>\n- Adresse \u00e9lectronique<br \/>\n- Num\u00e9ro de t\u00e9l\u00e9phone<br \/>\n- Date de naissance (pour les consultations th\u00e9rapeutiques)<br \/>\n- Coordonn\u00e9es de l'assurance + num\u00e9ro de police (pour les consultations th\u00e9rapeutiques)<br \/>\n- Num\u00e9ro de la chambre de commerce et num\u00e9ro de TVA<br \/>\n- Adresse IP (pour les livraisons intracommunautaires)<br \/>\nLa conservation de ces donn\u00e9es rel\u00e8ve de la base juridique suivante : obligation l\u00e9gale (obligation de conservation fiscale).<\/p>\n<p><strong>4. Demande de programme d'\u00e9tudes<\/strong><br \/>\nLorsque vous demandez des informations ou un programme d'\u00e9tudes, nous les traitons :<br \/>\n- Nom, adresse, ville<br \/>\n- Adresse \u00e9lectronique<br \/>\n- Num\u00e9ro de t\u00e9l\u00e9phone<br \/>\nLa conservation de ces donn\u00e9es rel\u00e8ve de la base l\u00e9gale : le consentement.<\/p>\n<p><strong>5. Inscription \u00e0 un cours<\/strong><br \/>\nLors de l'enregistrement, nous proc\u00e9dons :<br \/>\n- Nom et initiales<br \/>\n- Nom de jeune fille (le cas \u00e9ch\u00e9ant)<br \/>\n- Date de naissance, lieu et pays de naissance<br \/>\n- Adresse, num\u00e9ro de t\u00e9l\u00e9phone et adresse \u00e9lectronique<br \/>\nLa conservation de ces donn\u00e9es rel\u00e8ve de la base juridique : ex\u00e9cution du contrat et consentement.<\/p>\n<p><strong>6. Bulletin d'information et mises \u00e0 jour<\/strong><br \/>\nSi vous vous inscrivez \u00e0 notre bulletin d'information, nous utilisons :<br \/>\n- Nom<br \/>\n- Adresse \u00e9lectronique<br \/>\nVous pouvez vous d\u00e9sinscrire \u00e0 tout moment en utilisant le lien qui se trouve au bas de chaque envoi.<br \/>\nLa conservation de ces donn\u00e9es rel\u00e8ve de la base l\u00e9gale : le consentement.<\/p>\n<p><strong>Cookies<\/strong><br \/>\nNotre site web n'utilise que des cookies fonctionnels n\u00e9cessaires au bon fonctionnement du site. Il existe <strong>pas de cookies analytiques ou de suivi<\/strong> affich\u00e9e. Vous pouvez bloquer les cookies par le biais des param\u00e8tres de votre navigateur, mais le site risque de ne pas fonctionner aussi bien.<\/p>\n<p><strong>Partage des donn\u00e9es avec les partenaires<\/strong><br \/>\nNous travaillons avec des partenaires fiables qui fournissent certains services pour nous, tels que<br \/>\n- <strong>Exp\u00e9diteur :<\/strong> envoi de bulletins d'information<br \/>\n- <strong>Proxhost :<\/strong> l'h\u00e9bergement et la s\u00e9curit\u00e9 de notre site web<br \/>\n- <strong>Bureau administratif \/ comptable :<\/strong> l'administration financi\u00e8re<br \/>\nNous avons conclu des accords de traitement avec toutes ces parties. Elles ne traitent les donn\u00e9es que selon nos instructions et se conforment \u00e0 la loi sur la protection des donn\u00e9es. Il y a <strong>aucune donn\u00e9e personnelle n'est partag\u00e9e en dehors de l'Espace \u00e9conomique europ\u00e9en (EEE)<\/strong>.<\/p>\n<p><strong>S\u00e9curit\u00e9 des donn\u00e9es personnelles<\/strong><br \/>\nNous prenons des mesures techniques et organisationnelles appropri\u00e9es pour prot\u00e9ger vos donn\u00e9es contre la perte, l'utilisation abusive ou l'acc\u00e8s non autoris\u00e9. Nos mesures de s\u00e9curit\u00e9 comprennent<br \/>\n- Connexions crypt\u00e9es (SSL\/TLS)<br \/>\n- Serveurs s\u00e9curis\u00e9s chez Proxhost (Pays-Bas)<br \/>\n- Droits d'acc\u00e8s limit\u00e9s aux syst\u00e8mes<br \/>\n- Politiques de mot de passe et de connexion solides avec v\u00e9rification en deux \u00e9tapes<br \/>\n- Sauvegardes r\u00e9guli\u00e8res et mises \u00e0 jour des logiciels<br \/>\nTous les membres du personnel et les enseignants recrut\u00e9s signent un accord de confidentialit\u00e9.<\/p>\n<p><strong>D\u00e9lais de conservation<\/strong><br \/>\n- <strong>E-mail :<\/strong> jusqu'\u00e0 5 ans, sauf si cela est n\u00e9cessaire pour des affaires ou des litiges en cours<br \/>\n- <strong>Factures et administration :<\/strong> 7 ans (p\u00e9riode de conservation l\u00e9gale)<br \/>\n- <strong>Bulletin d'information :<\/strong> radiation<br \/>\n- <strong>Images de la cam\u00e9ra :<\/strong> 30 jours (sauf si n\u00e9cessaire pour la recherche)<\/p>\n<p><strong>Cam\u00e9ras de s\u00e9curit\u00e9<\/strong><br \/>\nDes cam\u00e9ras de s\u00e9curit\u00e9 sont install\u00e9es \u00e0 l'int\u00e9rieur et autour de notre salle de formation et de notre entrep\u00f4t. Les images sont utilis\u00e9es exclusivement pour prot\u00e9ger les personnes, les biens et les locaux. Apr\u00e8s 30 jours, les images sont automatiquement supprim\u00e9es, \u00e0 moins qu'elles ne soient n\u00e9cessaires dans le cadre d'une enqu\u00eate criminelle.<\/p>\n<p><strong>Vos droits<\/strong><br \/>\nVous avez le droit de :<br \/>\n- consulter, corriger ou supprimer vos donn\u00e9es ;<br \/>\n- s'opposer au traitement ;<br \/>\n- demander la limitation du traitement ;<br \/>\n- retirer son consentement ;<br \/>\n- de faire transf\u00e9rer vos donn\u00e9es \u00e0 un tiers (portabilit\u00e9 des donn\u00e9es).<br \/>\nEnvoyez votre demande \u00e0 <a href=\"mailto:info@cint.nl\">info@cint.nl<\/a>. Pour nous assurer que la demande \u00e9mane bien de vous, nous vous demandons d'envoyer une copie d'un document d'identit\u00e9 (rendre illisible la photo d'identit\u00e9, le MRZ, le num\u00e9ro de passeport et le BSN). Nous vous r\u00e9pondrons dans un d\u00e9lai de <strong>quatre semaines<\/strong>.<br \/>\nVous pouvez \u00e9galement d\u00e9poser une plainte aupr\u00e8s de la <a href=\"https:\/\/www.autoriteitpersoonsgegevens.nl\" target=\"_blank\">Autorit\u00e9 des donn\u00e9es personnelles<\/a>.<\/p>\n<p><strong>Violation de donn\u00e9es<\/strong><br \/>\nMalgr\u00e9 toutes les pr\u00e9cautions prises, une violation de donn\u00e9es ne peut jamais \u00eatre totalement exclue. Si une violation de donn\u00e9es se produit, nous la signalons \u00e0 l'autorit\u00e9 charg\u00e9e des donn\u00e9es personnelles et, le cas \u00e9ch\u00e9ant, aux personnes concern\u00e9es dans les 72 heures. Vous d\u00e9couvrez vous-m\u00eame une \u00e9ventuelle violation de donn\u00e9es ? Signalez-la d\u00e8s que possible \u00e0 l'adresse suivante <a href=\"mailto:info@cint.nl\">info@cint.nl<\/a>.<\/p>\n<p><strong>Responsabilit\u00e9<\/strong><br \/>\nCette d\u00e9claration de confidentialit\u00e9 ne s'applique qu'aux donn\u00e9es trait\u00e9es par Star Remedies B.V. elle-m\u00eame. Nous ne sommes pas responsables des sites web ou des services de tiers vers lesquels nous renvoyons.<\/p>\n<p><strong>Changements<\/strong><br \/>\nNous pouvons mettre \u00e0 jour cette d\u00e9claration de confidentialit\u00e9 si les lois ou les r\u00e8glements changent ou si nos services changent. La version la plus r\u00e9cente est toujours disponible \u00e0 l'adresse suivante <a href=\"https:\/\/www.cint.nl\/fr\/\" target=\"_blank\">www.cint.nl<\/a>. En continuant \u00e0 utiliser notre site web, vous acceptez la derni\u00e8re version.<\/p>\n<p><strong>Contact<\/strong><br \/>\nVous avez d'autres questions ou commentaires ? Dans ce cas, veuillez contacter Star Remedies B.V. par e-mail <a href=\"mailto:info@cint.nl\">info@cint.nl<\/a> ou par courrier :<br \/>\nStar Remedies B.V.<br \/>\nAttn : Vie priv\u00e9e - Star Remedies B.V.<br \/>\nSloterweg 150<br \/>\n1171 CV Badhoevedorp<\/p>\n<p>Version : janvier 2026<\/p>\n\t\t<\/div>\n\t\t\t\t\t<\/div>\n\n\t\n<\/div>\n\t\t<\/div>\n\n\t\t\n<style>\n#section_1455703080 {\n  padding-top: 30px;\n  padding-bottom: 30px;\n}\n<\/style>\n\t<\/section>","protected":false},"excerpt":{"rendered":"","protected":false},"author":1,"featured_media":0,"parent":0,"menu_order":0,"comment_status":"closed","ping_status":"closed","template":"page-blank.php","meta":{"footnotes":""},"class_list":["post-3793","page","type-page","status-publish","hentry"],"_links":{"self":[{"href":"https:\/\/www.cint.nl\/fr\/wp-json\/wp\/v2\/pages\/3793","targetHints":{"allow":["GET"]}}],"collection":[{"href":"https:\/\/www.cint.nl\/fr\/wp-json\/wp\/v2\/pages"}],"about":[{"href":"https:\/\/www.cint.nl\/fr\/wp-json\/wp\/v2\/types\/page"}],"author":[{"embeddable":true,"href":"https:\/\/www.cint.nl\/fr\/wp-json\/wp\/v2\/users\/1"}],"replies":[{"embeddable":true,"href":"https:\/\/www.cint.nl\/fr\/wp-json\/wp\/v2\/comments?post=3793"}],"version-history":[{"count":8,"href":"https:\/\/www.cint.nl\/fr\/wp-json\/wp\/v2\/pages\/3793\/revisions"}],"predecessor-version":[{"id":32624,"href":"https:\/\/www.cint.nl\/fr\/wp-json\/wp\/v2\/pages\/3793\/revisions\/32624"}],"wp:attachment":[{"href":"https:\/\/www.cint.nl\/fr\/wp-json\/wp\/v2\/media?parent=3793"}],"curies":[{"name":"wp","href":"https:\/\/api.w.org\/{rel}","templated":true}]}}