{"id":3621,"date":"2016-09-20T14:43:28","date_gmt":"2016-09-20T12:43:28","guid":{"rendered":"https:\/\/www.cint.nl\/?page_id=3621"},"modified":"2025-10-15T15:46:54","modified_gmt":"2025-10-15T13:46:54","slug":"4-points-cles","status":"publish","type":"page","link":"https:\/\/www.cint.nl\/fr\/4-kernpunten\/","title":{"rendered":"Dietmar Kr\u00e4mer - 4 points cl\u00e9s"},"content":{"rendered":"<div id=\"page-header-490780515\" class=\"page-header-wrapper\">\n  <div class=\"page-title dark normal-title\">\n\n        <div class=\"page-title-bg\">\n      <div class=\"title-bg fill bg-fill\"\n        data-parallax-container=\".page-title\"\n        data-parallax-background\n data-parallax=\"-\">\n      <\/div>\n      <div class=\"title-overlay fill\"><\/div>\n    <\/div>\n    \n    <div class=\"page-title-inner container align-bottom text-center flex-row-col medium-flex-wrap\" >\n              <div class=\"title-wrapper uppercase is-xlarge flex-col\">\n          <h1 class=\"entry-title mb-0\">\n            Points cl\u00e9s          <\/h1>\n        <\/div>\n                    <div class=\"title-content flex-col\">\n        <div class=\"title-breadcrumbs pb-half pt-half\"><\/div>      <\/div>\n    <\/div>\n\n     \n<style>\n#page-header-490780515 .page-title-inner {\n  min-height: 150px;\n}\n#page-header-490780515 .title-bg {\n  background-image: url(https:\/\/www.cint.nl\/wp-content\/uploads\/2024\/04\/slide3-layer-11600.webp);\n  background-position: 52% 42%;\n}\n<\/style>\n  <\/div>\n    <\/div>\n  \n\n\t<section class=\"section\" id=\"section_262514746\">\n\t\t<div class=\"section-bg fill\" >\n\t\t\t\t\t\t\t\t\t\n\t\t\t\n\n\t\t<\/div>\n\n\t\t\n\n\t\t<div class=\"section-content relative\">\n\t\t\t\n<div class=\"row\"  id=\"row-1429463072\">\n\n\t<div id=\"col-134564553\" class=\"col small-12 large-12\"  >\n\t\t\t\t<div class=\"col-inner\"  >\n\t\t\t\n\t\t\t\n<div class=\"container section-title-container\" ><h2 class=\"section-title section-title-center\"><b aria-hidden=\"true\"><\/b><span class=\"section-title-main\" >4 POINTS CL\u00c9S DE LA FORMATION<\/span><b aria-hidden=\"true\"><\/b><\/h2><\/div>\n<p><strong>1. Examinez les relations entre les fleurs<\/strong><\/p>\n<p>Gr\u00e2ce aux relations entre les fleurs, il est possible de d\u00e9terminer quelle fleur couvre l'aspect superficiel d'une plainte et quelle fleur couvre la cause plus profonde. On \u00e9tablit ainsi une classification hi\u00e9rarchique qui d\u00e9termine la future th\u00e9rapie. Il s'agit d'un outil tr\u00e8s important, en particulier lorsque le patient semble avoir besoin d'un grand nombre de fleurs et que l'on ne sait pas par o\u00f9 commencer. Si les plaintes actuelles sont supprim\u00e9es, il est alors possible, gr\u00e2ce \u00e0 cette classification, de v\u00e9rifier quels concepts n\u00e9gatifs cach\u00e9s de l'\u00e2me ont conduit aux plaintes existantes.<\/p>\n<p><strong>2. Diagnostic en fonction des zones cutan\u00e9es des fleurs de Bach<\/strong><\/p>\n<p>Pour chaque rem\u00e8de de Star Remedies \/ Bach Blossom, il existe des zones sur la peau, semblables aux zones r\u00e9flexes du pied. En cas d'humeur n\u00e9gative, des modifications de la structure \u00e9nerg\u00e9tique se produisent \u00e0 ces endroits, souvent accompagn\u00e9es de douleurs ou de troubles de la sensibilit\u00e9. Nous pouvons ainsi \u00e9tablir des diagnostics floraux uniquement sur la base de l'endroit.<\/p>\n<p><strong>3. Applications des fleurs sur la peau<\/strong><\/p>\n<p>En appliquant directement les fleurs concern\u00e9es (en composition dilu\u00e9e) sur les zones cutan\u00e9es perturb\u00e9es, on peut augmenter consid\u00e9rablement l'effet des fleurs. Ainsi, non seulement les \u00e9tats d'\u00e2me n\u00e9gatifs se r\u00e9tablissent beaucoup plus rapidement que lors de la prise de rem\u00e8des de Star ou de fleurs de Bach, mais les troubles physiques disparaissent g\u00e9n\u00e9ralement plus vite apr\u00e8s l'application des fleurs sur la peau.<\/p>\n<p><strong>4. Capacit\u00e9s de diagnostic objectif<\/strong><\/p>\n<p>Il existe des correspondances directes entre les trac\u00e9s des rem\u00e8des \u00e9toil\u00e9s et des fleurs de Bach d'une part, qui r\u00e9sultent des interrelations entre les rem\u00e8des \u00e9toil\u00e9s et les fleurs de Bach, et les m\u00e9ridiens d'acupuncture d'autre part. En fin de compte, les trac\u00e9s des m\u00e9ridiens et des fleurs de Bach sont des manifestations du m\u00eame principe, mais \u00e0 deux niveaux vibratoires diff\u00e9rents. Ce fait offre toute une s\u00e9rie de nouvelles possibilit\u00e9s diagnostiques et th\u00e9rapeutiques. Par exemple, nous pouvons d\u00e9duire du trac\u00e9 du m\u00e9ridien les traces de fleurs dont nous avons besoin. Il en va de m\u00eame pour l'horloge chinoise des m\u00e9ridiens qui, pour les maux qui se manifestent \u00e0 chaque fois \u00e0 une certaine heure, fournit des indices pour choisir les bons rem\u00e8des des \u00e9toiles\/ fleurs de Bach. Gr\u00e2ce aux nouveaux points de test et de th\u00e9rapie des lignes lunaires d\u00e9couverts par Dietmar Kramer, qui sont les \u00e9quivalents des m\u00e9ridiens d'acupuncture \u00e0 un niveau encore plus subtil, nous pouvons \u00e9tablir un diagnostic objectif des rem\u00e8des des \u00e9toiles et des fleurs de Bach, en particulier dans les cas les plus difficiles \u00e0 diagnostiquer. Ainsi, non seulement les \u00e9tats d'\u00e2me n\u00e9gatifs se r\u00e9tablissent beaucoup plus rapidement que lors de la prise de gouttes, mais les troubles physiques disparaissent g\u00e9n\u00e9ralement aussi plus vite apr\u00e8s l'application des fleurs sur la peau.<\/p>\n\t\t<\/div>\n\t\t\t\t\t<\/div>\n\n\t\n\n\t<div id=\"col-845323092\" class=\"col medium-6 small-12 large-6\"  >\n\t\t\t\t<div class=\"col-inner\" style=\"background-color:rgba(154, 186, 204, 0.21);\" >\n\t\t\t\n\t\t\t\n<h4>Accr\u00e9ditation et reconnaissance<\/h4>\n<p><span class=\"av_dropcap1\">A<\/span>L'accr\u00e9ditation et l'agr\u00e9ment donnent une image claire de la qualit\u00e9 d'un cours. En savoir plus sur la formation compl\u00e8te et son contenu.<\/p>\n\t\t<\/div>\n\t\t\t\t\n<style>\n#col-845323092 > .col-inner {\n  padding: 10px 10px 10px 10px;\n}\n<\/style>\n\t<\/div>\n\n\t\n\n\t<div id=\"col-1609153513\" class=\"col medium-6 small-12 large-6\"  >\n\t\t\t\t<div class=\"col-inner\" style=\"background-color:rgba(154, 186, 204, 0.21);\" >\n\t\t\t\n\t\t\t\n<h4>Caract\u00e9ristiques de la formation<\/h4>\n<ul>\n<li>Une structure de cours claire<\/li>\n<li>Explications et conseils en classe<\/li>\n<li>Expliquer la m\u00e9thode Nouvelles th\u00e9rapies<\/li>\n<li>Dietmar Kr\u00e4mer en tant que conf\u00e9rencier*<\/li>\n<li>Les nouvelles th\u00e9rapies en pratique<\/li>\n<li>Apprendre \u00e0 faire une anamn\u00e8se claire<\/li>\n<\/ul>\n\t\t<\/div>\n\t\t\t\t\n<style>\n#col-1609153513 > .col-inner {\n  padding: 10px 10px 10px 10px;\n}\n<\/style>\n\t<\/div>\n\n\t\n<\/div>\n\t\t<\/div>\n\n\t\t\n<style>\n#section_262514746 {\n  padding-top: 30px;\n  padding-bottom: 30px;\n}\n<\/style>\n\t<\/section>","protected":false},"excerpt":{"rendered":"","protected":false},"author":1,"featured_media":0,"parent":0,"menu_order":0,"comment_status":"closed","ping_status":"closed","template":"page-blank.php","meta":{"footnotes":""},"class_list":["post-3621","page","type-page","status-publish","hentry"],"_links":{"self":[{"href":"https:\/\/www.cint.nl\/fr\/wp-json\/wp\/v2\/pages\/3621","targetHints":{"allow":["GET"]}}],"collection":[{"href":"https:\/\/www.cint.nl\/fr\/wp-json\/wp\/v2\/pages"}],"about":[{"href":"https:\/\/www.cint.nl\/fr\/wp-json\/wp\/v2\/types\/page"}],"author":[{"embeddable":true,"href":"https:\/\/www.cint.nl\/fr\/wp-json\/wp\/v2\/users\/1"}],"replies":[{"embeddable":true,"href":"https:\/\/www.cint.nl\/fr\/wp-json\/wp\/v2\/comments?post=3621"}],"version-history":[{"count":9,"href":"https:\/\/www.cint.nl\/fr\/wp-json\/wp\/v2\/pages\/3621\/revisions"}],"predecessor-version":[{"id":32594,"href":"https:\/\/www.cint.nl\/fr\/wp-json\/wp\/v2\/pages\/3621\/revisions\/32594"}],"wp:attachment":[{"href":"https:\/\/www.cint.nl\/fr\/wp-json\/wp\/v2\/media?parent=3621"}],"curies":[{"name":"wp","href":"https:\/\/api.w.org\/{rel}","templated":true}]}}