{"id":3617,"date":"2016-09-20T14:35:46","date_gmt":"2016-09-20T12:35:46","guid":{"rendered":"https:\/\/www.cint.nl\/?page_id=3617"},"modified":"2025-10-15T15:59:11","modified_gmt":"2025-10-15T13:59:11","slug":"les-zones-cutanees","status":"publish","type":"page","link":"https:\/\/www.cint.nl\/fr\/huidzones\/","title":{"rendered":"Zones cutan\u00e9es de la fleur de Bach"},"content":{"rendered":"<div id=\"page-header-1949367824\" class=\"page-header-wrapper\">\n  <div class=\"page-title dark normal-title\">\n\n        <div class=\"page-title-bg\">\n      <div class=\"title-bg fill bg-fill\"\n        data-parallax-container=\".page-title\"\n        data-parallax-background\n data-parallax=\"-\">\n      <\/div>\n      <div class=\"title-overlay fill\"><\/div>\n    <\/div>\n    \n    <div class=\"page-title-inner container align-bottom text-center flex-row-col medium-flex-wrap\" >\n              <div class=\"title-wrapper uppercase is-xlarge flex-col\">\n          <h1 class=\"entry-title mb-0\">\n            Zones cutan\u00e9es          <\/h1>\n        <\/div>\n                    <div class=\"title-content flex-col\">\n        <div class=\"title-breadcrumbs pb-half pt-half\"><\/div>      <\/div>\n    <\/div>\n\n     \n<style>\n#page-header-1949367824 .page-title-inner {\n  min-height: 150px;\n}\n#page-header-1949367824 .title-bg {\n  background-image: url(https:\/\/www.cint.nl\/wp-content\/uploads\/2024\/04\/slide3-layer-11600.webp);\n  background-position: 52% 42%;\n}\n<\/style>\n  <\/div>\n    <\/div>\n  \n\n\t<section class=\"section\" id=\"section_803352874\">\n\t\t<div class=\"section-bg fill\" >\n\t\t\t\t\t\t\t\t\t\n\t\t\t\n\n\t\t<\/div>\n\n\t\t\n\n\t\t<div class=\"section-content relative\">\n\t\t\t\n<div class=\"row\"  id=\"row-38449588\">\n\n\t<div id=\"col-1341322381\" class=\"col small-12 large-12\"  >\n\t\t\t\t<div class=\"col-inner\"  >\n\t\t\t\n\t\t\t\n<div class=\"container section-title-container\" ><h2 class=\"section-title section-title-center\"><b aria-hidden=\"true\"><\/b><span class=\"section-title-main\" >ZONES DE LA PEAU selon DIETMAR KR\u00c4MER<\/span><b aria-hidden=\"true\"><\/b><\/h2><\/div>\n<p>Dans la th\u00e9rapie par les fleurs, gr\u00e2ce \u00e0 l'existence de zones cutan\u00e9es sensibles \u00e0 certaines fleurs, l'\u00e9tablissement d'un diagnostic correct et la d\u00e9termination d'un traitement efficace sont consid\u00e9rablement simplifi\u00e9s.<\/p>\n<p>Pour les troubles physiques, le choix de la fleur peut \u00eatre d\u00e9duit directement de la localisation des troubles dans le corps.<\/p>\n<p>L'application externe sur la zone affect\u00e9e, sous forme de compresses ou de frictions, s'av\u00e8re presque toujours nettement plus efficace que la simple prise de l'essence de fleur concern\u00e9e.<\/p>\n<p>En g\u00e9n\u00e9ral, cela acc\u00e9l\u00e8re consid\u00e9rablement le processus de gu\u00e9rison. Souvent, l'am\u00e9lioration ne se produit qu'apr\u00e8s un traitement local de la zone cutan\u00e9e perturb\u00e9e.<\/p>\n<p>Dans la pratique, on a constat\u00e9 que dans toute une s\u00e9rie de cas o\u00f9 la fleur appropri\u00e9e \u00e0 l'endroit perturb\u00e9 a \u00e9t\u00e9 prise fid\u00e8lement pendant une longue p\u00e9riode (parfois m\u00eame plus de six mois) sans avoir le moindre impact sur les sympt\u00f4mes existants.<\/p>\n<p>Cependant, si la m\u00eame fleur est appliqu\u00e9e localement, l'\u00e9tat du patient s'am\u00e9liore souvent en peu de temps.<\/p>\n<p>En r\u00e8gle g\u00e9n\u00e9rale, les probl\u00e8mes d'ordre purement psychologique sont \u00e9galement r\u00e9solus plus rapidement si l'on ne se contente pas de pr\u00e9lever les fleurs, mais que l'on traite \u00e9galement en externe les zones cutan\u00e9es associ\u00e9es aux fleurs principales - m\u00eame si ces zones cutan\u00e9es ne pr\u00e9sentent pas de troubles physiques. Pour ce faire, les zones situ\u00e9es sur le tronc sont g\u00e9n\u00e9ralement suffisantes.<\/p>\n<p>C'est l\u00e0 que se manifestent, bien avant les premiers sympt\u00f4mes physiques, des modifications de l'aura qui peuvent \u00eatre diagnostiqu\u00e9es par des moyens sensibles.<\/p>\n<p>La raison pour laquelle les rem\u00e8des de Star Remedies \/ Bach - en particulier pour les troubles physiques - sont beaucoup plus efficaces lorsqu'ils sont appliqu\u00e9s en externe sur les zones cutan\u00e9es concern\u00e9es devient compr\u00e9hensible lorsque nous r\u00e9alisons que les probl\u00e8mes psychologiques sont ainsi trait\u00e9s exactement \u00e0 l'endroit o\u00f9 ils se manifestent physiquement.<\/p>\n<p>Ce n'est que lorsque le sch\u00e9ma vibratoire n\u00e9gatif est corrig\u00e9 \u00e0 cet endroit que le d\u00e9sordre est \u00e9galement r\u00e9solu dans le corps mat\u00e9riel, \u00e0 condition qu'aucun dommage irr\u00e9parable ne soit encore survenu.<\/p>\n<p>En fin de compte, il s'agit de zones cutan\u00e9es arch\u00e9typales. Toutes les substances m\u00e9dicinales \u00e0 base de mati\u00e8res fines qui agissent sur les concepts arch\u00e9typaux de sentiments n\u00e9gatifs, class\u00e9s avec pr\u00e9cision par Edward Bach, ont un effet curatif lorsqu'elles sont appliqu\u00e9es sur ces zones cutan\u00e9es sp\u00e9cifiques, ind\u00e9pendamment de la nature et des propri\u00e9t\u00e9s des plaintes qui s'y trouvent.<\/p>\n<p>Ces substances fines, comme mentionn\u00e9 ci-dessus, comprennent \u00e9galement certaines huiles essentielles et pierres pr\u00e9cieuses. Elles peuvent \u00eatre appliqu\u00e9es sur ces zones cutan\u00e9es de la m\u00eame mani\u00e8re que les rem\u00e8des \u00e9toil\u00e9s\/fleurs de Bach.<\/p>\n\t\t<\/div>\n\t\t\t\t\t<\/div>\n\n\t\n\n\t<div id=\"col-2145355818\" class=\"col medium-6 small-12 large-6\"  >\n\t\t\t\t<div class=\"col-inner\" style=\"background-color:rgba(154, 186, 204, 0.21);\" >\n\t\t\t\n\t\t\t\n<h4>Accr\u00e9ditation et reconnaissance<\/h4>\n<p><span class=\"av_dropcap1\">A<\/span>L'accr\u00e9ditation et l'agr\u00e9ment donnent une image claire de la qualit\u00e9 d'un cours. En savoir plus sur la formation compl\u00e8te et son contenu.<\/p>\n\t\t<\/div>\n\t\t\t\t\n<style>\n#col-2145355818 > .col-inner {\n  padding: 10px 10px 10px 10px;\n}\n<\/style>\n\t<\/div>\n\n\t\n\n\t<div id=\"col-2104382634\" class=\"col medium-6 small-12 large-6\"  >\n\t\t\t\t<div class=\"col-inner\" style=\"background-color:rgba(154, 186, 204, 0.21);\" >\n\t\t\t\n\t\t\t\n<h4>Caract\u00e9ristiques de la formation<\/h4>\n<ul>\n<li>Une structure de cours claire<\/li>\n<li>Explications et conseils en classe<\/li>\n<li>La m\u00e9thode Dietmar Kr\u00e4mer expliqu\u00e9e<\/li>\n<li>Dietmar Kr\u00e4mer en tant que conf\u00e9rencier*<\/li>\n<li>Les nouvelles th\u00e9rapies en pratique<\/li>\n<li>Apprendre \u00e0 faire une anamn\u00e8se claire<\/li>\n<\/ul>\n\t\t<\/div>\n\t\t\t\t\n<style>\n#col-2104382634 > .col-inner {\n  padding: 10px 10px 10px 10px;\n}\n<\/style>\n\t<\/div>\n\n\t\n<\/div>\n\t\t<\/div>\n\n\t\t\n<style>\n#section_803352874 {\n  padding-top: 30px;\n  padding-bottom: 30px;\n}\n<\/style>\n\t<\/section>","protected":false},"excerpt":{"rendered":"","protected":false},"author":1,"featured_media":0,"parent":0,"menu_order":0,"comment_status":"closed","ping_status":"closed","template":"page-blank.php","meta":{"footnotes":""},"class_list":["post-3617","page","type-page","status-publish","hentry"],"_links":{"self":[{"href":"https:\/\/www.cint.nl\/fr\/wp-json\/wp\/v2\/pages\/3617","targetHints":{"allow":["GET"]}}],"collection":[{"href":"https:\/\/www.cint.nl\/fr\/wp-json\/wp\/v2\/pages"}],"about":[{"href":"https:\/\/www.cint.nl\/fr\/wp-json\/wp\/v2\/types\/page"}],"author":[{"embeddable":true,"href":"https:\/\/www.cint.nl\/fr\/wp-json\/wp\/v2\/users\/1"}],"replies":[{"embeddable":true,"href":"https:\/\/www.cint.nl\/fr\/wp-json\/wp\/v2\/comments?post=3617"}],"version-history":[{"count":10,"href":"https:\/\/www.cint.nl\/fr\/wp-json\/wp\/v2\/pages\/3617\/revisions"}],"predecessor-version":[{"id":32606,"href":"https:\/\/www.cint.nl\/fr\/wp-json\/wp\/v2\/pages\/3617\/revisions\/32606"}],"wp:attachment":[{"href":"https:\/\/www.cint.nl\/fr\/wp-json\/wp\/v2\/media?parent=3617"}],"curies":[{"name":"wp","href":"https:\/\/api.w.org\/{rel}","templated":true}]}}