{"id":3413,"date":"2016-09-20T00:16:02","date_gmt":"2016-09-19T22:16:02","guid":{"rendered":"https:\/\/www.cint.nl\/?page_id=3413"},"modified":"2025-05-06T18:08:17","modified_gmt":"2025-05-06T16:08:17","slug":"therapeutes","status":"publish","type":"page","link":"https:\/\/www.cint.nl\/fr\/therapeuten\/","title":{"rendered":"Th\u00e9rapeutes CINT"},"content":{"rendered":"<div id=\"page-header-960590457\" class=\"page-header-wrapper\">\n  <div class=\"page-title dark normal-title\">\n\n        <div class=\"page-title-bg\">\n      <div class=\"title-bg fill bg-fill\"\n        data-parallax-container=\".page-title\"\n        data-parallax-background\n data-parallax=\"-\">\n      <\/div>\n      <div class=\"title-overlay fill\"><\/div>\n    <\/div>\n    \n    <div class=\"page-title-inner container align-bottom text-center flex-row-col medium-flex-wrap\" >\n              <div class=\"title-wrapper uppercase is-xlarge flex-col\">\n          <h1 class=\"entry-title mb-0\">\n            Th\u00e9rapeutes CINT          <\/h1>\n        <\/div>\n                    <div class=\"title-content flex-col\">\n        <div class=\"title-breadcrumbs pb-half pt-half\"><\/div>      <\/div>\n    <\/div>\n\n     \n<style>\n#page-header-960590457 .page-title-inner {\n  min-height: 150px;\n}\n#page-header-960590457 .title-bg {\n  background-image: url(https:\/\/www.cint.nl\/wp-content\/uploads\/2024\/04\/slide3-layer-11600.webp);\n  background-position: 52% 42%;\n}\n<\/style>\n  <\/div>\n    <\/div>\n  \n\n\t<section class=\"section\" id=\"section_771227940\">\n\t\t<div class=\"section-bg fill\" >\n\t\t\t\t\t\t\t\t\t\n\t\t\t\n\n\t\t<\/div>\n\n\t\t\n\n\t\t<div class=\"section-content relative\">\n\t\t\t\n<div class=\"row\"  id=\"row-563709754\">\n\n\t<div id=\"col-1438313513\" class=\"col small-12 large-12\"  >\n\t\t\t\t<div class=\"col-inner\"  >\n\t\t\t\n\t\t\t\n<div class=\"container section-title-container\" ><h2 class=\"section-title section-title-center\"><b aria-hidden=\"true\"><\/b><span class=\"section-title-main\" >TH\u00c9RAPEUTES CERTIFI\u00c9S CINT<\/span><b aria-hidden=\"true\"><\/b><\/h2><\/div>\n<p class=\"\" data-start=\"137\" data-end=\"421\">Vous \u00eates \u00e0 la recherche d'un th\u00e9rapeute agr\u00e9\u00e9 dans votre r\u00e9gion ? N'h\u00e9sitez pas \u00e0 contacter C.I.N.T. Benelux Opleidingen. Nous nous ferons un plaisir de vous aider et de vous orienter de mani\u00e8re personnelle et fiable vers un th\u00e9rapeute agr\u00e9\u00e9 qui r\u00e9pond \u00e0 vos besoins sp\u00e9cifiques en mati\u00e8re de soins.<\/p>\n<p class=\"\" data-start=\"423\" data-end=\"889\">Les th\u00e9rapeutes du C.I.N.T. qui nous sont affili\u00e9s sont des experts et poss\u00e8dent manifestement une ou plusieurs qualifications et\/ou disciplines. Ils sont tenus de maintenir leurs connaissances professionnelles \u00e0 jour et suivent r\u00e9guli\u00e8rement des cours de recyclage et de perfectionnement. Nombre de nos th\u00e9rapeutes sont membres d'associations professionnelles reconnues telles que le NWP, la fondation NOAG, BATC, VBAG ou d'autres organisations professionnelles qui veillent \u00e9galement \u00e0 la qualit\u00e9 et au d\u00e9veloppement continu de leurs membres.<\/p>\n<p class=\"\" data-start=\"891\" data-end=\"1467\">Nous pensons qu'il est important de souligner que seuls les th\u00e9rapeutes figurant sur la liste officielle des th\u00e9rapeutes de la C.I.N.T. doivent \u00eatre consid\u00e9r\u00e9s comme certifi\u00e9s et affili\u00e9s. Si vous rencontrez des th\u00e9rapeutes qui pr\u00e9tendent \u00eatre des th\u00e9rapeutes C.I.N.T. ou qui ont suivi la formation C.I.N.T., mais qui ne figurent pas sur nos listes actuelles, cela signifie qu'ils n'ont pas suivi leur module d'approfondissement annuel obligatoire. Ils ne sont donc plus affili\u00e9s \u00e0 la C.I.N.T. et nous ne pouvons pas garantir la qualit\u00e9 et l'actualit\u00e9 de leurs connaissances.<\/p>\n<p class=\"\" data-start=\"1469\" data-end=\"1576\">Pour plus d'informations ou une recommandation personnelle, n'h\u00e9sitez pas \u00e0 contacter <a href=\"https:\/\/www.cint.nl\/fr\/contact\/\">nous contacter<\/a>.<\/p>\n\t\t<\/div>\n\t\t\t\t\t<\/div>\n\n\t\n<\/div>\n\t\t<\/div>\n\n\t\t\n<style>\n#section_771227940 {\n  padding-top: 30px;\n  padding-bottom: 30px;\n}\n<\/style>\n\t<\/section>","protected":false},"excerpt":{"rendered":"","protected":false},"author":1,"featured_media":0,"parent":0,"menu_order":0,"comment_status":"closed","ping_status":"closed","template":"page-blank.php","meta":{"footnotes":""},"class_list":["post-3413","page","type-page","status-publish","hentry"],"_links":{"self":[{"href":"https:\/\/www.cint.nl\/fr\/wp-json\/wp\/v2\/pages\/3413","targetHints":{"allow":["GET"]}}],"collection":[{"href":"https:\/\/www.cint.nl\/fr\/wp-json\/wp\/v2\/pages"}],"about":[{"href":"https:\/\/www.cint.nl\/fr\/wp-json\/wp\/v2\/types\/page"}],"author":[{"embeddable":true,"href":"https:\/\/www.cint.nl\/fr\/wp-json\/wp\/v2\/users\/1"}],"replies":[{"embeddable":true,"href":"https:\/\/www.cint.nl\/fr\/wp-json\/wp\/v2\/comments?post=3413"}],"version-history":[{"count":8,"href":"https:\/\/www.cint.nl\/fr\/wp-json\/wp\/v2\/pages\/3413\/revisions"}],"predecessor-version":[{"id":32538,"href":"https:\/\/www.cint.nl\/fr\/wp-json\/wp\/v2\/pages\/3413\/revisions\/32538"}],"wp:attachment":[{"href":"https:\/\/www.cint.nl\/fr\/wp-json\/wp\/v2\/media?parent=3413"}],"curies":[{"name":"wp","href":"https:\/\/api.w.org\/{rel}","templated":true}]}}