{"id":3363,"date":"2016-09-19T16:40:30","date_gmt":"2016-09-19T14:40:30","guid":{"rendered":"https:\/\/www.cint.nl\/?page_id=3363"},"modified":"2025-10-15T15:54:23","modified_gmt":"2025-10-15T13:54:23","slug":"formation-bach-blossom","status":"publish","type":"page","link":"https:\/\/www.cint.nl\/fr\/bach-bloesem-opleiding\/","title":{"rendered":"Formation aux fleurs de Bach"},"content":{"rendered":"<div id=\"page-header-507239370\" class=\"page-header-wrapper\">\n  <div class=\"page-title dark normal-title\">\n\n        <div class=\"page-title-bg\">\n      <div class=\"title-bg fill bg-fill\"\n        data-parallax-container=\".page-title\"\n        data-parallax-background\n data-parallax=\"-\">\n      <\/div>\n      <div class=\"title-overlay fill\"><\/div>\n    <\/div>\n    \n    <div class=\"page-title-inner container align-bottom text-center flex-row-col medium-flex-wrap\" >\n              <div class=\"title-wrapper uppercase is-xlarge flex-col\">\n          <h1 class=\"entry-title mb-0\">\n            Formation aux nouvelles th\u00e9rapies          <\/h1>\n        <\/div>\n                    <div class=\"title-content flex-col\">\n        <div class=\"title-breadcrumbs pb-half pt-half\"><\/div>      <\/div>\n    <\/div>\n\n     \n<style>\n#page-header-507239370 .page-title-inner {\n  min-height: 150px;\n}\n#page-header-507239370 .title-bg {\n  background-image: url(https:\/\/www.cint.nl\/wp-content\/uploads\/2024\/04\/slide3-layer-11600.webp);\n  background-position: 52% 42%;\n}\n<\/style>\n  <\/div>\n    <\/div>\n  \n\n\t<section class=\"section\" id=\"section_1715621463\">\n\t\t<div class=\"section-bg fill\" >\n\t\t\t\t\t\t\t\t\t\n\t\t\t\n\n\t\t<\/div>\n\n\t\t\n\n\t\t<div class=\"section-content relative\">\n\t\t\t\n<div class=\"row align-middle align-center\"  id=\"row-694186881\">\n\n\t<div id=\"col-805390306\" class=\"col medium-12 small-12 large-9\"  >\n\t\t\t\t<div class=\"col-inner\"  >\n\t\t\t\n\t\t\t\n<p>C.I.N.T. Benelux Training a propos\u00e9 le programme\u00a0<strong><a href=\"https:\/\/www.cint.nl\/fr\/accreditation\/\">Formation unique accr\u00e9dit\u00e9e Star Remedies \/ Bach Flower Therapy<\/a>\u00a0selon la m\u00e9thode Dietmar Kr\u00e4mer<\/strong>. Dans le cadre de la formation agr\u00e9\u00e9e\u00a0<strong>En plus d'apprendre tout sur les Star Remedies, les 38 rem\u00e8des de Bach, vous apprendrez aussi les m\u00e9ridiens, les chakras, les bases de l'acupuncture chinoise, les diff\u00e9rences entre les Star Remedies, les rem\u00e8des de Bach et les autres rem\u00e8des \u00e0 base de fleurs.<\/strong>.<\/p>\n<p>Star Remedies \/ Les fleurs de Bach transforment les humeurs n\u00e9gatives en traits positifs. Au cours des derni\u00e8res ann\u00e9es, notre m\u00e9thodologie a aid\u00e9 de nombreuses personnes \u00e0 se sentir mieux sur le plan \u00e9motionnel tout en traitant leurs probl\u00e8mes physiques. Sur la base des 243 zones cutan\u00e9es uniques, d\u00e9couvertes par Dietmar Kr\u00e4mer, vous serez en mesure d'\u00e9tablir un diagnostic encore meilleur et donc plus rapide.<\/p>\n<p>Au cours de la formation, vous apprendrez, entre autres, \u00e0 \u00e9tablir un diagnostic diff\u00e9rentiel et une anamn\u00e8se appropri\u00e9s \u00e0 l'aide de notre questionnaire unique, de notre liste de r\u00e9ponses et de notre questionnaire. Vous pourrez ainsi montrer \u00e0 vos clients, en un seul coup d'\u0153il, l'origine de leurs probl\u00e8mes \u00e9motionnels, les mesures \u00e0 prendre et les progr\u00e8s accomplis.\u00a0<\/p>\n<p>Apr\u00e8s avoir compl\u00e9t\u00e9 notre\u00a0<a href=\"https:\/\/www.cint.nl\/fr\/accreditation\/\">formation accr\u00e9dit\u00e9e<\/a> Star Remedies \/ Bach Blossom Therapy vous permet d'aider encore mieux vos clients et de vous mettre directement au travail dans votre cabinet.<\/p>\n<p>Dans notre formation Star Remedies \/ fleurs de Bach, vous apprendrez beaucoup sur les rem\u00e8des g\u00e9n\u00e9raux des fleurs de Bach et les qualit\u00e9s des Star Remedies, les caract\u00e9ristiques \u00e9motionnelles de l'\u00eatre humain en relation avec les rem\u00e8des des fleurs de Bach et toutes les possibilit\u00e9s d'application.<\/p>\n<p>Vous apprenez que vous n'\u00eates pas limit\u00e9 par la vieille id\u00e9e que l'on ne peut donner que 7 rem\u00e8des \u00e0 base de fleurs de Bach. Notre m\u00e9thodologie est si solide que c'est une v\u00e9ritable r\u00e9v\u00e9lation de pouvoir travailler avec les rem\u00e8des Star Remedies \/ bach blossom sans aucune restriction.<\/p>\n<p>La formation Star Remedies \/ Bach Flower Therapy selon la m\u00e9thode de Dietmar Kr\u00e4mer vous permettra d'apprendre \u00e9norm\u00e9ment de choses. Vous trouverez le programme complet sur la page <a href=\"https:\/\/www.cint.nl\/fr\/formation\/\">Programme d'\u00e9tudes<\/a>.<\/p>\n<p>Vous pouvez \u00e9galement consulter notre vaste\u00a0<a href=\"https:\/\/www.cint.nl\/fr\/programme-detudes\/\">demander un plan d'apprentissage gratuit<\/a>.<\/p>\n\t\t<\/div>\n\t\t\t\t\t<\/div>\n\n\t\n\n\t<div id=\"col-815760935\" class=\"col medium-6 small-12 large-3\"  >\n\t\t\t\t<div class=\"col-inner\"  >\n\t\t\t\n\t\t\t\n\t<div class=\"img has-hover x md-x lg-x y md-y lg-y\" id=\"image_1136420929\">\n\t\t\t\t\t\t\t\t<div class=\"img-inner dark\" >\n\t\t\t<img loading=\"lazy\" decoding=\"async\" width=\"1020\" height=\"765\" src=\"https:\/\/www.cint.nl\/wp-content\/uploads\/2023\/02\/cint-1030x773.jpg\" class=\"attachment-large size-large\" alt=\"\" srcset=\"https:\/\/www.cint.nl\/wp-content\/uploads\/2023\/02\/cint-1030x773.jpg 1030w, https:\/\/www.cint.nl\/wp-content\/uploads\/2023\/02\/cint-300x225.jpg 300w, https:\/\/www.cint.nl\/wp-content\/uploads\/2023\/02\/cint-768x576.jpg 768w, https:\/\/www.cint.nl\/wp-content\/uploads\/2023\/02\/cint.jpg 1250w\" sizes=\"auto, (max-width: 1020px) 100vw, 1020px\" \/>\t\t\t\t\t\t\n\t\t\t\t\t<\/div>\n\t\t\t\t\t\t\t\t\n<style>\n#image_1136420929 {\n  width: 100%;\n}\n<\/style>\n\t<\/div>\n\t\n\t\t<\/div>\n\t\t\t\t\t<\/div>\n\n\t\n<\/div>\n<div class=\"row\"  id=\"row-1701873628\">\n\n\t<div id=\"col-1213159041\" class=\"col small-12 large-12\"  >\n\t\t\t\t<div class=\"col-inner\"  >\n\t\t\t\n\t\t\t\n<div class=\"container section-title-container\" style=\"margin-top:75px;\"><h2 class=\"section-title section-title-bold\"><b aria-hidden=\"true\"><\/b><span class=\"section-title-main\" >EDWARD BACH - Fondateur des rem\u00e8des floraux bach<\/span><b aria-hidden=\"true\"><\/b><\/h2><\/div>\n\t\t<\/div>\n\t\t\t\t\t<\/div>\n\n\t\n\n\t<div id=\"col-608108124\" class=\"col medium-8 small-12 large-8\"  >\n\t\t\t\t<div class=\"col-inner\"  >\n\t\t\t\n\t\t\t\n<p>Dr Edward Bach<\/p>\n<p>Edward Bach est n\u00e9 en 1886 en Angleterre o\u00f9 il quitte l'\u00e9cole \u00e0 l'\u00e2ge de 16 ans, d\u00e9termin\u00e9 \u00e0 devenir m\u00e9decin. Estimant qu'il ne peut pas demander \u00e0 ses parents d'assumer le co\u00fbt de la longue formation m\u00e9dicale, il d\u00e9cide de travailler d'abord dans la fonderie de cuivre de son p\u00e8re. Mais c'est pr\u00e9cis\u00e9ment au cours de cette p\u00e9riode difficile de sa vie, au milieu de ses compagnons de travail, qu'il acquiert une connaissance du caract\u00e8re humain, qui constituera plus tard la base de son travail. Chez les ouvriers, la peur de tomber malade est omnipr\u00e9sente. En effet, tomber malade signifiait pour eux une perte de travail et de revenus, et ils travaillaient souvent parce qu'\u00eatre malade signifiait aussi une lourde charge de frais m\u00e9dicaux. Il a \u00e9galement constat\u00e9 que l'on ne faisait pas grand-chose d'autre que de supprimer les sympt\u00f4mes des gens, et il lui est apparu clairement que sa voie consisterait \u00e0 trouver un moyen de gu\u00e9rir le corps et l'esprit. Le Dr Edward Bach \u00e9tait d\u00e9j\u00e0 convaincu qu'il fallait trouver une m\u00e9thode de gu\u00e9rison simple, capable de gu\u00e9rir les maladies chroniques.<\/p>\n<p>L'envie de se plonger dans la nature du Pays de Galles, le pays d'origine de ses anc\u00eatres, se fait de plus en plus pressante. Au d\u00e9but de l'ann\u00e9e 1930, Edward Bach abandonna son cabinet \u00e0 Londres, partit pour le Pays de Galles et consacra tout son temps \u00e0 la recherche de rem\u00e8des dans la nature. La sensibilit\u00e9 du Dr Bach s'est \u00e9norm\u00e9ment d\u00e9velopp\u00e9e et son lien \u00e9troit avec la nature lui a permis de ressentir le pouvoir curatif des fleurs sur son corps et son \u00e2me. Jusqu'en 1936, Edward Bach a mis au point 38 rem\u00e8des, chacun se rapportant \u00e0 un \u00e9tat d'esprit particulier. Les 19 premiers rem\u00e8des d\u00e9couverts par Edward Bach ont \u00e9t\u00e9 pr\u00e9par\u00e9s selon la \"m\u00e9thode solaire\". Une m\u00e9thode tr\u00e8s simple. Il s'agit de cueillir des fleurs qui poussent dans leur environnement naturel, t\u00f4t le matin, par une journ\u00e9e ensoleill\u00e9e. Les fleurs sont plac\u00e9es dans un bol en verre rempli d'eau provenant d'une source naturelle proche, de mani\u00e8re \u00e0 ce que la surface recouvre enti\u00e8rement l'eau. Le soleil transmet les vibrations des fleurs \u00e0 l'eau. Les fleurs restent dans le bol pendant trois \u00e0 quatre heures. Ensuite, on utilise des brindilles ou des feuilles de la m\u00eame plante pour retirer les fleurs de l'eau. Cette solution est m\u00e9lang\u00e9e avec les m\u00eames proportions d'eau-de-vie, en raison de la dur\u00e9e de conservation. Supposons qu'il y ait eu un demi-litre d'eau dans le bol, qui est compl\u00e9t\u00e9 par un demi-litre d'eau-de-vie, ce qui donne un litre de \"teinture m\u00e8re\". Deux gouttes de cette teinture sont utilis\u00e9es pour fabriquer une \"bouteille de r\u00e9serve\", qui est compl\u00e9t\u00e9e avec de l'eau-de-vie. Comme tous les arbres, arbustes et fleurs ne fleurissent pas \u00e0 une saison tr\u00e8s ensoleill\u00e9e, les autres fleurs sont pr\u00e9par\u00e9es selon la m\u00e9thode de l'\u00e9bullition : les fleurs sont bouillies pendant 30 minutes. Une fois refroidies, elles sont filtr\u00e9es et m\u00e9lang\u00e9es \u00e0 nouveau avec la m\u00eame quantit\u00e9 d'eau-de-vie et manipul\u00e9es de la m\u00eame mani\u00e8re que pour la m\u00e9thode du soleil. Je pense que ce qui est \u00e9tonnant chez Edward Bach, ce n'est pas seulement la d\u00e9couverte des rem\u00e8des, mais le fait que ces 38 rem\u00e8des sont des arch\u00e9types qui traitent de sentiments tels que la jalousie, le manque de confiance en soi, l'anxi\u00e9t\u00e9 ou la d\u00e9pression. Tout le monde \u00e9prouve ces sentiments, que l'on vive aux Pays-Bas, en Afrique du Sud ou en Alaska. Ces \u00e9tats d'\u00e2me sont typiques de tous les \u00eatres humains. Il en va de m\u00eame pour les animaux, les fleurs, les arbres, etc. Les animaux connaissent aussi la peur ou la jalousie ou veulent une attention constante. Les plantes que vous placez dans un coin diff\u00e9rent peuvent avoir l'air fl\u00e9tries apr\u00e8s un certain temps, par exemple, m\u00eame si elles re\u00e7oivent la m\u00eame quantit\u00e9 de soleil et d'eau. Ils peuvent \u00e9galement se sentir priv\u00e9s ou ne pas supporter de changer de place.<\/p>\n<ol>\n<li>Les 38 fleurs de Bach, d\u00e9couvertes par le Dr Edward Bach, sont des arch\u00e9types universels.<\/li>\n<li>3 fleurs de Bach r\u00e9unies s'appellent une \"trace\".<\/li>\n<li>Une trace a une relation avec un m\u00e9ridien.<\/li>\n<li>Deux traces + les fleurs de Bach \"externes\" qui les accompagnent appartiennent, selon la m\u00e9decine chinoise et la doctrine des cinq \u00e9l\u00e9ments, \u00e0 un \u00c9l\u00e9ment.<\/li>\n<li>C'est ce qu'on appelle une \"combinaison de traces de fleurs de bach\". Elles fonctionnent selon le cycle du changement<\/li>\n<li>Une \"combinaison de traces de fleurs de bach\" est \u00e9galement li\u00e9e \u00e0 un chakra.<\/li>\n<li>Deux chakras sont \u00e0 nouveau en relation l'un avec l'autre.<\/li>\n<\/ol>\n<p><strong>Selon Dietmar Kr\u00e4mer, la m\u00e9thode agit sur les niveaux suivants : \u00e9th\u00e9rique, \u00e9motionnel et mental. Ces niveaux sont trait\u00e9s de diff\u00e9rentes mani\u00e8res :<\/strong><\/p>\n<ol>\n<li>Au niveau \u00e9th\u00e9r\u00e9, le traitement se fait par le biais de la th\u00e9rapie par les couleurs et le son<\/li>\n<li>Sur le plan \u00e9motionnel, le traitement se fait \u00e0 l'aide de fleurs de Bach et d'huiles essentielles.<\/li>\n<li>Sur le plan mental, la th\u00e9rapie par les gemmes est trait\u00e9e par<\/li>\n<\/ol>\n\t\t<\/div>\n\t\t\t\t\t<\/div>\n\n\t\n\n\t<div id=\"col-433254533\" class=\"col medium-4 small-12 large-4\"  >\n\t\t\t\t<div class=\"col-inner\"  >\n\t\t\t\n\t\t\t\n\t<div class=\"img has-hover x md-x lg-x y md-y lg-y\" id=\"image_1466615120\">\n\t\t\t\t\t\t\t\t<div class=\"img-inner dark\" >\n\t\t\t<img loading=\"lazy\" decoding=\"async\" width=\"837\" height=\"1180\" src=\"https:\/\/www.cint.nl\/wp-content\/uploads\/2023\/02\/edward-bach.jpg\" class=\"attachment-original size-original\" alt=\"\" srcset=\"https:\/\/www.cint.nl\/wp-content\/uploads\/2023\/02\/edward-bach.jpg 837w, https:\/\/www.cint.nl\/wp-content\/uploads\/2023\/02\/edward-bach-213x300.jpg 213w, https:\/\/www.cint.nl\/wp-content\/uploads\/2023\/02\/edward-bach-731x1030.jpg 731w, https:\/\/www.cint.nl\/wp-content\/uploads\/2023\/02\/edward-bach-768x1083.jpg 768w\" sizes=\"auto, (max-width: 837px) 100vw, 837px\" \/>\t\t\t\t\t\t\n\t\t\t\t\t<\/div>\n\t\t\t\t\t\t\t\t\n<style>\n#image_1466615120 {\n  width: 100%;\n}\n<\/style>\n\t<\/div>\n\t\n\t\t<\/div>\n\t\t\t\t\t<\/div>\n\n\t\n\n\t<div id=\"col-842554774\" class=\"col medium-6 small-12 large-6\"  >\n\t\t\t\t<div class=\"col-inner\" style=\"background-color:rgba(154, 186, 204, 0.21);\" >\n\t\t\t\n\t\t\t\n<h4>Accr\u00e9ditation et reconnaissance<\/h4>\n<p><span class=\"av_dropcap1\">A<\/span>L'accr\u00e9ditation et l'agr\u00e9ment donnent une image claire de la qualit\u00e9 d'un cours. En savoir plus sur la formation compl\u00e8te et son contenu.<\/p>\n\t\t<\/div>\n\t\t\t\t\n<style>\n#col-842554774 > .col-inner {\n  padding: 10px 10px 10px 10px;\n}\n<\/style>\n\t<\/div>\n\n\t\n\n\t<div id=\"col-1753401987\" class=\"col medium-6 small-12 large-6\"  >\n\t\t\t\t<div class=\"col-inner\" style=\"background-color:rgba(154, 186, 204, 0.21);\" >\n\t\t\t\n\t\t\t\n<h4>Caract\u00e9ristiques de la formation<\/h4>\n<ul>\n<li>Une structure de cours claire<\/li>\n<li>Explications et conseils en classe<\/li>\n<li>La m\u00e9thode Dietmar Kr\u00e4mer expliqu\u00e9e<\/li>\n<li>Dietmar Kr\u00e4mer en tant que conf\u00e9rencier*<\/li>\n<li>Les nouvelles th\u00e9rapies en pratique<\/li>\n<li>Apprendre \u00e0 faire une anamn\u00e8se claire<\/li>\n<\/ul>\n\t\t<\/div>\n\t\t\t\t\n<style>\n#col-1753401987 > .col-inner {\n  padding: 10px 10px 10px 10px;\n}\n<\/style>\n\t<\/div>\n\n\t\n<\/div>\n\t\t<\/div>\n\n\t\t\n<style>\n#section_1715621463 {\n  padding-top: 30px;\n  padding-bottom: 30px;\n}\n<\/style>\n\t<\/section>","protected":false},"excerpt":{"rendered":"","protected":false},"author":1,"featured_media":0,"parent":0,"menu_order":0,"comment_status":"closed","ping_status":"closed","template":"page-blank.php","meta":{"footnotes":""},"class_list":["post-3363","page","type-page","status-publish","hentry"],"_links":{"self":[{"href":"https:\/\/www.cint.nl\/fr\/wp-json\/wp\/v2\/pages\/3363","targetHints":{"allow":["GET"]}}],"collection":[{"href":"https:\/\/www.cint.nl\/fr\/wp-json\/wp\/v2\/pages"}],"about":[{"href":"https:\/\/www.cint.nl\/fr\/wp-json\/wp\/v2\/types\/page"}],"author":[{"embeddable":true,"href":"https:\/\/www.cint.nl\/fr\/wp-json\/wp\/v2\/users\/1"}],"replies":[{"embeddable":true,"href":"https:\/\/www.cint.nl\/fr\/wp-json\/wp\/v2\/comments?post=3363"}],"version-history":[{"count":18,"href":"https:\/\/www.cint.nl\/fr\/wp-json\/wp\/v2\/pages\/3363\/revisions"}],"predecessor-version":[{"id":32600,"href":"https:\/\/www.cint.nl\/fr\/wp-json\/wp\/v2\/pages\/3363\/revisions\/32600"}],"wp:attachment":[{"href":"https:\/\/www.cint.nl\/fr\/wp-json\/wp\/v2\/media?parent=3363"}],"curies":[{"name":"wp","href":"https:\/\/api.w.org\/{rel}","templated":true}]}}