{"id":3267,"date":"2016-09-16T14:14:20","date_gmt":"2016-09-16T12:14:20","guid":{"rendered":"https:\/\/www.cint.nl\/?page_id=3267"},"modified":"2025-11-09T10:08:08","modified_gmt":"2025-11-09T09:08:08","slug":"formation","status":"publish","type":"page","link":"https:\/\/www.cint.nl\/fr\/opleiding\/","title":{"rendered":"Formation"},"content":{"rendered":"<div id=\"page-header-1862933085\" class=\"page-header-wrapper\">\n  <div class=\"page-title dark normal-title\">\n\n        <div class=\"page-title-bg\">\n      <div class=\"title-bg fill bg-fill\"\n        data-parallax-container=\".page-title\"\n        data-parallax-background\n data-parallax=\"-\">\n      <\/div>\n      <div class=\"title-overlay fill\"><\/div>\n    <\/div>\n    \n    <div class=\"page-title-inner container align-bottom text-center flex-row-col medium-flex-wrap\" >\n              <div class=\"title-wrapper uppercase is-xlarge flex-col\">\n          <h1 class=\"entry-title mb-0\">\n            Description succincte Formation          <\/h1>\n        <\/div>\n                    <div class=\"title-content flex-col\">\n        <div class=\"title-breadcrumbs pb-half pt-half\"><\/div>      <\/div>\n    <\/div>\n\n     \n<style>\n#page-header-1862933085 .page-title-inner {\n  min-height: 150px;\n}\n#page-header-1862933085 .title-bg {\n  background-image: url(https:\/\/www.cint.nl\/wp-content\/uploads\/2024\/04\/slide3-layer-11600.webp);\n  background-position: 52% 42%;\n}\n<\/style>\n  <\/div>\n    <\/div>\n  \n\n\t<section class=\"section\" id=\"section_1056467604\">\n\t\t<div class=\"section-bg fill\" >\n\t\t\t\t\t\t\t\t\t\n\t\t\t\n\n\t\t<\/div>\n\n\t\t\n\n\t\t<div class=\"section-content relative\">\n\t\t\t\n<div class=\"row\"  id=\"row-901781556\">\n\n\t<div id=\"col-1157797435\" class=\"col small-12 large-12\"  >\n\t\t\t\t<div class=\"col-inner\"  >\n\t\t\t\n\t\t\t\n<h2>M\u00c9THODE DES PRINCIPES NOUVELLES TH\u00c9RAPIES SELON DIETMAR KR\u00c4MER<\/h2>\n<ol>\n<li>Les 38 fleurs de Bach, d\u00e9couvertes par Edward Bach, sont des arch\u00e9types universels.<\/li>\n<li>Trois rem\u00e8des de fleurs de Bach qui vont ensemble forment ce que l'on appelle un \"sentier\".<\/li>\n<li>Une trace a une relation avec un m\u00e9ridien.<\/li>\n<li>Deux traces + le rem\u00e8de \"externe\" \u00e0 base de fleurs de Bach qui les accompagne appartiennent, selon la m\u00e9decine chinoise et la doctrine des cinq \u00e9l\u00e9ments, \u00e0 un \u00e9l\u00e9ment.<\/li>\n<li>C'est ce qu'on appelle une \"combinaison de traces\". Elles fonctionnent selon le cycle du changement<\/li>\n<li>Une \"combinaison de traces\" est \u00e0 nouveau li\u00e9e \u00e0 un chakra.<\/li>\n<li>Deux chakras sont \u00e0 nouveau en relation l'un avec l'autre.<\/li>\n<\/ol>\n<p><strong>Selon Kr\u00e4mer, la m\u00e9thode agit sur les niveaux suivants. Il s'agit des niveaux \u00e9th\u00e9rique, \u00e9motionnel et mental. Ces niveaux sont trait\u00e9s de diff\u00e9rentes mani\u00e8res :<\/strong><\/p>\n<ol>\n<li>Au niveau \u00e9th\u00e9r\u00e9, le traitement se fait par le biais de la th\u00e9rapie par les couleurs et le son<\/li>\n<li>Sur le plan \u00e9motionnel, le traitement se fait \u00e0 l'aide de fleurs de Bach et d'huiles essentielles.<\/li>\n<li>Sur le plan mental, la th\u00e9rapie par les gemmes est trait\u00e9e par<\/li>\n<\/ol>\n<div class=\"container section-title-container\" style=\"margin-top:75px;\"><h3 class=\"section-title section-title-bold\"><b aria-hidden=\"true\"><\/b><span class=\"section-title-main\" >Formation pr\u00e9alable requise<\/span><b aria-hidden=\"true\"><\/b><\/h3><\/div>\n<p>Aucune formation pr\u00e9alable n'est n\u00e9cessaire. Un niveau de r\u00e9flexion MBO est souhaitable. La litt\u00e9rature professionnelle obligatoire doit \u00eatre lue avant le module 1.<\/p>\n<div class=\"container section-title-container\" style=\"margin-top:75px;\"><h3 class=\"section-title section-title-bold\"><b aria-hidden=\"true\"><\/b><span class=\"section-title-main\" >Objectif de la formation<\/span><b aria-hidden=\"true\"><\/b><\/h3><\/div>\n<p>Amener \u00e0 un niveau sup\u00e9rieur le travail avec les essences de fleurs de Star Remedies, Seven Essentials et les Fleurs de Bach.<\/p>\n<div class=\"container section-title-container\" style=\"margin-top:75px;\"><h3 class=\"section-title section-title-bold\"><b aria-hidden=\"true\"><\/b><span class=\"section-title-main\" >Dur\u00e9e de la formation<\/span><b aria-hidden=\"true\"><\/b><\/h3><\/div>\n<p>La premi\u00e8re partie du cours dure 10 mois (modules 1 \u00e0 10). Il y a une p\u00e9riode d'un mois entre chaque module. Pendant cette p\u00e9riode, les \u00e9tudiants \u00e9tudient le mat\u00e9riel distribu\u00e9, \u00e9tudient les dossiers et la litt\u00e9rature professionnelle et r\u00e9alisent des travaux d'\u00e9tude individuels, y compris des \u00e9tudes de cas. Cette m\u00e9thode de travail est essentielle au processus d'apprentissage de l'\u00e9tudiant. Les connaissances sont \u00e9galement \u00e9chang\u00e9es entre les \u00e9tudiants et l'\u00e9quipe enseignante via le forum internet de l'\u00e9cole.<\/p>\n<p>La deuxi\u00e8me partie de la formation se d\u00e9roule sur 2 week-ends avec un intervalle de 3 mois. (Module 11 \u00e0 14).<\/p>\n<ul>\n<li>Les modules ne peuvent \u00eatre pris s\u00e9par\u00e9ment et doivent \u00eatre suivis dans l'ordre de 1 \u00e0 10, 11 \u00e0 14 et 15 \u00e0 17, respectivement.<\/li>\n<li>Apr\u00e8s avoir suivi avec succ\u00e8s les 10 modules, l'\u00e9tudiant recevra le dipl\u00f4me officiel de Star Remedies Opleidingen \/ CINT Benelux Opleidingen avec 36 ECTS.<\/li>\n<li>Apr\u00e8s avoir suivi avec succ\u00e8s les 14 modules, l'\u00e9tudiant recevra le dipl\u00f4me officiel de Star Remedies Opleidingen \/ CINT Benelux Opleidingen avec 50 ECTS.<\/li>\n<\/ul>\n<div class=\"container section-title-container\" style=\"margin-top:75px;\"><h3 class=\"section-title section-title-bold\"><b aria-hidden=\"true\"><\/b><span class=\"section-title-main\" >SBU<\/span><b aria-hidden=\"true\"><\/b><\/h3><\/div>\n<p data-start=\"63\" data-end=\"406\">La charge d'\u00e9tude totale du programme est d'environ 1 401 heures d'auto-apprentissage, r\u00e9parties sur une p\u00e9riode de deux ans (17 modules). Cela repr\u00e9sente une moyenne d'environ 82 heures par mois, soit 19 \u00e0 20 heures par semaine, en fonction du rythme d'apprentissage et de l'engagement personnel de l'\u00e9tudiant. Cette charge d'\u00e9tude est appropri\u00e9e pour un programme de niveau universitaire, dans lequel l'\u00e9tude ind\u00e9pendante, la r\u00e9flexion et l'application pratique du mat\u00e9riel constituent une partie importante du processus d'apprentissage.<\/p>\n<div class=\"container section-title-container\" style=\"margin-top:75px;\"><h3 class=\"section-title section-title-bold\"><b aria-hidden=\"true\"><\/b><span class=\"section-title-main\" >ECTS<\/span><b aria-hidden=\"true\"><\/b><\/h3><\/div>\n<p>50<\/p>\n<div class=\"container section-title-container\" style=\"margin-top:75px;\"><h3 class=\"section-title section-title-bold\"><b aria-hidden=\"true\"><\/b><span class=\"section-title-main\" >Co\u00fbt<\/span><b aria-hidden=\"true\"><\/b><\/h3><\/div>\n<p>Module 1 \u00e0 10 avec d\u00e9jeuner, boissons et mat\u00e9riel d'\u00e9tude - \u20ac 1695\u00a0<br \/><em>Le prix ne comprend pas les manuels. Le co\u00fbt de la litt\u00e9rature professionnelle obligatoire est de 170 euros.<\/p>\n<p><\/em>Module 11 &amp; 12 incl. d\u00e9jeuner, boissons et mat\u00e9riel d'\u00e9tude - dirig\u00e9 par Dietmar Kr\u00e4mer entre autres - \u20ac 475<em><\/p>\n<p><\/em>Module 13 &amp; 14, y compris le d\u00e9jeuner, les boissons et le mat\u00e9riel d'\u00e9tude - dirig\u00e9 par Dietmar Kr\u00e4mer, entre autres - \u20ac 475<\/p>\n<p>Module 15 comprenant le d\u00e9jeuner, les boissons et le mat\u00e9riel d'\u00e9tude - \u20ac 175<\/p>\n<p>Module 16 incluant le d\u00e9jeuner, les boissons et le mat\u00e9riel d'\u00e9tude - \u20ac 175<\/p>\n<p>Module 17 avec d\u00e9jeuner, boissons et mat\u00e9riel d'\u00e9tude - \u20ac 175<em><br \/><\/em><\/p>\n<div class=\"container section-title-container\" style=\"margin-top:75px;\"><h3 class=\"section-title section-title-bold\"><b aria-hidden=\"true\"><\/b><span class=\"section-title-main\" >Niveau de formation<\/span><b aria-hidden=\"true\"><\/b><\/h3><\/div>\n<p>Niveau de r\u00e9flexion HBO<\/p>\n<div class=\"container section-title-container\" style=\"margin-top:75px;\"><h3 class=\"section-title section-title-bold\"><b aria-hidden=\"true\"><\/b><span class=\"section-title-main\" >Enseignants<\/span><b aria-hidden=\"true\"><\/b><\/h3><\/div>\n<p>Madeleine Meuwessen, Micha Meuwessen et Dietmar Kr\u00e4mer.<\/p>\n<div class=\"container section-title-container\" style=\"margin-top:75px;\"><h3 class=\"section-title section-title-bold\"><b aria-hidden=\"true\"><\/b><span class=\"section-title-main\" >Accr\u00e9ditation et reconnaissance<\/span><b aria-hidden=\"true\"><\/b><\/h3><\/div>\n<p>Les formations reconnues du C.I.N.T. Benelux \/ Star Remedies sont accr\u00e9dit\u00e9es par diff\u00e9rents organismes. Vous trouverez plus d'informations sur les\u00a0<a href=\"https:\/\/www.cint.nl\/fr\/accreditation\/\">aper\u00e7u de l'accr\u00e9ditation<\/a><\/p>\n<div class=\"container section-title-container\" style=\"margin-top:75px;\"><h3 class=\"section-title section-title-bold\"><b aria-hidden=\"true\"><\/b><span class=\"section-title-main\" >Liste des th\u00e9rapeutes du C.I.N.T. international<\/span><b aria-hidden=\"true\"><\/b><\/h3><\/div>\n<p>Tous les ans et tous les deux ans respectivement, tous les th\u00e9rapeutes actifs de la C.I.N.T. doivent suivre les modules d'approfondissement.<\/p>\n\t\t<\/div>\n\t\t\t\t\t<\/div>\n\n\t\n\n\t<div id=\"col-1710720423\" class=\"col medium-6 small-12 large-6\"  >\n\t\t\t\t<div class=\"col-inner\" style=\"background-color:rgba(154, 186, 204, 0.21);\" >\n\t\t\t\n\t\t\t\n<h4>Accr\u00e9ditation et reconnaissance<\/h4>\n<p>L'accr\u00e9ditation et la reconnaissance donnent une image claire de la qualit\u00e9 d'une formation. En savoir plus sur la formation compl\u00e8te et son contenu.<\/p>\n\t\t<\/div>\n\t\t\t\t\n<style>\n#col-1710720423 > .col-inner {\n  padding: 10px 10px 10px 10px;\n}\n<\/style>\n\t<\/div>\n\n\t\n\n\t<div id=\"col-385993608\" class=\"col medium-6 small-12 large-6\"  >\n\t\t\t\t<div class=\"col-inner\" style=\"background-color:rgba(154, 186, 204, 0.21);\" >\n\t\t\t\n\t\t\t\n<h4>Caract\u00e9ristiques de la formation<\/h4>\n<ul>\n<li>Une structure de cours claire<\/li>\n<li>Explications et conseils en classe<\/li>\n<li>La m\u00e9thode Dietmar Kr\u00e4mer expliqu\u00e9e<\/li>\n<li>Dietmar Kr\u00e4mer en tant que conf\u00e9rencier*<\/li>\n<li>Les nouvelles th\u00e9rapies en pratique<\/li>\n<li>Apprendre \u00e0 faire une anamn\u00e8se claire<\/li>\n<\/ul>\n\t\t<\/div>\n\t\t\t\t\n<style>\n#col-385993608 > .col-inner {\n  padding: 10px 10px 10px 10px;\n}\n<\/style>\n\t<\/div>\n\n\t\n<\/div>\n\t\t<\/div>\n\n\t\t\n<style>\n#section_1056467604 {\n  padding-top: 30px;\n  padding-bottom: 30px;\n}\n<\/style>\n\t<\/section>","protected":false},"excerpt":{"rendered":"","protected":false},"author":1,"featured_media":0,"parent":0,"menu_order":0,"comment_status":"closed","ping_status":"closed","template":"page-blank.php","meta":{"footnotes":""},"class_list":["post-3267","page","type-page","status-publish","hentry"],"_links":{"self":[{"href":"https:\/\/www.cint.nl\/fr\/wp-json\/wp\/v2\/pages\/3267","targetHints":{"allow":["GET"]}}],"collection":[{"href":"https:\/\/www.cint.nl\/fr\/wp-json\/wp\/v2\/pages"}],"about":[{"href":"https:\/\/www.cint.nl\/fr\/wp-json\/wp\/v2\/types\/page"}],"author":[{"embeddable":true,"href":"https:\/\/www.cint.nl\/fr\/wp-json\/wp\/v2\/users\/1"}],"replies":[{"embeddable":true,"href":"https:\/\/www.cint.nl\/fr\/wp-json\/wp\/v2\/comments?post=3267"}],"version-history":[{"count":14,"href":"https:\/\/www.cint.nl\/fr\/wp-json\/wp\/v2\/pages\/3267\/revisions"}],"predecessor-version":[{"id":32615,"href":"https:\/\/www.cint.nl\/fr\/wp-json\/wp\/v2\/pages\/3267\/revisions\/32615"}],"wp:attachment":[{"href":"https:\/\/www.cint.nl\/fr\/wp-json\/wp\/v2\/media?parent=3267"}],"curies":[{"name":"wp","href":"https:\/\/api.w.org\/{rel}","templated":true}]}}