{"id":32513,"date":"2025-05-06T13:47:38","date_gmt":"2025-05-06T11:47:38","guid":{"rendered":"https:\/\/www.cint.nl\/?page_id=32513"},"modified":"2026-04-23T16:06:03","modified_gmt":"2026-04-23T14:06:03","slug":"formation-aux-donnees-du-module","status":"publish","type":"page","link":"https:\/\/www.cint.nl\/fr\/moduledata-opleiding\/","title":{"rendered":"Dates des modules Formation"},"content":{"rendered":"<div id=\"page-header-902506416\" class=\"page-header-wrapper\">\n  <div class=\"page-title dark normal-title\">\n\n        <div class=\"page-title-bg\">\n      <div class=\"title-bg fill bg-fill\"\n        data-parallax-container=\".page-title\"\n        data-parallax-background\n data-parallax=\"-\">\n      <\/div>\n      <div class=\"title-overlay fill\"><\/div>\n    <\/div>\n    \n    <div class=\"page-title-inner container align-bottom text-center flex-row-col medium-flex-wrap\" >\n              <div class=\"title-wrapper uppercase is-xlarge flex-col\">\n          <h1 class=\"entry-title mb-0\">\n            Donn\u00e9es du module          <\/h1>\n        <\/div>\n                    <div class=\"title-content flex-col\">\n        <div class=\"title-breadcrumbs pb-half pt-half\"><\/div>      <\/div>\n    <\/div>\n\n     \n<style>\n#page-header-902506416 .page-title-inner {\n  min-height: 150px;\n}\n#page-header-902506416 .title-bg {\n  background-image: url(https:\/\/www.cint.nl\/wp-content\/uploads\/2024\/04\/slide3-layer-11600.webp);\n  background-position: 52% 42%;\n}\n<\/style>\n  <\/div>\n    <\/div>\n  \n\n\t<section class=\"section\" id=\"section_1762446916\">\n\t\t<div class=\"section-bg fill\" >\n\t\t\t\t\t\t\t\t\t\n\t\t\t\n\n\t\t<\/div>\n\n\t\t\n\n\t\t<div class=\"section-content relative\">\n\t\t\t\n<div class=\"row\"  id=\"row-2028008444\">\n\n\t<div id=\"col-493341405\" class=\"col small-12 large-12\"  >\n\t\t\t\t<div class=\"col-inner\"  >\n\t\t\t\n\t\t\t\n<div class=\"container section-title-container\" ><h3 class=\"section-title section-title-bold-center\"><b aria-hidden=\"true\"><\/b><span class=\"section-title-main\" >Formation - Jour 1 - (P\u00e9riode 2026\/2027)<\/span><b aria-hidden=\"true\"><\/b><\/h3><\/div>\n<p><strong>Star Remedies Training (C.I.N.T. Benelux Opleidingen)<\/strong><br \/>\nP\u00e9riode 2026\/2027.<\/p>\n<p>D\u00e9marrage<strong> 19 septembre 2026<\/strong>.<br \/>\nLes frais de formation s'\u00e9l\u00e8vent \u00e0 1695 \u20ac.<br \/>\n20-09-2025 - 09.30 \u00e0 17.00<\/p>\n<p><strong>Dates Samedi 2026\/2027<\/strong><br \/>\nd'autres dates suivront<\/p>\n<p>Nos cours de formation fournissent une base solide de th\u00e9orie et de pratique, adapt\u00e9e aux besoins des participants. Les dates de d\u00e9but de formation sont annonc\u00e9es \u00e0 l'avance ; les autres jours et heures de cours sont d\u00e9termin\u00e9s en consultation avec le groupe et confirm\u00e9s ult\u00e9rieurement. Nous garantissons ainsi un maximum de flexibilit\u00e9 et d'harmonisation.<\/p>\n<div class=\"is-divider divider clearfix\" style=\"max-width:100%;\"><\/div>\n<p><strong>Module d'approfondissement 29 ao\u00fbt 2026<\/strong><br \/>\n29-08-2026 - 10.00 \u00e0 17.00<\/p>\n<p data-start=\"0\" data-end=\"336\">Le module d'approfondissement est consacr\u00e9 aux rem\u00e8des des \u00e9toiles, y compris les rem\u00e8des de Bach. Vous \u00e9tudierez leurs effets sur les chakras et les m\u00e9ridiens et comprendrez clairement comment les rem\u00e8des des \u00e9toiles agissent de mani\u00e8re plus subtile et plus raffin\u00e9e, et pourquoi ils agissent \u00e0 un niveau plus profond que les rem\u00e8des de Bach.<\/p>\n<p data-start=\"338\" data-end=\"532\">En outre, les derni\u00e8res floraisons sont couvertes en d\u00e9tail et vous travaillerez avec des listes approfondies de questions, de r\u00e9ponses et d'\u00e9laborations. De cette mani\u00e8re, vous affinez non seulement vos connaissances, mais aussi votre application pratique.<\/p>\n<p data-start=\"534\" data-end=\"683\" data-is-last-node=\"\" data-is-only-node=\"\">Ce module est exclusivement ouvert aux anciens \u00e9tudiants et aux anciens participants qui ma\u00eetrisent les bases et souhaitent approfondir leur compr\u00e9hension et leur exp\u00e9rience.<\/p>\n\t\t<\/div>\n\t\t\t\t\t<\/div>\n\n\t\n\n\t<div id=\"col-1022313523\" class=\"col medium-6 small-12 large-6\"  >\n\t\t\t\t<div class=\"col-inner\"  >\n\t\t\t\n\t\t\t\n<div class=\"container section-title-container\" ><h3 class=\"section-title section-title-normal\"><b aria-hidden=\"true\"><\/b><span class=\"section-title-main\" >Adresse<\/span><b aria-hidden=\"true\"><\/b><\/h3><\/div>\n<p>Badhoevedorp (le lieu exact sera d\u00e9termin\u00e9 en temps voulu en fonction du nombre de participants)<\/p>\n\t\t<\/div>\n\t\t\t\t\t<\/div>\n\n\t\n\n\t<div id=\"col-2024196838\" class=\"col medium-6 small-12 large-6\"  >\n\t\t\t\t<div class=\"col-inner text-center\"  >\n\t\t\t\n\t\t\t\n\n<div style=\"overflow: hidden; max-width: 100%; width: 500px; height: 500px;\">\n<div id=\"google-maps-display\" style=\"height: 100%; width: 100%; max-width: 100%;\"><iframe style=\"height: 100%; width: 100%; border: 0;\" src=\"https:\/\/www.google.com\/maps\/embed\/v1\/place?q=Badhoevedorp&amp;key=AIzaSyBFw0Qbyq9zTFTd-tUY6dZWTgaQzuU17R8\" frameborder=\"0\"><\/iframe><\/div>\n<\/div>\n\n\t\t<\/div>\n\t\t\t\t\t<\/div>\n\n\t\n<\/div>\n\t\t<\/div>\n\n\t\t\n<style>\n#section_1762446916 {\n  padding-top: 30px;\n  padding-bottom: 30px;\n}\n<\/style>\n\t<\/section>","protected":false},"excerpt":{"rendered":"","protected":false},"author":1,"featured_media":0,"parent":0,"menu_order":0,"comment_status":"closed","ping_status":"closed","template":"page-blank.php","meta":{"footnotes":""},"class_list":["post-32513","page","type-page","status-publish","hentry"],"_links":{"self":[{"href":"https:\/\/www.cint.nl\/fr\/wp-json\/wp\/v2\/pages\/32513","targetHints":{"allow":["GET"]}}],"collection":[{"href":"https:\/\/www.cint.nl\/fr\/wp-json\/wp\/v2\/pages"}],"about":[{"href":"https:\/\/www.cint.nl\/fr\/wp-json\/wp\/v2\/types\/page"}],"author":[{"embeddable":true,"href":"https:\/\/www.cint.nl\/fr\/wp-json\/wp\/v2\/users\/1"}],"replies":[{"embeddable":true,"href":"https:\/\/www.cint.nl\/fr\/wp-json\/wp\/v2\/comments?post=32513"}],"version-history":[{"count":13,"href":"https:\/\/www.cint.nl\/fr\/wp-json\/wp\/v2\/pages\/32513\/revisions"}],"predecessor-version":[{"id":32676,"href":"https:\/\/www.cint.nl\/fr\/wp-json\/wp\/v2\/pages\/32513\/revisions\/32676"}],"wp:attachment":[{"href":"https:\/\/www.cint.nl\/fr\/wp-json\/wp\/v2\/media?parent=32513"}],"curies":[{"name":"wp","href":"https:\/\/api.w.org\/{rel}","templated":true}]}}