{"id":3250,"date":"2016-09-16T13:45:50","date_gmt":"2016-09-16T11:45:50","guid":{"rendered":"https:\/\/www.cint.nl\/?page_id=3250"},"modified":"2025-07-29T16:52:16","modified_gmt":"2025-07-29T14:52:16","slug":"accreditation","status":"publish","type":"page","link":"https:\/\/www.cint.nl\/fr\/accreditatie\/","title":{"rendered":"Accr\u00e9ditation et reconnaissance"},"content":{"rendered":"<div id=\"page-header-929763083\" class=\"page-header-wrapper\">\n  <div class=\"page-title dark normal-title\">\n\n        <div class=\"page-title-bg\">\n      <div class=\"title-bg fill bg-fill\"\n        data-parallax-container=\".page-title\"\n        data-parallax-background\n data-parallax=\"-\">\n      <\/div>\n      <div class=\"title-overlay fill\"><\/div>\n    <\/div>\n    \n    <div class=\"page-title-inner container align-bottom text-center flex-row-col medium-flex-wrap\" >\n              <div class=\"title-wrapper uppercase is-xlarge flex-col\">\n          <h1 class=\"entry-title mb-0\">\n            Accr\u00e9ditation et reconnaissance          <\/h1>\n        <\/div>\n                    <div class=\"title-content flex-col\">\n        <div class=\"title-breadcrumbs pb-half pt-half\"><\/div>      <\/div>\n    <\/div>\n\n     \n<style>\n#page-header-929763083 .page-title-inner {\n  min-height: 150px;\n}\n#page-header-929763083 .title-bg {\n  background-image: url(https:\/\/www.cint.nl\/wp-content\/uploads\/2024\/04\/slide3-layer-11600.webp);\n  background-position: 52% 42%;\n}\n<\/style>\n  <\/div>\n    <\/div>\n  \n\n\t<section class=\"section\" id=\"section_1860283397\">\n\t\t<div class=\"section-bg fill\" >\n\t\t\t\t\t\t\t\t\t\n\t\t\t\n\n\t\t<\/div>\n\n\t\t\n\n\t\t<div class=\"section-content relative\">\n\t\t\t\n<div class=\"row\"  id=\"row-857615235\">\n\n\t<div id=\"col-1581262898\" class=\"col small-12 large-12\"  >\n\t\t\t\t<div class=\"col-inner text-center\"  >\n\t\t\t\n\t\t\t\n\t<div id=\"text-3199170408\" class=\"text\">\n\t\t\n<p>Les cours du C.I.N.T. Benelux et les cours Star Remedies sont depuis longtemps accr\u00e9dit\u00e9s par les organismes et associations professionnelles \u00e9num\u00e9r\u00e9s ci-dessous. C'est en partie gr\u00e2ce \u00e0 cette reconnaissance nationale que les \u00e9tudiants d\u00e9butants et les professionnels d\u00e9j\u00e0 en exercice b\u00e9n\u00e9ficient d'une plus grande clart\u00e9. C.I.N.T. Benelux Opleidingen donne\u00a0<strong>depuis 1994<\/strong>\u00a0formation.<\/p>\n\t\t\n<style>\n#text-3199170408 {\n  text-align: left;\n}\n<\/style>\n\t<\/div>\n\t\n<div class=\"container section-title-container\" style=\"margin-top:75px;\"><h2 class=\"section-title section-title-center\"><b aria-hidden=\"true\"><\/b><span class=\"section-title-main\" >ACCREDITATION<\/span><b aria-hidden=\"true\"><\/b><\/h2><\/div>\n<div class=\"container section-title-container\" style=\"margin-top:75px;\"><h3 class=\"section-title section-title-bold\"><b aria-hidden=\"true\"><\/b><span class=\"section-title-main\" >KTNO<\/span><b aria-hidden=\"true\"><\/b><\/h3><\/div>\n\t<div id=\"text-1150677595\" class=\"text\">\n\t\t\n<p>Pour continuer \u00e0 grandir et \u00e0 se d\u00e9velopper en tant que personne et th\u00e9rapeute, l'acc\u00e8s aux bonnes connaissances est une n\u00e9cessit\u00e9. Les connaissances disponibles sont plus que suffisantes, mais le pont entre l'offre et la demande semble parfois tr\u00e8s \u00e9loign\u00e9. Il en r\u00e9sulte une image incompl\u00e8te des possibilit\u00e9s de formation, qui peut inutilement freiner les th\u00e9rapeutes dans leur recherche passionn\u00e9e de la bonne formation. Et c'est bien dommage. En fait, selon le KTNO, il existe un \u00e9norme coffre au tr\u00e9sor, rempli de connaissances, qui attend d'\u00eatre d\u00e9couvert et ouvert. Le KTNO a \u00e9t\u00e9 cr\u00e9\u00e9 pour optimiser le lien entre les \u00e9ducateurs et les th\u00e9rapeutes. Pour am\u00e9liorer cette connexion, ils consid\u00e8rent que travailler ensemble n'est pas seulement la cl\u00e9 du succ\u00e8s, mais aussi la cl\u00e9 de la sant\u00e9. En r\u00e9unissant les organismes professionnels, les formateurs et les th\u00e9rapeutes, le th\u00e9rapeute est en mesure de trouver la formation id\u00e9ale et d'acqu\u00e9rir ainsi davantage de connaissances transf\u00e9rables. Plus il y a de partage, mieux c'est. Le KTNO souhaite encourager les th\u00e9rapeutes \u00e0 choisir la bonne formation afin qu'ils puissent s'\u00e9panouir en tant que personne et th\u00e9rapeute et offrir les meilleurs soins \u00e0 leurs clients.<\/p>\n\t\t\n<style>\n#text-1150677595 {\n  text-align: left;\n}\n<\/style>\n\t<\/div>\n\t\n\t<div class=\"img has-hover x md-x lg-x y md-y lg-y\" id=\"image_1731268595\">\n\t\t\t\t\t\t\t\t<div class=\"img-inner dark\" >\n\t\t\t<img loading=\"lazy\" decoding=\"async\" width=\"800\" height=\"153\" src=\"https:\/\/www.cint.nl\/wp-content\/uploads\/2019\/04\/71046251-800c-4317-88f7-9d88013ad4b5.png\" class=\"attachment-large size-large\" alt=\"\" srcset=\"https:\/\/www.cint.nl\/wp-content\/uploads\/2019\/04\/71046251-800c-4317-88f7-9d88013ad4b5.png 800w, https:\/\/www.cint.nl\/wp-content\/uploads\/2019\/04\/71046251-800c-4317-88f7-9d88013ad4b5-300x57.png 300w, https:\/\/www.cint.nl\/wp-content\/uploads\/2019\/04\/71046251-800c-4317-88f7-9d88013ad4b5-768x147.png 768w, https:\/\/www.cint.nl\/wp-content\/uploads\/2019\/04\/71046251-800c-4317-88f7-9d88013ad4b5-705x135.png 705w, https:\/\/www.cint.nl\/wp-content\/uploads\/2019\/04\/71046251-800c-4317-88f7-9d88013ad4b5-450x86.png 450w\" sizes=\"auto, (max-width: 800px) 100vw, 800px\" \/>\t\t\t\t\t\t\n\t\t\t\t\t<\/div>\n\t\t\t\t\t\t\t\t\n<style>\n#image_1731268595 {\n  width: 100%;\n}\n@media (min-width:550px) {\n  #image_1731268595 {\n    width: 60%;\n  }\n}\n@media (min-width:850px) {\n  #image_1731268595 {\n    width: 35%;\n  }\n}\n<\/style>\n\t<\/div>\n\t\n<div class=\"container section-title-container\" style=\"margin-top:75px;\"><h3 class=\"section-title section-title-bold\"><b aria-hidden=\"true\"><\/b><span class=\"section-title-main\" >PNT<\/span><b aria-hidden=\"true\"><\/b><\/h3><\/div>\n\t<div id=\"text-2069416301\" class=\"text\">\n\t\t\n<p>Le NWP est une organisation fa\u00eeti\u00e8re d'ergoth\u00e9rapeutes naturopathes. Les naturopathes du NWP ont pour objectif commun de former un groupe de naturopathes comp\u00e9tents et experts et d'obtenir une reconnaissance l\u00e9gale de ce groupe. Tant qu'une telle r\u00e9glementation n'est pas en place, le NWP veut cr\u00e9er des garanties qui permettent aux membres de l'association d'appliquer la naturopathie de mani\u00e8re comp\u00e9tente et socialement responsable. Ce faisant, elle s'engage \u00e0 lutter contre les pratiques socialement irresponsables dans son domaine. En outre, la NWP souhaite contribuer \u00e0 l'\u00e9tude et au d\u00e9veloppement de m\u00e9thodes de gu\u00e9rison naturelles et \u00e0 la collecte de preuves de l'efficacit\u00e9 de ces m\u00e9thodes de gu\u00e9rison. Un objectif important de l'association est d'\u00e9duquer sur les m\u00e9thodes de gu\u00e9rison naturelle par la parole et l'\u00e9crit et de promouvoir une meilleure compr\u00e9hension de l'importance des m\u00e9thodes de gu\u00e9rison naturelle pour la sant\u00e9 publique. Accr\u00e9ditation NWP : 3 cr\u00e9dits par jour - licence de m\u00e9decine naturelle<\/p>\n\t\t\n<style>\n#text-2069416301 {\n  text-align: left;\n}\n<\/style>\n\t<\/div>\n\t\n<div class=\"container section-title-container\" style=\"margin-top:75px;\"><h3 class=\"section-title section-title-bold\"><b aria-hidden=\"true\"><\/b><span class=\"section-title-main\" >NVST (Plate-forme CGZ)<\/span><b aria-hidden=\"true\"><\/b><\/h3><\/div>\n\t<div id=\"text-4189991644\" class=\"text\">\n\t\t\n<p>Association n\u00e9erlandaise des somatoth\u00e9rapeutes<br \/>En 1999, l'assembl\u00e9e g\u00e9n\u00e9rale des membres de l'association a donc pris la d\u00e9cision de transformer l'Association n\u00e9erlandaise des th\u00e9rapeutes en shiatsu en une association g\u00e9n\u00e9rale pour les th\u00e9rapies orient\u00e9es vers le corps, d\u00e9nomm\u00e9e Association n\u00e9erlandaise des th\u00e9rapeutes en soma.<br \/>But de l'association : promouvoir l'acceptation des formes de th\u00e9rapie pratiqu\u00e9es par les membres de l'association, stimuler le d\u00e9veloppement de la th\u00e9rapie corporelle aux Pays-Bas, surveiller la qualit\u00e9 de la th\u00e9rapie corporelle aux Pays-Bas, veiller aux int\u00e9r\u00eats professionnels des th\u00e9rapeutes membres, promouvoir la coop\u00e9ration entre les th\u00e9rapeutes affili\u00e9s \u00e0 la NVST et le syst\u00e8me de soins traditionnel. L'association se compose d'un groupe de th\u00e9rapeutes qualifi\u00e9s qui ont \u00e9t\u00e9 s\u00e9lectionn\u00e9s par sa propre organisation. Cette s\u00e9lection couvre non seulement la sp\u00e9cialisation mais aussi la connaissance de l'anatomie, de la physiologie et de la pathologie humaines, le recrutement des th\u00e9rapeutes selon des crit\u00e8res d'\u00e9valuation objectifs pr\u00e9\u00e9tablis et l'\u00e9valuation de l'exercice de la profession par rapport au profil professionnel.<\/p>\n\t\t\n<style>\n#text-4189991644 {\n  text-align: left;\n}\n<\/style>\n\t<\/div>\n\t\n<div class=\"container section-title-container\" style=\"margin-top:75px;\"><h3 class=\"section-title section-title-bold\"><b aria-hidden=\"true\"><\/b><span class=\"section-title-main\" >BATC<\/span><b aria-hidden=\"true\"><\/b><\/h3><\/div>\n\t<div id=\"text-3643580216\" class=\"text\">\n\t\t\n<p>Avec les th\u00e9rapeutes naturopathes param\u00e9dicaux de BATC, BATC veut former un bastion de th\u00e9rapeutes de haute qualit\u00e9, afin de parvenir \u00e0 un meilleur \u00e9quilibre entre les soins de sant\u00e9 r\u00e9guliers et les soins de sant\u00e9 ax\u00e9s sur la nature aux Pays-Bas d'ici quelques ann\u00e9es. Dans l'int\u00e9r\u00eat des th\u00e9rapeutes, des consommateurs et des assureurs de sant\u00e9, nous nous effor\u00e7ons d'offrir des soins de sant\u00e9 naturels abordables et de haute qualit\u00e9. BATC veut s'assurer que les consommateurs ont une perception honn\u00eate, claire et sinc\u00e8re des soins de sant\u00e9 ax\u00e9s sur la nature et leur donner l'assurance qu'ils peuvent s'occuper de leur sant\u00e9 d'une mani\u00e8re naturelle. BATC s'efforce simplement d'offrir aux consommateurs le choix en mati\u00e8re de sant\u00e9.<\/p>\n\t\t\n<style>\n#text-3643580216 {\n  text-align: left;\n}\n<\/style>\n\t<\/div>\n\t\n<div class=\"container section-title-container\" style=\"margin-top:75px;\"><h3 class=\"section-title section-title-bold\"><b aria-hidden=\"true\"><\/b><span class=\"section-title-main\" >NOAG<\/span><b aria-hidden=\"true\"><\/b><\/h3><\/div>\n\t<div id=\"text-3279214942\" class=\"text\">\n\t\t\n<p>La NOAG est une fondation pour les th\u00e9rapeutes en naturopathie. Les th\u00e9rapeutes de la NOAG ont pour objectif commun de former un groupe de naturopathes comp\u00e9tents et experts et de s'engager en s'inscrivant au registre de la NOAG. Il s'agit de cr\u00e9er des garanties permettant aux personnes inscrites au registre de la NOAG d'exercer leur profession de mani\u00e8re comp\u00e9tente et socialement responsable. Ce faisant, la NOAG s'engage \u00e0 lutter contre les pratiques socialement irresponsables dans son domaine. Un objectif important de la NOAG est de fournir des informations sur la naturopathie et les naturopathes inscrits au registre de la NOAG, ainsi que de promouvoir une meilleure compr\u00e9hension de l'importance de la m\u00e9decine naturelle pour la sant\u00e9 publique.<\/p>\n\t\t\n<style>\n#text-3279214942 {\n  text-align: left;\n}\n<\/style>\n\t<\/div>\n\t\n<div class=\"container section-title-container\" style=\"margin-top:75px;\"><h3 class=\"section-title section-title-bold\"><b aria-hidden=\"true\"><\/b><span class=\"section-title-main\" >VBAG<\/span><b aria-hidden=\"true\"><\/b><\/h3><\/div>\n\t<div id=\"text-2861097821\" class=\"text\">\n\t\t\n<p>L'abr\u00e9viation V.B.A.G. signifie : Association pour la promotion des m\u00e9decines alternatives. Le V.B.A.G. est une association professionnelle de praticiens ind\u00e9pendants et professionnels de la m\u00e9decine naturelle (ce n'est pas une organisation fa\u00eeti\u00e8re !). Depuis 1984, le V.B.A.G. veille \u00e0 la qualit\u00e9 de ses membres dans l'int\u00e9r\u00eat du patient. Gr\u00e2ce \u00e0 des crit\u00e8res de s\u00e9lection stricts (y compris la formation), un syst\u00e8me d'enregistrement, un code professionnel, un r\u00e8glement de plainte et de discipline et une formation continue obligatoire, un pool de naturopathes comp\u00e9tents et experts est constitu\u00e9. Tous les membres du V.B.A.G. sont asserment\u00e9s et sont donc li\u00e9s par les r\u00e8gles du r\u00e8glement de plainte et de discipline du TBNG, o\u00f9 les membres du V.B.A.G. et les patients peuvent s'adresser pour d\u00e9poser une plainte et o\u00f9 leurs int\u00e9r\u00eats sont repr\u00e9sent\u00e9s.<\/p>\n\t\t\n<style>\n#text-2861097821 {\n  text-align: left;\n}\n<\/style>\n\t<\/div>\n\t\n<div class=\"container section-title-container\" style=\"margin-top:75px;\"><h3 class=\"section-title section-title-bold\"><b aria-hidden=\"true\"><\/b><span class=\"section-title-main\" >Association professionnelle VIV (Plate-forme CGZ)<\/span><b aria-hidden=\"true\"><\/b><\/h3><\/div>\n\t<div id=\"text-87304475\" class=\"text\">\n\t\t\n<p>En tant qu'association professionnelle VIV, nous sommes l\u00e0 pour les th\u00e9rapeutes en soins compl\u00e9mentaires. Nous voulons soutenir ces professionnels de la vitalit\u00e9 de la meilleure mani\u00e8re possible. Pour qu'eux et leurs clients re\u00e7oivent les meilleurs soins. Nous sommes l'association professionnelle des th\u00e9rapeutes qui travaillent de mani\u00e8re holistique et compl\u00e9mentaire. Des th\u00e9rapeutes qui pr\u00eatent attention \u00e0 l'aspect physique, \u00e9motionnel, mental et spirituel des personnes. Parce qu'ils comprennent que l'examen des plaintes d'une mani\u00e8re holistique permet en fin de compte d'am\u00e9liorer le plus possible la qualit\u00e9 de vie. L'association professionnelle VIV existe depuis 1999. Depuis des ann\u00e9es, nous nous engageons \u00e0 maintenir la qualit\u00e9 de la m\u00e9decine alternative \u00e0 un niveau \u00e9lev\u00e9. Plus encore, nous voulons que les gens ne consid\u00e8rent plus cette forme de m\u00e9decine comme une alternative, mais comme un compl\u00e9ment pr\u00e9cieux aux soins habituels.<\/p>\n\t\t\n<style>\n#text-87304475 {\n  text-align: left;\n}\n<\/style>\n\t<\/div>\n\t\n<div class=\"container section-title-container\" style=\"margin-top:75px;\"><h3 class=\"section-title section-title-bold\"><b aria-hidden=\"true\"><\/b><span class=\"section-title-main\" >F\u00e9d\u00e9ration des th\u00e9rapeutes en m\u00e9decine additive (FAGT) (Plate-forme CGZ)<\/span><b aria-hidden=\"true\"><\/b><\/h3><\/div>\n\t<div id=\"text-1200422962\" class=\"text\">\n\t\t\n<div>La FAGT, ou F\u00e9d\u00e9ration des th\u00e9rapeutes en m\u00e9decine additive, est une association professionnelle multidisciplinaire de th\u00e9rapeutes compl\u00e9mentaires. Les th\u00e9rapies compl\u00e9mentaires, \u00e9galement appel\u00e9es m\u00e9decines additives ou alternatives, comprennent g\u00e9n\u00e9ralement toutes les formes de traitement non couvertes par la m\u00e9decine traditionnelle.<\/div>\n\t\t\n<style>\n#text-1200422962 {\n  text-align: left;\n}\n<\/style>\n\t<\/div>\n\t\n<div class=\"container section-title-container\" style=\"margin-top:75px;\"><h3 class=\"section-title section-title-bold\"><b aria-hidden=\"true\"><\/b><span class=\"section-title-main\" >Plate-forme Soins de sant\u00e9 compl\u00e9mentaires (Plate-forme CGZ)<\/span><b aria-hidden=\"true\"><\/b><\/h3><\/div>\n\t<div id=\"text-323622903\" class=\"text\">\n\t\t\n<p>Le 1er juillet 2025, le FAGT, le NVST, le VIV et le FAGT<strong>\u00a0<\/strong>officiellement fusionn\u00e9s.<strong><br \/><\/strong>Pour l'instant, nous nous appelons toujours FAGT, mais \u00e0 partir du 1er janvier 2026, notre nom deviendra<\/p>\n\t\t\n<style>\n#text-323622903 {\n  text-align: left;\n}\n<\/style>\n\t<\/div>\n\t\n<div class=\"container section-title-container\" style=\"margin-top:125px;\"><h2 class=\"section-title section-title-center\"><b aria-hidden=\"true\"><\/b><span class=\"section-title-main\" >INSCRIPTION<\/span><b aria-hidden=\"true\"><\/b><\/h2><\/div>\n<div class=\"container section-title-container\" style=\"margin-top:75px;\"><h3 class=\"section-title section-title-bold\"><b aria-hidden=\"true\"><\/b><span class=\"section-title-main\" >CRKBO<\/span><b aria-hidden=\"true\"><\/b><\/h3><\/div>\n\t\t<\/div>\n\t\t\t\t\t<\/div>\n\n\t\n\n\t<div id=\"col-1844582723\" class=\"col medium-9 small-12 large-9\"  >\n\t\t\t\t<div class=\"col-inner\"  >\n\t\t\t\n\t\t\t\n<p>Le CRKBO a \u00e9t\u00e9 d\u00e9sign\u00e9 par le gouvernement n\u00e9erlandais comme institut de contr\u00f4le des \u00e9tablissements d'enseignement professionnel court. Le Registre central pour la formation professionnelle courte (CRKBO) permet d'enregistrer les \u00e9tablissements d'enseignement qui respectent le Code de qualit\u00e9 pour les instituts de formation pour la formation professionnelle courte. L'inscription dans ce registre est li\u00e9e \u00e0 un audit qualitatif de l'\u00e9tablissement (le syst\u00e8me d'accr\u00e9ditation). Cela signifie que C.I.N.T. Benelux Opleidingen B.V. respecte un code de qualit\u00e9 strict qui comprend des aspects tels que les soins, le mat\u00e9riel p\u00e9dagogique, les enseignants qualifi\u00e9s, les installations, la fiabilit\u00e9 et le traitement des plaintes.<\/p>\n\t\t<\/div>\n\t\t\t\t\t<\/div>\n\n\t\n\n\t<div id=\"col-864837865\" class=\"col medium-3 small-12 large-3\"  >\n\t\t\t\t<div class=\"col-inner text-center\"  >\n\t\t\t\n\t\t\t\n\t<div class=\"img has-hover x md-x lg-x y md-y lg-y\" id=\"image_1349578919\">\n\t\t\t\t\t\t\t\t<div class=\"img-inner dark\" >\n\t\t\t<img loading=\"lazy\" decoding=\"async\" width=\"283\" height=\"283\" src=\"https:\/\/www.cint.nl\/wp-content\/uploads\/2018\/05\/CRKBO_Instelling.jpg\" class=\"attachment-original size-original\" alt=\"\" srcset=\"https:\/\/www.cint.nl\/wp-content\/uploads\/2018\/05\/CRKBO_Instelling.jpg 283w, https:\/\/www.cint.nl\/wp-content\/uploads\/2018\/05\/CRKBO_Instelling-80x80.jpg 80w, https:\/\/www.cint.nl\/wp-content\/uploads\/2018\/05\/CRKBO_Instelling-36x36.jpg 36w, https:\/\/www.cint.nl\/wp-content\/uploads\/2018\/05\/CRKBO_Instelling-180x180.jpg 180w, https:\/\/www.cint.nl\/wp-content\/uploads\/2018\/05\/CRKBO_Instelling-120x120.jpg 120w\" sizes=\"auto, (max-width: 283px) 100vw, 283px\" \/>\t\t\t\t\t\t\n\t\t\t\t\t<\/div>\n\t\t\t\t\t\t\t\t\n<style>\n#image_1349578919 {\n  width: 100%;\n}\n@media (min-width:850px) {\n  #image_1349578919 {\n    width: 60%;\n  }\n}\n<\/style>\n\t<\/div>\n\t\n\t\t<\/div>\n\t\t\t\t\t<\/div>\n\n\t\n<\/div>\n\t\t<\/div>\n\n\t\t\n<style>\n#section_1860283397 {\n  padding-top: 30px;\n  padding-bottom: 30px;\n}\n<\/style>\n\t<\/section>","protected":false},"excerpt":{"rendered":"","protected":false},"author":1,"featured_media":0,"parent":0,"menu_order":0,"comment_status":"closed","ping_status":"closed","template":"page-blank.php","meta":{"footnotes":""},"class_list":["post-3250","page","type-page","status-publish","hentry"],"_links":{"self":[{"href":"https:\/\/www.cint.nl\/fr\/wp-json\/wp\/v2\/pages\/3250","targetHints":{"allow":["GET"]}}],"collection":[{"href":"https:\/\/www.cint.nl\/fr\/wp-json\/wp\/v2\/pages"}],"about":[{"href":"https:\/\/www.cint.nl\/fr\/wp-json\/wp\/v2\/types\/page"}],"author":[{"embeddable":true,"href":"https:\/\/www.cint.nl\/fr\/wp-json\/wp\/v2\/users\/1"}],"replies":[{"embeddable":true,"href":"https:\/\/www.cint.nl\/fr\/wp-json\/wp\/v2\/comments?post=3250"}],"version-history":[{"count":13,"href":"https:\/\/www.cint.nl\/fr\/wp-json\/wp\/v2\/pages\/3250\/revisions"}],"predecessor-version":[{"id":32559,"href":"https:\/\/www.cint.nl\/fr\/wp-json\/wp\/v2\/pages\/3250\/revisions\/32559"}],"wp:attachment":[{"href":"https:\/\/www.cint.nl\/fr\/wp-json\/wp\/v2\/media?parent=3250"}],"curies":[{"name":"wp","href":"https:\/\/api.w.org\/{rel}","templated":true}]}}