{"id":3954,"date":"2019-07-26T12:30:10","date_gmt":"2019-07-26T10:30:10","guid":{"rendered":"https:\/\/www.cint.nl\/?page_id=3954"},"modified":"2025-11-06T15:44:10","modified_gmt":"2025-11-06T14:44:10","slug":"descargo-de-responsabilidad","status":"publish","type":"page","link":"https:\/\/www.cint.nl\/es\/disclaimer\/","title":{"rendered":"Descargo de responsabilidad"},"content":{"rendered":"<div id=\"page-header-330453439\" class=\"page-header-wrapper\">\n  <div class=\"page-title dark normal-title\">\n\n        <div class=\"page-title-bg\">\n      <div class=\"title-bg fill bg-fill\"\n        data-parallax-container=\".page-title\"\n        data-parallax-background\n data-parallax=\"-\">\n      <\/div>\n      <div class=\"title-overlay fill\"><\/div>\n    <\/div>\n    \n    <div class=\"page-title-inner container align-bottom text-center flex-row-col medium-flex-wrap\" >\n              <div class=\"title-wrapper uppercase is-xlarge flex-col\">\n          <h1 class=\"entry-title mb-0\">\n            Descargo de responsabilidad          <\/h1>\n        <\/div>\n                    <div class=\"title-content flex-col\">\n        <div class=\"title-breadcrumbs pb-half pt-half\"><\/div>      <\/div>\n    <\/div>\n\n     \n<style>\n#page-header-330453439 .page-title-inner {\n  min-height: 150px;\n}\n#page-header-330453439 .title-bg {\n  background-image: url(https:\/\/www.cint.nl\/wp-content\/uploads\/2024\/04\/slide3-layer-11600.webp);\n  background-position: 52% 42%;\n}\n<\/style>\n  <\/div>\n    <\/div>\n  \n\n\t<section class=\"section\" id=\"section_1652930401\">\n\t\t<div class=\"section-bg fill\" >\n\t\t\t\t\t\t\t\t\t\n\t\t\t\n\n\t\t<\/div>\n\n\t\t\n\n\t\t<div class=\"section-content relative\">\n\t\t\t\n<div class=\"row\"  id=\"row-264622838\">\n\n\t<div id=\"col-889522584\" class=\"col small-12 large-12\"  >\n\t\t\t\t<div class=\"col-inner\"  >\n\t\t\t\n\t\t\t\n<p>El contenido de este sitio web -incluidos, entre otros, los textos, im\u00e1genes, dise\u00f1o, marcas y nombres de dominio- es propiedad de <strong>Star Remedies B.V.<\/strong> y est\u00e1 protegido por derechos de autor y otros derechos de propiedad intelectual o industrial existentes en virtud de la legislaci\u00f3n aplicable. Queda prohibida la reproducci\u00f3n, publicaci\u00f3n o puesta a disposici\u00f3n de cualquier forma de cualquier parte de este sitio web sin el consentimiento previo por escrito de Star Remedies B.V.<\/p>\n<p>El por <strong>Star Remedies B.V.<\/strong> La informaci\u00f3n y las im\u00e1genes proporcionadas se han colocado en este sitio web con el mayor cuidado posible. A pesar de este cuidado, Star Remedies B.V. no puede garantizar la exactitud, integridad o actualidad del contenido. Star Remedies B.V. se esfuerza por mantener el sitio web actualizado, pero no puede garantizar que el contenido sea completo o correcto en todo momento.<\/p>\n<p>La informaci\u00f3n de este sitio web puede modificarse en cualquier momento y sin previo aviso. El uso del sitio web y de la informaci\u00f3n que en \u00e9l se facilita corre por cuenta y riesgo del visitante.<\/p>\n<p>Los enlaces a sitios web externos se incluyen \u00fanicamente para informaci\u00f3n del visitante. Dichos sitios web no son mantenidos por <strong>Star Remedies B.V.<\/strong> gestionado o mantenido. Por lo tanto, Star Remedies B.V. no acepta responsabilidad alguna por los da\u00f1os resultantes directa o indirectamente del uso de este sitio web o de la informaci\u00f3n contenida en el mismo, incluidos, entre otros, los da\u00f1os causados por virus, inexactitudes o informaci\u00f3n incompleta, o por la informaci\u00f3n contenida en los sitios web a los que se hace referencia o que enlazan con este sitio web.<\/p>\n<p>Si tiene preguntas sobre este sitio web o el uso de su contenido, p\u00f3ngase en contacto con<br \/>\nStar Remedies B.V.<br \/>\nSloterweg 150<br \/>\n1171 CV Badhoevedorp<br \/>\nCorreo electr\u00f3nico: <a href=\"mailto:info@cint.nl\">info@cint.nl<\/a><\/p>\n<p>Versi\u00f3n: enero de 2026<\/p>\n\t\t<\/div>\n\t\t\t\t\t<\/div>\n\n\t\n<\/div>\n\t\t<\/div>\n\n\t\t\n<style>\n#section_1652930401 {\n  padding-top: 30px;\n  padding-bottom: 30px;\n}\n<\/style>\n\t<\/section>","protected":false},"excerpt":{"rendered":"","protected":false},"author":1,"featured_media":0,"parent":0,"menu_order":0,"comment_status":"closed","ping_status":"closed","template":"page-blank.php","meta":{"footnotes":""},"class_list":["post-3954","page","type-page","status-publish","hentry"],"_links":{"self":[{"href":"https:\/\/www.cint.nl\/es\/wp-json\/wp\/v2\/pages\/3954","targetHints":{"allow":["GET"]}}],"collection":[{"href":"https:\/\/www.cint.nl\/es\/wp-json\/wp\/v2\/pages"}],"about":[{"href":"https:\/\/www.cint.nl\/es\/wp-json\/wp\/v2\/types\/page"}],"author":[{"embeddable":true,"href":"https:\/\/www.cint.nl\/es\/wp-json\/wp\/v2\/users\/1"}],"replies":[{"embeddable":true,"href":"https:\/\/www.cint.nl\/es\/wp-json\/wp\/v2\/comments?post=3954"}],"version-history":[{"count":5,"href":"https:\/\/www.cint.nl\/es\/wp-json\/wp\/v2\/pages\/3954\/revisions"}],"predecessor-version":[{"id":32612,"href":"https:\/\/www.cint.nl\/es\/wp-json\/wp\/v2\/pages\/3954\/revisions\/32612"}],"wp:attachment":[{"href":"https:\/\/www.cint.nl\/es\/wp-json\/wp\/v2\/media?parent=3954"}],"curies":[{"name":"wp","href":"https:\/\/api.w.org\/{rel}","templated":true}]}}