{"id":3793,"date":"2018-02-06T16:23:11","date_gmt":"2018-02-06T15:23:11","guid":{"rendered":"https:\/\/www.cint.nl\/?page_id=3793"},"modified":"2025-11-11T14:24:31","modified_gmt":"2025-11-11T13:24:31","slug":"privacidad","status":"publish","type":"page","link":"https:\/\/www.cint.nl\/es\/privacy\/","title":{"rendered":"Privacidad"},"content":{"rendered":"<div id=\"page-header-1610338615\" class=\"page-header-wrapper\">\n  <div class=\"page-title dark normal-title\">\n\n        <div class=\"page-title-bg\">\n      <div class=\"title-bg fill bg-fill\"\n        data-parallax-container=\".page-title\"\n        data-parallax-background\n data-parallax=\"-\">\n      <\/div>\n      <div class=\"title-overlay fill\"><\/div>\n    <\/div>\n    \n    <div class=\"page-title-inner container align-bottom text-center flex-row-col medium-flex-wrap\" >\n              <div class=\"title-wrapper uppercase is-xlarge flex-col\">\n          <h1 class=\"entry-title mb-0\">\n            Privacidad          <\/h1>\n        <\/div>\n                    <div class=\"title-content flex-col\">\n        <div class=\"title-breadcrumbs pb-half pt-half\"><\/div>      <\/div>\n    <\/div>\n\n     \n<style>\n#page-header-1610338615 .page-title-inner {\n  min-height: 150px;\n}\n#page-header-1610338615 .title-bg {\n  background-image: url(https:\/\/www.cint.nl\/wp-content\/uploads\/2024\/04\/slide3-layer-11600.webp);\n  background-position: 52% 42%;\n}\n<\/style>\n  <\/div>\n    <\/div>\n  \n\n\t<section class=\"section\" id=\"section_1760077808\">\n\t\t<div class=\"section-bg fill\" >\n\t\t\t\t\t\t\t\t\t\n\t\t\t\n\n\t\t<\/div>\n\n\t\t\n\n\t\t<div class=\"section-content relative\">\n\t\t\t\n<div class=\"row\"  id=\"row-2121595340\">\n\n\t<div id=\"col-1588783858\" class=\"col small-12 large-12\"  >\n\t\t\t\t<div class=\"col-inner\"  >\n\t\t\t\n\t\t\t\n<div class=\"container section-title-container\" ><h2 class=\"section-title section-title-center\"><b aria-hidden=\"true\"><\/b><span class=\"section-title-main\" >POL\u00cdTICA DE PRIVACIDAD CINT BENELUX CURSOS DE FORMACI\u00d3N<\/span><b aria-hidden=\"true\"><\/b><\/h2><\/div>\n<p>Cuando visita nuestro sitio web o se pone en contacto con Star Remedies B.V., a veces comparte datos personales con nosotros. Los tratamos con cuidado y cumplimos la legislaci\u00f3n aplicable en materia de privacidad, incluido el Reglamento General de Protecci\u00f3n de Datos (RGPD). Esta declaraci\u00f3n le indica qu\u00e9 datos recogemos, por qu\u00e9 lo hacemos y c\u00f3mo los protegemos.<\/p>\n<p>Star Remedies B.V.<br \/>\nSloterweg 150<br \/>\n1171 CV Badhoevedorp<br \/>\nC\u00e1mara de Comercio 34217406<br \/>\nCorreo electr\u00f3nico: <a href=\"mailto:info@cint.nl\">info@cint.nl<\/a><\/p>\n<p><strong>\u00bfQu\u00e9 son los datos personales?<\/strong><br \/>\nLos datos personales son datos que dicen algo sobre usted o que se pueden rastrear hasta usted. Piense en su nombre, direcci\u00f3n, n\u00famero de tel\u00e9fono y direcci\u00f3n de correo electr\u00f3nico. No tratamos datos personales especiales (como datos sobre salud, religi\u00f3n u origen \u00e9tnico).<\/p>\n<p><strong>Menores de 16 a\u00f1os<\/strong><br \/>\nNo tenemos intenci\u00f3n de recoger datos de personas menores de 16 a\u00f1os. Sin embargo, no siempre podemos verificar si un visitante es mayor de edad. Si cree que hemos recopilado datos de un menor sin su consentimiento, h\u00e1ganoslo saber en <a href=\"mailto:info@cint.nl\">info@cint.nl<\/a>. Borramos esos datos inmediatamente.<\/p>\n<p><strong>\u00bfCu\u00e1ndo tratamos sus datos personales?<\/strong><\/p>\n<p><strong>1. Contacto y preguntas<\/strong><br \/>\nCuando se pone en contacto con nosotros (por correo electr\u00f3nico, tel\u00e9fono o el formulario de contacto), procesamos:<br \/>\n- Nombre, direcci\u00f3n, ciudad<br \/>\n- Direcci\u00f3n de correo electr\u00f3nico<br \/>\n- N\u00famero de tel\u00e9fono<br \/>\n- Su mensaje o pregunta<br \/>\nEl almacenamiento de estos datos entra dentro de la base jur\u00eddica: inter\u00e9s leg\u00edtimo (necesitamos poder responder y hacer un seguimiento).<\/p>\n<p><strong>2. Ejecuci\u00f3n de un acuerdo<\/strong><br \/>\nAl participar en cursos de formaci\u00f3n o adquirir productos\/servicios, procesamos:<br \/>\n- Nombre, direcci\u00f3n, ciudad<br \/>\n- Direcci\u00f3n de correo electr\u00f3nico<br \/>\n- N\u00famero de tel\u00e9fono<br \/>\nEl almacenamiento de estos datos tiene como base jur\u00eddica la ejecuci\u00f3n del contrato.<\/p>\n<p><strong>3. Facturaci\u00f3n y administraci\u00f3n<\/strong><br \/>\nPara nuestros registros financieros y cualquier adeudo directo que procesemos:<br \/>\n- Nombre, direcci\u00f3n, ciudad<br \/>\n- Direcci\u00f3n de correo electr\u00f3nico<br \/>\n- N\u00famero de tel\u00e9fono<br \/>\n- Fecha de nacimiento (para consultas terap\u00e9uticas)<br \/>\n- Datos del seguro + n\u00famero de p\u00f3liza (para consultas terap\u00e9uticas)<br \/>\n- N\u00famero de la C\u00e1mara de Comercio y n\u00famero de IVA<br \/>\n- Direcci\u00f3n IP (para env\u00edos intracomunitarios)<br \/>\nEl almacenamiento de estos datos se rige por la base jur\u00eddica: obligaci\u00f3n legal (obligaci\u00f3n de retenci\u00f3n fiscal).<\/p>\n<p><strong>4. Solicitar un plan de estudios<\/strong><br \/>\nAl solicitar informaci\u00f3n o un plan de estudios, procesamos:<br \/>\n- Nombre, direcci\u00f3n, ciudad<br \/>\n- Direcci\u00f3n de correo electr\u00f3nico<br \/>\n- N\u00famero de tel\u00e9fono<br \/>\nEl almacenamiento de estos datos se rige por la base jur\u00eddica del consentimiento.<\/p>\n<p><strong>5. Inscripci\u00f3n en un curso<\/strong><br \/>\nTras el registro, procesamos:<br \/>\n- Nombre e iniciales<br \/>\n- Apellido de soltera (si procede)<br \/>\n- Fecha, lugar y pa\u00eds de nacimiento<br \/>\n- Direcci\u00f3n, n\u00famero de tel\u00e9fono y direcci\u00f3n de correo electr\u00f3nico<br \/>\nEl almacenamiento de estos datos tiene como base jur\u00eddica la ejecuci\u00f3n del contrato y el consentimiento.<\/p>\n<p><strong>6. Bolet\u00edn y actualizaciones<\/strong><br \/>\nSi se suscribe a nuestro bolet\u00edn, utilizamos:<br \/>\n- Nombre y apellidos<br \/>\n- Direcci\u00f3n de correo electr\u00f3nico<br \/>\nPuede darse de baja en cualquier momento utilizando el enlace que aparece al final de cada env\u00edo.<br \/>\nEl almacenamiento de estos datos se rige por la base jur\u00eddica del consentimiento.<\/p>\n<p><strong>Cookies<\/strong><br \/>\nNuestro sitio web utiliza \u00fanicamente las cookies funcionales necesarias para que el sitio funcione correctamente. Existen <strong>sin cookies anal\u00edticas ni de seguimiento<\/strong> publicado. Puede bloquear las cookies a trav\u00e9s de la configuraci\u00f3n de su navegador, pero es posible que el sitio no funcione igual de bien.<\/p>\n<p><strong>Intercambio de datos con socios<\/strong><br \/>\nTrabajamos con socios de confianza que nos prestan determinados servicios, como:<br \/>\n- <strong>Remitente:<\/strong> env\u00edo de boletines<br \/>\n- <strong>Proxhost:<\/strong> alojamiento y seguridad de nuestro sitio web<br \/>\n- <strong>Oficina de administraci\u00f3n \/ contable:<\/strong> administraci\u00f3n financiera<br \/>\nTenemos acuerdos de procesamiento con todas estas partes. Tratan los datos \u00fanicamente conforme a nuestras instrucciones y cumplen la AVG. Existen <strong>no se comparten datos personales fuera del Espacio Econ\u00f3mico Europeo (EEE)<\/strong>.<\/p>\n<p><strong>Seguridad de los datos personales<\/strong><br \/>\nTomamos las medidas t\u00e9cnicas y organizativas adecuadas para proteger sus datos de p\u00e9rdidas, usos indebidos o accesos no autorizados. Nuestras medidas de seguridad incluyen:<br \/>\n- Conexiones cifradas (SSL\/TLS)<br \/>\n- Servidores seguros en Proxhost (Pa\u00edses Bajos)<br \/>\n- Derechos de acceso limitados a los sistemas<br \/>\n- Contrase\u00f1as seguras y pol\u00edticas de inicio de sesi\u00f3n con verificaci\u00f3n en dos pasos<br \/>\n- Copias de seguridad y actualizaciones de software peri\u00f3dicas<br \/>\nTodo el personal y los profesores contratados firman un acuerdo de confidencialidad.<\/p>\n<p><strong>Per\u00edodos de conservaci\u00f3n<\/strong><br \/>\n- <strong>Correo electr\u00f3nico:<\/strong> hasta 5 a\u00f1os, salvo que sea necesario para casos o litigios en curso<br \/>\n- <strong>Facturas y administraci\u00f3n:<\/strong> 7 a\u00f1os (periodo de conservaci\u00f3n legal)<br \/>\n- <strong>Bolet\u00edn de noticias:<\/strong> baja en el registro<br \/>\n- <strong>Im\u00e1genes de c\u00e1mara:<\/strong> 30 d\u00edas (a menos que sea necesario para la investigaci\u00f3n)<\/p>\n<p><strong>C\u00e1mara de seguridad<\/strong><br \/>\nLas c\u00e1maras de seguridad cuelgan dentro y alrededor de nuestra sala de formaci\u00f3n y almac\u00e9n. Las im\u00e1genes se utilizan exclusivamente para proteger a las personas, los bienes y las instalaciones. Transcurridos 30 d\u00edas, las im\u00e1genes se borran autom\u00e1ticamente, salvo que sean necesarias para una investigaci\u00f3n penal.<\/p>\n<p><strong>Sus derechos<\/strong><br \/>\nTienes derecho a:<br \/>\n- consultar, rectificar o suprimir sus datos;<br \/>\n- objeto de tratamiento;<br \/>\n- solicitar la restricci\u00f3n del tratamiento;<br \/>\n- retirar su consentimiento;<br \/>\n- transferir sus datos a un tercero (portabilidad de datos).<br \/>\nEnv\u00ede su solicitud a <a href=\"mailto:info@cint.nl\">info@cint.nl<\/a>. Para asegurarnos de que la solicitud procede de usted, le pedimos que nos env\u00ede una copia de un documento de identidad (haga ilegibles la foto de pasaporte, el MRZ, el n\u00famero de pasaporte y el BSN). Le responderemos en un plazo de <strong>cuatro semanas<\/strong>.<br \/>\nTambi\u00e9n puede presentar una denuncia ante la <a href=\"https:\/\/www.autoriteitpersoonsgegevens.nl\" target=\"_blank\">Autoridad de Datos Personales<\/a>.<\/p>\n<p><strong>Violaci\u00f3n de datos<\/strong><br \/>\nA pesar de todas las precauciones, nunca puede descartarse por completo una violaci\u00f3n de datos. Si se produce una violaci\u00f3n de datos, informamos a la Autoridad de Datos Personales y, si procede, a los interesados en un plazo de 72 horas. \u00bfDescubre usted mismo una posible violaci\u00f3n de datos? Notif\u00edquelo lo antes posible a trav\u00e9s de <a href=\"mailto:info@cint.nl\">info@cint.nl<\/a>.<\/p>\n<p><strong>Responsabilidad<\/strong><br \/>\nEsta declaraci\u00f3n de privacidad s\u00f3lo se aplica a los datos procesados por la propia Star Remedies B.V.. No somos responsables de los sitios web o servicios de terceros a los que enlazamos.<\/p>\n<p><strong>Cambios<\/strong><br \/>\nPodemos actualizar esta declaraci\u00f3n de privacidad si cambian las leyes o los reglamentos o si cambian nuestros servicios. La versi\u00f3n m\u00e1s reciente puede consultarse siempre en <a href=\"https:\/\/www.cint.nl\/es\/\" target=\"_blank\">www.cint.nl<\/a>. Al continuar utilizando nuestro sitio web, usted acepta la \u00faltima versi\u00f3n.<\/p>\n<p><strong>P\u00f3ngase en contacto con<\/strong><br \/>\n\u00bfTiene m\u00e1s preguntas o comentarios? Si es as\u00ed, p\u00f3ngase en contacto con Star Remedies B.V. por correo electr\u00f3nico <a href=\"mailto:info@cint.nl\">info@cint.nl<\/a> o por correo:<br \/>\nStar Remedies B.V.<br \/>\nAttn: Privacidad - Star Remedies B.V.<br \/>\nSloterweg 150<br \/>\n1171 CV Badhoevedorp<\/p>\n<p>Versi\u00f3n: enero de 2026<\/p>\n\t\t<\/div>\n\t\t\t\t\t<\/div>\n\n\t\n<\/div>\n\t\t<\/div>\n\n\t\t\n<style>\n#section_1760077808 {\n  padding-top: 30px;\n  padding-bottom: 30px;\n}\n<\/style>\n\t<\/section>","protected":false},"excerpt":{"rendered":"","protected":false},"author":1,"featured_media":0,"parent":0,"menu_order":0,"comment_status":"closed","ping_status":"closed","template":"page-blank.php","meta":{"footnotes":""},"class_list":["post-3793","page","type-page","status-publish","hentry"],"_links":{"self":[{"href":"https:\/\/www.cint.nl\/es\/wp-json\/wp\/v2\/pages\/3793","targetHints":{"allow":["GET"]}}],"collection":[{"href":"https:\/\/www.cint.nl\/es\/wp-json\/wp\/v2\/pages"}],"about":[{"href":"https:\/\/www.cint.nl\/es\/wp-json\/wp\/v2\/types\/page"}],"author":[{"embeddable":true,"href":"https:\/\/www.cint.nl\/es\/wp-json\/wp\/v2\/users\/1"}],"replies":[{"embeddable":true,"href":"https:\/\/www.cint.nl\/es\/wp-json\/wp\/v2\/comments?post=3793"}],"version-history":[{"count":8,"href":"https:\/\/www.cint.nl\/es\/wp-json\/wp\/v2\/pages\/3793\/revisions"}],"predecessor-version":[{"id":32624,"href":"https:\/\/www.cint.nl\/es\/wp-json\/wp\/v2\/pages\/3793\/revisions\/32624"}],"wp:attachment":[{"href":"https:\/\/www.cint.nl\/es\/wp-json\/wp\/v2\/media?parent=3793"}],"curies":[{"name":"wp","href":"https:\/\/api.w.org\/{rel}","templated":true}]}}