{"id":3621,"date":"2016-09-20T14:43:28","date_gmt":"2016-09-20T12:43:28","guid":{"rendered":"https:\/\/www.cint.nl\/?page_id=3621"},"modified":"2025-10-15T15:46:54","modified_gmt":"2025-10-15T13:46:54","slug":"4-puntos-clave","status":"publish","type":"page","link":"https:\/\/www.cint.nl\/es\/4-kernpunten\/","title":{"rendered":"Dietmar Kr\u00e4mer - 4 puntos clave"},"content":{"rendered":"<div id=\"page-header-727740427\" class=\"page-header-wrapper\">\n  <div class=\"page-title dark normal-title\">\n\n        <div class=\"page-title-bg\">\n      <div class=\"title-bg fill bg-fill\"\n        data-parallax-container=\".page-title\"\n        data-parallax-background\n data-parallax=\"-\">\n      <\/div>\n      <div class=\"title-overlay fill\"><\/div>\n    <\/div>\n    \n    <div class=\"page-title-inner container align-bottom text-center flex-row-col medium-flex-wrap\" >\n              <div class=\"title-wrapper uppercase is-xlarge flex-col\">\n          <h1 class=\"entry-title mb-0\">\n            Puntos clave          <\/h1>\n        <\/div>\n                    <div class=\"title-content flex-col\">\n        <div class=\"title-breadcrumbs pb-half pt-half\"><\/div>      <\/div>\n    <\/div>\n\n     \n<style>\n#page-header-727740427 .page-title-inner {\n  min-height: 150px;\n}\n#page-header-727740427 .title-bg {\n  background-image: url(https:\/\/www.cint.nl\/wp-content\/uploads\/2024\/04\/slide3-layer-11600.webp);\n  background-position: 52% 42%;\n}\n<\/style>\n  <\/div>\n    <\/div>\n  \n\n\t<section class=\"section\" id=\"section_1467140182\">\n\t\t<div class=\"section-bg fill\" >\n\t\t\t\t\t\t\t\t\t\n\t\t\t\n\n\t\t<\/div>\n\n\t\t\n\n\t\t<div class=\"section-content relative\">\n\t\t\t\n<div class=\"row\"  id=\"row-952487840\">\n\n\t<div id=\"col-465900642\" class=\"col small-12 large-12\"  >\n\t\t\t\t<div class=\"col-inner\"  >\n\t\t\t\n\t\t\t\n<div class=\"container section-title-container\" ><h2 class=\"section-title section-title-center\"><b aria-hidden=\"true\"><\/b><span class=\"section-title-main\" >4 PUNTOS CLAVE DE LA FORMACI\u00d3N<\/span><b aria-hidden=\"true\"><\/b><\/h2><\/div>\n<p><strong>1. Tener en cuenta las relaciones entre las flores<\/strong><\/p>\n<p>A trav\u00e9s de las relaciones entre las flores, se puede determinar qu\u00e9 flor cubre el lado superficial de una dolencia y cu\u00e1l la causa m\u00e1s profunda. As\u00ed, se establece una clasificaci\u00f3n jer\u00e1rquica que determina la futura terapia. Se trata de una herramienta muy importante, sobre todo cuando el paciente necesita aparentemente un gran n\u00famero de flores y no se sabe por d\u00f3nde empezar. Si se eliminan las dolencias actuales, entonces seg\u00fan esta clasificaci\u00f3n es posible comprobar qu\u00e9 conceptos negativos ocultos del alma condujeron a las dolencias existentes.<\/p>\n<p><strong>2. Diagn\u00f3stico seg\u00fan las zonas cut\u00e1neas de las flores de bach<\/strong><\/p>\n<p>Para cada remedio de Star Remedies \/ Flores de Bach existen zonas en la piel, similares a las zonas reflejas de los pies. Con estados de \u00e1nimo negativos, se producen cambios en la estructura energ\u00e9tica en estos lugares, a menudo acompa\u00f1ados de dolor o trastornos de la sensibilidad. De este modo, podemos hacer diagn\u00f3sticos florales bas\u00e1ndonos exclusivamente en el lugar.<\/p>\n<p><strong>3. Aplicaciones de las flores sobre la piel<\/strong><\/p>\n<p>Aplicando directamente las flores correspondientes (en composici\u00f3n diluida) en las zonas de la piel afectadas, podemos aumentar significativamente el efecto de las flores. De esta manera, no s\u00f3lo los estados de \u00e1nimo negativos se recuperan mucho m\u00e1s r\u00e1pido que cuando se toman Remedios Estelares \/ Remedios Florales de Bach, sino que tambi\u00e9n las molestias f\u00edsicas suelen desaparecer m\u00e1s r\u00e1pidamente despu\u00e9s de aplicar las flores sobre la piel.<\/p>\n<p><strong>4. Capacidad de diagn\u00f3stico objetivo<\/strong><\/p>\n<p>Existen correspondencias directas entre los rastros de Star Remedies \/ Flores de Bach, por un lado, que resultan de las interrelaciones entre los Star Remedies \/ Flores de Bach, y los meridianos de acupuntura, por otro. En definitiva, los meridianos y los rastros de Remedios Estelares\/Flores de Bach son manifestaciones del mismo principio, pero en dos niveles vibratorios diferentes. Este hecho ofrece toda una serie de nuevas posibilidades diagn\u00f3sticas y terap\u00e9uticas. Por ejemplo, podemos deducir del curso del meridiano qu\u00e9 rastros de flores necesitamos. Lo mismo ocurre con el reloj de meridianos chino, que, para las dolencias que se producen cada vez en un momento determinado, proporciona pistas para elegir los Remedios Estelares\/Flores de Bach adecuados. Utilizando nuevos puntos de prueba y terapia en las l\u00edneas lunares descubiertas por Dietmar Kramer, los hom\u00f3logos de los meridianos de acupuntura a un nivel a\u00fan m\u00e1s sutil, podemos hacer un diagn\u00f3stico objetivo de los Remedios Estelares \/ Flores de Bach, especialmente en los casos que son algo m\u00e1s dif\u00edciles de diagnosticar. De este modo, no s\u00f3lo los estados de \u00e1nimo negativos se recuperan mucho m\u00e1s r\u00e1pido que al tomar gotas, sino que las molestias f\u00edsicas tambi\u00e9n suelen desaparecer m\u00e1s r\u00e1pido tras aplicar las flores sobre la piel.<\/p>\n\t\t<\/div>\n\t\t\t\t\t<\/div>\n\n\t\n\n\t<div id=\"col-305700425\" class=\"col medium-6 small-12 large-6\"  >\n\t\t\t\t<div class=\"col-inner\" style=\"background-color:rgba(154, 186, 204, 0.21);\" >\n\t\t\t\n\t\t\t\n<h4>Acreditaci\u00f3n y reconocimiento<\/h4>\n<p><span class=\"av_dropcap1\">A<\/span>a acreditaci\u00f3n y la homologaci\u00f3n dan una idea clara de la calidad de un curso. M\u00e1s informaci\u00f3n sobre la formaci\u00f3n integral y su contenido.<\/p>\n\t\t<\/div>\n\t\t\t\t\n<style>\n#col-305700425 > .col-inner {\n  padding: 10px 10px 10px 10px;\n}\n<\/style>\n\t<\/div>\n\n\t\n\n\t<div id=\"col-1768818046\" class=\"col medium-6 small-12 large-6\"  >\n\t\t\t\t<div class=\"col-inner\" style=\"background-color:rgba(154, 186, 204, 0.21);\" >\n\t\t\t\n\t\t\t\n<h4>Caracter\u00edsticas de la formaci\u00f3n<\/h4>\n<ul>\n<li>Estructura clara de las clases<\/li>\n<li>Explicaci\u00f3n y orientaci\u00f3n en clase<\/li>\n<li>M\u00e9todo de explicaci\u00f3n Nuevas terapias<\/li>\n<li>Dietmar Kr\u00e4mer como conferenciante*.<\/li>\n<li>Nuevas terapias en la pr\u00e1ctica<\/li>\n<li>Aprender a hacer una anamnesis clara<\/li>\n<\/ul>\n\t\t<\/div>\n\t\t\t\t\n<style>\n#col-1768818046 > .col-inner {\n  padding: 10px 10px 10px 10px;\n}\n<\/style>\n\t<\/div>\n\n\t\n<\/div>\n\t\t<\/div>\n\n\t\t\n<style>\n#section_1467140182 {\n  padding-top: 30px;\n  padding-bottom: 30px;\n}\n<\/style>\n\t<\/section>","protected":false},"excerpt":{"rendered":"","protected":false},"author":1,"featured_media":0,"parent":0,"menu_order":0,"comment_status":"closed","ping_status":"closed","template":"page-blank.php","meta":{"footnotes":""},"class_list":["post-3621","page","type-page","status-publish","hentry"],"_links":{"self":[{"href":"https:\/\/www.cint.nl\/es\/wp-json\/wp\/v2\/pages\/3621","targetHints":{"allow":["GET"]}}],"collection":[{"href":"https:\/\/www.cint.nl\/es\/wp-json\/wp\/v2\/pages"}],"about":[{"href":"https:\/\/www.cint.nl\/es\/wp-json\/wp\/v2\/types\/page"}],"author":[{"embeddable":true,"href":"https:\/\/www.cint.nl\/es\/wp-json\/wp\/v2\/users\/1"}],"replies":[{"embeddable":true,"href":"https:\/\/www.cint.nl\/es\/wp-json\/wp\/v2\/comments?post=3621"}],"version-history":[{"count":9,"href":"https:\/\/www.cint.nl\/es\/wp-json\/wp\/v2\/pages\/3621\/revisions"}],"predecessor-version":[{"id":32594,"href":"https:\/\/www.cint.nl\/es\/wp-json\/wp\/v2\/pages\/3621\/revisions\/32594"}],"wp:attachment":[{"href":"https:\/\/www.cint.nl\/es\/wp-json\/wp\/v2\/media?parent=3621"}],"curies":[{"name":"wp","href":"https:\/\/api.w.org\/{rel}","templated":true}]}}