{"id":3617,"date":"2016-09-20T14:35:46","date_gmt":"2016-09-20T12:35:46","guid":{"rendered":"https:\/\/www.cint.nl\/?page_id=3617"},"modified":"2025-10-15T15:59:11","modified_gmt":"2025-10-15T13:59:11","slug":"zonas-cutaneas","status":"publish","type":"page","link":"https:\/\/www.cint.nl\/es\/huidzones\/","title":{"rendered":"Flores de Bach Zonas de la piel"},"content":{"rendered":"<div id=\"page-header-1002970114\" class=\"page-header-wrapper\">\n  <div class=\"page-title dark normal-title\">\n\n        <div class=\"page-title-bg\">\n      <div class=\"title-bg fill bg-fill\"\n        data-parallax-container=\".page-title\"\n        data-parallax-background\n data-parallax=\"-\">\n      <\/div>\n      <div class=\"title-overlay fill\"><\/div>\n    <\/div>\n    \n    <div class=\"page-title-inner container align-bottom text-center flex-row-col medium-flex-wrap\" >\n              <div class=\"title-wrapper uppercase is-xlarge flex-col\">\n          <h1 class=\"entry-title mb-0\">\n            Zonas cut\u00e1neas          <\/h1>\n        <\/div>\n                    <div class=\"title-content flex-col\">\n        <div class=\"title-breadcrumbs pb-half pt-half\"><\/div>      <\/div>\n    <\/div>\n\n     \n<style>\n#page-header-1002970114 .page-title-inner {\n  min-height: 150px;\n}\n#page-header-1002970114 .title-bg {\n  background-image: url(https:\/\/www.cint.nl\/wp-content\/uploads\/2024\/04\/slide3-layer-11600.webp);\n  background-position: 52% 42%;\n}\n<\/style>\n  <\/div>\n    <\/div>\n  \n\n\t<section class=\"section\" id=\"section_404378804\">\n\t\t<div class=\"section-bg fill\" >\n\t\t\t\t\t\t\t\t\t\n\t\t\t\n\n\t\t<\/div>\n\n\t\t\n\n\t\t<div class=\"section-content relative\">\n\t\t\t\n<div class=\"row\"  id=\"row-2052471310\">\n\n\t<div id=\"col-804962099\" class=\"col small-12 large-12\"  >\n\t\t\t\t<div class=\"col-inner\"  >\n\t\t\t\n\t\t\t\n<div class=\"container section-title-container\" ><h2 class=\"section-title section-title-center\"><b aria-hidden=\"true\"><\/b><span class=\"section-title-main\" >ZONAS DE LA PIEL seg\u00fan DIETMAR KR\u00c4MER<\/span><b aria-hidden=\"true\"><\/b><\/h2><\/div>\n<p>En la terapia con flores, gracias a la existencia de zonas cut\u00e1neas sensibles a determinadas flores, tanto la realizaci\u00f3n de un diagn\u00f3stico correcto como la determinaci\u00f3n del tratamiento eficaz se simplifican considerablemente.<\/p>\n<p>Para las dolencias f\u00edsicas, la flor que se debe elegir se deduce directamente de la localizaci\u00f3n de las dolencias en el cuerpo.<\/p>\n<p>La aplicaci\u00f3n externa en la zona afectada, en forma de compresas o fricciones, casi siempre resulta mucho m\u00e1s eficaz que la simple toma del elixir floral correspondiente.<\/p>\n<p>Por lo general, esto acelera considerablemente el proceso de curaci\u00f3n. A menudo, la mejor\u00eda s\u00f3lo se produce tras el tratamiento local de la zona cut\u00e1nea alterada.<\/p>\n<p>En la pr\u00e1ctica, se comprob\u00f3 que en toda una serie de casos en los que se tom\u00f3 fielmente la flor adecuada al lugar perturbado durante un largo periodo de tiempo (a veces incluso m\u00e1s de seis meses) sin que ello tuviera el menor impacto en los s\u00edntomas existentes.<\/p>\n<p>Sin embargo, si se aplicaba la misma flor por v\u00eda t\u00f3pica, el estado del paciente sol\u00eda mejorar en poco tiempo.<\/p>\n<p>Por regla general, los problemas de naturaleza puramente psicol\u00f3gica tambi\u00e9n se solucionan m\u00e1s r\u00e1pidamente si no s\u00f3lo se toman las flores, sino que adem\u00e1s se tratan externamente las zonas de la piel asociadas a las flores principales, aunque no haya molestias f\u00edsicas asociadas a estas zonas de la piel. Para ello, suelen ser suficientes las zonas situadas en el tronco.<\/p>\n<p>Aqu\u00ed -mucho antes de que se manifiesten los primeros s\u00edntomas f\u00edsicos- se manifiestan cambios en el aura, que pueden diagnosticarse por medios sensitivos.<\/p>\n<p>La raz\u00f3n por la que los Remedios Estelares \/ Remedios de Bach -especialmente para dolencias f\u00edsicas- funcionan mucho m\u00e1s eficazmente cuando se aplican externamente en las zonas cut\u00e1neas pertinentes se comprende cuando nos damos cuenta de que los problemas psicol\u00f3gicos se tratan as\u00ed exactamente donde se manifiestan f\u00edsicamente.<\/p>\n<p>S\u00f3lo cuando se corrige el patr\u00f3n vibracional negativo en ese lugar, se resuelve tambi\u00e9n el desorden en el cuerpo material, siempre que no se haya producido todav\u00eda ning\u00fan da\u00f1o irreparable.<\/p>\n<p>En definitiva, se trata de zonas cut\u00e1neas arquet\u00edpicas. Todas las sustancias medicinales de materia fina que act\u00faan sobre los conceptos arquet\u00edpicos, de sentimientos negativos, clasificados con precisi\u00f3n por primera vez por Edward Bach, tienen un efecto curativo cuando se aplican a estas zonas espec\u00edficas de la piel, con total independencia de la naturaleza y las propiedades de las dolencias que all\u00ed existen.<\/p>\n<p>Estas finas sustancias, como ya se ha mencionado, tambi\u00e9n incluyen ciertos aceites esenciales y piedras preciosas. Pueden aplicarse en estas zonas de la piel de la misma forma que los Remedios Estrella\/Flores de Bach.<\/p>\n\t\t<\/div>\n\t\t\t\t\t<\/div>\n\n\t\n\n\t<div id=\"col-787764336\" class=\"col medium-6 small-12 large-6\"  >\n\t\t\t\t<div class=\"col-inner\" style=\"background-color:rgba(154, 186, 204, 0.21);\" >\n\t\t\t\n\t\t\t\n<h4>Acreditaci\u00f3n y reconocimiento<\/h4>\n<p><span class=\"av_dropcap1\">A<\/span>a acreditaci\u00f3n y la homologaci\u00f3n dan una idea clara de la calidad de un curso. M\u00e1s informaci\u00f3n sobre la formaci\u00f3n integral y su contenido.<\/p>\n\t\t<\/div>\n\t\t\t\t\n<style>\n#col-787764336 > .col-inner {\n  padding: 10px 10px 10px 10px;\n}\n<\/style>\n\t<\/div>\n\n\t\n\n\t<div id=\"col-769434352\" class=\"col medium-6 small-12 large-6\"  >\n\t\t\t\t<div class=\"col-inner\" style=\"background-color:rgba(154, 186, 204, 0.21);\" >\n\t\t\t\n\t\t\t\n<h4>Caracter\u00edsticas de la formaci\u00f3n<\/h4>\n<ul>\n<li>Estructura clara de las clases<\/li>\n<li>Explicaci\u00f3n y orientaci\u00f3n en clase<\/li>\n<li>Explicaci\u00f3n del m\u00e9todo Dietmar Kr\u00e4mer<\/li>\n<li>Dietmar Kr\u00e4mer como conferenciante*.<\/li>\n<li>Nuevas terapias en la pr\u00e1ctica<\/li>\n<li>Aprender a hacer una anamnesis clara<\/li>\n<\/ul>\n\t\t<\/div>\n\t\t\t\t\n<style>\n#col-769434352 > .col-inner {\n  padding: 10px 10px 10px 10px;\n}\n<\/style>\n\t<\/div>\n\n\t\n<\/div>\n\t\t<\/div>\n\n\t\t\n<style>\n#section_404378804 {\n  padding-top: 30px;\n  padding-bottom: 30px;\n}\n<\/style>\n\t<\/section>","protected":false},"excerpt":{"rendered":"","protected":false},"author":1,"featured_media":0,"parent":0,"menu_order":0,"comment_status":"closed","ping_status":"closed","template":"page-blank.php","meta":{"footnotes":""},"class_list":["post-3617","page","type-page","status-publish","hentry"],"_links":{"self":[{"href":"https:\/\/www.cint.nl\/es\/wp-json\/wp\/v2\/pages\/3617","targetHints":{"allow":["GET"]}}],"collection":[{"href":"https:\/\/www.cint.nl\/es\/wp-json\/wp\/v2\/pages"}],"about":[{"href":"https:\/\/www.cint.nl\/es\/wp-json\/wp\/v2\/types\/page"}],"author":[{"embeddable":true,"href":"https:\/\/www.cint.nl\/es\/wp-json\/wp\/v2\/users\/1"}],"replies":[{"embeddable":true,"href":"https:\/\/www.cint.nl\/es\/wp-json\/wp\/v2\/comments?post=3617"}],"version-history":[{"count":10,"href":"https:\/\/www.cint.nl\/es\/wp-json\/wp\/v2\/pages\/3617\/revisions"}],"predecessor-version":[{"id":32606,"href":"https:\/\/www.cint.nl\/es\/wp-json\/wp\/v2\/pages\/3617\/revisions\/32606"}],"wp:attachment":[{"href":"https:\/\/www.cint.nl\/es\/wp-json\/wp\/v2\/media?parent=3617"}],"curies":[{"name":"wp","href":"https:\/\/api.w.org\/{rel}","templated":true}]}}