{"id":3413,"date":"2016-09-20T00:16:02","date_gmt":"2016-09-19T22:16:02","guid":{"rendered":"https:\/\/www.cint.nl\/?page_id=3413"},"modified":"2025-05-06T18:08:17","modified_gmt":"2025-05-06T16:08:17","slug":"terapeutas","status":"publish","type":"page","link":"https:\/\/www.cint.nl\/es\/therapeuten\/","title":{"rendered":"Terapeutas CINT"},"content":{"rendered":"<div id=\"page-header-1370070704\" class=\"page-header-wrapper\">\n  <div class=\"page-title dark normal-title\">\n\n        <div class=\"page-title-bg\">\n      <div class=\"title-bg fill bg-fill\"\n        data-parallax-container=\".page-title\"\n        data-parallax-background\n data-parallax=\"-\">\n      <\/div>\n      <div class=\"title-overlay fill\"><\/div>\n    <\/div>\n    \n    <div class=\"page-title-inner container align-bottom text-center flex-row-col medium-flex-wrap\" >\n              <div class=\"title-wrapper uppercase is-xlarge flex-col\">\n          <h1 class=\"entry-title mb-0\">\n            Terapeutas CINT          <\/h1>\n        <\/div>\n                    <div class=\"title-content flex-col\">\n        <div class=\"title-breadcrumbs pb-half pt-half\"><\/div>      <\/div>\n    <\/div>\n\n     \n<style>\n#page-header-1370070704 .page-title-inner {\n  min-height: 150px;\n}\n#page-header-1370070704 .title-bg {\n  background-image: url(https:\/\/www.cint.nl\/wp-content\/uploads\/2024\/04\/slide3-layer-11600.webp);\n  background-position: 52% 42%;\n}\n<\/style>\n  <\/div>\n    <\/div>\n  \n\n\t<section class=\"section\" id=\"section_2108637928\">\n\t\t<div class=\"section-bg fill\" >\n\t\t\t\t\t\t\t\t\t\n\t\t\t\n\n\t\t<\/div>\n\n\t\t\n\n\t\t<div class=\"section-content relative\">\n\t\t\t\n<div class=\"row\"  id=\"row-637958875\">\n\n\t<div id=\"col-929305378\" class=\"col small-12 large-12\"  >\n\t\t\t\t<div class=\"col-inner\"  >\n\t\t\t\n\t\t\t\n<div class=\"container section-title-container\" ><h2 class=\"section-title section-title-center\"><b aria-hidden=\"true\"><\/b><span class=\"section-title-main\" >TERAPEUTAS CERTIFICADOS CINT<\/span><b aria-hidden=\"true\"><\/b><\/h2><\/div>\n<p class=\"\" data-start=\"137\" data-end=\"421\">\u00bfBusca un terapeuta acreditado en su zona? No dude en ponerse en contacto con C.I.N.T. Benelux Opleidingen. Estaremos encantados de ayudarle y podremos remitirle de forma personal y fiable a un terapeuta reconocido que se ajuste a sus necesidades espec\u00edficas de atenci\u00f3n.<\/p>\n<p class=\"\" data-start=\"423\" data-end=\"889\">Los terapeutas C.I.N.T. afiliados a nosotros son expertos y poseen de forma demostrable una o varias cualificaciones y\/o disciplinas. Est\u00e1n obligados a mantener al d\u00eda sus conocimientos profesionales y asisten regularmente a cursos de actualizaci\u00f3n y complementarios. Muchos de nuestros terapeutas son miembros de asociaciones profesionales reconocidas como el NWP, la fundaci\u00f3n NOAG, BATC, VBAG u otras organizaciones profesionales que tambi\u00e9n supervisan la calidad y el desarrollo continuo de sus miembros.<\/p>\n<p class=\"\" data-start=\"891\" data-end=\"1467\">Creemos que es importante recalcar que s\u00f3lo los terapeutas que figuran en la lista oficial de terapeutas del C.I.N.T. deben considerarse certificados y afiliados. Si se encuentra con terapeutas que afirman ser terapeutas C.I.N.T. o que han completado la formaci\u00f3n C.I.N.T., pero no figuran en nuestras listas actuales, significa que no han completado su m\u00f3dulo anual obligatorio de profundizaci\u00f3n. Por tanto, ya no est\u00e1n afiliados al C.I.N.T. y no podemos garantizar la calidad y actualidad de sus conocimientos.<\/p>\n<p class=\"\" data-start=\"1469\" data-end=\"1576\">Si desea m\u00e1s informaci\u00f3n o una recomendaci\u00f3n personal, no dude en <a href=\"https:\/\/www.cint.nl\/es\/pongase-en-contacto-con\/\">Contacto<\/a>.<\/p>\n\t\t<\/div>\n\t\t\t\t\t<\/div>\n\n\t\n<\/div>\n\t\t<\/div>\n\n\t\t\n<style>\n#section_2108637928 {\n  padding-top: 30px;\n  padding-bottom: 30px;\n}\n<\/style>\n\t<\/section>","protected":false},"excerpt":{"rendered":"","protected":false},"author":1,"featured_media":0,"parent":0,"menu_order":0,"comment_status":"closed","ping_status":"closed","template":"page-blank.php","meta":{"footnotes":""},"class_list":["post-3413","page","type-page","status-publish","hentry"],"_links":{"self":[{"href":"https:\/\/www.cint.nl\/es\/wp-json\/wp\/v2\/pages\/3413","targetHints":{"allow":["GET"]}}],"collection":[{"href":"https:\/\/www.cint.nl\/es\/wp-json\/wp\/v2\/pages"}],"about":[{"href":"https:\/\/www.cint.nl\/es\/wp-json\/wp\/v2\/types\/page"}],"author":[{"embeddable":true,"href":"https:\/\/www.cint.nl\/es\/wp-json\/wp\/v2\/users\/1"}],"replies":[{"embeddable":true,"href":"https:\/\/www.cint.nl\/es\/wp-json\/wp\/v2\/comments?post=3413"}],"version-history":[{"count":8,"href":"https:\/\/www.cint.nl\/es\/wp-json\/wp\/v2\/pages\/3413\/revisions"}],"predecessor-version":[{"id":32538,"href":"https:\/\/www.cint.nl\/es\/wp-json\/wp\/v2\/pages\/3413\/revisions\/32538"}],"wp:attachment":[{"href":"https:\/\/www.cint.nl\/es\/wp-json\/wp\/v2\/media?parent=3413"}],"curies":[{"name":"wp","href":"https:\/\/api.w.org\/{rel}","templated":true}]}}