{"id":3363,"date":"2016-09-19T16:40:30","date_gmt":"2016-09-19T14:40:30","guid":{"rendered":"https:\/\/www.cint.nl\/?page_id=3363"},"modified":"2025-10-15T15:54:23","modified_gmt":"2025-10-15T13:54:23","slug":"formacion-bach-blossom","status":"publish","type":"page","link":"https:\/\/www.cint.nl\/es\/bach-bloesem-opleiding\/","title":{"rendered":"Formaci\u00f3n en flores de Bach"},"content":{"rendered":"<div id=\"page-header-2119067002\" class=\"page-header-wrapper\">\n  <div class=\"page-title dark normal-title\">\n\n        <div class=\"page-title-bg\">\n      <div class=\"title-bg fill bg-fill\"\n        data-parallax-container=\".page-title\"\n        data-parallax-background\n data-parallax=\"-\">\n      <\/div>\n      <div class=\"title-overlay fill\"><\/div>\n    <\/div>\n    \n    <div class=\"page-title-inner container align-bottom text-center flex-row-col medium-flex-wrap\" >\n              <div class=\"title-wrapper uppercase is-xlarge flex-col\">\n          <h1 class=\"entry-title mb-0\">\n            Formaci\u00f3n en nuevas terapias          <\/h1>\n        <\/div>\n                    <div class=\"title-content flex-col\">\n        <div class=\"title-breadcrumbs pb-half pt-half\"><\/div>      <\/div>\n    <\/div>\n\n     \n<style>\n#page-header-2119067002 .page-title-inner {\n  min-height: 150px;\n}\n#page-header-2119067002 .title-bg {\n  background-image: url(https:\/\/www.cint.nl\/wp-content\/uploads\/2024\/04\/slide3-layer-11600.webp);\n  background-position: 52% 42%;\n}\n<\/style>\n  <\/div>\n    <\/div>\n  \n\n\t<section class=\"section\" id=\"section_709256100\">\n\t\t<div class=\"section-bg fill\" >\n\t\t\t\t\t\t\t\t\t\n\t\t\t\n\n\t\t<\/div>\n\n\t\t\n\n\t\t<div class=\"section-content relative\">\n\t\t\t\n<div class=\"row align-middle align-center\"  id=\"row-1146858901\">\n\n\t<div id=\"col-833170736\" class=\"col medium-12 small-12 large-9\"  >\n\t\t\t\t<div class=\"col-inner\"  >\n\t\t\t\n\t\t\t\n<p>C.I.N.T. Benelux Training ha ofrecido la\u00a0<strong><a href=\"https:\/\/www.cint.nl\/es\/acreditacion\/\">curso \u00fanico de formaci\u00f3n acreditado Remedios Estelares \/ Terapia Floral de Bach<\/a>\u00a0seg\u00fan el m\u00e9todo Dietmar Kr\u00e4mer<\/strong>. En la formaci\u00f3n acreditada\u00a0<strong>Adem\u00e1s de aprender todo sobre los Remedios de las Estrellas, los 38 remedios de flores de Bach, tambi\u00e9n aprender\u00e1s sobre los meridianos, los chakras, los fundamentos de la acupuntura china, las diferencias entre los Remedios de las Estrellas, los remedios de Bach y otros remedios de flores...<\/strong>.<\/p>\n<p>Star Remedies \/ Las Flores de Bach transforman los estados de \u00e1nimo negativos en rasgos positivos. En los \u00faltimos a\u00f1os, nuestra metodolog\u00eda ha ayudado a muchas personas a mejorar emocionalmente y a tratar al mismo tiempo dolencias f\u00edsicas. Bas\u00e1ndose en las 243 zonas cut\u00e1neas \u00fanicas, descubiertas por Dietmar Kr\u00e4mer, podr\u00e1 diagnosticar a\u00fan mejor y, por tanto, m\u00e1s r\u00e1pidamente.<\/p>\n<p>Durante la formaci\u00f3n aprender\u00e1, entre otras cosas, a realizar un diagn\u00f3stico diferencial y una anamnesis adecuados utilizando nuestro exclusivo cuestionario, lista de respuestas y cuestionario. Esto le permitir\u00e1 mostrar a sus clientes en una visi\u00f3n clara d\u00f3nde se originaron los problemas emocionales, qu\u00e9 pasos hay que dar y mostrar claramente qu\u00e9 progresos se est\u00e1n haciendo.\u00a0<\/p>\n<p>Tras completar nuestro exclusivo\u00a0<a href=\"https:\/\/www.cint.nl\/es\/acreditacion\/\">formaci\u00f3n acreditada<\/a> Star Remedies \/ Bach blossom therapy podr\u00e1 ayudar a\u00fan mejor a sus clientes y podr\u00e1 ponerse a trabajar directamente en su consulta.<\/p>\n<p>En nuestro curso de formaci\u00f3n de Star Remedies \/ Flores de Bach, aprender\u00e1s mucho sobre las cualidades generales de los remedios de Flores de Bach y Star Remedies, las caracter\u00edsticas emocionales de los seres humanos en relaci\u00f3n con los remedios de Flores de Bach y todas las posibilidades de aplicaci\u00f3n.<\/p>\n<p>Aprendes que no est\u00e1s limitado por la vieja idea de que uno s\u00f3lo puede dar 7 remedios de flor de bach. Nuestra metodolog\u00eda es tan s\u00f3lida que es una verdadera revelaci\u00f3n poder trabajar realmente con los Remedios Estrella \/ Remedios Flor de Bach sin ninguna restricci\u00f3n.<\/p>\n<p>En la formaci\u00f3n de Remedios Estelares \/ Terapia Floral de Bach seg\u00fan el m\u00e9todo de Dietmar Kr\u00e4mer, aprender\u00e1s much\u00edsimo. Encontrar\u00e1 el plan de estudios completo en la p\u00e1gina <a href=\"https:\/\/www.cint.nl\/es\/formacion\/\">Plan de estudios<\/a>.<\/p>\n<p>Tambi\u00e9n puede consultar nuestra amplia\u00a0<a href=\"https:\/\/www.cint.nl\/es\/curriculum\/\">solicite un plan de aprendizaje gratuito<\/a>.<\/p>\n\t\t<\/div>\n\t\t\t\t\t<\/div>\n\n\t\n\n\t<div id=\"col-1927978191\" class=\"col medium-6 small-12 large-3\"  >\n\t\t\t\t<div class=\"col-inner\"  >\n\t\t\t\n\t\t\t\n\t<div class=\"img has-hover x md-x lg-x y md-y lg-y\" id=\"image_115202225\">\n\t\t\t\t\t\t\t\t<div class=\"img-inner dark\" >\n\t\t\t<img loading=\"lazy\" decoding=\"async\" width=\"1020\" height=\"765\" src=\"https:\/\/www.cint.nl\/wp-content\/uploads\/2023\/02\/cint-1030x773.jpg\" class=\"attachment-large size-large\" alt=\"\" srcset=\"https:\/\/www.cint.nl\/wp-content\/uploads\/2023\/02\/cint-1030x773.jpg 1030w, https:\/\/www.cint.nl\/wp-content\/uploads\/2023\/02\/cint-300x225.jpg 300w, https:\/\/www.cint.nl\/wp-content\/uploads\/2023\/02\/cint-768x576.jpg 768w, https:\/\/www.cint.nl\/wp-content\/uploads\/2023\/02\/cint.jpg 1250w\" sizes=\"auto, (max-width: 1020px) 100vw, 1020px\" \/>\t\t\t\t\t\t\n\t\t\t\t\t<\/div>\n\t\t\t\t\t\t\t\t\n<style>\n#image_115202225 {\n  width: 100%;\n}\n<\/style>\n\t<\/div>\n\t\n\t\t<\/div>\n\t\t\t\t\t<\/div>\n\n\t\n<\/div>\n<div class=\"row\"  id=\"row-84304858\">\n\n\t<div id=\"col-1028257615\" class=\"col small-12 large-12\"  >\n\t\t\t\t<div class=\"col-inner\"  >\n\t\t\t\n\t\t\t\n<div class=\"container section-title-container\" style=\"margin-top:75px;\"><h2 class=\"section-title section-title-bold\"><b aria-hidden=\"true\"><\/b><span class=\"section-title-main\" >EDWARD BACH - Fundador de bach flower remedies<\/span><b aria-hidden=\"true\"><\/b><\/h2><\/div>\n\t\t<\/div>\n\t\t\t\t\t<\/div>\n\n\t\n\n\t<div id=\"col-1953883696\" class=\"col medium-8 small-12 large-8\"  >\n\t\t\t\t<div class=\"col-inner\"  >\n\t\t\t\n\t\t\t\n<p>Dr. Edward Bach<\/p>\n<p>Edward Bach naci\u00f3 en 1886 en Inglaterra, donde abandon\u00f3 la escuela a los 16 a\u00f1os, decidido a convertirse en m\u00e9dico. Creyendo que no pod\u00eda pedir a sus padres que sufragaran el coste de la larga formaci\u00f3n m\u00e9dica, decidi\u00f3 trabajar primero en la fundici\u00f3n de cobre de su padre. Durante tres a\u00f1os trabaj\u00f3 en las f\u00e1bricas Bach de Birmingham, unos a\u00f1os muy duros para \u00e9l.Dr Edward Bach - Heal Thyself Pero fue precisamente durante este dif\u00edcil per\u00edodo de su vida, en medio de sus compa\u00f1eros de trabajo, cuando adquiri\u00f3 una visi\u00f3n del car\u00e1cter humano, que m\u00e1s tarde constituir\u00eda la base de su futura obra. Entre los obreros de las f\u00e1bricas siempre exist\u00eda el temor a enfermar. Enfermar significaba para ellos p\u00e9rdida de trabajo y de ingresos, por lo que a menudo segu\u00edan trabajando porque estar enfermo tambi\u00e9n supon\u00eda una pesada carga de gastos m\u00e9dicos. Tambi\u00e9n vio que se hac\u00eda poco m\u00e1s con los s\u00edntomas de la gente que suprimirlos y tuvo claro que su camino consistir\u00eda en encontrar una forma de curaci\u00f3n que sanara el cuerpo y la mente. El Dr. Edward Bach estaba convencido ya entonces de que hab\u00eda que encontrar un m\u00e9todo curativo sencillo que curara las enfermedades cr\u00f3nicas.<\/p>\n<p>En \u00e9l crec\u00eda cada vez m\u00e1s el impulso de adentrarse en la naturaleza de Gales, la tierra de donde proced\u00edan sus antepasados. A principios de 1930, Edward Bach dej\u00f3 su consulta en Londres, se march\u00f3 a Gales y dedic\u00f3 todo su tiempo a buscar remedios en la naturaleza. La sensibilidad del Dr. Bach se desarroll\u00f3 enormemente y su fuerte conexi\u00f3n con la naturaleza le hizo sentir el poder curativo de las flores en su cuerpo y en su alma. Hasta 1936, Bach desarroll\u00f3 38 remedios, cada uno referido a un estado de \u00e1nimo particular. Los primeros 19 remedios que descubri\u00f3 Edward Bach se prepararon utilizando el \"m\u00e9todo solar\". Un m\u00e9todo muy sencillo. Consiste en recoger flores, que crecen en su entorno natural, a primera hora de la ma\u00f1ana en un d\u00eda luminoso y soleado. Las flores se colocan en un recipiente de cristal lleno de agua de un manantial natural cercano, de forma que la superficie cubra completamente el agua. El sol transmite las vibraciones de las flores al agua. Las flores permanecen en el cuenco entre tres y cuatro horas. A continuaci\u00f3n, se utilizan ramitas u hojas de la misma planta para retirar las flores del agua. Esta soluci\u00f3n se mezcla con las mismas partes de aguardiente, por motivos de conservaci\u00f3n. Supongamos que ha habido medio litro de agua en el recipiente, que se rellena con medio litro de brandy, con lo que se tiene un litro de \"tintura madre\". Con dos gotas de esta tintura se hace un \"stockbottle\", que se rellena con brandy. Como no todos los \u00e1rboles, arbustos y flores florecen en una estaci\u00f3n con mucho sol, las dem\u00e1s flores se preparan por el m\u00e9todo de ebullici\u00f3n: las flores se hierven durante 30 minutos. Cuando se enfr\u00edan, se filtra todo y se mezcla de nuevo con la misma cantidad de brandy y se manipula de la misma manera que con el m\u00e9todo del sol. Creo que lo asombroso de Edward Bach no es s\u00f3lo el descubrimiento de los remedios, sino que estos 38 remedios son los arquetipos que tratan los sentimientos, por ejemplo, los celos, la falta de confianza en uno mismo, la ansiedad o la depresi\u00f3n. Todas las personas del mundo tienen estos sentimientos, ya vivas en Holanda, Sud\u00e1frica o Alaska. Estos estados de \u00e1nimo son t\u00edpicos de todas las personas. Lo mismo ocurre con los animales, las flores, los \u00e1rboles, etc. Los animales tambi\u00e9n sienten miedo o celos o quieren atenci\u00f3n constante, las plantas que pones en un rinc\u00f3n diferente pueden parecer marchitas al cabo de un tiempo, por ejemplo, aunque reciban la misma cantidad de sol y agua. Tambi\u00e9n pueden sentir privaciones o no soportar el cambio de lugar.<\/p>\n<ol>\n<li>Las 38 flores de Bach, descubiertas por el Dr. Edward Bach, son arquetipos universales.<\/li>\n<li>3 flores de Bach juntas se denominan \"rastro\".<\/li>\n<li>Un trazo tiene relaci\u00f3n con un meridiano.<\/li>\n<li>Dos trazas + las flores de Bach \"externas\" que las acompa\u00f1an pertenecen, seg\u00fan la medicina china y la doctrina de los cinco elementos, a un Elemento.<\/li>\n<li>Esto se denomina \"combinaci\u00f3n de trazos florales de Bach\". Funcionan seg\u00fan el Ciclo del Cambio<\/li>\n<li>Una \"combinaci\u00f3n de rastro de flor de bach\" tambi\u00e9n tiene relaci\u00f3n con un chakra.<\/li>\n<li>Dos chakras vuelven a tener una relaci\u00f3n entre s\u00ed.<\/li>\n<\/ol>\n<p><strong>Seg\u00fan Dietmar Kr\u00e4mer, el m\u00e9todo funciona en los siguientes niveles: et\u00e9rico, emocional y mental. Estos se tratan de diferentes maneras:<\/strong><\/p>\n<ol>\n<li>A nivel et\u00e9rico, el tratamiento se realiza con cromoterapia y sonoterapia.<\/li>\n<li>A nivel emocional, el tratamiento se realiza con flores de Bach y aceites esenciales<\/li>\n<li>A nivel mental, la gemoterapia se trata con<\/li>\n<\/ol>\n\t\t<\/div>\n\t\t\t\t\t<\/div>\n\n\t\n\n\t<div id=\"col-778764546\" class=\"col medium-4 small-12 large-4\"  >\n\t\t\t\t<div class=\"col-inner\"  >\n\t\t\t\n\t\t\t\n\t<div class=\"img has-hover x md-x lg-x y md-y lg-y\" id=\"image_1853994411\">\n\t\t\t\t\t\t\t\t<div class=\"img-inner dark\" >\n\t\t\t<img loading=\"lazy\" decoding=\"async\" width=\"837\" height=\"1180\" src=\"https:\/\/www.cint.nl\/wp-content\/uploads\/2023\/02\/edward-bach.jpg\" class=\"attachment-original size-original\" alt=\"\" srcset=\"https:\/\/www.cint.nl\/wp-content\/uploads\/2023\/02\/edward-bach.jpg 837w, https:\/\/www.cint.nl\/wp-content\/uploads\/2023\/02\/edward-bach-213x300.jpg 213w, https:\/\/www.cint.nl\/wp-content\/uploads\/2023\/02\/edward-bach-731x1030.jpg 731w, https:\/\/www.cint.nl\/wp-content\/uploads\/2023\/02\/edward-bach-768x1083.jpg 768w\" sizes=\"auto, (max-width: 837px) 100vw, 837px\" \/>\t\t\t\t\t\t\n\t\t\t\t\t<\/div>\n\t\t\t\t\t\t\t\t\n<style>\n#image_1853994411 {\n  width: 100%;\n}\n<\/style>\n\t<\/div>\n\t\n\t\t<\/div>\n\t\t\t\t\t<\/div>\n\n\t\n\n\t<div id=\"col-1522189005\" class=\"col medium-6 small-12 large-6\"  >\n\t\t\t\t<div class=\"col-inner\" style=\"background-color:rgba(154, 186, 204, 0.21);\" >\n\t\t\t\n\t\t\t\n<h4>Acreditaci\u00f3n y reconocimiento<\/h4>\n<p><span class=\"av_dropcap1\">A<\/span>a acreditaci\u00f3n y la homologaci\u00f3n dan una idea clara de la calidad de un curso. M\u00e1s informaci\u00f3n sobre la formaci\u00f3n integral y su contenido.<\/p>\n\t\t<\/div>\n\t\t\t\t\n<style>\n#col-1522189005 > .col-inner {\n  padding: 10px 10px 10px 10px;\n}\n<\/style>\n\t<\/div>\n\n\t\n\n\t<div id=\"col-1555740617\" class=\"col medium-6 small-12 large-6\"  >\n\t\t\t\t<div class=\"col-inner\" style=\"background-color:rgba(154, 186, 204, 0.21);\" >\n\t\t\t\n\t\t\t\n<h4>Caracter\u00edsticas de la formaci\u00f3n<\/h4>\n<ul>\n<li>Estructura clara de las clases<\/li>\n<li>Explicaci\u00f3n y orientaci\u00f3n en clase<\/li>\n<li>Explicaci\u00f3n del m\u00e9todo Dietmar Kr\u00e4mer<\/li>\n<li>Dietmar Kr\u00e4mer como conferenciante*.<\/li>\n<li>Nuevas terapias en la pr\u00e1ctica<\/li>\n<li>Aprender a hacer una anamnesis clara<\/li>\n<\/ul>\n\t\t<\/div>\n\t\t\t\t\n<style>\n#col-1555740617 > .col-inner {\n  padding: 10px 10px 10px 10px;\n}\n<\/style>\n\t<\/div>\n\n\t\n<\/div>\n\t\t<\/div>\n\n\t\t\n<style>\n#section_709256100 {\n  padding-top: 30px;\n  padding-bottom: 30px;\n}\n<\/style>\n\t<\/section>","protected":false},"excerpt":{"rendered":"","protected":false},"author":1,"featured_media":0,"parent":0,"menu_order":0,"comment_status":"closed","ping_status":"closed","template":"page-blank.php","meta":{"footnotes":""},"class_list":["post-3363","page","type-page","status-publish","hentry"],"_links":{"self":[{"href":"https:\/\/www.cint.nl\/es\/wp-json\/wp\/v2\/pages\/3363","targetHints":{"allow":["GET"]}}],"collection":[{"href":"https:\/\/www.cint.nl\/es\/wp-json\/wp\/v2\/pages"}],"about":[{"href":"https:\/\/www.cint.nl\/es\/wp-json\/wp\/v2\/types\/page"}],"author":[{"embeddable":true,"href":"https:\/\/www.cint.nl\/es\/wp-json\/wp\/v2\/users\/1"}],"replies":[{"embeddable":true,"href":"https:\/\/www.cint.nl\/es\/wp-json\/wp\/v2\/comments?post=3363"}],"version-history":[{"count":18,"href":"https:\/\/www.cint.nl\/es\/wp-json\/wp\/v2\/pages\/3363\/revisions"}],"predecessor-version":[{"id":32600,"href":"https:\/\/www.cint.nl\/es\/wp-json\/wp\/v2\/pages\/3363\/revisions\/32600"}],"wp:attachment":[{"href":"https:\/\/www.cint.nl\/es\/wp-json\/wp\/v2\/media?parent=3363"}],"curies":[{"name":"wp","href":"https:\/\/api.w.org\/{rel}","templated":true}]}}