{"id":3276,"date":"2016-09-16T14:26:43","date_gmt":"2016-09-16T12:26:43","guid":{"rendered":"https:\/\/www.cint.nl\/?page_id=3276"},"modified":"2025-09-11T15:52:47","modified_gmt":"2025-09-11T13:52:47","slug":"contenido","status":"publish","type":"page","link":"https:\/\/www.cint.nl\/es\/inhoud\/","title":{"rendered":"Contenido"},"content":{"rendered":"<div id=\"page-header-867405313\" class=\"page-header-wrapper\">\n  <div class=\"page-title dark normal-title\">\n\n        <div class=\"page-title-bg\">\n      <div class=\"title-bg fill bg-fill\"\n        data-parallax-container=\".page-title\"\n        data-parallax-background\n data-parallax=\"-\">\n      <\/div>\n      <div class=\"title-overlay fill\"><\/div>\n    <\/div>\n    \n    <div class=\"page-title-inner container align-bottom text-center flex-row-col medium-flex-wrap\" >\n              <div class=\"title-wrapper uppercase is-xlarge flex-col\">\n          <h1 class=\"entry-title mb-0\">\n            CONTENIDO DE LA FORMACI\u00d3N          <\/h1>\n        <\/div>\n                    <div class=\"title-content flex-col\">\n        <div class=\"title-breadcrumbs pb-half pt-half\"><\/div>      <\/div>\n    <\/div>\n\n     \n<style>\n#page-header-867405313 .page-title-inner {\n  min-height: 150px;\n}\n#page-header-867405313 .title-bg {\n  background-image: url(https:\/\/www.cint.nl\/wp-content\/uploads\/2024\/04\/slide3-layer-11600.webp);\n  background-position: 52% 42%;\n}\n<\/style>\n  <\/div>\n    <\/div>\n  \n\n\t<section class=\"section\" id=\"section_1675937216\">\n\t\t<div class=\"section-bg fill\" >\n\t\t\t\t\t\t\t\t\t\n\t\t\t\n\n\t\t<\/div>\n\n\t\t\n\n\t\t<div class=\"section-content relative\">\n\t\t\t\n<div class=\"row\"  id=\"row-885560153\">\n\n\t<div id=\"col-235974774\" class=\"col small-12 large-12\"  >\n\t\t\t\t<div class=\"col-inner\"  >\n\t\t\t\n\t\t\t\n<p>C.I.N.T. Benelux Opleidingen \/ Star Remedies ofrece una formaci\u00f3n muy completa con mucho material did\u00e1ctico. A continuaci\u00f3n encontrar\u00e1 un breve resumen de los componentes que se tratar\u00e1n por m\u00f3dulo.<\/p>\n\t\t<\/div>\n\t\t\t\t\t<\/div>\n\n\t\n\n\t<div id=\"col-1149378360\" class=\"col small-12 large-12\"  >\n\t\t\t\t<div class=\"col-inner\"  >\n\t\t\t\n\t\t\t\n<div class=\"container section-title-container\" ><h2 class=\"section-title section-title-bold\"><b aria-hidden=\"true\"><\/b><span class=\"section-title-main\" >M\u00f3dulo 1<\/span><b aria-hidden=\"true\"><\/b><\/h2><\/div>\n<ul>\n<li>Descubrimiento, fabricaci\u00f3n y aplicaci\u00f3n de las flores de Bach;<\/li>\n<li>Descubrimiento, fabricaci\u00f3n y aplicaci\u00f3n de esencias florales de Star Remedies;<\/li>\n<li>la enfermedad como conflicto entre el Yo Superior y la personalidad<\/li>\n<li>Nueva clasificaci\u00f3n de esencias florales Star Remedies y remedios florales de Bach; esencias florales Star Remedies y remedios florales de Bach internos y externos;<\/li>\n<li>nueva clasificaci\u00f3n de las esencias florales Star Remedies; esencias florales Star Remedies internas y externas<\/li>\n<li>indicaci\u00f3n y conocimiento de las esencias florales externas Star Remedies y de las flores de Bach externas<\/li>\n<li>indicaciones diferentes de la topograf\u00eda de las zonas cut\u00e1neas<\/li>\n<li>m\u00e9todo de diagn\u00f3stico<\/li>\n<li>los diferentes niveles energ\u00e9ticos de las personas y los m\u00e9todos curativos que act\u00faan sobre ellos<\/li>\n<li>aplicaciones orientadas a la pr\u00e1ctica de las zonas cut\u00e1neas;<\/li>\n<li>tratamiento de heridas\/lesiones.<\/li>\n<\/ul>\n\t\t<\/div>\n\t\t\t\t\t<\/div>\n\n\t\n\n\t<div id=\"col-483342861\" class=\"col small-12 large-12\"  >\n\t\t\t\t<div class=\"col-inner\"  >\n\t\t\t\n\t\t\t\n<div class=\"container section-title-container\" style=\"margin-top:75px;\"><h2 class=\"section-title section-title-bold\"><b aria-hidden=\"true\"><\/b><span class=\"section-title-main\" >M\u00f3dulo 2<\/span><b aria-hidden=\"true\"><\/b><\/h2><\/div>\n<ul>\n<li>Resumen M\u00f3dulo I;<\/li>\n<li>Teor\u00eda y pr\u00e1ctica de dos pistas: la pista Maskflower\/Mimulus y la pista Poppy\/Gentians<\/li>\n<li>el remedio externo asociado a una combinaci\u00f3n de v\u00edas<\/li>\n<li>fundamentos de la acupuntura china como base para aclarar los trazos florales de Bach; (por partes)<\/li>\n<li>introducci\u00f3n a los chakras (por partes)<\/li>\n<li>diferencia entre homeopat\u00eda y Star Remedies esencias florales remedios florales de Bach;<\/li>\n<li>indicaci\u00f3n de las esencias florales individuales de Star Remedies y de los remedios florales de Bach de cada rastro;<\/li>\n<li>relaci\u00f3n entre los trazos en flor y los meridianos de acupuntura y los chakras de los trazos tratados<\/li>\n<li>An\u00e1lisis y clasificaci\u00f3n por rastros;<\/li>\n<li>Trabajo orientado a la pr\u00e1ctica con el cuestionario; profundizar en el m\u00e9todo de diagn\u00f3stico;<\/li>\n<li>las siete etapas de escalada de un s\u00edntoma<\/li>\n<li>bloques terap\u00e9uticos<\/li>\n<li>Star Remedies esencias florales y remedios florales de Bach para animales y plantas;<\/li>\n<li>teor\u00eda sobre las zonas cut\u00e1neas asociadas a las v\u00edas<\/li>\n<li>Diferencias entre las esencias de flores de Star Remedies y las flores de Bach<\/li>\n<li>pruebas de diferentes remedios en zonas de la piel<\/li>\n<li>consejos pr\u00e1cticos<\/li>\n<\/ul>\n\t\t<\/div>\n\t\t\t\t\t<\/div>\n\n\t\n\n\t<div id=\"col-1221918060\" class=\"col small-12 large-12\"  >\n\t\t\t\t<div class=\"col-inner\"  >\n\t\t\t\n\t\t\t\n<div class=\"container section-title-container\" style=\"margin-top:75px;\"><h2 class=\"section-title section-title-bold\"><b aria-hidden=\"true\"><\/b><span class=\"section-title-main\" >M\u00f3dulo 3<\/span><b aria-hidden=\"true\"><\/b><\/h2><\/div>\n<ul>\n<li>resumen m\u00f3dulo 2;<\/li>\n<li>teor\u00eda y pr\u00e1ctica de dos pistas: la pista Milenrama\/Centauro y la pista Amor y esperanza\/Rosa de roca<\/li>\n<li>indicaci\u00f3n de las esencias florales individuales de Star Remedies y remedios florales de Bach de cada rastro;<\/li>\n<li>el remedio externo asociado a una combinaci\u00f3n de v\u00edas<\/li>\n<li>relaci\u00f3n entre los trazos en flor y los meridianos de acupuntura y los chakras de los trazos tratados<\/li>\n<li>fundamentos de la acupuntura china como base para aclarar los trazos florales de Bach; (por partes)<\/li>\n<li>introducci\u00f3n a los chakras (por partes)<\/li>\n<li>An\u00e1lisis y clasificaci\u00f3n por rastros;<\/li>\n<li>Trabajo orientado a la pr\u00e1ctica con el cuestionario; profundizar en el m\u00e9todo de diagn\u00f3stico;<\/li>\n<li>Conocimiento de algunas esencias florales de Remedios Estelares que no pertenecen a las Nuevas Terapias<\/li>\n<li>conexi\u00f3n con otras formas de terapia<\/li>\n<li>Diferencias entre las esencias de flores de Star Remedies y las flores de Bach<\/li>\n<li>pruebas de diferentes remedios en zonas de la piel<\/li>\n<li>todas las fuentes de energ\u00eda humana<\/li>\n<\/ul>\n\t\t<\/div>\n\t\t\t\t\t<\/div>\n\n\t\n\n\t<div id=\"col-445515368\" class=\"col small-12 large-12\"  >\n\t\t\t\t<div class=\"col-inner\"  >\n\t\t\t\n\t\t\t\n<div class=\"container section-title-container\" style=\"margin-top:75px;\"><h2 class=\"section-title section-title-bold\"><b aria-hidden=\"true\"><\/b><span class=\"section-title-main\" >M\u00f3dulo 4<\/span><b aria-hidden=\"true\"><\/b><\/h2><\/div>\n<ul>\n<li>resumen m\u00f3dulo 3;<\/li>\n<li>teor\u00eda y pr\u00e1ctica de dos pistas: la pista Leadweed\/Ceratos y la pista Love and Reed\/Scleranthus<\/li>\n<li>Indicaci\u00f3n de esencias florales individuales de Star Remedies Remedios florales de Bach de cada traza;<\/li>\n<li>el remedio externo asociado a una combinaci\u00f3n de v\u00edas<\/li>\n<li>fundamentos de la acupuntura china como base para aclarar los trazos florales de Bach; (por partes)<\/li>\n<li>introducci\u00f3n a los chakras (por partes)<\/li>\n<li>relaci\u00f3n entre los trazos en flor y los meridianos de acupuntura y los chakras de los trazos tratados<\/li>\n<li>An\u00e1lisis y clasificaci\u00f3n por rastros;<\/li>\n<li>aprender a probar las auras<\/li>\n<li>con referencia a: zonas cut\u00e1neas alteradas y meridianos de acupuntura alterados<\/li>\n<li>Diagn\u00f3stico sensible de las zonas tranquilas<\/li>\n<li>Anamnesis espont\u00e1nea<\/li>\n<li>Consulta mediante cuestionario combinado con respuesta y hoja de trabajo<\/li>\n<li>Diagn\u00f3stico basado en dolencias f\u00edsicas con referencia a: zonas cut\u00e1neas alteradas, meridianos de acupuntura alterados &amp; Diagn\u00f3stico sensible de zonas tranquilas.<\/li>\n<li>Diferencias entre las esencias de flores de Star Remedies y las flores de Bach<\/li>\n<li>pruebas de diferentes remedios en zonas de la piel<\/li>\n<\/ul>\n\t\t<\/div>\n\t\t\t\t\t<\/div>\n\n\t\n\n\t<div id=\"col-2510222\" class=\"col small-12 large-12\"  >\n\t\t\t\t<div class=\"col-inner\"  >\n\t\t\t\n\t\t\t\n<div class=\"container section-title-container\" style=\"margin-top:75px;\"><h2 class=\"section-title section-title-bold\"><b aria-hidden=\"true\"><\/b><span class=\"section-title-main\" >M\u00f3dulo 5<\/span><b aria-hidden=\"true\"><\/b><\/h2><\/div>\n<ul>\n<li>resumen m\u00f3dulo 4;<\/li>\n<li>Teor\u00eda y pr\u00e1ctica de dos v\u00edas: la v\u00eda Reina de las Costas\/Vervain y la v\u00eda Milenrama\/Centaury.<\/li>\n<li>Indicaci\u00f3n de esencias florales individuales de Star Remedies Remedios florales de Bach de cada traza;<\/li>\n<li>el remedio externo asociado a una combinaci\u00f3n de v\u00edas<\/li>\n<li>fundamentos de la acupuntura china como base para aclarar los trazos florales de Bach; (por partes)<\/li>\n<li>introducci\u00f3n a los chakras (por partes)<\/li>\n<li>indicaci\u00f3n del remedio externo asociado a una combinaci\u00f3n de trazas<\/li>\n<li>relaci\u00f3n entre los trazos en flor y los meridianos de acupuntura y los chakras de los trazos tratados<\/li>\n<li>An\u00e1lisis y clasificaci\u00f3n por rastros;<\/li>\n<li>preparaci\u00f3n de la primera combinaci\u00f3n<\/li>\n<li>preparaci\u00f3n de la segunda y posteriores combinaciones<\/li>\n<li>Diferencias entre las esencias de flores de Star Remedies y las flores de Bach<\/li>\n<li>pruebas de diferentes remedios en zonas de la piel<\/li>\n<li>el reloj meridiano<\/li>\n<\/ul>\n\t\t<\/div>\n\t\t\t\t\t<\/div>\n\n\t\n\n\t<div id=\"col-1826270859\" class=\"col small-12 large-12\"  >\n\t\t\t\t<div class=\"col-inner\"  >\n\t\t\t\n\t\t\t\n<div class=\"container section-title-container\" style=\"margin-top:75px;\"><h2 class=\"section-title section-title-bold\"><b aria-hidden=\"true\"><\/b><span class=\"section-title-main\" >M\u00f3dulo 6<\/span><b aria-hidden=\"true\"><\/b><\/h2><\/div>\n<ul>\n<li>Resumen del m\u00f3dulo 5;<\/li>\n<li>Teor\u00eda y pr\u00e1ctica de dos pistas: la pista Mayflower\/Chicory y la pista Eucalypthus\/Water violet.<\/li>\n<li>Indicaci\u00f3n de esencias florales individuales de Star Remedies Remedios florales de Bach de cada traza;<\/li>\n<li>el remedio externo asociado a una combinaci\u00f3n de v\u00edas<\/li>\n<li>fundamentos de la acupuntura china como base para aclarar los trazos florales de Bach; (por partes)<\/li>\n<li>introducci\u00f3n a los chakras (por partes)<\/li>\n<li>relaci\u00f3n entre los trazos en flor y los meridianos de acupuntura y los chakras de los trazos tratados<\/li>\n<li>An\u00e1lisis y clasificaci\u00f3n por rastros;<\/li>\n<li>prueba de color<\/li>\n<li>Algunas esencias florales de Star Remedies que no encajan en el marco de las Nuevas Terapias<\/li>\n<li>Diferencias entre las esencias de flores de Star Remedies y las flores de Bach<\/li>\n<li>pruebas de diferentes remedios en zonas de la piel<\/li>\n<li>aprender a comprobar las reacciones de resonancia de las flores, las piedras preciosas y los aceites esenciales en las zonas de la piel<\/li>\n<\/ul>\n\t\t<\/div>\n\t\t\t\t\t<\/div>\n\n\t\n\n\t<div id=\"col-1776509418\" class=\"col small-12 large-12\"  >\n\t\t\t\t<div class=\"col-inner\"  >\n\t\t\t\n\t\t\t\n<div class=\"container section-title-container\" style=\"margin-top:75px;\"><h2 class=\"section-title section-title-bold\"><b aria-hidden=\"true\"><\/b><span class=\"section-title-main\" >M\u00f3dulo 7<\/span><b aria-hidden=\"true\"><\/b><\/h2><\/div>\n<ul>\n<li>resumen m\u00f3dulo 6;<\/li>\n<li>Teor\u00eda y pr\u00e1ctica de dos v\u00edas: la v\u00eda Ismene\/Clematis y la v\u00eda Dandelion\/Impatiens.<\/li>\n<li>Indicaci\u00f3n de esencias florales individuales de Star Remedies Remedios florales de Bach de cada traza;<\/li>\n<li>fundamentos de la acupuntura china como base para aclarar los trazos florales de Bach; (por partes)<\/li>\n<li>introducci\u00f3n a los chakras (por partes)<\/li>\n<li>el remedio externo asociado a una combinaci\u00f3n de v\u00edas<\/li>\n<li>relaci\u00f3n entre los trazos en flor y los meridianos de acupuntura y los chakras de los trazos tratados<\/li>\n<li>An\u00e1lisis y clasificaci\u00f3n por rastros;<\/li>\n<li>la aparici\u00f3n de los chakras<\/li>\n<li>forma de los chakras<\/li>\n<li>los colores de los chakras<\/li>\n<li>niveles de los chakras<\/li>\n<li>los siete chakras y su relaci\u00f3n entre s\u00ed<\/li>\n<li>las conexiones entre los chakras<\/li>\n<li>los chakras como centros reguladores superiores del ciclo de control de la acupuntura.<\/li>\n<li>kundalini<\/li>\n<li>prana<\/li>\n<li>el tratamiento del cuestionario cumplimentado por el estudiante por parte de un compa\u00f1ero de estudios<\/li>\n<li>Diferencias entre las esencias de flores de Star Remedies y las flores de Bach<\/li>\n<li>pruebas de diferentes remedios en zonas de la piel<\/li>\n<\/ul>\n\t\t<\/div>\n\t\t\t\t\t<\/div>\n\n\t\n\n\t<div id=\"col-119396636\" class=\"col small-12 large-12\"  >\n\t\t\t\t<div class=\"col-inner\"  >\n\t\t\t\n\t\t\t\n<div class=\"container section-title-container\" style=\"margin-top:75px;\"><h2 class=\"section-title section-title-bold\"><b aria-hidden=\"true\"><\/b><span class=\"section-title-main\" >M\u00f3dulo 8<\/span><b aria-hidden=\"true\"><\/b><\/h2><\/div>\n<ul>\n<li>resumen m\u00f3dulo 7<\/li>\n<li>Teor\u00eda y pr\u00e1ctica de dos v\u00edas: la v\u00eda Mayflower\/Chicory y la v\u00eda Knotweed\/Agrimony.<\/li>\n<li>como la forma m\u00e1s eficaz de terapia floral de Bach;<\/li>\n<li>fundamentos de la acupuntura china como base para aclarar los trazos florales de Bach; (por partes)<\/li>\n<li>introducci\u00f3n a los chakras (por partes)<\/li>\n<li>el remedio externo asociado a una combinaci\u00f3n de v\u00edas<\/li>\n<li>senderos de flores y colores;<\/li>\n<li>prueba de color de la flor;<\/li>\n<li>influencias traum\u00e1ticas durante el embarazo y el parto como causa de estados de \u00e1nimo negativos;<\/li>\n<li>m\u00e9todo de diagn\u00f3stico;<\/li>\n<li>tratar a los ni\u00f1os con esencias florales Star Remedies y remedios florales de Bach<\/li>\n<li>desarrollar un caso pr\u00e1ctico<\/li>\n<li>Prueba exhaustiva (elaboraci\u00f3n de casos de ni\u00f1os)<\/li>\n<li>Diferencias entre las esencias de flores de Star Remedies y las flores de Bach<\/li>\n<li>pruebas de diferentes remedios en zonas de la piel<\/li>\n<\/ul>\n\t\t<\/div>\n\t\t\t\t\t<\/div>\n\n\t\n\n\t<div id=\"col-225574278\" class=\"col small-12 large-12\"  >\n\t\t\t\t<div class=\"col-inner\"  >\n\t\t\t\n\t\t\t\n<div class=\"container section-title-container\" style=\"margin-top:75px;\"><h2 class=\"section-title section-title-bold\"><b aria-hidden=\"true\"><\/b><span class=\"section-title-main\" >M\u00f3dulo 9<\/span><b aria-hidden=\"true\"><\/b><\/h2><\/div>\n<ul>\n<li>resumen m\u00f3dulo 8<\/li>\n<li>desarrollar un tratamiento total<\/li>\n<li>aprender a comprobar manualmente las resonancias a diferentes niveles<\/li>\n<li>Introducci\u00f3n sobre Paracelso<\/li>\n<li>tratar a los ni\u00f1os con esencias florales Star Remedies y remedios florales de Bach<\/li>\n<\/ul>\n\t\t<\/div>\n\t\t\t\t\t<\/div>\n\n\t\n\n\t<div id=\"col-35850307\" class=\"col small-12 large-12\"  >\n\t\t\t\t<div class=\"col-inner\"  >\n\t\t\t\n\t\t\t\n<div class=\"container section-title-container\" style=\"margin-top:75px;\"><h2 class=\"section-title section-title-bold\"><b aria-hidden=\"true\"><\/b><span class=\"section-title-main\" >M\u00f3dulo 10<\/span><b aria-hidden=\"true\"><\/b><\/h2><\/div>\n<ul>\n<li>resumen m\u00f3dulo 9<\/li>\n<li>adquirir conocimientos sobre los Siete Aspectos Esenciales<\/li>\n<li>explicaci\u00f3n de por qu\u00e9 los remedios Knotweed o Agrimony pueden administrarse con seguridad<\/li>\n<li>explicaci\u00f3n y explicaci\u00f3n de por qu\u00e9, junto con las esencias florales de Star Remedies y las Flores de Bach, se puede<\/li>\n<li>las flores envueltas en una historia<\/li>\n<li>Examen exhaustivo (elaboraci\u00f3n de casos pr\u00e1cticos plurianuales y examen tipo test)<\/li>\n<li>conclusi\u00f3n de la formaci\u00f3n<\/li>\n<\/ul>\n\t\t<\/div>\n\t\t\t\t\t<\/div>\n\n\t\n\n\t<div id=\"col-1579563322\" class=\"col small-12 large-12\"  >\n\t\t\t\t<div class=\"col-inner\" style=\"background-color:rgba(154, 186, 204, 0.21);\" >\n\t\t\t\n\t\t\t\n\t<div id=\"text-3935879329\" class=\"text\">\n\t\t\n<h3>Cursos de formaci\u00f3n Star Remedies - diploma tras el m\u00f3dulo 10<\/strong><\/h3>\n<p>Una vez completados con \u00e9xito los 10 m\u00f3dulos anteriores y superadas con \u00e9xito ambas pruebas, el participante recibir\u00e1 el Diploma de Formaci\u00f3n oficial de Star Remedies.<\/p>\n\t\t\n<style>\n#text-3935879329 {\n  text-align: center;\n}\n<\/style>\n\t<\/div>\n\t\n\t\t<\/div>\n\t\t\t\t\t<\/div>\n\n\t\n\n\t<div id=\"col-975760710\" class=\"col small-12 large-12\"  >\n\t\t\t\t<div class=\"col-inner\"  >\n\t\t\t\n\t\t\t\n<div class=\"container section-title-container\" style=\"margin-top:75px;\"><h2 class=\"section-title section-title-bold\"><b aria-hidden=\"true\"><\/b><span class=\"section-title-main\" >M\u00f3dulo 11<\/span><b aria-hidden=\"true\"><\/b><\/h2><\/div>\n<ul>\n<li>Relaci\u00f3n entre chakras, trazos florales de Bach y meridianos de acupuntura;<\/li>\n<li>Chakras y zonas cut\u00e1neas de flores de Bach; nuevos resultados de la investigaci\u00f3n sobre el m\u00e9todo de diagn\u00f3stico energ\u00e9tico de los chakras;<\/li>\n<li>diagn\u00f3stico objetivo y sensible de los chakras;<\/li>\n<li>efectos psicol\u00f3gicos y energ\u00e9ticos de los sonidos;<\/li>\n<li>terapia de los chakras con los trazos florales de Bach, sonidos y metales<\/li>\n<li>aprender a percibir las reacciones de resonancia y comprobar los chakras<\/li>\n<\/ul>\n\t\t<\/div>\n\t\t\t\t\t<\/div>\n\n\t\n\n\t<div id=\"col-1582945250\" class=\"col small-12 large-12\"  >\n\t\t\t\t<div class=\"col-inner\"  >\n\t\t\t\n\t\t\t\n<div class=\"container section-title-container\" style=\"margin-top:75px;\"><h2 class=\"section-title section-title-bold\"><b aria-hidden=\"true\"><\/b><span class=\"section-title-main\" >M\u00f3dulo 12<\/span><b aria-hidden=\"true\"><\/b><\/h2><\/div>\n<ul>\n<li>El impacto de determinados m\u00e9todos curativos en diferentes cuerpos humanos;<\/li>\n<li>Aprender a probar las reacciones de resonancia de las flores de Bach, las piedras preciosas y los aceites esenciales en zonas de la piel.<\/li>\n<li>Nuevas pruebas de investigaci\u00f3n con piedras preciosas y aceites esenciales<\/li>\n<li>criterios de selecci\u00f3n de los aceites esenciales y las piedras preciosas elegibles;<\/li>\n<li>limpieza de piedras;<\/li>\n<li>Profundizar en los criterios objetivos y sensibles para evaluar la calidad terap\u00e9utica de los aceites esenciales y las piedras preciosas;<\/li>\n<li>prueba de \" tipo remedio\"<\/li>\n<\/ul>\n\t\t<\/div>\n\t\t\t\t\t<\/div>\n\n\t\n\n\t<div id=\"col-1961419461\" class=\"col small-12 large-12\"  >\n\t\t\t\t<div class=\"col-inner\"  >\n\t\t\t\n\t\t\t\n<div class=\"container section-title-container\" style=\"margin-top:75px;\"><h2 class=\"section-title section-title-bold\"><b aria-hidden=\"true\"><\/b><span class=\"section-title-main\" >M\u00f3dulo 13<\/span><b aria-hidden=\"true\"><\/b><\/h2><\/div>\n<ul>\n<li>Ejercicios pr\u00e1cticos para la terapia de los chakras con sonidos;<\/li>\n<li>terapia con metales y estimulaci\u00f3n de puntos de acupuntura con sonidos;<\/li>\n<li>terapia con metales y piedras preciosas;<\/li>\n<li>diagn\u00f3stico sensible de los chakras; comprobaci\u00f3n de los chakras en relaci\u00f3n con los temas<\/li>\n<li>aprender a comprobar las respuestas de resonancia de los chakras<\/li>\n<\/ul>\n\t\t<\/div>\n\t\t\t\t\t<\/div>\n\n\t\n\n\t<div id=\"col-1495893158\" class=\"col small-12 large-12\"  >\n\t\t\t\t<div class=\"col-inner\"  >\n\t\t\t\n\t\t\t\n<div class=\"container section-title-container\" style=\"margin-top:75px;\"><h2 class=\"section-title section-title-bold\"><b aria-hidden=\"true\"><\/b><span class=\"section-title-main\" >M\u00f3dulo 14<\/span><b aria-hidden=\"true\"><\/b><\/h2><\/div>\n<ul>\n<li>aprender a probar las respuestas de resonancia del aura,<\/li>\n<li>Pruebas exhaustivas del tipo de letra,<\/li>\n<li>Adem\u00e1s, en este m\u00f3dulo se abordan todas las preguntas que a\u00fan no han recibido respuesta.<\/li>\n<\/ul>\n\t\t<\/div>\n\t\t\t\t\t<\/div>\n\n\t\n\n\t<div id=\"col-2047938820\" class=\"col small-12 large-12\"  >\n\t\t\t\t<div class=\"col-inner\" style=\"background-color:rgba(154, 186, 204, 0.21);\" >\n\t\t\t\n\t\t\t\n\t<div id=\"text-1025369264\" class=\"text\">\n\t\t\n<h3>C.I.N.T. Benelux Opleidingen - diploma despu\u00e9s del m\u00f3dulo 14<\/h3>\n<p>Tras completar con \u00e9xito los 4 m\u00f3dulos anteriores, el participante tambi\u00e9n recibir\u00e1 el diploma oficial de formaci\u00f3n del C.I.N.T. Benelux.<\/p>\n\t\t\n<style>\n#text-1025369264 {\n  text-align: center;\n}\n<\/style>\n\t<\/div>\n\t\n\t\t<\/div>\n\t\t\t\t\t<\/div>\n\n\t\n\n\t<div id=\"col-2106067403\" class=\"col small-12 large-12\"  >\n\t\t\t\t<div class=\"col-inner\"  >\n\t\t\t\n\t\t\t\n<div class=\"container section-title-container\" style=\"margin-top:75px;\"><h2 class=\"section-title section-title-bold\"><b aria-hidden=\"true\"><\/b><span class=\"section-title-main\" >M\u00f3dulo 15 - Profundizaci\u00f3n I<\/span><b aria-hidden=\"true\"><\/b><\/h2><\/div>\n<ul>\n<li>elaborar un plan terap\u00e9utico basado en el historial del caso<\/li>\n<li>evoluci\u00f3n del tratamiento a lo largo de varios meses mediante historias cl\u00ednicas<\/li>\n<li>elaborar las consultas de seguimiento.<\/li>\n<li>complemento a las indicaciones de las flores de Bach a partir de las pruebas de medicina de las piedras preciosas y de la experiencia real.<\/li>\n<li>supervisi\u00f3n,<\/li>\n<li>pr\u00e1ctico: pruebas de aura,<\/li>\n<li>pr\u00e1ctico: pruebas a nivel mental, et\u00e9rico y astral con flores de Bach, aceites y piedras preciosas.<\/li>\n<\/ul>\n\t\t<\/div>\n\t\t\t\t\t<\/div>\n\n\t\n\n\t<div id=\"col-1052245915\" class=\"col small-12 large-12\"  >\n\t\t\t\t<div class=\"col-inner\"  >\n\t\t\t\n\t\t\t\n<div class=\"container section-title-container\" style=\"margin-top:75px;\"><h2 class=\"section-title section-title-bold\"><b aria-hidden=\"true\"><\/b><span class=\"section-title-main\" >M\u00f3dulo 16 - Profundizaci\u00f3n II<\/span><b aria-hidden=\"true\"><\/b><\/h2><\/div>\n<ul>\n<li>Elaboraci\u00f3n y an\u00e1lisis de un estudio de caso<\/li>\n<li>Uso y aplicaci\u00f3n de los aceites esenciales<\/li>\n<li>An\u00e1lisis del cuestionario y diagn\u00f3stico<\/li>\n<li>Pruebas de esencias florales Star Remedies Flores de Bach, aceites esenciales y piedras preciosas en zonas de la piel<\/li>\n<li>Comprobaci\u00f3n y tratamiento de los chakras<\/li>\n<li>Intervisi\u00f3n<\/li>\n<li>Capacidad de escucha<\/li>\n<li>Asignaci\u00f3n de im\u00e1genes<\/li>\n<li>Entrevistas de orientaci\u00f3n<\/li>\n<li>Formaci\u00f3n en comunicaci\u00f3n<\/li>\n<li>Prueba ampliada<\/li>\n<\/ul>\n\t\t<\/div>\n\t\t\t\t\t<\/div>\n\n\t\n\n\t<div id=\"col-1457410098\" class=\"col small-12 large-12\"  >\n\t\t\t\t<div class=\"col-inner\"  >\n\t\t\t\n\t\t\t\n<div class=\"container section-title-container\" style=\"margin-top:75px;\"><h2 class=\"section-title section-title-bold\"><b aria-hidden=\"true\"><\/b><span class=\"section-title-main\" >M\u00f3dulo 17 - Profundizaci\u00f3n III<\/span><b aria-hidden=\"true\"><\/b><\/h2><\/div>\n<ul>\n<li>Elaboraci\u00f3n y an\u00e1lisis de un estudio de caso<\/li>\n<li>Uso y aplicaci\u00f3n de los aceites esenciales<\/li>\n<li>An\u00e1lisis del cuestionario y diagn\u00f3stico<\/li>\n<li>Probar las flores de Bach, los aceites esenciales y las piedras preciosas en zonas de la piel<\/li>\n<li>Comprobaci\u00f3n y tratamiento de los chakras<\/li>\n<li>Intervisi\u00f3n<\/li>\n<li>Capacidad de escucha<\/li>\n<li>Asignaci\u00f3n de im\u00e1genes<\/li>\n<li>Entrevistas de orientaci\u00f3n<\/li>\n<li>Formaci\u00f3n en comunicaci\u00f3n<\/li>\n<li>Juego de mesa de la oca<\/li>\n<li>Prueba ampliada<\/li>\n<\/ul>\n\t\t<\/div>\n\t\t\t\t\t<\/div>\n\n\t\n<\/div>\n\t\t<\/div>\n\n\t\t\n<style>\n#section_1675937216 {\n  padding-top: 30px;\n  padding-bottom: 30px;\n}\n<\/style>\n\t<\/section>","protected":false},"excerpt":{"rendered":"","protected":false},"author":1,"featured_media":0,"parent":0,"menu_order":0,"comment_status":"closed","ping_status":"closed","template":"page-blank.php","meta":{"footnotes":""},"class_list":["post-3276","page","type-page","status-publish","hentry"],"_links":{"self":[{"href":"https:\/\/www.cint.nl\/es\/wp-json\/wp\/v2\/pages\/3276","targetHints":{"allow":["GET"]}}],"collection":[{"href":"https:\/\/www.cint.nl\/es\/wp-json\/wp\/v2\/pages"}],"about":[{"href":"https:\/\/www.cint.nl\/es\/wp-json\/wp\/v2\/types\/page"}],"author":[{"embeddable":true,"href":"https:\/\/www.cint.nl\/es\/wp-json\/wp\/v2\/users\/1"}],"replies":[{"embeddable":true,"href":"https:\/\/www.cint.nl\/es\/wp-json\/wp\/v2\/comments?post=3276"}],"version-history":[{"count":14,"href":"https:\/\/www.cint.nl\/es\/wp-json\/wp\/v2\/pages\/3276\/revisions"}],"predecessor-version":[{"id":32567,"href":"https:\/\/www.cint.nl\/es\/wp-json\/wp\/v2\/pages\/3276\/revisions\/32567"}],"wp:attachment":[{"href":"https:\/\/www.cint.nl\/es\/wp-json\/wp\/v2\/media?parent=3276"}],"curies":[{"name":"wp","href":"https:\/\/api.w.org\/{rel}","templated":true}]}}