{"id":3267,"date":"2016-09-16T14:14:20","date_gmt":"2016-09-16T12:14:20","guid":{"rendered":"https:\/\/www.cint.nl\/?page_id=3267"},"modified":"2025-11-09T10:08:08","modified_gmt":"2025-11-09T09:08:08","slug":"formacion","status":"publish","type":"page","link":"https:\/\/www.cint.nl\/es\/opleiding\/","title":{"rendered":"Formaci\u00f3n"},"content":{"rendered":"<div id=\"page-header-1466570882\" class=\"page-header-wrapper\">\n  <div class=\"page-title dark normal-title\">\n\n        <div class=\"page-title-bg\">\n      <div class=\"title-bg fill bg-fill\"\n        data-parallax-container=\".page-title\"\n        data-parallax-background\n data-parallax=\"-\">\n      <\/div>\n      <div class=\"title-overlay fill\"><\/div>\n    <\/div>\n    \n    <div class=\"page-title-inner container align-bottom text-center flex-row-col medium-flex-wrap\" >\n              <div class=\"title-wrapper uppercase is-xlarge flex-col\">\n          <h1 class=\"entry-title mb-0\">\n            Breve descripci\u00f3n Formaci\u00f3n          <\/h1>\n        <\/div>\n                    <div class=\"title-content flex-col\">\n        <div class=\"title-breadcrumbs pb-half pt-half\"><\/div>      <\/div>\n    <\/div>\n\n     \n<style>\n#page-header-1466570882 .page-title-inner {\n  min-height: 150px;\n}\n#page-header-1466570882 .title-bg {\n  background-image: url(https:\/\/www.cint.nl\/wp-content\/uploads\/2024\/04\/slide3-layer-11600.webp);\n  background-position: 52% 42%;\n}\n<\/style>\n  <\/div>\n    <\/div>\n  \n\n\t<section class=\"section\" id=\"section_1604629337\">\n\t\t<div class=\"section-bg fill\" >\n\t\t\t\t\t\t\t\t\t\n\t\t\t\n\n\t\t<\/div>\n\n\t\t\n\n\t\t<div class=\"section-content relative\">\n\t\t\t\n<div class=\"row\"  id=\"row-1461013683\">\n\n\t<div id=\"col-1371833884\" class=\"col small-12 large-12\"  >\n\t\t\t\t<div class=\"col-inner\"  >\n\t\t\t\n\t\t\t\n<h2>M\u00c9TODO DE LOS PRINCIPIOS NUEVAS TERAPIAS SEG\u00daN DIETMAR KR\u00c4MER<\/h2>\n<ol>\n<li>Las 38 flores de Bach, descubiertas por Edward Bach, son arquetipos universales.<\/li>\n<li>Tres remedios florales de Bach que van juntos forman el llamado \"rastro\".<\/li>\n<li>Un trazo tiene relaci\u00f3n con un meridiano.<\/li>\n<li>Dos trazas + el remedio \"externo\" de flores de Bach que las acompa\u00f1a pertenecen, seg\u00fan la medicina china y la doctrina de los cinco elementos, a un Elemento.<\/li>\n<li>Esto se denomina \"combinaci\u00f3n de trazas\". Funcionan seg\u00fan el Ciclo del Cambio<\/li>\n<li>Una \"combinaci\u00f3n de trazas\" tambi\u00e9n est\u00e1 relacionada con un chakra.<\/li>\n<li>Dos chakras vuelven a tener una relaci\u00f3n entre s\u00ed.<\/li>\n<\/ol>\n<p><strong>Seg\u00fan Kr\u00e4mer, el m\u00e9todo funciona en los siguientes niveles. Se trata de los niveles et\u00e9rico, emocional y mental. Estos se tratan de diferentes maneras:<\/strong><\/p>\n<ol>\n<li>A nivel et\u00e9rico, el tratamiento se realiza con cromoterapia y sonoterapia.<\/li>\n<li>A nivel emocional, el tratamiento se realiza con remedios de flores de Bach y aceites esenciales<\/li>\n<li>A nivel mental, la gemoterapia se trata con<\/li>\n<\/ol>\n<div class=\"container section-title-container\" style=\"margin-top:75px;\"><h3 class=\"section-title section-title-bold\"><b aria-hidden=\"true\"><\/b><span class=\"section-title-main\" >Formaci\u00f3n previa requerida<\/span><b aria-hidden=\"true\"><\/b><\/h3><\/div>\n<p>No es necesaria formaci\u00f3n previa. Es deseable un nivel de pensamiento MBO. La bibliograf\u00eda profesional obligatoria debe leerse antes del m\u00f3dulo 1.<\/p>\n<div class=\"container section-title-container\" style=\"margin-top:75px;\"><h3 class=\"section-title section-title-bold\"><b aria-hidden=\"true\"><\/b><span class=\"section-title-main\" >Objetivo de la formaci\u00f3n<\/span><b aria-hidden=\"true\"><\/b><\/h3><\/div>\n<p>Llevando a un nivel superior el trabajo con las esencias florales de Star Remedies, Seven Essentials y las Flores de Bach.<\/p>\n<div class=\"container section-title-container\" style=\"margin-top:75px;\"><h3 class=\"section-title section-title-bold\"><b aria-hidden=\"true\"><\/b><span class=\"section-title-main\" >Duraci\u00f3n de la formaci\u00f3n<\/span><b aria-hidden=\"true\"><\/b><\/h3><\/div>\n<p>La primera parte del curso dura 10 meses (m\u00f3dulos 1 a 10). Hay un periodo de 1 mes entre cada m\u00f3dulo. Durante este periodo, los alumnos estudian el material entregado, estudian la carpeta y la bibliograf\u00eda profesional y realizan tareas de estudio individuales, incluidos casos pr\u00e1cticos. Este m\u00e9todo de trabajo es esencial para el proceso de aprendizaje del alumno. Tambi\u00e9n se intercambian conocimientos entre los alumnos y el equipo docente a trav\u00e9s del foro de Internet de la escuela.<\/p>\n<p>La segunda parte de la formaci\u00f3n dura 2 fines de semana con un intervalo de 3 meses. (M\u00f3dulo 11 a 14).<\/p>\n<ul>\n<li>Los m\u00f3dulos no pueden cursarse por separado y deben cursarse en el orden del 1 al 10, del 11 al 14 y del 15 al 17 respectivamente.<\/li>\n<li>Una vez completados con \u00e9xito los 10 m\u00f3dulos, el estudiante recibir\u00e1 el diploma oficial de Star Remedies Opleidingen \/ CINT Benelux Opleidingen con 36 ECTS.<\/li>\n<li>Una vez completados con \u00e9xito los 14 m\u00f3dulos, el estudiante recibir\u00e1 el diploma oficial de Star Remedies Opleidingen \/ CINT Benelux Opleidingen con 50 ECTS.<\/li>\n<\/ul>\n<div class=\"container section-title-container\" style=\"margin-top:75px;\"><h3 class=\"section-title section-title-bold\"><b aria-hidden=\"true\"><\/b><span class=\"section-title-main\" >SBU<\/span><b aria-hidden=\"true\"><\/b><\/h3><\/div>\n<p data-start=\"63\" data-end=\"406\">La carga lectiva total del programa es de unas 1.401 horas de autoaprendizaje, repartidas en un periodo de dos a\u00f1os (17 m\u00f3dulos). Esto equivale a una media de unas 82 horas al mes, es decir, entre 19 y 20 horas a la semana, dependiendo del ritmo de aprendizaje y del compromiso personal del estudiante. Esta carga de estudio es adecuada para un programa de nivel universitario, en el que el estudio independiente, la reflexi\u00f3n y la aplicaci\u00f3n pr\u00e1ctica del material son una parte importante del proceso de aprendizaje.<\/p>\n<div class=\"container section-title-container\" style=\"margin-top:75px;\"><h3 class=\"section-title section-title-bold\"><b aria-hidden=\"true\"><\/b><span class=\"section-title-main\" >ECTS<\/span><b aria-hidden=\"true\"><\/b><\/h3><\/div>\n<p>50<\/p>\n<div class=\"container section-title-container\" style=\"margin-top:75px;\"><h3 class=\"section-title section-title-bold\"><b aria-hidden=\"true\"><\/b><span class=\"section-title-main\" >Coste<\/span><b aria-hidden=\"true\"><\/b><\/h3><\/div>\n<p>M\u00f3dulos 1 a 10 incl. almuerzo, bebidas y material de estudio - 1695 euros\u00a0<br \/><em>El precio no incluye los libros de texto. El coste de la bibliograf\u00eda profesional obligatoria es de 170 euros<\/p>\n<p><\/em>M\u00f3dulo 11 &amp; 12 incl. almuerzo, bebidas y material de estudio - dirigido por Dietmar Kr\u00e4mer entre otros - 475 \u20ac.<em><\/p>\n<p><\/em>M\u00f3dulo 13 &amp; 14 incl. almuerzo, bebidas y material de estudio - dirigido por Dietmar Kr\u00e4mer entre otros - 475<\/p>\n<p>M\u00f3dulo 15 incl. almuerzo, bebidas y material de estudio - 175<\/p>\n<p>M\u00f3dulo 16 incl. almuerzo, bebidas y material de estudio - 175<\/p>\n<p>M\u00f3dulo 17 incl. almuerzo, bebidas y material de estudio - 175<em><br \/><\/em><\/p>\n<div class=\"container section-title-container\" style=\"margin-top:75px;\"><h3 class=\"section-title section-title-bold\"><b aria-hidden=\"true\"><\/b><span class=\"section-title-main\" >Nivel de formaci\u00f3n<\/span><b aria-hidden=\"true\"><\/b><\/h3><\/div>\n<p>Nivel de pensamiento HBO<\/p>\n<div class=\"container section-title-container\" style=\"margin-top:75px;\"><h3 class=\"section-title section-title-bold\"><b aria-hidden=\"true\"><\/b><span class=\"section-title-main\" >Profesores<\/span><b aria-hidden=\"true\"><\/b><\/h3><\/div>\n<p>Madeleine Meuwessen, Micha Meuwessen y Dietmar Kr\u00e4mer.<\/p>\n<div class=\"container section-title-container\" style=\"margin-top:75px;\"><h3 class=\"section-title section-title-bold\"><b aria-hidden=\"true\"><\/b><span class=\"section-title-main\" >Acreditaci\u00f3n y reconocimiento<\/span><b aria-hidden=\"true\"><\/b><\/h3><\/div>\n<p>Los cursos de formaci\u00f3n reconocidos del C.I.N.T. Benelux \/ Star Remedies est\u00e1n acreditados por diversos organismos. Encontrar\u00e1 m\u00e1s informaci\u00f3n en\u00a0<a href=\"https:\/\/www.cint.nl\/es\/acreditacion\/\">resumen de acreditaciones<\/a><\/p>\n<div class=\"container section-title-container\" style=\"margin-top:75px;\"><h3 class=\"section-title section-title-bold\"><b aria-hidden=\"true\"><\/b><span class=\"section-title-main\" >Lista internacional de terapeutas C.I.N.T.<\/span><b aria-hidden=\"true\"><\/b><\/h3><\/div>\n<p>Cada a\u00f1o y cada dos a\u00f1os, respectivamente, todos los terapeutas C.I.N.T. en activo deben seguir los m\u00f3dulos de profundizaci\u00f3n.<\/p>\n\t\t<\/div>\n\t\t\t\t\t<\/div>\n\n\t\n\n\t<div id=\"col-7580546\" class=\"col medium-6 small-12 large-6\"  >\n\t\t\t\t<div class=\"col-inner\" style=\"background-color:rgba(154, 186, 204, 0.21);\" >\n\t\t\t\n\t\t\t\n<h4>Acreditaci\u00f3n y reconocimiento<\/h4>\n<p>La acreditaci\u00f3n y el reconocimiento dan una idea clara de la calidad de un curso de formaci\u00f3n. M\u00e1s informaci\u00f3n sobre la formaci\u00f3n integral y su contenido.<\/p>\n\t\t<\/div>\n\t\t\t\t\n<style>\n#col-7580546 > .col-inner {\n  padding: 10px 10px 10px 10px;\n}\n<\/style>\n\t<\/div>\n\n\t\n\n\t<div id=\"col-1997933028\" class=\"col medium-6 small-12 large-6\"  >\n\t\t\t\t<div class=\"col-inner\" style=\"background-color:rgba(154, 186, 204, 0.21);\" >\n\t\t\t\n\t\t\t\n<h4>Caracter\u00edsticas de la formaci\u00f3n<\/h4>\n<ul>\n<li>Estructura clara de las clases<\/li>\n<li>Explicaci\u00f3n y orientaci\u00f3n en clase<\/li>\n<li>Explicaci\u00f3n del m\u00e9todo Dietmar Kr\u00e4mer<\/li>\n<li>Dietmar Kr\u00e4mer como conferenciante*.<\/li>\n<li>Nuevas terapias en la pr\u00e1ctica<\/li>\n<li>Aprender a hacer una anamnesis clara<\/li>\n<\/ul>\n\t\t<\/div>\n\t\t\t\t\n<style>\n#col-1997933028 > .col-inner {\n  padding: 10px 10px 10px 10px;\n}\n<\/style>\n\t<\/div>\n\n\t\n<\/div>\n\t\t<\/div>\n\n\t\t\n<style>\n#section_1604629337 {\n  padding-top: 30px;\n  padding-bottom: 30px;\n}\n<\/style>\n\t<\/section>","protected":false},"excerpt":{"rendered":"","protected":false},"author":1,"featured_media":0,"parent":0,"menu_order":0,"comment_status":"closed","ping_status":"closed","template":"page-blank.php","meta":{"footnotes":""},"class_list":["post-3267","page","type-page","status-publish","hentry"],"_links":{"self":[{"href":"https:\/\/www.cint.nl\/es\/wp-json\/wp\/v2\/pages\/3267","targetHints":{"allow":["GET"]}}],"collection":[{"href":"https:\/\/www.cint.nl\/es\/wp-json\/wp\/v2\/pages"}],"about":[{"href":"https:\/\/www.cint.nl\/es\/wp-json\/wp\/v2\/types\/page"}],"author":[{"embeddable":true,"href":"https:\/\/www.cint.nl\/es\/wp-json\/wp\/v2\/users\/1"}],"replies":[{"embeddable":true,"href":"https:\/\/www.cint.nl\/es\/wp-json\/wp\/v2\/comments?post=3267"}],"version-history":[{"count":14,"href":"https:\/\/www.cint.nl\/es\/wp-json\/wp\/v2\/pages\/3267\/revisions"}],"predecessor-version":[{"id":32615,"href":"https:\/\/www.cint.nl\/es\/wp-json\/wp\/v2\/pages\/3267\/revisions\/32615"}],"wp:attachment":[{"href":"https:\/\/www.cint.nl\/es\/wp-json\/wp\/v2\/media?parent=3267"}],"curies":[{"name":"wp","href":"https:\/\/api.w.org\/{rel}","templated":true}]}}