{"id":32513,"date":"2025-05-06T13:47:38","date_gmt":"2025-05-06T11:47:38","guid":{"rendered":"https:\/\/www.cint.nl\/?page_id=32513"},"modified":"2026-03-19T18:51:10","modified_gmt":"2026-03-19T17:51:10","slug":"modulo-de-formacion-de-datos","status":"publish","type":"page","link":"https:\/\/www.cint.nl\/es\/moduledata-opleiding\/","title":{"rendered":"Fechas de los m\u00f3dulos Formaci\u00f3n"},"content":{"rendered":"<div id=\"page-header-1145199151\" class=\"page-header-wrapper\">\n  <div class=\"page-title dark normal-title\">\n\n        <div class=\"page-title-bg\">\n      <div class=\"title-bg fill bg-fill\"\n        data-parallax-container=\".page-title\"\n        data-parallax-background\n data-parallax=\"-\">\n      <\/div>\n      <div class=\"title-overlay fill\"><\/div>\n    <\/div>\n    \n    <div class=\"page-title-inner container align-bottom text-center flex-row-col medium-flex-wrap\" >\n              <div class=\"title-wrapper uppercase is-xlarge flex-col\">\n          <h1 class=\"entry-title mb-0\">\n            Datos del m\u00f3dulo          <\/h1>\n        <\/div>\n                    <div class=\"title-content flex-col\">\n        <div class=\"title-breadcrumbs pb-half pt-half\"><\/div>      <\/div>\n    <\/div>\n\n     \n<style>\n#page-header-1145199151 .page-title-inner {\n  min-height: 150px;\n}\n#page-header-1145199151 .title-bg {\n  background-image: url(https:\/\/www.cint.nl\/wp-content\/uploads\/2024\/04\/slide3-layer-11600.webp);\n  background-position: 52% 42%;\n}\n<\/style>\n  <\/div>\n    <\/div>\n  \n\n\t<section class=\"section\" id=\"section_417888953\">\n\t\t<div class=\"section-bg fill\" >\n\t\t\t\t\t\t\t\t\t\n\t\t\t\n\n\t\t<\/div>\n\n\t\t\n\n\t\t<div class=\"section-content relative\">\n\t\t\t\n<div class=\"row\"  id=\"row-1482013283\">\n\n\t<div id=\"col-1688506323\" class=\"col small-12 large-12\"  >\n\t\t\t\t<div class=\"col-inner\"  >\n\t\t\t\n\t\t\t\n<div class=\"container section-title-container\" ><h3 class=\"section-title section-title-bold-center\"><b aria-hidden=\"true\"><\/b><span class=\"section-title-main\" >Formaci\u00f3n - D\u00eda 1 - (Per\u00edodo 2026\/2027)<\/span><b aria-hidden=\"true\"><\/b><\/h3><\/div>\n<p><strong>Star Remedies Formaci\u00f3n (C.I.N.T. Benelux Opleidingen)<\/strong><br \/>Periodo 2026\/2027.<\/p>\n<p>Inicio<strong> 19 de septiembre de 2026<\/strong>.<br \/>El precio de la formaci\u00f3n es de 1695 euros<br \/>20-09-2025 - 09.30 a 17.00<\/p>\n<p><strong>Fechas S\u00e1bados 2026\/2027<\/strong><br \/>otras fechas en breve<\/p>\n<p>Nuestros cursos de formaci\u00f3n proporcionan una s\u00f3lida base te\u00f3rica y pr\u00e1ctica, adaptada a las necesidades de los participantes. Las fechas de inicio de los cursos se anuncian con antelaci\u00f3n; los dem\u00e1s d\u00edas y horas de clase se determinan en consulta con el grupo y se confirman posteriormente. De este modo, garantizamos la m\u00e1xima flexibilidad y alineaci\u00f3n.<\/p>\n<div class=\"is-divider divider clearfix\" style=\"max-width:100%;\"><\/div>\n<p><strong>M\u00f3dulo de profundizaci\u00f3n 12 de septiembre de 2026<\/strong><br \/>12-09-2026 - 10.00 a 17.00<\/p>\n<p data-start=\"0\" data-end=\"336\">El m\u00f3dulo de profundizaci\u00f3n se centra en los Remedios de las Estrellas, que tambi\u00e9n incluyen los remedios de Bach. Profundizar\u00e1s en su efecto sobre los chakras y los meridianos y obtendr\u00e1s una visi\u00f3n clara de c\u00f3mo funcionan los Remedios Estelares de una forma m\u00e1s sutil y refinada, y por qu\u00e9 funcionan a un nivel m\u00e1s profundo que los remedios de Bach.<\/p>\n<p data-start=\"338\" data-end=\"532\">Adem\u00e1s, se tratan en detalle las \u00faltimas floraciones y trabajar\u00e1 con listas exhaustivas de preguntas, respuestas y elaboraciones. De este modo, no s\u00f3lo perfeccionar\u00e1 sus conocimientos, sino tambi\u00e9n su aplicaci\u00f3n pr\u00e1ctica.<\/p>\n<p data-start=\"534\" data-end=\"683\" data-is-last-node=\"\" data-is-only-node=\"\">Este m\u00f3dulo est\u00e1 abierto exclusivamente a antiguos alumnos y antiguos participantes que dominen los conceptos b\u00e1sicos y deseen profundizar en su comprensi\u00f3n y experiencia.<\/p>\n\t\t<\/div>\n\t\t\t\t\t<\/div>\n\n\t\n\n\t<div id=\"col-651369054\" class=\"col medium-6 small-12 large-6\"  >\n\t\t\t\t<div class=\"col-inner\"  >\n\t\t\t\n\t\t\t\n<div class=\"container section-title-container\" ><h3 class=\"section-title section-title-normal\"><b aria-hidden=\"true\"><\/b><span class=\"section-title-main\" >Direcci\u00f3n<\/span><b aria-hidden=\"true\"><\/b><\/h3><\/div>\n<p>Badhoevedorp (el lugar exacto se determinar\u00e1 a su debido tiempo en funci\u00f3n del n\u00famero de participantes)<\/p>\n\t\t<\/div>\n\t\t\t\t\t<\/div>\n\n\t\n\n\t<div id=\"col-392370013\" class=\"col medium-6 small-12 large-6\"  >\n\t\t\t\t<div class=\"col-inner text-center\"  >\n\t\t\t\n\t\t\t\n\n<div style=\"overflow:hidden;max-width:100%;width:500px;height:500px;\">\n<div id=\"google-maps-display\" style=\"height:100%; width:100%;max-width:100%;\"><iframe style=\"height:100%;width:100%;border:0;\" frameborder=\"0\" src=\"https:\/\/www.google.com\/maps\/embed\/v1\/place?q=Badhoevedorp&#038;key=AIzaSyBFw0Qbyq9zTFTd-tUY6dZWTgaQzuU17R8\"><\/iframe><\/div>\n<\/style>\n<\/div>\n\n\t\t<\/div>\n\t\t\t\t\t<\/div>\n\n\t\n<\/div>\n\t\t<\/div>\n\n\t\t\n<style>\n#section_417888953 {\n  padding-top: 30px;\n  padding-bottom: 30px;\n}\n<\/style>\n\t<\/section>","protected":false},"excerpt":{"rendered":"","protected":false},"author":1,"featured_media":0,"parent":0,"menu_order":0,"comment_status":"closed","ping_status":"closed","template":"page-blank.php","meta":{"footnotes":""},"class_list":["post-32513","page","type-page","status-publish","hentry"],"_links":{"self":[{"href":"https:\/\/www.cint.nl\/es\/wp-json\/wp\/v2\/pages\/32513","targetHints":{"allow":["GET"]}}],"collection":[{"href":"https:\/\/www.cint.nl\/es\/wp-json\/wp\/v2\/pages"}],"about":[{"href":"https:\/\/www.cint.nl\/es\/wp-json\/wp\/v2\/types\/page"}],"author":[{"embeddable":true,"href":"https:\/\/www.cint.nl\/es\/wp-json\/wp\/v2\/users\/1"}],"replies":[{"embeddable":true,"href":"https:\/\/www.cint.nl\/es\/wp-json\/wp\/v2\/comments?post=32513"}],"version-history":[{"count":11,"href":"https:\/\/www.cint.nl\/es\/wp-json\/wp\/v2\/pages\/32513\/revisions"}],"predecessor-version":[{"id":32670,"href":"https:\/\/www.cint.nl\/es\/wp-json\/wp\/v2\/pages\/32513\/revisions\/32670"}],"wp:attachment":[{"href":"https:\/\/www.cint.nl\/es\/wp-json\/wp\/v2\/media?parent=32513"}],"curies":[{"name":"wp","href":"https:\/\/api.w.org\/{rel}","templated":true}]}}