{"id":3250,"date":"2016-09-16T13:45:50","date_gmt":"2016-09-16T11:45:50","guid":{"rendered":"https:\/\/www.cint.nl\/?page_id=3250"},"modified":"2025-07-29T16:52:16","modified_gmt":"2025-07-29T14:52:16","slug":"acreditacion","status":"publish","type":"page","link":"https:\/\/www.cint.nl\/es\/accreditatie\/","title":{"rendered":"Acreditaci\u00f3n y reconocimiento"},"content":{"rendered":"<div id=\"page-header-2053226911\" class=\"page-header-wrapper\">\n  <div class=\"page-title dark normal-title\">\n\n        <div class=\"page-title-bg\">\n      <div class=\"title-bg fill bg-fill\"\n        data-parallax-container=\".page-title\"\n        data-parallax-background\n data-parallax=\"-\">\n      <\/div>\n      <div class=\"title-overlay fill\"><\/div>\n    <\/div>\n    \n    <div class=\"page-title-inner container align-bottom text-center flex-row-col medium-flex-wrap\" >\n              <div class=\"title-wrapper uppercase is-xlarge flex-col\">\n          <h1 class=\"entry-title mb-0\">\n            Acreditaci\u00f3n y reconocimiento          <\/h1>\n        <\/div>\n                    <div class=\"title-content flex-col\">\n        <div class=\"title-breadcrumbs pb-half pt-half\"><\/div>      <\/div>\n    <\/div>\n\n     \n<style>\n#page-header-2053226911 .page-title-inner {\n  min-height: 150px;\n}\n#page-header-2053226911 .title-bg {\n  background-image: url(https:\/\/www.cint.nl\/wp-content\/uploads\/2024\/04\/slide3-layer-11600.webp);\n  background-position: 52% 42%;\n}\n<\/style>\n  <\/div>\n    <\/div>\n  \n\n\t<section class=\"section\" id=\"section_1326610264\">\n\t\t<div class=\"section-bg fill\" >\n\t\t\t\t\t\t\t\t\t\n\t\t\t\n\n\t\t<\/div>\n\n\t\t\n\n\t\t<div class=\"section-content relative\">\n\t\t\t\n<div class=\"row\"  id=\"row-408462453\">\n\n\t<div id=\"col-734590184\" class=\"col small-12 large-12\"  >\n\t\t\t\t<div class=\"col-inner text-center\"  >\n\t\t\t\n\t\t\t\n\t<div id=\"text-3190178527\" class=\"text\">\n\t\t\n<p>Los cursos C.I.N.T. Benelux y los cursos Star Remedies est\u00e1n acreditados desde hace tiempo por los organismos y asociaciones profesionales que se indican a continuaci\u00f3n. En parte debido a este reconocimiento nacional, se proporciona claridad tanto al estudiante principiante como a los profesionales ya en ejercicio. C.I.N.T. Benelux Opleidingen da\u00a0<strong>desde 1994<\/strong>\u00a0formaci\u00f3n.<\/p>\n\t\t\n<style>\n#text-3190178527 {\n  text-align: left;\n}\n<\/style>\n\t<\/div>\n\t\n<div class=\"container section-title-container\" style=\"margin-top:75px;\"><h2 class=\"section-title section-title-center\"><b aria-hidden=\"true\"><\/b><span class=\"section-title-main\" >ACREDITACI\u00d3N<\/span><b aria-hidden=\"true\"><\/b><\/h2><\/div>\n<div class=\"container section-title-container\" style=\"margin-top:75px;\"><h3 class=\"section-title section-title-bold\"><b aria-hidden=\"true\"><\/b><span class=\"section-title-main\" >KTNO<\/span><b aria-hidden=\"true\"><\/b><\/h3><\/div>\n\t<div id=\"text-2373605824\" class=\"text\">\n\t\t\n<p>Para seguir creciendo y desarroll\u00e1ndose como persona y terapeuta, es necesario tener acceso a los conocimientos adecuados. Hay conocimientos m\u00e1s que suficientes, pero el puente de conexi\u00f3n entre la oferta y la demanda a veces parece estar muy lejos. Esto ha dado lugar a una imagen incompleta de las oportunidades de formaci\u00f3n, que puede inhibir innecesariamente a los terapeutas en su apasionada b\u00fasqueda de la formaci\u00f3n adecuada. Y es una l\u00e1stima. De hecho, seg\u00fan KTNO, hay un enorme cofre del tesoro, lleno de conocimientos, esperando a ser encontrado y abierto. Para optimizar la conexi\u00f3n entre educadores y terapeutas se cre\u00f3 KTNO. Para mejorar esta conexi\u00f3n, consideran que trabajar juntos no s\u00f3lo es la clave del \u00e9xito, sino tambi\u00e9n de la salud. Al unir a organizaciones profesionales, formadores y terapeutas, el terapeuta puede encontrar la formaci\u00f3n perfecta y adquirir as\u00ed m\u00e1s conocimientos transferibles. Cuanto m\u00e1s se comparta, mejor. La KTNO quiere animar a los terapeutas a elegir la formaci\u00f3n adecuada para que puedan crecer como personas y terapeutas y ofrecer as\u00ed la mejor atenci\u00f3n a sus clientes.<\/p>\n\t\t\n<style>\n#text-2373605824 {\n  text-align: left;\n}\n<\/style>\n\t<\/div>\n\t\n\t<div class=\"img has-hover x md-x lg-x y md-y lg-y\" id=\"image_2068428149\">\n\t\t\t\t\t\t\t\t<div class=\"img-inner dark\" >\n\t\t\t<img loading=\"lazy\" decoding=\"async\" width=\"800\" height=\"153\" src=\"https:\/\/www.cint.nl\/wp-content\/uploads\/2019\/04\/71046251-800c-4317-88f7-9d88013ad4b5.png\" class=\"attachment-large size-large\" alt=\"\" srcset=\"https:\/\/www.cint.nl\/wp-content\/uploads\/2019\/04\/71046251-800c-4317-88f7-9d88013ad4b5.png 800w, https:\/\/www.cint.nl\/wp-content\/uploads\/2019\/04\/71046251-800c-4317-88f7-9d88013ad4b5-300x57.png 300w, https:\/\/www.cint.nl\/wp-content\/uploads\/2019\/04\/71046251-800c-4317-88f7-9d88013ad4b5-768x147.png 768w, https:\/\/www.cint.nl\/wp-content\/uploads\/2019\/04\/71046251-800c-4317-88f7-9d88013ad4b5-705x135.png 705w, https:\/\/www.cint.nl\/wp-content\/uploads\/2019\/04\/71046251-800c-4317-88f7-9d88013ad4b5-450x86.png 450w\" sizes=\"auto, (max-width: 800px) 100vw, 800px\" \/>\t\t\t\t\t\t\n\t\t\t\t\t<\/div>\n\t\t\t\t\t\t\t\t\n<style>\n#image_2068428149 {\n  width: 100%;\n}\n@media (min-width:550px) {\n  #image_2068428149 {\n    width: 60%;\n  }\n}\n@media (min-width:850px) {\n  #image_2068428149 {\n    width: 35%;\n  }\n}\n<\/style>\n\t<\/div>\n\t\n<div class=\"container section-title-container\" style=\"margin-top:75px;\"><h3 class=\"section-title section-title-bold\"><b aria-hidden=\"true\"><\/b><span class=\"section-title-main\" >PTN<\/span><b aria-hidden=\"true\"><\/b><\/h3><\/div>\n\t<div id=\"text-2123953486\" class=\"text\">\n\t\t\n<p>El NWP es una organizaci\u00f3n paraguas de terapeutas ocupacionales natur\u00f3patas. Los natur\u00f3patas del NWP tienen el objetivo com\u00fan de formar un estamento de natur\u00f3patas competentes y expertos y lograr el reconocimiento legal de este estamento. Mientras no exista tal regulaci\u00f3n, el NWP quiere crear salvaguardas que permitan la aplicaci\u00f3n de la naturopat\u00eda por parte de los miembros de la asociaci\u00f3n de forma competente y socialmente responsable. Con ello, se compromete a luchar contra las pr\u00e1cticas socialmente irresponsables en su campo. Adem\u00e1s, la NWP quiere contribuir al estudio y desarrollo de m\u00e9todos curativos naturales y a la recopilaci\u00f3n de pruebas de la eficacia de estos m\u00e9todos curativos. Un objetivo importante que se ha fijado la asociaci\u00f3n es educar sobre los m\u00e9todos curativos naturales de palabra y por escrito y promover una mejor comprensi\u00f3n de la importancia de los m\u00e9todos curativos naturales para la salud p\u00fablica. Acreditaci\u00f3n NWP: 3 cr\u00e9ditos por d\u00eda - licencia de medicina natural<\/p>\n\t\t\n<style>\n#text-2123953486 {\n  text-align: left;\n}\n<\/style>\n\t<\/div>\n\t\n<div class=\"container section-title-container\" style=\"margin-top:75px;\"><h3 class=\"section-title section-title-bold\"><b aria-hidden=\"true\"><\/b><span class=\"section-title-main\" >NVST (Plataforma CGZ)<\/span><b aria-hidden=\"true\"><\/b><\/h3><\/div>\n\t<div id=\"text-1352314706\" class=\"text\">\n\t\t\n<p>Asociaci\u00f3n Neerlandesa de Terapeutas del Soma<br \/>Por ello, en 1999, la Asamblea General de la asociaci\u00f3n tom\u00f3 la decisi\u00f3n de transformar la Asociaci\u00f3n Holandesa de Terapeutas de Shiatsu en una asociaci\u00f3n general de terapia orientada al cuerpo denominada: Asociaci\u00f3n Holandesa de Terapeutas de Soma.<br \/>Prop\u00f3sito de la asociaci\u00f3n: promover la aceptaci\u00f3n de las formas de terapia practicadas por los miembros de la asociaci\u00f3n, estimular el desarrollo de la terapia corporal en los Pa\u00edses Bajos, supervisar la calidad de la terapia corporal en los Pa\u00edses Bajos, velar por los intereses profesionales de los terapeutas miembros, promover la cooperaci\u00f3n entre los terapeutas afiliados a la NVST y la asistencia general. La asociaci\u00f3n est\u00e1 formada por un grupo de terapeutas cualificados que han sido seleccionados por su propia organizaci\u00f3n. Esta selecci\u00f3n abarca no s\u00f3lo la especializaci\u00f3n, sino tambi\u00e9n el conocimiento de la anatom\u00eda, la fisiolog\u00eda y la patolog\u00eda humanas, la contrataci\u00f3n de terapeutas con arreglo a criterios de evaluaci\u00f3n objetivos preestablecidos y la comprobaci\u00f3n del ejercicio de la profesi\u00f3n con respecto al perfil profesional.<\/p>\n\t\t\n<style>\n#text-1352314706 {\n  text-align: left;\n}\n<\/style>\n\t<\/div>\n\t\n<div class=\"container section-title-container\" style=\"margin-top:75px;\"><h3 class=\"section-title section-title-bold\"><b aria-hidden=\"true\"><\/b><span class=\"section-title-main\" >BATC<\/span><b aria-hidden=\"true\"><\/b><\/h3><\/div>\n\t<div id=\"text-2412008144\" class=\"text\">\n\t\t\n<p>Junto con los terapeutas natur\u00f3patas param\u00e9dicos BATC, BATC quiere formar un basti\u00f3n de terapeutas de alta calidad, para conseguir en pocos a\u00f1os un mejor equilibrio entre la asistencia sanitaria habitual y la orientada a la naturaleza en los Pa\u00edses Bajos. En inter\u00e9s de los terapeutas, los consumidores y las aseguradoras sanitarias, luchamos por una asistencia sanitaria orientada a la naturaleza asequible y de alta calidad. La BATC quiere garantizar que los consumidores tengan una percepci\u00f3n honesta, clara y sincera de la asistencia sanitaria orientada a la naturaleza y darles la confianza de que pueden comprometerse con la salud de forma natural. BATC simplemente se esfuerza por dar a los consumidores libertad de elecci\u00f3n en lo que respecta a la salud.<\/p>\n\t\t\n<style>\n#text-2412008144 {\n  text-align: left;\n}\n<\/style>\n\t<\/div>\n\t\n<div class=\"container section-title-container\" style=\"margin-top:75px;\"><h3 class=\"section-title section-title-bold\"><b aria-hidden=\"true\"><\/b><span class=\"section-title-main\" >NOAG<\/span><b aria-hidden=\"true\"><\/b><\/h3><\/div>\n\t<div id=\"text-3806852497\" class=\"text\">\n\t\t\n<p>La NOAG es una fundaci\u00f3n de terapeutas ocupacionales natur\u00f3patas. Los terapeutas de la NOAG tienen el objetivo com\u00fan de formar un estamento de natur\u00f3patas competentes y expertos y comprometerse mediante la inscripci\u00f3n en el registro de la NOAG. Con ello se pretende crear garant\u00edas que permitan el ejercicio profesional de los inscritos en el registro NOAG de forma experta y socialmente responsable. Con ello, el NOAG se compromete a combatir las pr\u00e1cticas socialmente irresponsables en su campo. Un objetivo importante del NOAG es proporcionar informaci\u00f3n sobre la naturopat\u00eda y sus natur\u00f3patas registrados en el registro NOAG, as\u00ed como promover una mejor comprensi\u00f3n de la importancia de la medicina natural para la salud p\u00fablica.<\/p>\n\t\t\n<style>\n#text-3806852497 {\n  text-align: left;\n}\n<\/style>\n\t<\/div>\n\t\n<div class=\"container section-title-container\" style=\"margin-top:75px;\"><h3 class=\"section-title section-title-bold\"><b aria-hidden=\"true\"><\/b><span class=\"section-title-main\" >VBAG<\/span><b aria-hidden=\"true\"><\/b><\/h3><\/div>\n\t<div id=\"text-2158187493\" class=\"text\">\n\t\t\n<p>La sigla V.B.A.G est\u00e1 formada por las iniciales de las palabras: Asociaci\u00f3n para la Promoci\u00f3n de la Medicina Alternativa. La V.B.A.G es una asociaci\u00f3n profesional de profesionales independientes de la medicina natural (\u00a1no es una organizaci\u00f3n paraguas!). Desde 1984, la V.B.A.G vela por la calidad de sus miembros en inter\u00e9s del paciente. Mediante estrictos criterios de selecci\u00f3n (incluida la formaci\u00f3n), un sistema de registro, un c\u00f3digo profesional, un Reglamento de Quejas y Disciplina y una formaci\u00f3n continua obligatoria, se crea una reserva de natur\u00f3patas competentes y expertos. Todos los miembros del V.B.A.G. prestan juramento y, por tanto, est\u00e1n sujetos a las normas del Reglamento de Quejas y Disciplina de la TBNG, donde los miembros del V.B.A.G. y los pacientes pueden acudir con sus quejas y donde se representan sus intereses.<\/p>\n\t\t\n<style>\n#text-2158187493 {\n  text-align: left;\n}\n<\/style>\n\t<\/div>\n\t\n<div class=\"container section-title-container\" style=\"margin-top:75px;\"><h3 class=\"section-title section-title-bold\"><b aria-hidden=\"true\"><\/b><span class=\"section-title-main\" >Asociaci\u00f3n profesional VIV (Plataforma CGZ)<\/span><b aria-hidden=\"true\"><\/b><\/h3><\/div>\n\t<div id=\"text-479298573\" class=\"text\">\n\t\t\n<p>Como asociaci\u00f3n profesional VIV, estamos al servicio de los terapeutas en cuidados complementarios. Queremos apoyar a estos profesionales de la vitalidad de la mejor manera posible. Para que ellos y sus clientes reciban la mejor atenci\u00f3n. Somos la asociaci\u00f3n profesional para los terapeutas que trabajan de forma hol\u00edstica y complementaria. Terapeutas que prestan atenci\u00f3n a la parte f\u00edsica, emocional, mental y espiritual de las personas. Porque entienden que abordar las dolencias de forma hol\u00edstica es lo que, en \u00faltima instancia, proporciona la mayor mejora de la calidad de vida. La asociaci\u00f3n profesional VIV existe desde 1999. Durante a\u00f1os, nos hemos comprometido a mantener alta la calidad de la medicina alternativa. De hecho, queremos que la gente deje de ver esta forma de medicina como alternativa, y en su lugar la vea como un valioso complemento a la atenci\u00f3n habitual.<\/p>\n\t\t\n<style>\n#text-479298573 {\n  text-align: left;\n}\n<\/style>\n\t<\/div>\n\t\n<div class=\"container section-title-container\" style=\"margin-top:75px;\"><h3 class=\"section-title section-title-bold\"><b aria-hidden=\"true\"><\/b><span class=\"section-title-main\" >Federaci\u00f3n de Terapeutas de Medicina Aditiva (FAGT) (Plataforma CGZ)<\/span><b aria-hidden=\"true\"><\/b><\/h3><\/div>\n\t<div id=\"text-866231776\" class=\"text\">\n\t\t\n<div>La FAGT, o en su forma completa Federaci\u00f3n de Terapeutas de Medicina Aditiva, es una asociaci\u00f3n profesional multidisciplinar de terapeutas complementarios. La terapia complementaria, tambi\u00e9n llamada medicina aditiva o alternativa, incluye en general todas las formas de tratamiento no cubiertas por la medicina convencional.<\/div>\n\t\t\n<style>\n#text-866231776 {\n  text-align: left;\n}\n<\/style>\n\t<\/div>\n\t\n<div class=\"container section-title-container\" style=\"margin-top:75px;\"><h3 class=\"section-title section-title-bold\"><b aria-hidden=\"true\"><\/b><span class=\"section-title-main\" >Plataforma de Atenci\u00f3n Sanitaria Complementaria (Plataforma CGZ)<\/span><b aria-hidden=\"true\"><\/b><\/h3><\/div>\n\t<div id=\"text-686921140\" class=\"text\">\n\t\t\n<p>El 1 de julio de 2025, la FAGT, la NVST, la VIV y la FAGT<strong>\u00a0<\/strong>oficialmente fusionados.<strong><br \/><\/strong>Por ahora seguimos llam\u00e1ndonos FAGT, pero a partir del 1 de enero de 2026 nuestro nombre cambiar\u00e1 a<\/p>\n\t\t\n<style>\n#text-686921140 {\n  text-align: left;\n}\n<\/style>\n\t<\/div>\n\t\n<div class=\"container section-title-container\" style=\"margin-top:125px;\"><h2 class=\"section-title section-title-center\"><b aria-hidden=\"true\"><\/b><span class=\"section-title-main\" >INSCRIPCI\u00d3N<\/span><b aria-hidden=\"true\"><\/b><\/h2><\/div>\n<div class=\"container section-title-container\" style=\"margin-top:75px;\"><h3 class=\"section-title section-title-bold\"><b aria-hidden=\"true\"><\/b><span class=\"section-title-main\" >CRKBO<\/span><b aria-hidden=\"true\"><\/b><\/h3><\/div>\n\t\t<\/div>\n\t\t\t\t\t<\/div>\n\n\t\n\n\t<div id=\"col-1240602919\" class=\"col medium-9 small-12 large-9\"  >\n\t\t\t\t<div class=\"col-inner\"  >\n\t\t\t\n\t\t\t\n<p>La CRKBO ha sido designada por el Gobierno neerland\u00e9s como instituto encargado de supervisar los centros de formaci\u00f3n profesional breve. En el Registro Central para la Educaci\u00f3n Profesional Breve (CRKBO) pueden inscribirse las instituciones educativas que cumplen el C\u00f3digo de Calidad para Institutos de Formaci\u00f3n para la Educaci\u00f3n Profesional Breve. La inclusi\u00f3n en este registro est\u00e1 vinculada a una auditor\u00eda cualitativa de la instituci\u00f3n (el sistema de acreditaci\u00f3n). Esto significa que C.I.N.T. Benelux Opleidingen B.V. cumple un estricto c\u00f3digo de calidad que incluye aspectos como la atenci\u00f3n, el material did\u00e1ctico, los profesores cualificados, las instalaciones, la fiabilidad y la gesti\u00f3n de las reclamaciones.<\/p>\n\t\t<\/div>\n\t\t\t\t\t<\/div>\n\n\t\n\n\t<div id=\"col-1437386929\" class=\"col medium-3 small-12 large-3\"  >\n\t\t\t\t<div class=\"col-inner text-center\"  >\n\t\t\t\n\t\t\t\n\t<div class=\"img has-hover x md-x lg-x y md-y lg-y\" id=\"image_1067406038\">\n\t\t\t\t\t\t\t\t<div class=\"img-inner dark\" >\n\t\t\t<img loading=\"lazy\" decoding=\"async\" width=\"283\" height=\"283\" src=\"https:\/\/www.cint.nl\/wp-content\/uploads\/2018\/05\/CRKBO_Instelling.jpg\" class=\"attachment-original size-original\" alt=\"\" srcset=\"https:\/\/www.cint.nl\/wp-content\/uploads\/2018\/05\/CRKBO_Instelling.jpg 283w, https:\/\/www.cint.nl\/wp-content\/uploads\/2018\/05\/CRKBO_Instelling-80x80.jpg 80w, https:\/\/www.cint.nl\/wp-content\/uploads\/2018\/05\/CRKBO_Instelling-36x36.jpg 36w, https:\/\/www.cint.nl\/wp-content\/uploads\/2018\/05\/CRKBO_Instelling-180x180.jpg 180w, https:\/\/www.cint.nl\/wp-content\/uploads\/2018\/05\/CRKBO_Instelling-120x120.jpg 120w\" sizes=\"auto, (max-width: 283px) 100vw, 283px\" \/>\t\t\t\t\t\t\n\t\t\t\t\t<\/div>\n\t\t\t\t\t\t\t\t\n<style>\n#image_1067406038 {\n  width: 100%;\n}\n@media (min-width:850px) {\n  #image_1067406038 {\n    width: 60%;\n  }\n}\n<\/style>\n\t<\/div>\n\t\n\t\t<\/div>\n\t\t\t\t\t<\/div>\n\n\t\n<\/div>\n\t\t<\/div>\n\n\t\t\n<style>\n#section_1326610264 {\n  padding-top: 30px;\n  padding-bottom: 30px;\n}\n<\/style>\n\t<\/section>","protected":false},"excerpt":{"rendered":"","protected":false},"author":1,"featured_media":0,"parent":0,"menu_order":0,"comment_status":"closed","ping_status":"closed","template":"page-blank.php","meta":{"footnotes":""},"class_list":["post-3250","page","type-page","status-publish","hentry"],"_links":{"self":[{"href":"https:\/\/www.cint.nl\/es\/wp-json\/wp\/v2\/pages\/3250","targetHints":{"allow":["GET"]}}],"collection":[{"href":"https:\/\/www.cint.nl\/es\/wp-json\/wp\/v2\/pages"}],"about":[{"href":"https:\/\/www.cint.nl\/es\/wp-json\/wp\/v2\/types\/page"}],"author":[{"embeddable":true,"href":"https:\/\/www.cint.nl\/es\/wp-json\/wp\/v2\/users\/1"}],"replies":[{"embeddable":true,"href":"https:\/\/www.cint.nl\/es\/wp-json\/wp\/v2\/comments?post=3250"}],"version-history":[{"count":13,"href":"https:\/\/www.cint.nl\/es\/wp-json\/wp\/v2\/pages\/3250\/revisions"}],"predecessor-version":[{"id":32559,"href":"https:\/\/www.cint.nl\/es\/wp-json\/wp\/v2\/pages\/3250\/revisions\/32559"}],"wp:attachment":[{"href":"https:\/\/www.cint.nl\/es\/wp-json\/wp\/v2\/media?parent=3250"}],"curies":[{"name":"wp","href":"https:\/\/api.w.org\/{rel}","templated":true}]}}