{"id":3954,"date":"2019-07-26T12:30:10","date_gmt":"2019-07-26T10:30:10","guid":{"rendered":"https:\/\/www.cint.nl\/?page_id=3954"},"modified":"2025-11-06T15:44:10","modified_gmt":"2025-11-06T14:44:10","slug":"haftungsausschluss","status":"publish","type":"page","link":"https:\/\/www.cint.nl\/de\/disclaimer\/","title":{"rendered":"Haftungsausschluss"},"content":{"rendered":"<div id=\"page-header-1788911883\" class=\"page-header-wrapper\">\n  <div class=\"page-title dark normal-title\">\n\n        <div class=\"page-title-bg\">\n      <div class=\"title-bg fill bg-fill\"\n        data-parallax-container=\".page-title\"\n        data-parallax-background\n data-parallax=\"-\">\n      <\/div>\n      <div class=\"title-overlay fill\"><\/div>\n    <\/div>\n    \n    <div class=\"page-title-inner container align-bottom text-center flex-row-col medium-flex-wrap\" >\n              <div class=\"title-wrapper uppercase is-xlarge flex-col\">\n          <h1 class=\"entry-title mb-0\">\n            Haftungsausschluss          <\/h1>\n        <\/div>\n                    <div class=\"title-content flex-col\">\n        <div class=\"title-breadcrumbs pb-half pt-half\"><\/div>      <\/div>\n    <\/div>\n\n     \n<style>\n#page-header-1788911883 .page-title-inner {\n  min-height: 150px;\n}\n#page-header-1788911883 .title-bg {\n  background-image: url(https:\/\/www.cint.nl\/wp-content\/uploads\/2024\/04\/slide3-layer-11600.webp);\n  background-position: 52% 42%;\n}\n<\/style>\n  <\/div>\n    <\/div>\n  \n\n\t<section class=\"section\" id=\"section_1507575883\">\n\t\t<div class=\"section-bg fill\" >\n\t\t\t\t\t\t\t\t\t\n\t\t\t\n\n\t\t<\/div>\n\n\t\t\n\n\t\t<div class=\"section-content relative\">\n\t\t\t\n<div class=\"row\"  id=\"row-535081754\">\n\n\t<div id=\"col-1916182337\" class=\"col small-12 large-12\"  >\n\t\t\t\t<div class=\"col-inner\"  >\n\t\t\t\n\t\t\t\n<p>Der Inhalt dieser Website - einschlie\u00dflich, aber nicht beschr\u00e4nkt auf Texte, Bilder, Design, Marken und Domainnamen - ist Eigentum von <strong>Star Remedies B.V.<\/strong> und ist durch das Urheberrecht und andere nach geltendem Recht bestehende geistige oder gewerbliche Eigentumsrechte gesch\u00fctzt. Es ist nicht gestattet, Teile dieser Website ohne die vorherige schriftliche Zustimmung von Star Remedies B.V. zu vervielf\u00e4ltigen, zu ver\u00f6ffentlichen oder in irgendeiner Weise zug\u00e4nglich zu machen.<\/p>\n<p>Die von <strong>Star Remedies B.V.<\/strong> Die Informationen und Bilder auf dieser Website wurden mit der gr\u00f6\u00dftm\u00f6glichen Sorgfalt zusammengestellt. Trotz dieser Sorgfalt kann Star Remedies B.V. keine Garantie f\u00fcr die Richtigkeit, Vollst\u00e4ndigkeit und Aktualit\u00e4t des Inhalts \u00fcbernehmen. Star Remedies B.V. ist bestrebt, die Website auf dem neuesten Stand zu halten, kann jedoch nicht garantieren, dass der Inhalt jederzeit vollst\u00e4ndig oder korrekt ist.<\/p>\n<p>Die Informationen auf dieser Website k\u00f6nnen jederzeit und ohne vorherige Ank\u00fcndigung ge\u00e4ndert werden. Die Nutzung der Website und der darin enthaltenen Informationen erfolgt auf eigenes Risiko des Besuchers.<\/p>\n<p>Alle Links zu externen Websites werden nur zur Information des Besuchers aufgenommen. Solche Websites werden nicht unterhalten von <strong>Star Remedies B.V.<\/strong> verwaltet oder gepflegt werden. Star Remedies B.V. \u00fcbernimmt daher keinerlei Haftung f\u00fcr Sch\u00e4den, die sich direkt oder indirekt aus der Nutzung dieser Website oder der darin enthaltenen Informationen ergeben, einschlie\u00dflich - aber nicht beschr\u00e4nkt auf - Sch\u00e4den, die durch Viren, Ungenauigkeiten oder Unvollst\u00e4ndigkeit von Informationen oder durch Informationen auf oder \u00fcber Websites, auf die verwiesen wird oder die mit dieser Website verlinkt sind, entstehen.<\/p>\n<p>Bei Fragen zu dieser Website oder der Nutzung ihrer Inhalte wenden Sie sich bitte an:<br \/>\nStar Remedies B.V.<br \/>\nSloterweg 150<br \/>\n1171 CV Badhoevedorp<br \/>\nE-Mail: <a href=\"mailto:info@cint.nl\">info@cint.nl<\/a><\/p>\n<p>Fassung: Januar 2026<\/p>\n\t\t<\/div>\n\t\t\t\t\t<\/div>\n\n\t\n<\/div>\n\t\t<\/div>\n\n\t\t\n<style>\n#section_1507575883 {\n  padding-top: 30px;\n  padding-bottom: 30px;\n}\n<\/style>\n\t<\/section>","protected":false},"excerpt":{"rendered":"","protected":false},"author":1,"featured_media":0,"parent":0,"menu_order":0,"comment_status":"closed","ping_status":"closed","template":"page-blank.php","meta":{"footnotes":""},"class_list":["post-3954","page","type-page","status-publish","hentry"],"_links":{"self":[{"href":"https:\/\/www.cint.nl\/de\/wp-json\/wp\/v2\/pages\/3954","targetHints":{"allow":["GET"]}}],"collection":[{"href":"https:\/\/www.cint.nl\/de\/wp-json\/wp\/v2\/pages"}],"about":[{"href":"https:\/\/www.cint.nl\/de\/wp-json\/wp\/v2\/types\/page"}],"author":[{"embeddable":true,"href":"https:\/\/www.cint.nl\/de\/wp-json\/wp\/v2\/users\/1"}],"replies":[{"embeddable":true,"href":"https:\/\/www.cint.nl\/de\/wp-json\/wp\/v2\/comments?post=3954"}],"version-history":[{"count":5,"href":"https:\/\/www.cint.nl\/de\/wp-json\/wp\/v2\/pages\/3954\/revisions"}],"predecessor-version":[{"id":32612,"href":"https:\/\/www.cint.nl\/de\/wp-json\/wp\/v2\/pages\/3954\/revisions\/32612"}],"wp:attachment":[{"href":"https:\/\/www.cint.nl\/de\/wp-json\/wp\/v2\/media?parent=3954"}],"curies":[{"name":"wp","href":"https:\/\/api.w.org\/{rel}","templated":true}]}}