{"id":3621,"date":"2016-09-20T14:43:28","date_gmt":"2016-09-20T12:43:28","guid":{"rendered":"https:\/\/www.cint.nl\/?page_id=3621"},"modified":"2025-10-15T15:46:54","modified_gmt":"2025-10-15T13:46:54","slug":"4-wichtige-punkte","status":"publish","type":"page","link":"https:\/\/www.cint.nl\/de\/4-kernpunten\/","title":{"rendered":"Dietmar Kr\u00e4mer - 4 wichtige Punkte"},"content":{"rendered":"<div id=\"page-header-2094807967\" class=\"page-header-wrapper\">\n  <div class=\"page-title dark normal-title\">\n\n        <div class=\"page-title-bg\">\n      <div class=\"title-bg fill bg-fill\"\n        data-parallax-container=\".page-title\"\n        data-parallax-background\n data-parallax=\"-\">\n      <\/div>\n      <div class=\"title-overlay fill\"><\/div>\n    <\/div>\n    \n    <div class=\"page-title-inner container align-bottom text-center flex-row-col medium-flex-wrap\" >\n              <div class=\"title-wrapper uppercase is-xlarge flex-col\">\n          <h1 class=\"entry-title mb-0\">\n            Wichtigste Punkte          <\/h1>\n        <\/div>\n                    <div class=\"title-content flex-col\">\n        <div class=\"title-breadcrumbs pb-half pt-half\"><\/div>      <\/div>\n    <\/div>\n\n     \n<style>\n#page-header-2094807967 .page-title-inner {\n  min-height: 150px;\n}\n#page-header-2094807967 .title-bg {\n  background-image: url(https:\/\/www.cint.nl\/wp-content\/uploads\/2024\/04\/slide3-layer-11600.webp);\n  background-position: 52% 42%;\n}\n<\/style>\n  <\/div>\n    <\/div>\n  \n\n\t<section class=\"section\" id=\"section_326084601\">\n\t\t<div class=\"section-bg fill\" >\n\t\t\t\t\t\t\t\t\t\n\t\t\t\n\n\t\t<\/div>\n\n\t\t\n\n\t\t<div class=\"section-content relative\">\n\t\t\t\n<div class=\"row\"  id=\"row-99117635\">\n\n\t<div id=\"col-862367007\" class=\"col small-12 large-12\"  >\n\t\t\t\t<div class=\"col-inner\"  >\n\t\t\t\n\t\t\t\n<div class=\"container section-title-container\" ><h2 class=\"section-title section-title-center\"><b aria-hidden=\"true\"><\/b><span class=\"section-title-main\" >4 WICHTIGE PUNKTE DER AUSBILDUNG<\/span><b aria-hidden=\"true\"><\/b><\/h2><\/div>\n<p><strong>1. Ber\u00fccksichtigen Sie die Beziehungen zwischen den Bl\u00fcten<\/strong><\/p>\n<p>Anhand der Beziehungen zwischen den Bl\u00fcten l\u00e4sst sich feststellen, welche Bl\u00fcte die oberfl\u00e4chliche Seite einer Beschwerde und welche die tiefere Ursache abdeckt. Auf diese Weise wird eine hierarchische Klassifizierung erstellt, die die k\u00fcnftige Therapie bestimmt. Dies ist ein sehr wichtiges Hilfsmittel, vor allem, wenn der Patient scheinbar eine gro\u00dfe Anzahl von Bl\u00fcten ben\u00f6tigt und man nicht wei\u00df, wo man anfangen soll. Wenn die eigentlichen Beschwerden beseitigt sind, dann kann man anhand dieser Klassifizierung pr\u00fcfen, welche verborgenen negativen Seelenkonzepte zu den bestehenden Beschwerden gef\u00fchrt haben.<\/p>\n<p><strong>2. Diagnostik nach den Hautzonen der Bachbl\u00fcten<\/strong><\/p>\n<p>F\u00fcr jedes Star Remedies\/Bach Blossom Mittel gibt es Zonen auf der Haut, \u00e4hnlich den Fu\u00dfreflexzonen. Bei negativen Stimmungen kommt es an diesen Stellen zu Ver\u00e4nderungen in der energetischen Struktur, oft begleitet von Schmerzen oder Sensibilit\u00e4tsst\u00f6rungen. Auf diese Weise k\u00f6nnen wir Bl\u00fctendiagnosen rein auf der Basis des Ortes stellen.<\/p>\n<p><strong>3. Anwendungen der Bl\u00fcten auf der Haut<\/strong><\/p>\n<p>Durch das direkte Auftragen der entsprechenden Bl\u00fcten (in verd\u00fcnnter Zusammensetzung) auf die gest\u00f6rten Hautstellen k\u00f6nnen wir die Wirkung der Bl\u00fcten deutlich verst\u00e4rken. Auf diese Weise erholen sich nicht nur negative Stimmungen viel schneller als bei der Einnahme von Star Remedies \/ Bachbl\u00fcten, sondern auch k\u00f6rperliche Beschwerden k\u00f6nnen nach dem Auftragen der Bl\u00fcten auf die Haut meist schneller verschwinden.<\/p>\n<p><strong>4. Objektive Diagnosem\u00f6glichkeiten<\/strong><\/p>\n<p>Es bestehen direkte Korrespondenzen zwischen den Star Remedies\/Bachbl\u00fctenspuren einerseits, die sich aus den Wechselbeziehungen zwischen den Star Remedies\/Bachbl\u00fcten ergeben, und den Akupunkturmeridianen andererseits. Letztlich sind Meridian- und Star Remedies\/Bachbl\u00fctenspuren Manifestationen desselben Prinzips, aber auf zwei unterschiedlichen Schwingungsebenen. Diese Tatsache er\u00f6ffnet eine ganze Reihe neuer diagnostischer und therapeutischer M\u00f6glichkeiten. So k\u00f6nnen wir zum Beispiel aus dem Verlauf des Meridians ableiten, welche Bl\u00fctenspuren wir ben\u00f6tigen. Gleiches gilt f\u00fcr die chinesische Meridianuhr, die bei Beschwerden, die immer zu einer bestimmten Zeit auftreten, Anhaltspunkte f\u00fcr die Auswahl der richtigen Star Remedies\/Bach-Bl\u00fcten liefert. Mit den von Dietmar Kramer neu entdeckten Test- und Therapiepunkten auf den Mondlinien, den Gegenst\u00fccken zu den Akupunkturmeridianen auf einer noch subtileren Ebene, k\u00f6nnen wir gerade bei etwas schwieriger zu diagnostizierenden F\u00e4llen eine objektive Star Remedies \/ Bachbl\u00fcten-Diagnose stellen. So erholen sich nicht nur negative Stimmungen viel schneller als bei der Einnahme von Tropfen, sondern auch k\u00f6rperliche Beschwerden k\u00f6nnen nach dem Auftragen der Bl\u00fcten auf die Haut meist schneller verschwinden.<\/p>\n\t\t<\/div>\n\t\t\t\t\t<\/div>\n\n\t\n\n\t<div id=\"col-2055682122\" class=\"col medium-6 small-12 large-6\"  >\n\t\t\t\t<div class=\"col-inner\" style=\"background-color:rgba(154, 186, 204, 0.21);\" >\n\t\t\t\n\t\t\t\n<h4>Akkreditierung und Anerkennung<\/h4>\n<p><span class=\"av_dropcap1\">A<\/span>Anrechnung und Akkreditierung geben ein klares Bild von der Qualit\u00e4t eines Kurses. Lesen Sie mehr \u00fcber umfassende Schulungen und ihre Inhalte.<\/p>\n\t\t<\/div>\n\t\t\t\t\n<style>\n#col-2055682122 > .col-inner {\n  padding: 10px 10px 10px 10px;\n}\n<\/style>\n\t<\/div>\n\n\t\n\n\t<div id=\"col-2012889805\" class=\"col medium-6 small-12 large-6\"  >\n\t\t\t\t<div class=\"col-inner\" style=\"background-color:rgba(154, 186, 204, 0.21);\" >\n\t\t\t\n\t\t\t\n<h4>Merkmale der Ausbildung<\/h4>\n<ul>\n<li>Klare Unterrichtsstruktur<\/li>\n<li>Erkl\u00e4rung und Anleitung im Klassenzimmer<\/li>\n<li>Erl\u00e4uterung der Methode Neue Therapien<\/li>\n<li>Dietmar Kr\u00e4mer als Dozent*<\/li>\n<li>Neue Therapien in der Praxis<\/li>\n<li>Lernen, eine klare Anamnese zu erheben<\/li>\n<\/ul>\n\t\t<\/div>\n\t\t\t\t\n<style>\n#col-2012889805 > .col-inner {\n  padding: 10px 10px 10px 10px;\n}\n<\/style>\n\t<\/div>\n\n\t\n<\/div>\n\t\t<\/div>\n\n\t\t\n<style>\n#section_326084601 {\n  padding-top: 30px;\n  padding-bottom: 30px;\n}\n<\/style>\n\t<\/section>","protected":false},"excerpt":{"rendered":"","protected":false},"author":1,"featured_media":0,"parent":0,"menu_order":0,"comment_status":"closed","ping_status":"closed","template":"page-blank.php","meta":{"footnotes":""},"class_list":["post-3621","page","type-page","status-publish","hentry"],"_links":{"self":[{"href":"https:\/\/www.cint.nl\/de\/wp-json\/wp\/v2\/pages\/3621","targetHints":{"allow":["GET"]}}],"collection":[{"href":"https:\/\/www.cint.nl\/de\/wp-json\/wp\/v2\/pages"}],"about":[{"href":"https:\/\/www.cint.nl\/de\/wp-json\/wp\/v2\/types\/page"}],"author":[{"embeddable":true,"href":"https:\/\/www.cint.nl\/de\/wp-json\/wp\/v2\/users\/1"}],"replies":[{"embeddable":true,"href":"https:\/\/www.cint.nl\/de\/wp-json\/wp\/v2\/comments?post=3621"}],"version-history":[{"count":9,"href":"https:\/\/www.cint.nl\/de\/wp-json\/wp\/v2\/pages\/3621\/revisions"}],"predecessor-version":[{"id":32594,"href":"https:\/\/www.cint.nl\/de\/wp-json\/wp\/v2\/pages\/3621\/revisions\/32594"}],"wp:attachment":[{"href":"https:\/\/www.cint.nl\/de\/wp-json\/wp\/v2\/media?parent=3621"}],"curies":[{"name":"wp","href":"https:\/\/api.w.org\/{rel}","templated":true}]}}