{"id":3617,"date":"2016-09-20T14:35:46","date_gmt":"2016-09-20T12:35:46","guid":{"rendered":"https:\/\/www.cint.nl\/?page_id=3617"},"modified":"2025-10-15T15:59:11","modified_gmt":"2025-10-15T13:59:11","slug":"hautpartien","status":"publish","type":"page","link":"https:\/\/www.cint.nl\/de\/huidzones\/","title":{"rendered":"Bachbl\u00fcten-Hautzonen"},"content":{"rendered":"<div id=\"page-header-681367868\" class=\"page-header-wrapper\">\n  <div class=\"page-title dark normal-title\">\n\n        <div class=\"page-title-bg\">\n      <div class=\"title-bg fill bg-fill\"\n        data-parallax-container=\".page-title\"\n        data-parallax-background\n data-parallax=\"-\">\n      <\/div>\n      <div class=\"title-overlay fill\"><\/div>\n    <\/div>\n    \n    <div class=\"page-title-inner container align-bottom text-center flex-row-col medium-flex-wrap\" >\n              <div class=\"title-wrapper uppercase is-xlarge flex-col\">\n          <h1 class=\"entry-title mb-0\">\n            Hautzonen          <\/h1>\n        <\/div>\n                    <div class=\"title-content flex-col\">\n        <div class=\"title-breadcrumbs pb-half pt-half\"><\/div>      <\/div>\n    <\/div>\n\n     \n<style>\n#page-header-681367868 .page-title-inner {\n  min-height: 150px;\n}\n#page-header-681367868 .title-bg {\n  background-image: url(https:\/\/www.cint.nl\/wp-content\/uploads\/2024\/04\/slide3-layer-11600.webp);\n  background-position: 52% 42%;\n}\n<\/style>\n  <\/div>\n    <\/div>\n  \n\n\t<section class=\"section\" id=\"section_1293325268\">\n\t\t<div class=\"section-bg fill\" >\n\t\t\t\t\t\t\t\t\t\n\t\t\t\n\n\t\t<\/div>\n\n\t\t\n\n\t\t<div class=\"section-content relative\">\n\t\t\t\n<div class=\"row\"  id=\"row-211734573\">\n\n\t<div id=\"col-703844224\" class=\"col small-12 large-12\"  >\n\t\t\t\t<div class=\"col-inner\"  >\n\t\t\t\n\t\t\t\n<div class=\"container section-title-container\" ><h2 class=\"section-title section-title-center\"><b aria-hidden=\"true\"><\/b><span class=\"section-title-main\" >HAUTZONEN nach DIETMAR KR\u00c4MER<\/span><b aria-hidden=\"true\"><\/b><\/h2><\/div>\n<p>Bei der Bl\u00fctentherapie wird durch das Vorhandensein von Hautarealen, die auf bestimmte Bl\u00fcten empfindlich reagieren, sowohl die richtige Diagnose als auch die Festlegung der wirksamen Behandlung erheblich vereinfacht.<\/p>\n<p>Bei k\u00f6rperlichen Beschwerden l\u00e4sst sich die zu w\u00e4hlende Bl\u00fcte direkt aus der Lokalisierung der Beschwerden im K\u00f6rper ableiten.<\/p>\n<p>Die \u00e4u\u00dferliche Anwendung an der betroffenen Stelle in Form von Umschl\u00e4gen oder Einreibungen erweist sich fast immer als wesentlich wirksamer als die blo\u00dfe Einnahme der entsprechenden Bl\u00fctenessenz.<\/p>\n<p>Dadurch wird der Heilungsprozess im Allgemeinen erheblich beschleunigt. Oft tritt eine Besserung erst nach lokaler Behandlung des gest\u00f6rten Hautareals ein.<\/p>\n<p>In der Praxis hat sich gezeigt, dass in einer ganzen Reihe von F\u00e4llen, in denen die f\u00fcr den gest\u00f6rten Standort geeignete Bl\u00fcte \u00fcber einen l\u00e4ngeren Zeitraum (manchmal sogar mehr als sechs Monate) treu eingenommen wurde, ohne die geringste Auswirkung auf die bestehenden Symptome zu haben.<\/p>\n<p>Wurde dieselbe Bl\u00fcte jedoch topisch aufgetragen, besserte sich der Zustand des Patienten oft innerhalb kurzer Zeit.<\/p>\n<p>Auch Probleme rein psychischer Natur werden in der Regel schneller gel\u00f6st, wenn nicht nur die Bl\u00fcten entnommen werden, sondern zus\u00e4tzlich die mit den Hauptbl\u00fcten verbundenen Hautzonen \u00e4u\u00dferlich behandelt werden - auch wenn mit diesen Hautzonen keine k\u00f6rperlichen Beschwerden verbunden sind. Hierf\u00fcr reichen in der Regel Zonen am Rumpf aus.<\/p>\n<p>Hier zeigen sich - lange bevor sich die ersten k\u00f6rperlichen Symptome bemerkbar machen - Ver\u00e4nderungen in der Aura, die mit sensiblen Mitteln diagnostiziert werden k\u00f6nnen.<\/p>\n<p>Warum Star Remedies \/ Bachbl\u00fcten - vor allem bei k\u00f6rperlichen Beschwerden - viel effektiver wirken, wenn sie \u00e4u\u00dferlich auf die entsprechenden Hautstellen aufgetragen werden, wird verst\u00e4ndlich, wenn man sich vergegenw\u00e4rtigt, dass psychische Probleme damit genau dort behandelt werden, wo sie sich k\u00f6rperlich manifestieren.<\/p>\n<p>Erst wenn das negative Schwingungsmuster an diesem Ort korrigiert ist, wird auch die St\u00f6rung im materiellen K\u00f6rper aufgel\u00f6st, sofern noch kein irreparabler Schaden entstanden ist.<\/p>\n<p>Letztlich handelt es sich um archetypische Hautzonen. Alle feinstofflichen Arzneistoffe, die auf die von Edward Bach erstmals treffend klassifizierten archetypischen, negativen Gef\u00fchlskonzepte einwirken, haben bei Anwendung auf diesen spezifischen Hautzonen eine heilende Wirkung, v\u00f6llig unabh\u00e4ngig von der Natur und den Eigenschaften der dort vorhandenen Beschwerden.<\/p>\n<p>Zu diesen feinen Substanzen geh\u00f6ren, wie bereits erw\u00e4hnt, auch bestimmte \u00e4therische \u00d6le und Edelsteine. Diese k\u00f6nnen ebenso wie die Star Remedies\/Bachbl\u00fcten auf diese Hautstellen aufgetragen werden.<\/p>\n\t\t<\/div>\n\t\t\t\t\t<\/div>\n\n\t\n\n\t<div id=\"col-561385687\" class=\"col medium-6 small-12 large-6\"  >\n\t\t\t\t<div class=\"col-inner\" style=\"background-color:rgba(154, 186, 204, 0.21);\" >\n\t\t\t\n\t\t\t\n<h4>Akkreditierung und Anerkennung<\/h4>\n<p><span class=\"av_dropcap1\">A<\/span>Anrechnung und Akkreditierung geben ein klares Bild von der Qualit\u00e4t eines Kurses. Lesen Sie mehr \u00fcber umfassende Schulungen und ihre Inhalte.<\/p>\n\t\t<\/div>\n\t\t\t\t\n<style>\n#col-561385687 > .col-inner {\n  padding: 10px 10px 10px 10px;\n}\n<\/style>\n\t<\/div>\n\n\t\n\n\t<div id=\"col-953307998\" class=\"col medium-6 small-12 large-6\"  >\n\t\t\t\t<div class=\"col-inner\" style=\"background-color:rgba(154, 186, 204, 0.21);\" >\n\t\t\t\n\t\t\t\n<h4>Merkmale der Ausbildung<\/h4>\n<ul>\n<li>Klare Unterrichtsstruktur<\/li>\n<li>Erkl\u00e4rung und Anleitung im Klassenzimmer<\/li>\n<li>Dietmar Kr\u00e4mer Methode erkl\u00e4rt<\/li>\n<li>Dietmar Kr\u00e4mer als Dozent*<\/li>\n<li>Neue Therapien in der Praxis<\/li>\n<li>Lernen, eine klare Anamnese zu erheben<\/li>\n<\/ul>\n\t\t<\/div>\n\t\t\t\t\n<style>\n#col-953307998 > .col-inner {\n  padding: 10px 10px 10px 10px;\n}\n<\/style>\n\t<\/div>\n\n\t\n<\/div>\n\t\t<\/div>\n\n\t\t\n<style>\n#section_1293325268 {\n  padding-top: 30px;\n  padding-bottom: 30px;\n}\n<\/style>\n\t<\/section>","protected":false},"excerpt":{"rendered":"","protected":false},"author":1,"featured_media":0,"parent":0,"menu_order":0,"comment_status":"closed","ping_status":"closed","template":"page-blank.php","meta":{"footnotes":""},"class_list":["post-3617","page","type-page","status-publish","hentry"],"_links":{"self":[{"href":"https:\/\/www.cint.nl\/de\/wp-json\/wp\/v2\/pages\/3617","targetHints":{"allow":["GET"]}}],"collection":[{"href":"https:\/\/www.cint.nl\/de\/wp-json\/wp\/v2\/pages"}],"about":[{"href":"https:\/\/www.cint.nl\/de\/wp-json\/wp\/v2\/types\/page"}],"author":[{"embeddable":true,"href":"https:\/\/www.cint.nl\/de\/wp-json\/wp\/v2\/users\/1"}],"replies":[{"embeddable":true,"href":"https:\/\/www.cint.nl\/de\/wp-json\/wp\/v2\/comments?post=3617"}],"version-history":[{"count":10,"href":"https:\/\/www.cint.nl\/de\/wp-json\/wp\/v2\/pages\/3617\/revisions"}],"predecessor-version":[{"id":32606,"href":"https:\/\/www.cint.nl\/de\/wp-json\/wp\/v2\/pages\/3617\/revisions\/32606"}],"wp:attachment":[{"href":"https:\/\/www.cint.nl\/de\/wp-json\/wp\/v2\/media?parent=3617"}],"curies":[{"name":"wp","href":"https:\/\/api.w.org\/{rel}","templated":true}]}}