{"id":3276,"date":"2016-09-16T14:26:43","date_gmt":"2016-09-16T12:26:43","guid":{"rendered":"https:\/\/www.cint.nl\/?page_id=3276"},"modified":"2025-09-11T15:52:47","modified_gmt":"2025-09-11T13:52:47","slug":"inhalt","status":"publish","type":"page","link":"https:\/\/www.cint.nl\/de\/inhoud\/","title":{"rendered":"Inhalt"},"content":{"rendered":"<div id=\"page-header-2115005067\" class=\"page-header-wrapper\">\n  <div class=\"page-title dark normal-title\">\n\n        <div class=\"page-title-bg\">\n      <div class=\"title-bg fill bg-fill\"\n        data-parallax-container=\".page-title\"\n        data-parallax-background\n data-parallax=\"-\">\n      <\/div>\n      <div class=\"title-overlay fill\"><\/div>\n    <\/div>\n    \n    <div class=\"page-title-inner container align-bottom text-center flex-row-col medium-flex-wrap\" >\n              <div class=\"title-wrapper uppercase is-xlarge flex-col\">\n          <h1 class=\"entry-title mb-0\">\n            INHALT DER AUSBILDUNG          <\/h1>\n        <\/div>\n                    <div class=\"title-content flex-col\">\n        <div class=\"title-breadcrumbs pb-half pt-half\"><\/div>      <\/div>\n    <\/div>\n\n     \n<style>\n#page-header-2115005067 .page-title-inner {\n  min-height: 150px;\n}\n#page-header-2115005067 .title-bg {\n  background-image: url(https:\/\/www.cint.nl\/wp-content\/uploads\/2024\/04\/slide3-layer-11600.webp);\n  background-position: 52% 42%;\n}\n<\/style>\n  <\/div>\n    <\/div>\n  \n\n\t<section class=\"section\" id=\"section_391428944\">\n\t\t<div class=\"section-bg fill\" >\n\t\t\t\t\t\t\t\t\t\n\t\t\t\n\n\t\t<\/div>\n\n\t\t\n\n\t\t<div class=\"section-content relative\">\n\t\t\t\n<div class=\"row\"  id=\"row-1446445832\">\n\n\t<div id=\"col-1625196052\" class=\"col small-12 large-12\"  >\n\t\t\t\t<div class=\"col-inner\"  >\n\t\t\t\n\t\t\t\n<p>C.I.N.T. Benelux Opleidingen \/ Star Remedies bietet eine sehr umfassende Ausbildung mit viel Lehrmaterial. Nachstehend finden Sie eine kurze \u00dcbersicht \u00fcber die Bestandteile, die pro Modul behandelt werden.<\/p>\n\t\t<\/div>\n\t\t\t\t\t<\/div>\n\n\t\n\n\t<div id=\"col-777247424\" class=\"col small-12 large-12\"  >\n\t\t\t\t<div class=\"col-inner\"  >\n\t\t\t\n\t\t\t\n<div class=\"container section-title-container\" ><h2 class=\"section-title section-title-bold\"><b aria-hidden=\"true\"><\/b><span class=\"section-title-main\" >Modul 1<\/span><b aria-hidden=\"true\"><\/b><\/h2><\/div>\n<ul>\n<li>Entdeckung, Herstellung und Anwendung von Bachbl\u00fcten;<\/li>\n<li>Entdeckung, Herstellung und Anwendung von Star Remedies-Bl\u00fctenessenzen;<\/li>\n<li>Krankheit als Konflikt zwischen H\u00f6herem Selbst und Pers\u00f6nlichkeit<\/li>\n<li>Neue Klassifizierung von Star Remedies Bl\u00fctenessenzen und Bachbl\u00fcten; innere und \u00e4u\u00dfere Star Remedies Bl\u00fctenessenzen und Bachbl\u00fcten;<\/li>\n<li>neue Klassifizierung der Star Remedies Bl\u00fctenessenzen; innere und \u00e4u\u00dfere Star Remedies Bl\u00fctenessenzen<\/li>\n<li>Angabe und Kenntnis der \u00e4u\u00dferen Star Remedies Bl\u00fctenessenzen und der \u00e4u\u00dferen Bachbl\u00fcten<\/li>\n<li>Indikationen, die von der Topographie der Hautzonen abweichen<\/li>\n<li>Diagnoseverfahren<\/li>\n<li>die verschiedenen Energieebenen der Menschen und die auf sie wirkenden Heilmethoden<\/li>\n<li>praxisorientierte Anwendungen von Hautarealen;<\/li>\n<li>Behandlung von Wunden\/Verletzungen.<\/li>\n<\/ul>\n\t\t<\/div>\n\t\t\t\t\t<\/div>\n\n\t\n\n\t<div id=\"col-479509927\" class=\"col small-12 large-12\"  >\n\t\t\t\t<div class=\"col-inner\"  >\n\t\t\t\n\t\t\t\n<div class=\"container section-title-container\" style=\"margin-top:75px;\"><h2 class=\"section-title section-title-bold\"><b aria-hidden=\"true\"><\/b><span class=\"section-title-main\" >Modul 2<\/span><b aria-hidden=\"true\"><\/b><\/h2><\/div>\n<ul>\n<li>Zusammenfassung Modul I;<\/li>\n<li>Theorie und Praxis von zwei Spuren; Maskenblumen\/Mimulus-Spur und Mohn\/Enzian-Spur<\/li>\n<li>das mit einer Streckenkombination verbundene \u00e4u\u00dfere Mittel<\/li>\n<li>Grundlagen der chinesischen Akupunktur als Basis f\u00fcr die Kl\u00e4rung der Bachbl\u00fctenspuren; (in Teilen)<\/li>\n<li>Einf\u00fchrung in die Chakren (in Teilen)<\/li>\n<li>Unterschied zwischen Hom\u00f6opathie und Star Remedies-Bl\u00fctenessenzen Bachbl\u00fcten;<\/li>\n<li>Angabe der einzelnen Star Remedies Bl\u00fctenessenzen und Bachbl\u00fcten jeder Spur;<\/li>\n<li>Beziehung zwischen Bl\u00fctenspuren und Akupunkturmeridianen und Chakren der besprochenen Spuren<\/li>\n<li>Analyse und Ranking nach Spuren;<\/li>\n<li>Praxisorientierte Arbeit mit dem Fragebogen; Vertiefung der Diagnosemethode;<\/li>\n<li>die sieben Stufen der Eskalation eines Symptoms<\/li>\n<li>Therapiebl\u00f6cke<\/li>\n<li>Star Remedies Bl\u00fctenessenzen &amp; Bachbl\u00fcten f\u00fcr Tiere und Pflanzen;<\/li>\n<li>Theorie \u00fcber die mit den Spuren verbundenen Hautzonen<\/li>\n<li>Unterschiede beim Testen von Star Remedies Bl\u00fctenessenzen &amp; Bachbl\u00fcten<\/li>\n<li>Pr\u00fcfung verschiedener Mittel an Hautstellen<\/li>\n<li>Praxis-Tipps<\/li>\n<\/ul>\n\t\t<\/div>\n\t\t\t\t\t<\/div>\n\n\t\n\n\t<div id=\"col-94951826\" class=\"col small-12 large-12\"  >\n\t\t\t\t<div class=\"col-inner\"  >\n\t\t\t\n\t\t\t\n<div class=\"container section-title-container\" style=\"margin-top:75px;\"><h2 class=\"section-title section-title-bold\"><b aria-hidden=\"true\"><\/b><span class=\"section-title-main\" >Modul 3<\/span><b aria-hidden=\"true\"><\/b><\/h2><\/div>\n<ul>\n<li>Zusammenfassung Modul 2;<\/li>\n<li>Theorie und Praxis von zwei F\u00e4hrten: Schafgarbe\/Zentaurie und Liebe und Hoffnung\/Rockrose<\/li>\n<li>Angabe der einzelnen Star Remedies Bl\u00fctenessenzen &amp; Bachbl\u00fcten jeder Spur;<\/li>\n<li>das mit einer Streckenkombination verbundene \u00e4u\u00dfere Mittel<\/li>\n<li>Beziehung zwischen Bl\u00fctenspuren und Akupunkturmeridianen und Chakren der besprochenen Spuren<\/li>\n<li>Grundlagen der chinesischen Akupunktur als Basis f\u00fcr die Kl\u00e4rung der Bachbl\u00fctenspuren; (in Teilen)<\/li>\n<li>Einf\u00fchrung in die Chakren (in Teilen)<\/li>\n<li>Analyse und Ranking nach Spuren;<\/li>\n<li>Praxisorientierte Arbeit mit dem Fragebogen; Vertiefung der Diagnosemethode;<\/li>\n<li>Wissen \u00fcber einige Star Remedies-Bl\u00fctenessenzen, die nicht zu den Neuen Therapien geh\u00f6ren<\/li>\n<li>Verbindung mit anderen Therapieformen<\/li>\n<li>Unterschiede beim Testen von Star Remedies Bl\u00fctenessenzen &amp; Bachbl\u00fcten<\/li>\n<li>Pr\u00fcfung verschiedener Mittel an Hautstellen<\/li>\n<li>alle menschlichen Energiequellen<\/li>\n<\/ul>\n\t\t<\/div>\n\t\t\t\t\t<\/div>\n\n\t\n\n\t<div id=\"col-205903366\" class=\"col small-12 large-12\"  >\n\t\t\t\t<div class=\"col-inner\"  >\n\t\t\t\n\t\t\t\n<div class=\"container section-title-container\" style=\"margin-top:75px;\"><h2 class=\"section-title section-title-bold\"><b aria-hidden=\"true\"><\/b><span class=\"section-title-main\" >Modul 4<\/span><b aria-hidden=\"true\"><\/b><\/h2><\/div>\n<ul>\n<li>Zusammenfassung Modul 3;<\/li>\n<li>Theorie und Praxis von zwei F\u00e4hrten; Bleikraut\/Keratos-F\u00e4hrte und Liebe und Schilf\/Scleranthus-F\u00e4hrte<\/li>\n<li>Angabe der einzelnen Star Remedies Bl\u00fctenessenzen Bachbl\u00fcten jeder Spur;<\/li>\n<li>das mit einer Streckenkombination verbundene \u00e4u\u00dfere Mittel<\/li>\n<li>Grundlagen der chinesischen Akupunktur als Basis f\u00fcr die Kl\u00e4rung der Bachbl\u00fctenspuren; (in Teilen)<\/li>\n<li>Einf\u00fchrung in die Chakren (in Teilen)<\/li>\n<li>Beziehung zwischen Bl\u00fctenspuren und Akupunkturmeridianen und Chakren der besprochenen Spuren<\/li>\n<li>Analyse und Ranking nach Spuren;<\/li>\n<li>Lernen, Auren zu testen<\/li>\n<li>mit Bezug auf: gest\u00f6rte Hautzonen &amp; gest\u00f6rte Akupunkturmeridiane<\/li>\n<li>Sensible Diagnose von Ruhezonen<\/li>\n<li>Spontane Anamnese<\/li>\n<li>Konsultation mittels Fragebogen, kombiniert mit Antwort- und Arbeitsblatt<\/li>\n<li>Diagnose auf der Grundlage k\u00f6rperlicher Beschwerden in Bezug auf: gest\u00f6rte Hautzonen, gest\u00f6rte Akupunkturmeridiane &amp; Sensible Diagnose von Ruhezonen<\/li>\n<li>Unterschiede beim Testen von Star Remedies Bl\u00fctenessenzen &amp; Bachbl\u00fcten<\/li>\n<li>Pr\u00fcfung verschiedener Mittel an Hautstellen<\/li>\n<\/ul>\n\t\t<\/div>\n\t\t\t\t\t<\/div>\n\n\t\n\n\t<div id=\"col-1159170900\" class=\"col small-12 large-12\"  >\n\t\t\t\t<div class=\"col-inner\"  >\n\t\t\t\n\t\t\t\n<div class=\"container section-title-container\" style=\"margin-top:75px;\"><h2 class=\"section-title section-title-bold\"><b aria-hidden=\"true\"><\/b><span class=\"section-title-main\" >Modul 5<\/span><b aria-hidden=\"true\"><\/b><\/h2><\/div>\n<ul>\n<li>Zusammenfassung Modul 4;<\/li>\n<li>Theorie und Praxis von zwei F\u00e4hrten; K\u00f6nigin der K\u00fcsten\/Vervain-F\u00e4hrte und Schafgarbe\/Zentauren-F\u00e4hrte<\/li>\n<li>Angabe der einzelnen Star Remedies Bl\u00fctenessenzen Bachbl\u00fcten jeder Spur;<\/li>\n<li>das mit einer Streckenkombination verbundene \u00e4u\u00dfere Mittel<\/li>\n<li>Grundlagen der chinesischen Akupunktur als Basis f\u00fcr die Kl\u00e4rung der Bachbl\u00fctenspuren; (in Teilen)<\/li>\n<li>Einf\u00fchrung in die Chakren (in Teilen)<\/li>\n<li>Angabe des externen Heilmittels in Verbindung mit einer Spurenkombination<\/li>\n<li>Beziehung zwischen Bl\u00fctenspuren und Akupunkturmeridianen und Chakren der besprochenen Spuren<\/li>\n<li>Analyse und Ranking nach Spuren;<\/li>\n<li>Vorbereitung der ersten Kombination<\/li>\n<li>Vorbereitung der zweiten und weiterer Kombinationen<\/li>\n<li>Unterschiede beim Testen von Star Remedies Bl\u00fctenessenzen &amp; Bachbl\u00fcten<\/li>\n<li>Pr\u00fcfung verschiedener Mittel an Hautstellen<\/li>\n<li>die Meridianuhr<\/li>\n<\/ul>\n\t\t<\/div>\n\t\t\t\t\t<\/div>\n\n\t\n\n\t<div id=\"col-546600919\" class=\"col small-12 large-12\"  >\n\t\t\t\t<div class=\"col-inner\"  >\n\t\t\t\n\t\t\t\n<div class=\"container section-title-container\" style=\"margin-top:75px;\"><h2 class=\"section-title section-title-bold\"><b aria-hidden=\"true\"><\/b><span class=\"section-title-main\" >Modul 6<\/span><b aria-hidden=\"true\"><\/b><\/h2><\/div>\n<ul>\n<li>Zusammenfassung Modul 5;<\/li>\n<li>Theorie und Praxis von zwei Gleisen: Mayflower\/Chicory-Gleis und Eucalypthus\/Wasserveilchen-Gleis<\/li>\n<li>Angabe der einzelnen Star Remedies Bl\u00fctenessenzen Bachbl\u00fcten jeder Spur;<\/li>\n<li>das mit einer Streckenkombination verbundene \u00e4u\u00dfere Mittel<\/li>\n<li>Grundlagen der chinesischen Akupunktur als Basis f\u00fcr die Kl\u00e4rung der Bachbl\u00fctenspuren; (in Teilen)<\/li>\n<li>Einf\u00fchrung in die Chakren (in Teilen)<\/li>\n<li>Beziehung zwischen Bl\u00fctenspuren und Akupunkturmeridianen und Chakren der besprochenen Spuren<\/li>\n<li>Analyse und Ranking nach Spuren;<\/li>\n<li>Farbtest<\/li>\n<li>Einige Star Remedies-Bl\u00fctenessenzen, die nicht in den Rahmen der Neuen Therapien passen<\/li>\n<li>Unterschiede beim Testen von Star Remedies Bl\u00fctenessenzen &amp; Bachbl\u00fcten<\/li>\n<li>Pr\u00fcfung verschiedener Mittel an Hautstellen<\/li>\n<li>lernen, die Resonanzreaktionen von Bl\u00fcten, Edelsteinen und \u00e4therischen \u00d6len auf Hautstellen zu testen<\/li>\n<\/ul>\n\t\t<\/div>\n\t\t\t\t\t<\/div>\n\n\t\n\n\t<div id=\"col-126544384\" class=\"col small-12 large-12\"  >\n\t\t\t\t<div class=\"col-inner\"  >\n\t\t\t\n\t\t\t\n<div class=\"container section-title-container\" style=\"margin-top:75px;\"><h2 class=\"section-title section-title-bold\"><b aria-hidden=\"true\"><\/b><span class=\"section-title-main\" >Modul 7<\/span><b aria-hidden=\"true\"><\/b><\/h2><\/div>\n<ul>\n<li>Zusammenfassung Modul 6;<\/li>\n<li>Theorie und Praxis von zwei Spuren; Ismene\/Clematis-Spur und L\u00f6wenzahn\/Impatiens-Spur<\/li>\n<li>Angabe der einzelnen Star Remedies Bl\u00fctenessenzen Bachbl\u00fcten jeder Spur;<\/li>\n<li>Grundlagen der chinesischen Akupunktur als Basis f\u00fcr die Kl\u00e4rung der Bachbl\u00fctenspuren; (in Teilen)<\/li>\n<li>Einf\u00fchrung in die Chakren (in Teilen)<\/li>\n<li>das mit einer Streckenkombination verbundene \u00e4u\u00dfere Mittel<\/li>\n<li>Beziehung zwischen Bl\u00fctenspuren und Akupunkturmeridianen und Chakren der besprochenen Spuren<\/li>\n<li>Analyse und Ranking nach Spuren;<\/li>\n<li>das Erscheinungsbild der Chakren<\/li>\n<li>Form der Chakren<\/li>\n<li>die Farben der Chakren<\/li>\n<li>Ebenen der Chakren<\/li>\n<li>alle sieben Chakren und ihre Beziehung zueinander<\/li>\n<li>die Verbindungen zwischen den Chakren<\/li>\n<li>die Chakren als h\u00f6here Regulierungszentren f\u00fcr den Akupunktur-Regelkreis.<\/li>\n<li>kundalini<\/li>\n<li>Prana<\/li>\n<li>Entwicklung des vom Studenten ausgef\u00fcllten Fragebogens durch einen Mitstudenten<\/li>\n<li>Unterschiede beim Testen von Star Remedies Bl\u00fctenessenzen &amp; Bachbl\u00fcten<\/li>\n<li>Pr\u00fcfung verschiedener Mittel an Hautstellen<\/li>\n<\/ul>\n\t\t<\/div>\n\t\t\t\t\t<\/div>\n\n\t\n\n\t<div id=\"col-1367473530\" class=\"col small-12 large-12\"  >\n\t\t\t\t<div class=\"col-inner\"  >\n\t\t\t\n\t\t\t\n<div class=\"container section-title-container\" style=\"margin-top:75px;\"><h2 class=\"section-title section-title-bold\"><b aria-hidden=\"true\"><\/b><span class=\"section-title-main\" >Modul 8<\/span><b aria-hidden=\"true\"><\/b><\/h2><\/div>\n<ul>\n<li>Zusammenfassung Modul 7<\/li>\n<li>Theorie und Praxis von zwei F\u00e4hrten; Mayflower\/Chicory-F\u00e4hrte und Kn\u00f6terich\/Agrimony-F\u00e4hrte<\/li>\n<li>Ganzheitliche Therapie als die wirksamste Form der Bachbl\u00fctentherapie;<\/li>\n<li>Grundlagen der chinesischen Akupunktur als Basis f\u00fcr die Kl\u00e4rung der Bachbl\u00fctenspuren; (in Teilen)<\/li>\n<li>Einf\u00fchrung in die Chakren (in Teilen)<\/li>\n<li>das mit einer Streckenkombination verbundene \u00e4u\u00dfere Mittel<\/li>\n<li>Bl\u00fctenspuren und Farben;<\/li>\n<li>Bl\u00fcte-Farbtest;<\/li>\n<li>traumatische Einfl\u00fcsse w\u00e4hrend Schwangerschaft und Geburt als Ursache f\u00fcr negative Stimmungen;<\/li>\n<li>diagnostische Methode;<\/li>\n<li>Behandlung von Kindern mit Star Remedies Bl\u00fctenessenzen &amp; Bachbl\u00fcten<\/li>\n<li>einen praktischen Fall entwickeln<\/li>\n<li>Umfassender Test (Ausarbeitung von Kinderf\u00e4llen)<\/li>\n<li>Unterschiede beim Testen von Star Remedies Bl\u00fctenessenzen &amp; Bachbl\u00fcten<\/li>\n<li>Pr\u00fcfung verschiedener Mittel an Hautstellen<\/li>\n<\/ul>\n\t\t<\/div>\n\t\t\t\t\t<\/div>\n\n\t\n\n\t<div id=\"col-1354274082\" class=\"col small-12 large-12\"  >\n\t\t\t\t<div class=\"col-inner\"  >\n\t\t\t\n\t\t\t\n<div class=\"container section-title-container\" style=\"margin-top:75px;\"><h2 class=\"section-title section-title-bold\"><b aria-hidden=\"true\"><\/b><span class=\"section-title-main\" >Modul 9<\/span><b aria-hidden=\"true\"><\/b><\/h2><\/div>\n<ul>\n<li>Zusammenfassung Modul 8<\/li>\n<li>eine Gesamtbehandlung entwickeln<\/li>\n<li>lernen, die Resonanz(en) mit der Hand auf verschiedenen Ebenen zu testen<\/li>\n<li>Einf\u00fchrung zu Paracelsus<\/li>\n<li>Behandlung von Kindern mit Star Remedies Bl\u00fctenessenzen &amp; Bachbl\u00fcten<\/li>\n<\/ul>\n\t\t<\/div>\n\t\t\t\t\t<\/div>\n\n\t\n\n\t<div id=\"col-806570065\" class=\"col small-12 large-12\"  >\n\t\t\t\t<div class=\"col-inner\"  >\n\t\t\t\n\t\t\t\n<div class=\"container section-title-container\" style=\"margin-top:75px;\"><h2 class=\"section-title section-title-bold\"><b aria-hidden=\"true\"><\/b><span class=\"section-title-main\" >Modul 10<\/span><b aria-hidden=\"true\"><\/b><\/h2><\/div>\n<ul>\n<li>Zusammenfassung Modul 9<\/li>\n<li>Wissen \u00fcber die Seven Essentials erwerben<\/li>\n<li>Erkl\u00e4rung, warum die Mittel Kn\u00f6terich oder Odermennig sicher verabreicht werden k\u00f6nnen<\/li>\n<li>Erkl\u00e4rung und Erl\u00e4uterung, warum Sie mit den Star Remedies-Bl\u00fctenessenzen und den Bachbl\u00fcten<\/li>\n<li>die in eine Geschichte verpackten Bl\u00fcten<\/li>\n<li>Umfassender Test (Ausarbeitung eines mehrj\u00e4hrigen praktischen Falls und Multiple-Choice-Test)<\/li>\n<li>Abschluss der Ausbildung<\/li>\n<\/ul>\n\t\t<\/div>\n\t\t\t\t\t<\/div>\n\n\t\n\n\t<div id=\"col-1586444777\" class=\"col small-12 large-12\"  >\n\t\t\t\t<div class=\"col-inner\" style=\"background-color:rgba(154, 186, 204, 0.21);\" >\n\t\t\t\n\t\t\t\n\t<div id=\"text-2798313068\" class=\"text\">\n\t\t\n<h3>Star Remedies Ausbildungskurse - Diplom nach Modul 10<\/strong><\/h3>\n<p>Nach erfolgreicher Absolvierung der oben genannten 10 Module und erfolgreichem Abschluss der beiden Pr\u00fcfungen erh\u00e4lt der Teilnehmer das offizielle Star Remedies Ausbildungsdiplom.<\/p>\n\t\t\n<style>\n#text-2798313068 {\n  text-align: center;\n}\n<\/style>\n\t<\/div>\n\t\n\t\t<\/div>\n\t\t\t\t\t<\/div>\n\n\t\n\n\t<div id=\"col-2075898357\" class=\"col small-12 large-12\"  >\n\t\t\t\t<div class=\"col-inner\"  >\n\t\t\t\n\t\t\t\n<div class=\"container section-title-container\" style=\"margin-top:75px;\"><h2 class=\"section-title section-title-bold\"><b aria-hidden=\"true\"><\/b><span class=\"section-title-main\" >Modul 11<\/span><b aria-hidden=\"true\"><\/b><\/h2><\/div>\n<ul>\n<li>Beziehung zwischen Chakren, Bachbl\u00fcten und Akupunkturmeridianen;<\/li>\n<li>Chakren und Bachbl\u00fcten-Hautzonen; neue Forschungsergebnisse zur energetischen Chakra-Diagnose-Methode;<\/li>\n<li>objektive und sensible Chakra-Diagnose;<\/li>\n<li>psychologische und energetische Wirkungen von Kl\u00e4ngen;<\/li>\n<li>Therapie der Chakren mit den Bachbl\u00fcten, Kl\u00e4ngen und Metallen<\/li>\n<li>lernen, Resonanzreaktionen wahrzunehmen und Chakren zu testen<\/li>\n<\/ul>\n\t\t<\/div>\n\t\t\t\t\t<\/div>\n\n\t\n\n\t<div id=\"col-1970070922\" class=\"col small-12 large-12\"  >\n\t\t\t\t<div class=\"col-inner\"  >\n\t\t\t\n\t\t\t\n<div class=\"container section-title-container\" style=\"margin-top:75px;\"><h2 class=\"section-title section-title-bold\"><b aria-hidden=\"true\"><\/b><span class=\"section-title-main\" >Modul 12<\/span><b aria-hidden=\"true\"><\/b><\/h2><\/div>\n<ul>\n<li>Die Auswirkungen bestimmter Heilmethoden auf verschiedene menschliche K\u00f6rper;<\/li>\n<li>Lernen, die Resonanzreaktionen von Bachbl\u00fcten, Edelsteinen und \u00e4therischen \u00d6len auf Hautstellen zu testen<\/li>\n<li>Neue Forschungstests mit Edelsteinen und \u00e4therischen \u00d6len<\/li>\n<li>Auswahlkriterien f\u00fcr in Frage kommende \u00e4therische \u00d6le und Edelsteine;<\/li>\n<li>Steinreinigung;<\/li>\n<li>Vertiefung der objektiven und sensiblen Kriterien f\u00fcr die Bewertung der therapeutischen Qualit\u00e4t von \u00e4therischen \u00d6len und Edelsteinen;<\/li>\n<li>Pr\u00fcfung des \"Typs Abhilfe\"<\/li>\n<\/ul>\n\t\t<\/div>\n\t\t\t\t\t<\/div>\n\n\t\n\n\t<div id=\"col-2040603902\" class=\"col small-12 large-12\"  >\n\t\t\t\t<div class=\"col-inner\"  >\n\t\t\t\n\t\t\t\n<div class=\"container section-title-container\" style=\"margin-top:75px;\"><h2 class=\"section-title section-title-bold\"><b aria-hidden=\"true\"><\/b><span class=\"section-title-main\" >Modul 13<\/span><b aria-hidden=\"true\"><\/b><\/h2><\/div>\n<ul>\n<li>Praktische \u00dcbungen zur Chakra-Therapie mit Kl\u00e4ngen;<\/li>\n<li>Therapie mit Metallen und Stimulation von Akupunkturpunkten mit T\u00f6nen;<\/li>\n<li>Therapie mit Metallen und Edelsteinen;<\/li>\n<li>Sensible Diagnose der Chakren; Testen der Chakren in Bezug auf die Themen<\/li>\n<li>lernen, die Resonanzreaktionen der Chakren zu testen<\/li>\n<\/ul>\n\t\t<\/div>\n\t\t\t\t\t<\/div>\n\n\t\n\n\t<div id=\"col-1900968145\" class=\"col small-12 large-12\"  >\n\t\t\t\t<div class=\"col-inner\"  >\n\t\t\t\n\t\t\t\n<div class=\"container section-title-container\" style=\"margin-top:75px;\"><h2 class=\"section-title section-title-bold\"><b aria-hidden=\"true\"><\/b><span class=\"section-title-main\" >Modul 14<\/span><b aria-hidden=\"true\"><\/b><\/h2><\/div>\n<ul>\n<li>Lernen, die Resonanzreaktionen der Aura zu testen,<\/li>\n<li>Ausf\u00fchrliche Tests der Schriftart,<\/li>\n<li>Dar\u00fcber hinaus werden in diesem Modul alle Fragen behandelt, die noch nicht beantwortet wurden.<\/li>\n<\/ul>\n\t\t<\/div>\n\t\t\t\t\t<\/div>\n\n\t\n\n\t<div id=\"col-1453720612\" class=\"col small-12 large-12\"  >\n\t\t\t\t<div class=\"col-inner\" style=\"background-color:rgba(154, 186, 204, 0.21);\" >\n\t\t\t\n\t\t\t\n\t<div id=\"text-2183421058\" class=\"text\">\n\t\t\n<h3>C.I.N.T. Benelux Opleidingen - Diplom nach Modul 14<\/h3>\n<p>Nach erfolgreichem Abschluss der oben genannten 4 Module erh\u00e4lt der Teilnehmer au\u00dferdem das offizielle C.I.N.T.-Benelux-Ausbildungsdiplom<\/p>\n\t\t\n<style>\n#text-2183421058 {\n  text-align: center;\n}\n<\/style>\n\t<\/div>\n\t\n\t\t<\/div>\n\t\t\t\t\t<\/div>\n\n\t\n\n\t<div id=\"col-1864382600\" class=\"col small-12 large-12\"  >\n\t\t\t\t<div class=\"col-inner\"  >\n\t\t\t\n\t\t\t\n<div class=\"container section-title-container\" style=\"margin-top:75px;\"><h2 class=\"section-title section-title-bold\"><b aria-hidden=\"true\"><\/b><span class=\"section-title-main\" >Modul 15 - Vertiefung I<\/span><b aria-hidden=\"true\"><\/b><\/h2><\/div>\n<ul>\n<li>Erstellung eines Therapieplans auf der Grundlage der Anamnese<\/li>\n<li>Behandlungsfortschritt \u00fcber mehrere Monate anhand von Fallbeispielen<\/li>\n<li>die Ausarbeitung der Folgekonsultationen.<\/li>\n<li>Erg\u00e4nzung zu den Bachbl\u00fcten-Angaben aus der Edelsteinheilkunde-Tests und aus der Praxiserfahrung.<\/li>\n<li>\u00dcberwachung,<\/li>\n<li>praktisch: Aura-Tests,<\/li>\n<li>Praktisch: Test auf mentaler, \u00e4therischer und astraler Ebene mit Bachbl\u00fcten, \u00d6len und Edelsteinen.<\/li>\n<\/ul>\n\t\t<\/div>\n\t\t\t\t\t<\/div>\n\n\t\n\n\t<div id=\"col-1005527972\" class=\"col small-12 large-12\"  >\n\t\t\t\t<div class=\"col-inner\"  >\n\t\t\t\n\t\t\t\n<div class=\"container section-title-container\" style=\"margin-top:75px;\"><h2 class=\"section-title section-title-bold\"><b aria-hidden=\"true\"><\/b><span class=\"section-title-main\" >Modul 16 - Vertiefung II<\/span><b aria-hidden=\"true\"><\/b><\/h2><\/div>\n<ul>\n<li>Entwicklung und Analyse einer Fallstudie<\/li>\n<li>Verwendung und Anwendung von \u00e4therischen \u00d6len<\/li>\n<li>Fragebogenanalyse &amp; Diagnose<\/li>\n<li>Testen von Star Remedies Bl\u00fctenessenzen Bachbl\u00fcten, \u00e4therischen \u00d6len und Edelsteinen an Hautstellen<\/li>\n<li>Pr\u00fcfung und Behandlung der Chakren<\/li>\n<li>Intervision<\/li>\n<li>F\u00e4higkeiten des Zuh\u00f6rens<\/li>\n<li>Bildgebungsauftrag<\/li>\n<li>Orientierungsgespr\u00e4che<\/li>\n<li>Kommunikationstraining<\/li>\n<li>Erweiterte Pr\u00fcfung<\/li>\n<\/ul>\n\t\t<\/div>\n\t\t\t\t\t<\/div>\n\n\t\n\n\t<div id=\"col-486811031\" class=\"col small-12 large-12\"  >\n\t\t\t\t<div class=\"col-inner\"  >\n\t\t\t\n\t\t\t\n<div class=\"container section-title-container\" style=\"margin-top:75px;\"><h2 class=\"section-title section-title-bold\"><b aria-hidden=\"true\"><\/b><span class=\"section-title-main\" >Modul 17 - Vertiefung III<\/span><b aria-hidden=\"true\"><\/b><\/h2><\/div>\n<ul>\n<li>Entwicklung und Analyse einer Fallstudie<\/li>\n<li>Verwendung und Anwendung von \u00e4therischen \u00d6len<\/li>\n<li>Fragebogenanalyse &amp; Diagnose<\/li>\n<li>Testen von Bachbl\u00fcten, \u00e4therischen \u00d6len und Edelsteinen an Hautstellen<\/li>\n<li>Pr\u00fcfung und Behandlung der Chakren<\/li>\n<li>Intervision<\/li>\n<li>F\u00e4higkeiten des Zuh\u00f6rens<\/li>\n<li>Bildgebungsauftrag<\/li>\n<li>Orientierungsgespr\u00e4che<\/li>\n<li>Kommunikationstraining<\/li>\n<li>G\u00e4nse-Brettspiel<\/li>\n<li>Erweiterte Pr\u00fcfung<\/li>\n<\/ul>\n\t\t<\/div>\n\t\t\t\t\t<\/div>\n\n\t\n<\/div>\n\t\t<\/div>\n\n\t\t\n<style>\n#section_391428944 {\n  padding-top: 30px;\n  padding-bottom: 30px;\n}\n<\/style>\n\t<\/section>","protected":false},"excerpt":{"rendered":"","protected":false},"author":1,"featured_media":0,"parent":0,"menu_order":0,"comment_status":"closed","ping_status":"closed","template":"page-blank.php","meta":{"footnotes":""},"class_list":["post-3276","page","type-page","status-publish","hentry"],"_links":{"self":[{"href":"https:\/\/www.cint.nl\/de\/wp-json\/wp\/v2\/pages\/3276","targetHints":{"allow":["GET"]}}],"collection":[{"href":"https:\/\/www.cint.nl\/de\/wp-json\/wp\/v2\/pages"}],"about":[{"href":"https:\/\/www.cint.nl\/de\/wp-json\/wp\/v2\/types\/page"}],"author":[{"embeddable":true,"href":"https:\/\/www.cint.nl\/de\/wp-json\/wp\/v2\/users\/1"}],"replies":[{"embeddable":true,"href":"https:\/\/www.cint.nl\/de\/wp-json\/wp\/v2\/comments?post=3276"}],"version-history":[{"count":14,"href":"https:\/\/www.cint.nl\/de\/wp-json\/wp\/v2\/pages\/3276\/revisions"}],"predecessor-version":[{"id":32567,"href":"https:\/\/www.cint.nl\/de\/wp-json\/wp\/v2\/pages\/3276\/revisions\/32567"}],"wp:attachment":[{"href":"https:\/\/www.cint.nl\/de\/wp-json\/wp\/v2\/media?parent=3276"}],"curies":[{"name":"wp","href":"https:\/\/api.w.org\/{rel}","templated":true}]}}