{"id":3267,"date":"2016-09-16T14:14:20","date_gmt":"2016-09-16T12:14:20","guid":{"rendered":"https:\/\/www.cint.nl\/?page_id=3267"},"modified":"2025-11-09T10:08:08","modified_gmt":"2025-11-09T09:08:08","slug":"ausbildung","status":"publish","type":"page","link":"https:\/\/www.cint.nl\/de\/opleiding\/","title":{"rendered":"Ausbildung"},"content":{"rendered":"<div id=\"page-header-595549321\" class=\"page-header-wrapper\">\n  <div class=\"page-title dark normal-title\">\n\n        <div class=\"page-title-bg\">\n      <div class=\"title-bg fill bg-fill\"\n        data-parallax-container=\".page-title\"\n        data-parallax-background\n data-parallax=\"-\">\n      <\/div>\n      <div class=\"title-overlay fill\"><\/div>\n    <\/div>\n    \n    <div class=\"page-title-inner container align-bottom text-center flex-row-col medium-flex-wrap\" >\n              <div class=\"title-wrapper uppercase is-xlarge flex-col\">\n          <h1 class=\"entry-title mb-0\">\n            KURZBESCHREIBUNG Ausbildung          <\/h1>\n        <\/div>\n                    <div class=\"title-content flex-col\">\n        <div class=\"title-breadcrumbs pb-half pt-half\"><\/div>      <\/div>\n    <\/div>\n\n     \n<style>\n#page-header-595549321 .page-title-inner {\n  min-height: 150px;\n}\n#page-header-595549321 .title-bg {\n  background-image: url(https:\/\/www.cint.nl\/wp-content\/uploads\/2024\/04\/slide3-layer-11600.webp);\n  background-position: 52% 42%;\n}\n<\/style>\n  <\/div>\n    <\/div>\n  \n\n\t<section class=\"section\" id=\"section_1662687797\">\n\t\t<div class=\"section-bg fill\" >\n\t\t\t\t\t\t\t\t\t\n\t\t\t\n\n\t\t<\/div>\n\n\t\t\n\n\t\t<div class=\"section-content relative\">\n\t\t\t\n<div class=\"row\"  id=\"row-86295256\">\n\n\t<div id=\"col-973635017\" class=\"col small-12 large-12\"  >\n\t\t\t\t<div class=\"col-inner\"  >\n\t\t\t\n\t\t\t\n<h2>PRINZIPIELLE METHODE NEUE THERAPIEN NACH DIETMAR KR\u00c4MER<\/h2>\n<ol>\n<li>Die 38 Bachbl\u00fcten, die von Edward Bach entdeckt wurden, sind universelle Archetypen.<\/li>\n<li>Drei Bachbl\u00fcten, die zusammengeh\u00f6ren, bilden einen sogenannten \"Trail\".<\/li>\n<li>Eine Spur hat eine Beziehung zu einem Meridian.<\/li>\n<li>Zwei Spuren + das dazugeh\u00f6rige \"\u00e4u\u00dfere\" Bachbl\u00fctenmittel geh\u00f6ren, wie nach der chinesischen Medizin und der F\u00fcnf-Elemente-Lehre, zu einem Element.<\/li>\n<li>Dies nennt man eine \"Spurenkombination\". Diese funktionieren nach dem Zyklus der Ver\u00e4nderung<\/li>\n<li>Eine \"Spurenkombination\" ist wiederum mit einem Chakra verbunden.<\/li>\n<li>Zwei Chakren haben wiederum eine Beziehung zueinander.<\/li>\n<\/ol>\n<p><strong>Nach Kr\u00e4mer wirkt die Methode auf den folgenden Ebenen. Dies sind die \u00e4therische, emotionale und mentale Ebene. Diese werden auf unterschiedliche Weise behandelt:<\/strong><\/p>\n<ol>\n<li>Auf \u00e4therischer Ebene erfolgt die Behandlung mit Farb- und Klangtherapie<\/li>\n<li>Auf der emotionalen Ebene erfolgt die Behandlung mit Bachbl\u00fcten und \u00e4therischen \u00d6len<\/li>\n<li>Auf mentaler Ebene wird die Edelsteintherapie mit<\/li>\n<\/ol>\n<div class=\"container section-title-container\" style=\"margin-top:75px;\"><h3 class=\"section-title section-title-bold\"><b aria-hidden=\"true\"><\/b><span class=\"section-title-main\" >Erforderliche Vorbildung<\/span><b aria-hidden=\"true\"><\/b><\/h3><\/div>\n<p>Es ist keine vorherige Ausbildung erforderlich. Ein MBO-Denkansatz ist w\u00fcnschenswert. Die obligatorische Fachliteratur sollte vor Modul 1 gelesen werden.<\/p>\n<div class=\"container section-title-container\" style=\"margin-top:75px;\"><h3 class=\"section-title section-title-bold\"><b aria-hidden=\"true\"><\/b><span class=\"section-title-main\" >Zweck der Ausbildung<\/span><b aria-hidden=\"true\"><\/b><\/h3><\/div>\n<p>Die Arbeit mit Star Remedies-Bl\u00fctenessenzen, Seven Essentials und den Bachbl\u00fcten auf eine h\u00f6here Ebene bringen.<\/p>\n<div class=\"container section-title-container\" style=\"margin-top:75px;\"><h3 class=\"section-title section-title-bold\"><b aria-hidden=\"true\"><\/b><span class=\"section-title-main\" >Dauer der Ausbildung<\/span><b aria-hidden=\"true\"><\/b><\/h3><\/div>\n<p>Der erste Teil des Kurses dauert 10 Monate (Module 1 bis 10). Zwischen den einzelnen Modulen liegt ein Zeitraum von einem Monat. In dieser Zeit studieren die Studierenden das ausgeh\u00e4ndigte Material, studieren Ordner und Fachliteratur und erledigen individuelle Studienaufgaben, einschlie\u00dflich Fallstudien. Diese Arbeitsmethode ist f\u00fcr den Lernprozess der Studierenden von wesentlicher Bedeutung. Der Wissensaustausch zwischen den Studierenden und dem Lehrerteam erfolgt auch \u00fcber das Internetforum der Schule.<\/p>\n<p>Der zweite Teil der Ausbildung dauert 2 Wochenenden mit einem Abstand von 3 Monaten. (Modul 11 bis 14).<\/p>\n<ul>\n<li>Die Module k\u00f6nnen nicht getrennt voneinander belegt werden und sollten in der Reihenfolge von 1 bis 10, 11 bis 14 bzw. 15 bis 17 belegt werden.<\/li>\n<li>Nach erfolgreichem Abschluss der 10 Module erh\u00e4lt der Student das offizielle Star Remedies Opleidingen \/ CINT Benelux Opleidingen-Diplom mit 36 ECTS.<\/li>\n<li>Nach erfolgreichem Abschluss der 14 Module erh\u00e4lt der Student das offizielle Star Remedies Opleidingen \/ CINT Benelux Opleidingen-Diplom mit 50 ECTS.<\/li>\n<\/ul>\n<div class=\"container section-title-container\" style=\"margin-top:75px;\"><h3 class=\"section-title section-title-bold\"><b aria-hidden=\"true\"><\/b><span class=\"section-title-main\" >SBU<\/span><b aria-hidden=\"true\"><\/b><\/h3><\/div>\n<p data-start=\"63\" data-end=\"406\">Das gesamte Studienpensum des Programms betr\u00e4gt etwa 1.401 Stunden Selbststudium, verteilt auf zwei Jahre (17 Module). Dies entspricht einem Durchschnitt von etwa 82 Stunden pro Monat oder etwa 19 bis 20 Stunden pro Woche, je nach Lerntempo und pers\u00f6nlichem Engagement des Studierenden. Dieses Lernpensum ist angemessen f\u00fcr einen Studiengang auf Hochschulniveau, bei dem Selbststudium, Reflexion und praktische Anwendung des Stoffes ein wichtiger Teil des Lernprozesses sind.<\/p>\n<div class=\"container section-title-container\" style=\"margin-top:75px;\"><h3 class=\"section-title section-title-bold\"><b aria-hidden=\"true\"><\/b><span class=\"section-title-main\" >ECTS<\/span><b aria-hidden=\"true\"><\/b><\/h3><\/div>\n<p>50<\/p>\n<div class=\"container section-title-container\" style=\"margin-top:75px;\"><h3 class=\"section-title section-title-bold\"><b aria-hidden=\"true\"><\/b><span class=\"section-title-main\" >Kosten<\/span><b aria-hidden=\"true\"><\/b><\/h3><\/div>\n<p>Modul 1 bis 10 inkl. Mittagessen, Getr\u00e4nke &amp; Studienmaterial - \u20ac 1695\u00a0<br \/><em>Die Lehrb\u00fccher sind im Preis nicht enthalten. Die Kosten f\u00fcr die obligatorische Fachliteratur betragen 170 Euro.<\/p>\n<p><\/em>Modul 11 &amp; 12 inkl. Mittagessen, Getr\u00e4nke &amp; Lernmaterial - geleitet von Dietmar Kr\u00e4mer u.a. - \u20ac 475<em><\/p>\n<p><\/em>Modul 13 &amp; 14 inkl. Mittagessen, Getr\u00e4nke &amp; Lernmaterial - geleitet von Dietmar Kr\u00e4mer u.a. - \u20ac 475<\/p>\n<p>Modul 15 inkl. Mittagessen, Getr\u00e4nke &amp; Studienmaterial - \u20ac 175<\/p>\n<p>Modul 16 inkl. Mittagessen, Getr\u00e4nke &amp; Studienmaterial - \u20ac 175<\/p>\n<p>Modul 17 inkl. Mittagessen, Getr\u00e4nke &amp; Studienmaterial - \u20ac 175<em><br \/><\/em><\/p>\n<div class=\"container section-title-container\" style=\"margin-top:75px;\"><h3 class=\"section-title section-title-bold\"><b aria-hidden=\"true\"><\/b><span class=\"section-title-main\" >Niveau der Ausbildung<\/span><b aria-hidden=\"true\"><\/b><\/h3><\/div>\n<p>HBO-Denkstufe<\/p>\n<div class=\"container section-title-container\" style=\"margin-top:75px;\"><h3 class=\"section-title section-title-bold\"><b aria-hidden=\"true\"><\/b><span class=\"section-title-main\" >Lehrerinnen und Lehrer<\/span><b aria-hidden=\"true\"><\/b><\/h3><\/div>\n<p>Madeleine Meuwessen, Micha Meuwessen und Dietmar Kr\u00e4mer.<\/p>\n<div class=\"container section-title-container\" style=\"margin-top:75px;\"><h3 class=\"section-title section-title-bold\"><b aria-hidden=\"true\"><\/b><span class=\"section-title-main\" >Akkreditierung und Anerkennung<\/span><b aria-hidden=\"true\"><\/b><\/h3><\/div>\n<p>Die anerkannten C.I.N.T. Benelux Trainingskurse \/ Star Remedies sind von verschiedenen Stellen akkreditiert. Weitere Informationen finden Sie auf der\u00a0<a href=\"https:\/\/www.cint.nl\/de\/akkreditierung\/\">Akkreditierungs\u00fcbersicht<\/a><\/p>\n<div class=\"container section-title-container\" style=\"margin-top:75px;\"><h3 class=\"section-title section-title-bold\"><b aria-hidden=\"true\"><\/b><span class=\"section-title-main\" >Internationale C.I.N.T.-Therapeutenliste<\/span><b aria-hidden=\"true\"><\/b><\/h3><\/div>\n<p>Alle aktiven C.I.N.T.-Therapeuten sollten jedes Jahr bzw. alle zwei Jahre die Vertiefungsmodule besuchen.<\/p>\n\t\t<\/div>\n\t\t\t\t\t<\/div>\n\n\t\n\n\t<div id=\"col-592564359\" class=\"col medium-6 small-12 large-6\"  >\n\t\t\t\t<div class=\"col-inner\" style=\"background-color:rgba(154, 186, 204, 0.21);\" >\n\t\t\t\n\t\t\t\n<h4>Akkreditierung und Anerkennung<\/h4>\n<p>Akkreditierung und Anerkennung geben ein klares Bild von der Qualit\u00e4t einer Fortbildung. Lesen Sie mehr \u00fcber umfassende Schulungen und ihre Inhalte.<\/p>\n\t\t<\/div>\n\t\t\t\t\n<style>\n#col-592564359 > .col-inner {\n  padding: 10px 10px 10px 10px;\n}\n<\/style>\n\t<\/div>\n\n\t\n\n\t<div id=\"col-1559763362\" class=\"col medium-6 small-12 large-6\"  >\n\t\t\t\t<div class=\"col-inner\" style=\"background-color:rgba(154, 186, 204, 0.21);\" >\n\t\t\t\n\t\t\t\n<h4>Merkmale der Ausbildung<\/h4>\n<ul>\n<li>Klare Unterrichtsstruktur<\/li>\n<li>Erkl\u00e4rung und Anleitung im Klassenzimmer<\/li>\n<li>Dietmar Kr\u00e4mer Methode erkl\u00e4rt<\/li>\n<li>Dietmar Kr\u00e4mer als Dozent*<\/li>\n<li>Neue Therapien in der Praxis<\/li>\n<li>Lernen, eine klare Anamnese zu erheben<\/li>\n<\/ul>\n\t\t<\/div>\n\t\t\t\t\n<style>\n#col-1559763362 > .col-inner {\n  padding: 10px 10px 10px 10px;\n}\n<\/style>\n\t<\/div>\n\n\t\n<\/div>\n\t\t<\/div>\n\n\t\t\n<style>\n#section_1662687797 {\n  padding-top: 30px;\n  padding-bottom: 30px;\n}\n<\/style>\n\t<\/section>","protected":false},"excerpt":{"rendered":"","protected":false},"author":1,"featured_media":0,"parent":0,"menu_order":0,"comment_status":"closed","ping_status":"closed","template":"page-blank.php","meta":{"footnotes":""},"class_list":["post-3267","page","type-page","status-publish","hentry"],"_links":{"self":[{"href":"https:\/\/www.cint.nl\/de\/wp-json\/wp\/v2\/pages\/3267","targetHints":{"allow":["GET"]}}],"collection":[{"href":"https:\/\/www.cint.nl\/de\/wp-json\/wp\/v2\/pages"}],"about":[{"href":"https:\/\/www.cint.nl\/de\/wp-json\/wp\/v2\/types\/page"}],"author":[{"embeddable":true,"href":"https:\/\/www.cint.nl\/de\/wp-json\/wp\/v2\/users\/1"}],"replies":[{"embeddable":true,"href":"https:\/\/www.cint.nl\/de\/wp-json\/wp\/v2\/comments?post=3267"}],"version-history":[{"count":14,"href":"https:\/\/www.cint.nl\/de\/wp-json\/wp\/v2\/pages\/3267\/revisions"}],"predecessor-version":[{"id":32615,"href":"https:\/\/www.cint.nl\/de\/wp-json\/wp\/v2\/pages\/3267\/revisions\/32615"}],"wp:attachment":[{"href":"https:\/\/www.cint.nl\/de\/wp-json\/wp\/v2\/media?parent=3267"}],"curies":[{"name":"wp","href":"https:\/\/api.w.org\/{rel}","templated":true}]}}