{"id":32513,"date":"2025-05-06T13:47:38","date_gmt":"2025-05-06T11:47:38","guid":{"rendered":"https:\/\/www.cint.nl\/?page_id=32513"},"modified":"2026-04-23T16:06:03","modified_gmt":"2026-04-23T14:06:03","slug":"modul-datentraining","status":"publish","type":"page","link":"https:\/\/www.cint.nl\/de\/moduledata-opleiding\/","title":{"rendered":"Moduldaten Ausbildung"},"content":{"rendered":"<div id=\"page-header-1745590194\" class=\"page-header-wrapper\">\n  <div class=\"page-title dark normal-title\">\n\n        <div class=\"page-title-bg\">\n      <div class=\"title-bg fill bg-fill\"\n        data-parallax-container=\".page-title\"\n        data-parallax-background\n data-parallax=\"-\">\n      <\/div>\n      <div class=\"title-overlay fill\"><\/div>\n    <\/div>\n    \n    <div class=\"page-title-inner container align-bottom text-center flex-row-col medium-flex-wrap\" >\n              <div class=\"title-wrapper uppercase is-xlarge flex-col\">\n          <h1 class=\"entry-title mb-0\">\n            Modul-Daten          <\/h1>\n        <\/div>\n                    <div class=\"title-content flex-col\">\n        <div class=\"title-breadcrumbs pb-half pt-half\"><\/div>      <\/div>\n    <\/div>\n\n     \n<style>\n#page-header-1745590194 .page-title-inner {\n  min-height: 150px;\n}\n#page-header-1745590194 .title-bg {\n  background-image: url(https:\/\/www.cint.nl\/wp-content\/uploads\/2024\/04\/slide3-layer-11600.webp);\n  background-position: 52% 42%;\n}\n<\/style>\n  <\/div>\n    <\/div>\n  \n\n\t<section class=\"section\" id=\"section_147799839\">\n\t\t<div class=\"section-bg fill\" >\n\t\t\t\t\t\t\t\t\t\n\t\t\t\n\n\t\t<\/div>\n\n\t\t\n\n\t\t<div class=\"section-content relative\">\n\t\t\t\n<div class=\"row\"  id=\"row-174678163\">\n\n\t<div id=\"col-1196040943\" class=\"col small-12 large-12\"  >\n\t\t\t\t<div class=\"col-inner\"  >\n\t\t\t\n\t\t\t\n<div class=\"container section-title-container\" ><h3 class=\"section-title section-title-bold-center\"><b aria-hidden=\"true\"><\/b><span class=\"section-title-main\" >Ausbildung - Tag 1 - (Zeitraum 2026\/2027)<\/span><b aria-hidden=\"true\"><\/b><\/h3><\/div>\n<p><strong>Star Remedies Training (C.I.N.T. Benelux Opleidingen)<\/strong><br \/>\nZeitraum 2026\/2027.<\/p>\n<p>Start<strong> 19. September 2026<\/strong>.<br \/>\nDie Ausbildungsgeb\u00fchr betr\u00e4gt 1695 \u20ac.<br \/>\n20-09-2025 - 09.30 bis 17.00<\/p>\n<p><strong>Termine Samstage 2026\/2027<\/strong><br \/>\nweitere Termine folgen<\/p>\n<p>Unsere Schulungen bieten ein solides Fundament aus Theorie und Praxis, das auf die Bed\u00fcrfnisse der Teilnehmer zugeschnitten ist. Die Schulungstermine werden im Voraus bekannt gegeben; andere Unterrichtstage und -zeiten werden in Absprache mit der Gruppe festgelegt und sp\u00e4ter best\u00e4tigt. Auf diese Weise gew\u00e4hrleisten wir maximale Flexibilit\u00e4t und Abstimmung.<\/p>\n<div class=\"is-divider divider clearfix\" style=\"max-width:100%;\"><\/div>\n<p><strong>Vertiefungsmodul 29. August 2026<\/strong><br \/>\n29-08-2026 - 10.00 bis 17.00<\/p>\n<p data-start=\"0\" data-end=\"336\">Das Vertiefungsmodul ist den Star Remedies gewidmet, einschlie\u00dflich der Bach-Heilmittel. Sie werden sich mit ihrer Wirkung auf Chakren und Meridiane befassen und einen klaren Einblick erhalten, wie die Star Remedies auf eine subtilere und raffiniertere Weise wirken und warum sie auf einer tieferen Ebene als die Bach-Mittel wirken.<\/p>\n<p data-start=\"338\" data-end=\"532\">Au\u00dferdem werden die neuesten Bl\u00fcten im Detail behandelt und Sie arbeiten mit ausf\u00fchrlichen Frage-, Antwort- und Ausarbeitungslisten. Auf diese Weise verfeinern Sie nicht nur Ihr Wissen, sondern auch Ihre praktische Anwendung.<\/p>\n<p data-start=\"534\" data-end=\"683\" data-is-last-node=\"\" data-is-only-node=\"\">Dieses Modul richtet sich ausschlie\u00dflich an ehemalige Studenten und ehemalige Teilnehmer, die die Grundlagen beherrschen und ihre Kenntnisse und Erfahrungen vertiefen m\u00f6chten.<\/p>\n\t\t<\/div>\n\t\t\t\t\t<\/div>\n\n\t\n\n\t<div id=\"col-504149814\" class=\"col medium-6 small-12 large-6\"  >\n\t\t\t\t<div class=\"col-inner\"  >\n\t\t\t\n\t\t\t\n<div class=\"container section-title-container\" ><h3 class=\"section-title section-title-normal\"><b aria-hidden=\"true\"><\/b><span class=\"section-title-main\" >Adresse<\/span><b aria-hidden=\"true\"><\/b><\/h3><\/div>\n<p>Badhoevedorp (der genaue Ort wird zu gegebener Zeit in Abh\u00e4ngigkeit von der Anzahl der Teilnehmer festgelegt)<\/p>\n\t\t<\/div>\n\t\t\t\t\t<\/div>\n\n\t\n\n\t<div id=\"col-1398289997\" class=\"col medium-6 small-12 large-6\"  >\n\t\t\t\t<div class=\"col-inner text-center\"  >\n\t\t\t\n\t\t\t\n\n<div style=\"overflow: hidden; max-width: 100%; width: 500px; height: 500px;\">\n<div id=\"google-maps-display\" style=\"height: 100%; width: 100%; max-width: 100%;\"><iframe style=\"height: 100%; width: 100%; border: 0;\" src=\"https:\/\/www.google.com\/maps\/embed\/v1\/place?q=Badhoevedorp&amp;key=AIzaSyBFw0Qbyq9zTFTd-tUY6dZWTgaQzuU17R8\" frameborder=\"0\"><\/iframe><\/div>\n<\/div>\n\n\t\t<\/div>\n\t\t\t\t\t<\/div>\n\n\t\n<\/div>\n\t\t<\/div>\n\n\t\t\n<style>\n#section_147799839 {\n  padding-top: 30px;\n  padding-bottom: 30px;\n}\n<\/style>\n\t<\/section>","protected":false},"excerpt":{"rendered":"","protected":false},"author":1,"featured_media":0,"parent":0,"menu_order":0,"comment_status":"closed","ping_status":"closed","template":"page-blank.php","meta":{"footnotes":""},"class_list":["post-32513","page","type-page","status-publish","hentry"],"_links":{"self":[{"href":"https:\/\/www.cint.nl\/de\/wp-json\/wp\/v2\/pages\/32513","targetHints":{"allow":["GET"]}}],"collection":[{"href":"https:\/\/www.cint.nl\/de\/wp-json\/wp\/v2\/pages"}],"about":[{"href":"https:\/\/www.cint.nl\/de\/wp-json\/wp\/v2\/types\/page"}],"author":[{"embeddable":true,"href":"https:\/\/www.cint.nl\/de\/wp-json\/wp\/v2\/users\/1"}],"replies":[{"embeddable":true,"href":"https:\/\/www.cint.nl\/de\/wp-json\/wp\/v2\/comments?post=32513"}],"version-history":[{"count":13,"href":"https:\/\/www.cint.nl\/de\/wp-json\/wp\/v2\/pages\/32513\/revisions"}],"predecessor-version":[{"id":32676,"href":"https:\/\/www.cint.nl\/de\/wp-json\/wp\/v2\/pages\/32513\/revisions\/32676"}],"wp:attachment":[{"href":"https:\/\/www.cint.nl\/de\/wp-json\/wp\/v2\/media?parent=32513"}],"curies":[{"name":"wp","href":"https:\/\/api.w.org\/{rel}","templated":true}]}}