{"id":3250,"date":"2016-09-16T13:45:50","date_gmt":"2016-09-16T11:45:50","guid":{"rendered":"https:\/\/www.cint.nl\/?page_id=3250"},"modified":"2025-07-29T16:52:16","modified_gmt":"2025-07-29T14:52:16","slug":"akkreditierung","status":"publish","type":"page","link":"https:\/\/www.cint.nl\/de\/accreditatie\/","title":{"rendered":"Akkreditierung und Anerkennung"},"content":{"rendered":"<div id=\"page-header-1193999497\" class=\"page-header-wrapper\">\n  <div class=\"page-title dark normal-title\">\n\n        <div class=\"page-title-bg\">\n      <div class=\"title-bg fill bg-fill\"\n        data-parallax-container=\".page-title\"\n        data-parallax-background\n data-parallax=\"-\">\n      <\/div>\n      <div class=\"title-overlay fill\"><\/div>\n    <\/div>\n    \n    <div class=\"page-title-inner container align-bottom text-center flex-row-col medium-flex-wrap\" >\n              <div class=\"title-wrapper uppercase is-xlarge flex-col\">\n          <h1 class=\"entry-title mb-0\">\n            Akkreditierung und Anerkennung          <\/h1>\n        <\/div>\n                    <div class=\"title-content flex-col\">\n        <div class=\"title-breadcrumbs pb-half pt-half\"><\/div>      <\/div>\n    <\/div>\n\n     \n<style>\n#page-header-1193999497 .page-title-inner {\n  min-height: 150px;\n}\n#page-header-1193999497 .title-bg {\n  background-image: url(https:\/\/www.cint.nl\/wp-content\/uploads\/2024\/04\/slide3-layer-11600.webp);\n  background-position: 52% 42%;\n}\n<\/style>\n  <\/div>\n    <\/div>\n  \n\n\t<section class=\"section\" id=\"section_1254289944\">\n\t\t<div class=\"section-bg fill\" >\n\t\t\t\t\t\t\t\t\t\n\t\t\t\n\n\t\t<\/div>\n\n\t\t\n\n\t\t<div class=\"section-content relative\">\n\t\t\t\n<div class=\"row\"  id=\"row-1247363492\">\n\n\t<div id=\"col-1434640779\" class=\"col small-12 large-12\"  >\n\t\t\t\t<div class=\"col-inner text-center\"  >\n\t\t\t\n\t\t\t\n\t<div id=\"text-3179259750\" class=\"text\">\n\t\t\n<p>Die C.I.N.T. Benelux-Kurse und die Star Remedies-Kurse sind seit langem von den unten aufgef\u00fchrten Einrichtungen und Berufsverb\u00e4nden akkreditiert. Diese nationale Anerkennung tr\u00e4gt dazu bei, dass sowohl f\u00fcr Studienanf\u00e4nger als auch f\u00fcr bereits praktizierende Fachleute Klarheit geschaffen wird. C.I.N.T. Benelux Opleidingen gibt\u00a0<strong>seit 1994<\/strong>\u00a0Ausbildung.<\/p>\n\t\t\n<style>\n#text-3179259750 {\n  text-align: left;\n}\n<\/style>\n\t<\/div>\n\t\n<div class=\"container section-title-container\" style=\"margin-top:75px;\"><h2 class=\"section-title section-title-center\"><b aria-hidden=\"true\"><\/b><span class=\"section-title-main\" >AKKREDITIERUNG<\/span><b aria-hidden=\"true\"><\/b><\/h2><\/div>\n<div class=\"container section-title-container\" style=\"margin-top:75px;\"><h3 class=\"section-title section-title-bold\"><b aria-hidden=\"true\"><\/b><span class=\"section-title-main\" >KTNO<\/span><b aria-hidden=\"true\"><\/b><\/h3><\/div>\n\t<div id=\"text-1004564564\" class=\"text\">\n\t\t\n<p>Um als Mensch und Therapeut weiter zu wachsen und sich zu entwickeln, ist der Zugang zum richtigen Wissen eine Notwendigkeit. Es ist mehr als genug Wissen vorhanden, aber die verbindende Br\u00fccke zwischen Angebot und Nachfrage scheint manchmal weit entfernt zu sein. Daraus ergibt sich ein unvollst\u00e4ndiges Bild der Ausbildungsm\u00f6glichkeiten, was Therapeuten in ihrer leidenschaftlichen Suche nach der richtigen Ausbildung unn\u00f6tig hemmen kann. Und das ist bedauerlich. Laut KTNO gibt es n\u00e4mlich eine riesige Schatztruhe voller Wissen, die darauf wartet, gefunden und ge\u00f6ffnet zu werden. Um die Verbindung zwischen P\u00e4dagogen und Therapeuten zu optimieren, wurde KTNO gegr\u00fcndet. Um diese Verbindung zu verbessern, sehen sie in der Zusammenarbeit nicht nur den Schl\u00fcssel zum Erfolg, sondern auch den Schl\u00fcssel zur Gesundheit. Durch den Zusammenschluss von Berufsverb\u00e4nden, Ausbildern und Therapeuten kann der Therapeut die perfekte Ausbildung finden und dadurch mehr \u00fcbertragbares Wissen erwerben. Je mehr davon geteilt wird, desto besser. KTNO m\u00f6chte Therapeuten dazu ermutigen, die richtige Ausbildung zu w\u00e4hlen, damit sie sich als Person und Therapeut weiterentwickeln k\u00f6nnen, um ihren Klienten die bestm\u00f6gliche Behandlung zukommen zu lassen.<\/p>\n\t\t\n<style>\n#text-1004564564 {\n  text-align: left;\n}\n<\/style>\n\t<\/div>\n\t\n\t<div class=\"img has-hover x md-x lg-x y md-y lg-y\" id=\"image_837102859\">\n\t\t\t\t\t\t\t\t<div class=\"img-inner dark\" >\n\t\t\t<img loading=\"lazy\" decoding=\"async\" width=\"800\" height=\"153\" src=\"https:\/\/www.cint.nl\/wp-content\/uploads\/2019\/04\/71046251-800c-4317-88f7-9d88013ad4b5.png\" class=\"attachment-large size-large\" alt=\"\" srcset=\"https:\/\/www.cint.nl\/wp-content\/uploads\/2019\/04\/71046251-800c-4317-88f7-9d88013ad4b5.png 800w, https:\/\/www.cint.nl\/wp-content\/uploads\/2019\/04\/71046251-800c-4317-88f7-9d88013ad4b5-300x57.png 300w, https:\/\/www.cint.nl\/wp-content\/uploads\/2019\/04\/71046251-800c-4317-88f7-9d88013ad4b5-768x147.png 768w, https:\/\/www.cint.nl\/wp-content\/uploads\/2019\/04\/71046251-800c-4317-88f7-9d88013ad4b5-705x135.png 705w, https:\/\/www.cint.nl\/wp-content\/uploads\/2019\/04\/71046251-800c-4317-88f7-9d88013ad4b5-450x86.png 450w\" sizes=\"auto, (max-width: 800px) 100vw, 800px\" \/>\t\t\t\t\t\t\n\t\t\t\t\t<\/div>\n\t\t\t\t\t\t\t\t\n<style>\n#image_837102859 {\n  width: 100%;\n}\n@media (min-width:550px) {\n  #image_837102859 {\n    width: 60%;\n  }\n}\n@media (min-width:850px) {\n  #image_837102859 {\n    width: 35%;\n  }\n}\n<\/style>\n\t<\/div>\n\t\n<div class=\"container section-title-container\" style=\"margin-top:75px;\"><h3 class=\"section-title section-title-bold\"><b aria-hidden=\"true\"><\/b><span class=\"section-title-main\" >NWP<\/span><b aria-hidden=\"true\"><\/b><\/h3><\/div>\n\t<div id=\"text-944048363\" class=\"text\">\n\t\t\n<p>Die NWP ist ein Dachverband der naturheilkundlichen Ergotherapeuten. Die NWP-Naturheilkundler haben das gemeinsame Ziel, einen Stand kompetenter und fachkundiger Naturheilkundler zu bilden und die gesetzliche Anerkennung dieses Standes zu erreichen. Solange es eine solche Regelung noch nicht gibt, will die NWP Sicherungen schaffen, die eine kompetente und sozial verantwortliche Aus\u00fcbung der Naturheilkunde durch die Mitglieder des Verbandes erm\u00f6glichen. Damit setzt er sich gegen sozial unverantwortliche Praktiken in seinem Bereich ein. Dar\u00fcber hinaus will die NWP zur Erforschung und Entwicklung von Naturheilverfahren und zur Sammlung von Belegen f\u00fcr die Wirksamkeit dieser Heilverfahren beitragen. Ein wichtiges Ziel des Verbandes ist es, \u00fcber Naturheilverfahren in Wort und Schrift aufzukl\u00e4ren und ein besseres Verst\u00e4ndnis f\u00fcr die Bedeutung von Naturheilverfahren f\u00fcr die Volksgesundheit zu f\u00f6rdern. NWP-Akkreditierung: 3 Credits pro Tag - Lizenz f\u00fcr Naturheilkunde<\/p>\n\t\t\n<style>\n#text-944048363 {\n  text-align: left;\n}\n<\/style>\n\t<\/div>\n\t\n<div class=\"container section-title-container\" style=\"margin-top:75px;\"><h3 class=\"section-title section-title-bold\"><b aria-hidden=\"true\"><\/b><span class=\"section-title-main\" >NVST (Plattform CGZ)<\/span><b aria-hidden=\"true\"><\/b><\/h3><\/div>\n\t<div id=\"text-383684936\" class=\"text\">\n\t\t\n<p>Niederl\u00e4ndischer Verband der Soma-Therapeuten<br \/>Daher beschloss die Mitgliederversammlung des Verbandes 1999, den Niederl\u00e4ndischen Verband der Shiatsu-Therapeuten in einen allgemeinen Verband f\u00fcr k\u00f6rperorientierte Therapie umzuwandeln: den Niederl\u00e4ndischen Verband der Soma-Therapeuten.<br \/>Zweck des Verbandes: F\u00f6rderung der Akzeptanz der von den Verbandsmitgliedern praktizierten Therapieformen, F\u00f6rderung der Entwicklung der k\u00f6rperorientierten Therapie in den Niederlanden, \u00dcberwachung der Qualit\u00e4t der k\u00f6rperorientierten Therapie in den Niederlanden, Wahrnehmung der berufsbezogenen Interessen der Mitgliedstherapeuten, F\u00f6rderung der Zusammenarbeit zwischen den dem NVST angeschlossenen Therapeuten und der Regelversorgung. Merkmale: Der Verband besteht aus einer Gruppe qualifizierter Therapeuten, die von seiner eigenen Organisation \u00fcberpr\u00fcft wurden. Dieses Screening umfasst nicht nur die Spezialisierung, sondern auch Kenntnisse der menschlichen Anatomie, Physiologie und Pathologie, die Rekrutierung von Therapeuten nach vorher festgelegten objektiven Bewertungskriterien und die Bewertung der Berufsaus\u00fcbung anhand des Berufsprofils.<\/p>\n\t\t\n<style>\n#text-383684936 {\n  text-align: left;\n}\n<\/style>\n\t<\/div>\n\t\n<div class=\"container section-title-container\" style=\"margin-top:75px;\"><h3 class=\"section-title section-title-bold\"><b aria-hidden=\"true\"><\/b><span class=\"section-title-main\" >BATC<\/span><b aria-hidden=\"true\"><\/b><\/h3><\/div>\n\t<div id=\"text-2548906985\" class=\"text\">\n\t\t\n<p>Gemeinsam mit den paramedizinischen Naturheiltherapeuten von BATC will BATC eine Hochburg von qualitativ hochwertigen Therapeuten bilden, um in den Niederlanden in einigen Jahren ein besseres Gleichgewicht zwischen regul\u00e4rer und naturorientierter Gesundheitsversorgung zu erreichen. Im Interesse der Therapeuten, der Verbraucher und der Krankenkassen setzen wir uns f\u00fcr eine erschwingliche und qualitativ hochwertige naturorientierte Gesundheitsversorgung ein. BATC m\u00f6chte daf\u00fcr sorgen, dass die Verbraucher eine ehrliche, klare und aufrichtige Vorstellung von naturorientierter Gesundheitsf\u00fcrsorge haben und ihnen das Vertrauen geben, dass sie sich auf nat\u00fcrliche Weise mit ihrer Gesundheit besch\u00e4ftigen k\u00f6nnen. BATC m\u00f6chte den Verbrauchern einfach die Wahlfreiheit geben, wenn es um ihre Gesundheit geht.<\/p>\n\t\t\n<style>\n#text-2548906985 {\n  text-align: left;\n}\n<\/style>\n\t<\/div>\n\t\n<div class=\"container section-title-container\" style=\"margin-top:75px;\"><h3 class=\"section-title section-title-bold\"><b aria-hidden=\"true\"><\/b><span class=\"section-title-main\" >NOAG<\/span><b aria-hidden=\"true\"><\/b><\/h3><\/div>\n\t<div id=\"text-3687662854\" class=\"text\">\n\t\t\n<p>Die NOAG ist eine Stiftung f\u00fcr naturheilkundliche Ergotherapeuten. Die NOAG-Therapeuten haben das gemeinsame Ziel, einen Stand von kompetenten und fachkundigen Heilpraktikern zu bilden und sich durch die Registrierung im NOAG-Register zu verpflichten. Damit sollen Garantien geschaffen werden, die es den im NOAG-Register eingetragenen Therapeuten erm\u00f6glichen, ihre T\u00e4tigkeit fachkundig und sozialvertr\u00e4glich auszu\u00fcben. Damit verpflichtet sich die NOAG, sozial unverantwortliche Praktiken in ihrem Bereich zu bek\u00e4mpfen. Ein wichtiges Ziel der NOAG ist es, \u00fcber die Naturheilkunde und die im NOAG-Register eingetragenen Heilpraktiker zu informieren und das Verst\u00e4ndnis f\u00fcr die Bedeutung der Naturheilkunde f\u00fcr die Volksgesundheit zu f\u00f6rdern.<\/p>\n\t\t\n<style>\n#text-3687662854 {\n  text-align: left;\n}\n<\/style>\n\t<\/div>\n\t\n<div class=\"container section-title-container\" style=\"margin-top:75px;\"><h3 class=\"section-title section-title-bold\"><b aria-hidden=\"true\"><\/b><span class=\"section-title-main\" >\u00d6VAG<\/span><b aria-hidden=\"true\"><\/b><\/h3><\/div>\n\t<div id=\"text-1035884869\" class=\"text\">\n\t\t\n<p>Die Abk\u00fcrzung V.B.A.G. steht f\u00fcr: Verein zur F\u00f6rderung der Alternativmedizin. Die V.B.A.G. ist ein Berufsverband unabh\u00e4ngiger, professioneller Naturheilkundler (und kein Dachverband!). Seit 1984 wacht der V.B.A.G. im Interesse der Patienten \u00fcber die Qualit\u00e4t seiner Mitglieder. Durch strenge Auswahlkriterien (u.a. Ausbildung), ein Registrierungssystem, eine Berufsordnung, eine Beschwerde- und Disziplinarordnung und verpflichtende Fortbildungen wird ein Pool von kompetenten und fachkundigen Naturheilkundigen aufgebaut. Alle V.B.A.G.-Mitglieder sind vereidigt und damit an die Regeln der Beschwerde- und Disziplinarordnung des TBNG gebunden, an die sich V.B.A.G.-Mitglieder und Patienten mit Beschwerden wenden k\u00f6nnen und wo ihre Interessen vertreten werden.<\/p>\n\t\t\n<style>\n#text-1035884869 {\n  text-align: left;\n}\n<\/style>\n\t<\/div>\n\t\n<div class=\"container section-title-container\" style=\"margin-top:75px;\"><h3 class=\"section-title section-title-bold\"><b aria-hidden=\"true\"><\/b><span class=\"section-title-main\" >Berufsverband VIV (Plattform CGZ)<\/span><b aria-hidden=\"true\"><\/b><\/h3><\/div>\n\t<div id=\"text-1748066319\" class=\"text\">\n\t\t\n<p>Als Berufsverband VIV sind wir f\u00fcr die Therapeuten in der Komplement\u00e4rmedizin da. Wir wollen diese Vitalit\u00e4tsprofis bestm\u00f6glich unterst\u00fctzen. Damit sie und ihre Klienten die beste Betreuung erhalten. Wir sind der Berufsverband f\u00fcr Therapeuten, die ganzheitlich und komplement\u00e4r arbeiten. Therapeuten, die auf die k\u00f6rperliche, emotionale, mentale und spirituelle Seite des Menschen achten. Denn sie wissen, dass eine ganzheitliche Betrachtung von Beschwerden letztlich die gr\u00f6\u00dfte Verbesserung der Lebensqualit\u00e4t bringt. Den Berufsverband VIV gibt es seit 1999. Seit Jahren setzen wir uns daf\u00fcr ein, die Qualit\u00e4t der Alternativmedizin hoch zu halten. Mehr noch: Wir wollen, dass die Menschen diese Form der Medizin nicht mehr als Alternative, sondern als wertvolle Erg\u00e4nzung zur regul\u00e4ren Versorgung sehen.<\/p>\n\t\t\n<style>\n#text-1748066319 {\n  text-align: left;\n}\n<\/style>\n\t<\/div>\n\t\n<div class=\"container section-title-container\" style=\"margin-top:75px;\"><h3 class=\"section-title section-title-bold\"><b aria-hidden=\"true\"><\/b><span class=\"section-title-main\" >F\u00f6deration der Therapeuten f\u00fcr Additive Medizin (FAGT) (Plattform CGZ)<\/span><b aria-hidden=\"true\"><\/b><\/h3><\/div>\n\t<div id=\"text-4050356869\" class=\"text\">\n\t\t\n<div>Die FAGT (Federation of Additive Medicine Therapists) ist ein multidisziplin\u00e4rer Berufsverband f\u00fcr Komplement\u00e4rtherapeuten. Komplement\u00e4rtherapie, auch additive oder alternative Medizin genannt, umfasst im Allgemeinen alle Behandlungsformen, die nicht von der Schulmedizin abgedeckt werden.<\/div>\n\t\t\n<style>\n#text-4050356869 {\n  text-align: left;\n}\n<\/style>\n\t<\/div>\n\t\n<div class=\"container section-title-container\" style=\"margin-top:75px;\"><h3 class=\"section-title section-title-bold\"><b aria-hidden=\"true\"><\/b><span class=\"section-title-main\" >Plattform Komplement\u00e4re Gesundheitsversorgung (Plattform CGZ)<\/span><b aria-hidden=\"true\"><\/b><\/h3><\/div>\n\t<div id=\"text-305657750\" class=\"text\">\n\t\t\n<p>Am 1. Juli 2025 werden der FAGT, NVST, VIV und FAGT<strong>\u00a0<\/strong>offiziell zusammengef\u00fchrt.<strong><br \/><\/strong>Im Moment hei\u00dfen wir noch FAGT, aber ab dem 1. Januar 2026 wird sich unser Name in<\/p>\n\t\t\n<style>\n#text-305657750 {\n  text-align: left;\n}\n<\/style>\n\t<\/div>\n\t\n<div class=\"container section-title-container\" style=\"margin-top:125px;\"><h2 class=\"section-title section-title-center\"><b aria-hidden=\"true\"><\/b><span class=\"section-title-main\" >REGISTRIERUNG<\/span><b aria-hidden=\"true\"><\/b><\/h2><\/div>\n<div class=\"container section-title-container\" style=\"margin-top:75px;\"><h3 class=\"section-title section-title-bold\"><b aria-hidden=\"true\"><\/b><span class=\"section-title-main\" >CRKBO<\/span><b aria-hidden=\"true\"><\/b><\/h3><\/div>\n\t\t<\/div>\n\t\t\t\t\t<\/div>\n\n\t\n\n\t<div id=\"col-299542104\" class=\"col medium-9 small-12 large-9\"  >\n\t\t\t\t<div class=\"col-inner\"  >\n\t\t\t\n\t\t\t\n<p>Das CRKBO wurde von der niederl\u00e4ndischen Regierung als Institut zur \u00dcberwachung von Einrichtungen der beruflichen Kurzausbildung benannt. Im Zentralregister f\u00fcr berufliche Kurzausbildungen (CRKBO) k\u00f6nnen sich Bildungseinrichtungen eintragen lassen, die den Qualit\u00e4tskodex f\u00fcr Ausbildungsinstitute f\u00fcr berufliche Kurzausbildungen erf\u00fcllen. Die Aufnahme in dieses Register ist an eine qualitative Pr\u00fcfung der Einrichtung (das Akkreditierungssystem) gebunden. Das bedeutet, dass C.I.N.T. Benelux Opleidingen B.V. einen strengen Qualit\u00e4tskodex einh\u00e4lt, der Aspekte wie Betreuung, Lehrmaterial, qualifizierte Lehrkr\u00e4fte, Einrichtungen, Zuverl\u00e4ssigkeit und Umgang mit Beschwerden umfasst.<\/p>\n\t\t<\/div>\n\t\t\t\t\t<\/div>\n\n\t\n\n\t<div id=\"col-1726487814\" class=\"col medium-3 small-12 large-3\"  >\n\t\t\t\t<div class=\"col-inner text-center\"  >\n\t\t\t\n\t\t\t\n\t<div class=\"img has-hover x md-x lg-x y md-y lg-y\" id=\"image_1044096613\">\n\t\t\t\t\t\t\t\t<div class=\"img-inner dark\" >\n\t\t\t<img loading=\"lazy\" decoding=\"async\" width=\"283\" height=\"283\" src=\"https:\/\/www.cint.nl\/wp-content\/uploads\/2018\/05\/CRKBO_Instelling.jpg\" class=\"attachment-original size-original\" alt=\"\" srcset=\"https:\/\/www.cint.nl\/wp-content\/uploads\/2018\/05\/CRKBO_Instelling.jpg 283w, https:\/\/www.cint.nl\/wp-content\/uploads\/2018\/05\/CRKBO_Instelling-80x80.jpg 80w, https:\/\/www.cint.nl\/wp-content\/uploads\/2018\/05\/CRKBO_Instelling-36x36.jpg 36w, https:\/\/www.cint.nl\/wp-content\/uploads\/2018\/05\/CRKBO_Instelling-180x180.jpg 180w, https:\/\/www.cint.nl\/wp-content\/uploads\/2018\/05\/CRKBO_Instelling-120x120.jpg 120w\" sizes=\"auto, (max-width: 283px) 100vw, 283px\" \/>\t\t\t\t\t\t\n\t\t\t\t\t<\/div>\n\t\t\t\t\t\t\t\t\n<style>\n#image_1044096613 {\n  width: 100%;\n}\n@media (min-width:850px) {\n  #image_1044096613 {\n    width: 60%;\n  }\n}\n<\/style>\n\t<\/div>\n\t\n\t\t<\/div>\n\t\t\t\t\t<\/div>\n\n\t\n<\/div>\n\t\t<\/div>\n\n\t\t\n<style>\n#section_1254289944 {\n  padding-top: 30px;\n  padding-bottom: 30px;\n}\n<\/style>\n\t<\/section>","protected":false},"excerpt":{"rendered":"","protected":false},"author":1,"featured_media":0,"parent":0,"menu_order":0,"comment_status":"closed","ping_status":"closed","template":"page-blank.php","meta":{"footnotes":""},"class_list":["post-3250","page","type-page","status-publish","hentry"],"_links":{"self":[{"href":"https:\/\/www.cint.nl\/de\/wp-json\/wp\/v2\/pages\/3250","targetHints":{"allow":["GET"]}}],"collection":[{"href":"https:\/\/www.cint.nl\/de\/wp-json\/wp\/v2\/pages"}],"about":[{"href":"https:\/\/www.cint.nl\/de\/wp-json\/wp\/v2\/types\/page"}],"author":[{"embeddable":true,"href":"https:\/\/www.cint.nl\/de\/wp-json\/wp\/v2\/users\/1"}],"replies":[{"embeddable":true,"href":"https:\/\/www.cint.nl\/de\/wp-json\/wp\/v2\/comments?post=3250"}],"version-history":[{"count":13,"href":"https:\/\/www.cint.nl\/de\/wp-json\/wp\/v2\/pages\/3250\/revisions"}],"predecessor-version":[{"id":32559,"href":"https:\/\/www.cint.nl\/de\/wp-json\/wp\/v2\/pages\/3250\/revisions\/32559"}],"wp:attachment":[{"href":"https:\/\/www.cint.nl\/de\/wp-json\/wp\/v2\/media?parent=3250"}],"curies":[{"name":"wp","href":"https:\/\/api.w.org\/{rel}","templated":true}]}}